{"id":2,"date":"2013-01-17T17:22:05","date_gmt":"2013-01-17T17:22:05","guid":{"rendered":"http:\/\/irland-reise-tipps.de\/blog\/?page_id=2"},"modified":"2013-04-30T11:35:16","modified_gmt":"2013-04-30T09:35:16","slug":"ueber-irland","status":"publish","type":"page","link":"https:\/\/irland-reise-tipps.de\/de\/ueber-irland\/","title":{"rendered":"\u00dcber Irland"},"content":{"rendered":"<p>Die gr\u00fcne Insel gemeinsam entdecken\u2026<\/p>\n<p style=\"text-align: right;\">\u2026 doch wo anfangen?<\/p>\n<p>Die Insel die sich \u00fcber 84403 km\u00b2 erstreckt und in die Republik Irland und Nordirland gegliedert ist hat f\u00fcr jeden etwas zu bieten.<\/p>\n<p>Ca. 4,5 Millionen Menschen leben in Irland, davon schon eine halbe Million in Irlands Hauptstadt Dublin und Ca. eine Million in der Grafschaft Dublin.<\/p>\n<p>Ob Landschaftsliebhaber, Geschichtskundler, Whiskey- oder Bierliebhaber hier ist jeder Willkommen. Die ehrliche, offene und herzliche Art der Iren sorgt daf\u00fcr, dass man sich hier auf Anhieb wohl f\u00fchlt.<\/p>\n<p>Weil fast jeder dritte Ire im Gro\u00dfraum Dublin wohnt hat man au\u00dferhalb fast das Gef\u00fchl von Menschenleere. Mit einer Bev\u00f6lkerungsdichte von 65 Einwohnern pro qm\u00b2 ist Irland eins der am schw\u00e4chsten besiedelten Gebiete Europas.<\/p>\n<p>Bis auf das ein oder andere Schaf trifft man hier seltener auf Gesellschaft.<\/p>\n<p>Doch genau das ist auch was Irland so sch\u00f6n macht. Bis zum Horizont nur saftig gr\u00fcne Wiesen und typisch Irische Cottages die f\u00fcr uns oftmals romantisch und gem\u00fctlich wirken.<\/p>\n<p>Einen guten \u00dcberblick \u00fcber alle <a title=\"Counties\" href=\"http:\/\/irland-reise-tipps.de\/de\/counties-und-regionen\/counties\/\">Counties<\/a> und <a title=\"Regionen\" href=\"http:\/\/irland-reise-tipps.de\/de\/counties-und-regionen\/regionen\/\">Regionen<\/a> bekommen Sie auf unserer <a title=\"Counties\" href=\"http:\/\/irland-reise-tipps.de\/de\/counties-und-regionen\/counties\/\">interaktiven Karte<\/a>. In der <a title=\"Bildergalerie\" href=\"http:\/\/irland-reise-tipps.de\/de\/bildergalerie\/\">Bildergalerie<\/a> haben wir zu jedem County in Irland einige Bilder zusammen gestellt.<\/p>\n<p>Im\u00a0<a title=\"Forum\" href=\"http:\/\/irland-reise-tipps.de\/de\/forum\/\">Forum<\/a>\u00a0k\u00f6nnen Sie\u00a0<a title=\"Allgemeine Infos\" href=\"http:\/\/irland-reise-tipps.de\/de\/forum\/beitrag\/allgemeine-infos\/\">allgemeine\u00a0Informationen<\/a>\u00a0bekommen und mit gleich gesinnten diskutieren. Wir haben <a title=\"Touren\" href=\"http:\/\/irland-reise-tipps.de\/de\/touren\/\">Touren<\/a>\u00a0mit den\u00a0<a title=\"Highlights\" href=\"http:\/\/irland-reise-tipps.de\/de\/highlights-und-sehenswuerdigkeiten\/\">Highlights Irlands<\/a>\u00a0zusammengestellt. Sie werden \u00fcber\u00a0<a title=\"Veranstaltungen\" href=\"http:\/\/irland-reise-tipps.de\/de\/veranstaltungen\/\">aktuelle Veranstaltungen in Irland<\/a>\u00a0und Umgebung informiert und k\u00f6nnen sich\u00a0<a title=\"Musik\" href=\"http:\/\/irland-reise-tipps.de\/de\/musik-irish-folk\/\">irische Musik<\/a>\u00a0anh\u00f6ren. Wenn Sie jetzt Lust bekommen haben eine Reise nach Irland zu machen haben wir unter\u00a0<a title=\"Unterkunft\" href=\"http:\/\/irland-reise-tipps.de\/de\/unterkunft\/\">Unterkunft<\/a>\u00a0einige Hotels zusammengestellt.<\/p>\n<p>&nbsp;<\/p>\n","protected":false},"excerpt":{"rendered":"<p>Die gr\u00fcne Insel gemeinsam entdecken\u2026 \u2026 doch wo anfangen? Die Insel die sich \u00fcber 84403 km\u00b2 erstreckt und in die Republik Irland und Nordirland gegliedert ist hat f\u00fcr jeden etwas zu bieten. Ca. 4,5 Millionen Menschen leben in Irland, davon<span class=\"ellipsis\">&hellip;<\/span><\/p>\n<div class=\"read-more\"><a href=\"https:\/\/irland-reise-tipps.de\/de\/ueber-irland\/\">Weiterlesen &#8250;<\/a><\/div>\n<p><!-- end of .read-more --><\/p>\n","protected":false},"author":5,"featured_media":0,"parent":0,"menu_order":0,"comment_status":"closed","ping_status":"closed","template":"","meta":{"footnotes":""},"class_list":["post-2","page","type-page","status-publish","hentry"],"yoast_head":"<!-- This site is optimized with the Yoast SEO plugin v21.2 - https:\/\/yoast.com\/wordpress\/plugins\/seo\/ -->\n<title>Allgemeine Informationen \u00fcber Irland Reisen - Irland Reise Tipps<\/title>\n<meta name=\"description\" content=\"Auf Irland Reise Tipps finden Sie Informationen und Insider Berichte \u00fcber Irland Reisen. Im Forum k\u00f6nnen Sie mit Diskutieren und Ihre Erfahrungen teilen.\" \/>\n<meta name=\"robots\" content=\"index, follow, max-snippet:-1, max-image-preview:large, max-video-preview:-1\" \/>\n<link rel=\"canonical\" href=\"https:\/\/irland-reise-tipps.de\/de\/ueber-irland\/\" \/>\n<meta property=\"og:locale\" content=\"de_DE\" \/>\n<meta property=\"og:type\" content=\"article\" \/>\n<meta property=\"og:title\" content=\"Allgemeine Informationen \u00fcber Irland Reisen - Irland Reise Tipps\" \/>\n<meta property=\"og:description\" content=\"Auf Irland Reise Tipps finden Sie Informationen und Insider Berichte \u00fcber Irland Reisen. Im Forum k\u00f6nnen Sie mit Diskutieren und Ihre Erfahrungen teilen.\" \/>\n<meta property=\"og:url\" content=\"https:\/\/irland-reise-tipps.de\/de\/ueber-irland\/\" \/>\n<meta property=\"og:site_name\" content=\"Irland Reise Tipps\" \/>\n<meta property=\"article:modified_time\" content=\"2013-04-30T09:35:16+00:00\" \/>\n<meta name=\"twitter:label1\" content=\"Gesch\u00e4tzte Lesezeit\" \/>\n\t<meta name=\"twitter:data1\" content=\"1\u00a0Minute\" \/>\n<script type=\"application\/ld+json\" class=\"yoast-schema-graph\">{\"@context\":\"https:\/\/schema.org\",\"@graph\":[{\"@type\":\"WebPage\",\"@id\":\"https:\/\/irland-reise-tipps.de\/de\/ueber-irland\/\",\"url\":\"https:\/\/irland-reise-tipps.de\/de\/ueber-irland\/\",\"name\":\"Allgemeine Informationen \u00fcber Irland Reisen - Irland Reise Tipps\",\"isPartOf\":{\"@id\":\"https:\/\/irland-reise-tipps.de\/de\/#website\"},\"datePublished\":\"2013-01-17T17:22:05+00:00\",\"dateModified\":\"2013-04-30T09:35:16+00:00\",\"description\":\"Auf Irland Reise Tipps finden Sie Informationen und Insider Berichte \u00fcber Irland Reisen. Im Forum k\u00f6nnen Sie mit Diskutieren und Ihre Erfahrungen teilen.\",\"breadcrumb\":{\"@id\":\"https:\/\/irland-reise-tipps.de\/de\/ueber-irland\/#breadcrumb\"},\"inLanguage\":\"de\",\"potentialAction\":[{\"@type\":\"ReadAction\",\"target\":[\"https:\/\/irland-reise-tipps.de\/de\/ueber-irland\/\"]}]},{\"@type\":\"BreadcrumbList\",\"@id\":\"https:\/\/irland-reise-tipps.de\/de\/ueber-irland\/#breadcrumb\",\"itemListElement\":[{\"@type\":\"ListItem\",\"position\":1,\"name\":\"Home\",\"item\":\"https:\/\/irland-reise-tipps.de\/de\/\"},{\"@type\":\"ListItem\",\"position\":2,\"name\":\"\u00dcber Irland\"}]},{\"@type\":\"WebSite\",\"@id\":\"https:\/\/irland-reise-tipps.de\/de\/#website\",\"url\":\"https:\/\/irland-reise-tipps.de\/de\/\",\"name\":\"Irland Reise Tipps\",\"description\":\"Gemeinsam die gr\u00fcne Insel entdecken\",\"potentialAction\":[{\"@type\":\"SearchAction\",\"target\":{\"@type\":\"EntryPoint\",\"urlTemplate\":\"https:\/\/irland-reise-tipps.de\/de\/?s={search_term_string}\"},\"query-input\":\"required name=search_term_string\"}],\"inLanguage\":\"de\"}]}<\/script>\n<!-- \/ Yoast SEO plugin. -->","yoast_head_json":{"title":"Allgemeine Informationen \u00fcber Irland Reisen - Irland Reise Tipps","description":"Auf Irland Reise Tipps finden Sie Informationen und Insider Berichte \u00fcber Irland Reisen. Im Forum k\u00f6nnen Sie mit Diskutieren und Ihre Erfahrungen teilen.","robots":{"index":"index","follow":"follow","max-snippet":"max-snippet:-1","max-image-preview":"max-image-preview:large","max-video-preview":"max-video-preview:-1"},"canonical":"https:\/\/irland-reise-tipps.de\/de\/ueber-irland\/","og_locale":"de_DE","og_type":"article","og_title":"Allgemeine Informationen \u00fcber Irland Reisen - Irland Reise Tipps","og_description":"Auf Irland Reise Tipps finden Sie Informationen und Insider Berichte \u00fcber Irland Reisen. Im Forum k\u00f6nnen Sie mit Diskutieren und Ihre Erfahrungen teilen.","og_url":"https:\/\/irland-reise-tipps.de\/de\/ueber-irland\/","og_site_name":"Irland Reise Tipps","article_modified_time":"2013-04-30T09:35:16+00:00","twitter_misc":{"Gesch\u00e4tzte Lesezeit":"1\u00a0Minute"},"schema":{"@context":"https:\/\/schema.org","@graph":[{"@type":"WebPage","@id":"https:\/\/irland-reise-tipps.de\/de\/ueber-irland\/","url":"https:\/\/irland-reise-tipps.de\/de\/ueber-irland\/","name":"Allgemeine Informationen \u00fcber Irland Reisen - Irland Reise Tipps","isPartOf":{"@id":"https:\/\/irland-reise-tipps.de\/de\/#website"},"datePublished":"2013-01-17T17:22:05+00:00","dateModified":"2013-04-30T09:35:16+00:00","description":"Auf Irland Reise Tipps finden Sie Informationen und Insider Berichte \u00fcber Irland Reisen. Im Forum k\u00f6nnen Sie mit Diskutieren und Ihre Erfahrungen teilen.","breadcrumb":{"@id":"https:\/\/irland-reise-tipps.de\/de\/ueber-irland\/#breadcrumb"},"inLanguage":"de","potentialAction":[{"@type":"ReadAction","target":["https:\/\/irland-reise-tipps.de\/de\/ueber-irland\/"]}]},{"@type":"BreadcrumbList","@id":"https:\/\/irland-reise-tipps.de\/de\/ueber-irland\/#breadcrumb","itemListElement":[{"@type":"ListItem","position":1,"name":"Home","item":"https:\/\/irland-reise-tipps.de\/de\/"},{"@type":"ListItem","position":2,"name":"\u00dcber Irland"}]},{"@type":"WebSite","@id":"https:\/\/irland-reise-tipps.de\/de\/#website","url":"https:\/\/irland-reise-tipps.de\/de\/","name":"Irland Reise Tipps","description":"Gemeinsam die gr\u00fcne Insel entdecken","potentialAction":[{"@type":"SearchAction","target":{"@type":"EntryPoint","urlTemplate":"https:\/\/irland-reise-tipps.de\/de\/?s={search_term_string}"},"query-input":"required name=search_term_string"}],"inLanguage":"de"}]}},"_links":{"self":[{"href":"https:\/\/irland-reise-tipps.de\/de\/wp-json\/wp\/v2\/pages\/2","targetHints":{"allow":["GET"]}}],"collection":[{"href":"https:\/\/irland-reise-tipps.de\/de\/wp-json\/wp\/v2\/pages"}],"about":[{"href":"https:\/\/irland-reise-tipps.de\/de\/wp-json\/wp\/v2\/types\/page"}],"author":[{"embeddable":true,"href":"https:\/\/irland-reise-tipps.de\/de\/wp-json\/wp\/v2\/users\/5"}],"replies":[{"embeddable":true,"href":"https:\/\/irland-reise-tipps.de\/de\/wp-json\/wp\/v2\/comments?post=2"}],"version-history":[{"count":9,"href":"https:\/\/irland-reise-tipps.de\/de\/wp-json\/wp\/v2\/pages\/2\/revisions"}],"predecessor-version":[{"id":2704,"href":"https:\/\/irland-reise-tipps.de\/de\/wp-json\/wp\/v2\/pages\/2\/revisions\/2704"}],"wp:attachment":[{"href":"https:\/\/irland-reise-tipps.de\/de\/wp-json\/wp\/v2\/media?parent=2"}],"curies":[{"name":"wp","href":"https:\/\/api.w.org\/{rel}","templated":true}]}}