{"id":1824,"date":"2013-03-15T14:49:32","date_gmt":"2013-03-15T13:49:32","guid":{"rendered":"http:\/\/irland-reise-tipps.de\/de\/?page_id=1824"},"modified":"2013-04-30T21:26:59","modified_gmt":"2013-04-30T19:26:59","slug":"highlights-im-county-antrim","status":"publish","type":"page","link":"https:\/\/irland-reise-tipps.de\/de\/highlights-und-sehenswuerdigkeiten\/highlights-im-county-antrim\/","title":{"rendered":"Highlights im County Antrim"},"content":{"rendered":"<p>[google-map-v3 width=&#8220;100%&#8220; height=&#8220;600&#8243; zoom=&#8220;12&#8243; maptype=&#8220;roadmap&#8220; mapalign=&#8220;center&#8220; directionhint=&#8220;false&#8220; language=&#8220;default&#8220; poweredby=&#8220;false&#8220; maptypecontrol=&#8220;true&#8220; pancontrol=&#8220;true&#8220; zoomcontrol=&#8220;true&#8220; scalecontrol=&#8220;true&#8220; streetviewcontrol=&#8220;true&#8220; scrollwheelcontrol=&#8220;false&#8220; draggable=&#8220;true&#8220; tiltfourtyfive=&#8220;false&#8220; addmarkermashupbubble=&#8220;false&#8220; addmarkermashupbubble=&#8220;false&#8220; addmarkerlist=&#8220;Titanic Belfast Building{}harbor.png{}#http:\/\/irland-reise-tipps.de\/de\/highlights\/titanic-belfast\/ Titanic Belfast#|Giant&#8217;s Causeway{}5-default.png{}#http:\/\/irland-reise-tipps.de\/de\/highlights\/giants-causeway\/ Giants Causeway#&#8220; bubbleautopan=&#8220;true&#8220; showbike=&#8220;false&#8220; showtraffic=&#8220;false&#8220; showpanoramio=&#8220;false&#8220;]<\/p>\n<h4>\n<a href=\"https:\/\/irland-reise-tipps.de\/de\/wp-content\/gallery\/titanic-belfast\/titanic.jpg\" title=\"\" rel=\"lightbox[singlepic827]\" >\n\t<img decoding=\"async\" class=\"ngg-singlepic ngg-left\" src=\"https:\/\/irland-reise-tipps.de\/de\/wp-content\/gallery\/cache\/827__150x150_titanic.jpg\" alt=\"titanic\" title=\"titanic\" \/>\n<\/a>\n Titanic Belfast<\/h4>\n<p>\u00dcber die Entstehung und Geschichte der Titanic gibt es noch viele Geschichten, die noch keiner erz\u00e4hlt hat.<\/p>\n<p>Besuchen Sie das Erlebniszentrum \u201cTitanic Belfast\u201d und lassen Sie sich in die Zeit zur\u00fcckversetzen.<\/p>\n<p><a title=\"Titanic Belfast\" href=\"http:\/\/irland-reise-tipps.de\/de\/highlights\/titanic-belfast\/\">Weitere Informationen \u203a<\/a><\/p>\n<h4>\n<a href=\"https:\/\/irland-reise-tipps.de\/de\/wp-content\/gallery\/giants-causeway\/medium_a0023.jpg\" title=\"\" rel=\"lightbox[singlepic855]\" >\n\t<img decoding=\"async\" class=\"ngg-singlepic ngg-left\" src=\"https:\/\/irland-reise-tipps.de\/de\/wp-content\/gallery\/cache\/855__150x150_medium_a0023.jpg\" alt=\"medium_a0023\" title=\"medium_a0023\" \/>\n<\/a>\n Giant&#8217;s Causeway<\/h4>\n<p>Das achte Weltwunder &#8211; so nennen die Iren den Damm des Riesen.<br \/>\nDurch eine vulkanische Eruption der Erdkruste entstand vor rund 60 Millionen Jahren das einzige irische Naturdenkmal.<\/p>\n<p><a title=\"Giant\u2019s Causeway\" href=\"http:\/\/irland-reise-tipps.de\/de\/highlights\/giants-causeway\/\">Weitere Informationen \u203a<\/a><\/p>\n<p>&nbsp;<\/p>\n","protected":false},"excerpt":{"rendered":"<p>[google-map-v3 width=&#8220;100%&#8220; height=&#8220;600&#8243; zoom=&#8220;12&#8243; maptype=&#8220;roadmap&#8220; mapalign=&#8220;center&#8220; directionhint=&#8220;false&#8220; language=&#8220;default&#8220; poweredby=&#8220;false&#8220; maptypecontrol=&#8220;true&#8220; pancontrol=&#8220;true&#8220; zoomcontrol=&#8220;true&#8220; scalecontrol=&#8220;true&#8220; streetviewcontrol=&#8220;true&#8220; scrollwheelcontrol=&#8220;false&#8220; draggable=&#8220;true&#8220; tiltfourtyfive=&#8220;false&#8220; addmarkermashupbubble=&#8220;false&#8220; addmarkermashupbubble=&#8220;false&#8220; addmarkerlist=&#8220;Titanic Belfast Building{}harbor.png{}#http:\/\/irland-reise-tipps.de\/de\/highlights\/titanic-belfast\/ Titanic Belfast#|Giant&#8217;s Causeway{}5-default.png{}#http:\/\/irland-reise-tipps.de\/de\/highlights\/giants-causeway\/ Giants Causeway#&#8220; bubbleautopan=&#8220;true&#8220; showbike=&#8220;false&#8220; showtraffic=&#8220;false&#8220; showpanoramio=&#8220;false&#8220;] Titanic Belfast \u00dcber die Entstehung und Geschichte der Titanic<span class=\"ellipsis\">&hellip;<\/span><\/p>\n<div class=\"read-more\"><a href=\"https:\/\/irland-reise-tipps.de\/de\/highlights-und-sehenswuerdigkeiten\/highlights-im-county-antrim\/\">Weiterlesen &#8250;<\/a><\/div>\n<p><!-- end of .read-more --><\/p>\n","protected":false},"author":6,"featured_media":0,"parent":20,"menu_order":4,"comment_status":"closed","ping_status":"closed","template":"","meta":{"footnotes":""},"class_list":["post-1824","page","type-page","status-publish","hentry"],"yoast_head":"<!-- This site is optimized with the Yoast SEO plugin v21.2 - https:\/\/yoast.com\/wordpress\/plugins\/seo\/ -->\n<title>Highlights im County Antrim - Irland Reise Tipps<\/title>\n<meta name=\"description\" content=\"Gemeinsam die gr\u00fcne Insel Irland entdecken. Wir haben ausgew\u00e4hlte Veranstaltungen, Unterk\u00fcnfte und Touren mit den Highlights Irlands zusammengestellt.\" \/>\n<meta name=\"robots\" content=\"index, follow, max-snippet:-1, max-image-preview:large, max-video-preview:-1\" \/>\n<link rel=\"canonical\" href=\"https:\/\/irland-reise-tipps.de\/de\/highlights-und-sehenswuerdigkeiten\/highlights-im-county-antrim\/\" \/>\n<meta property=\"og:locale\" content=\"de_DE\" \/>\n<meta property=\"og:type\" content=\"article\" \/>\n<meta property=\"og:title\" content=\"Highlights im County Antrim - Irland Reise Tipps\" \/>\n<meta property=\"og:description\" content=\"Gemeinsam die gr\u00fcne Insel Irland entdecken. Wir haben ausgew\u00e4hlte Veranstaltungen, Unterk\u00fcnfte und Touren mit den Highlights Irlands zusammengestellt.\" \/>\n<meta property=\"og:url\" content=\"https:\/\/irland-reise-tipps.de\/de\/highlights-und-sehenswuerdigkeiten\/highlights-im-county-antrim\/\" \/>\n<meta property=\"og:site_name\" content=\"Irland Reise Tipps\" \/>\n<meta property=\"article:modified_time\" content=\"2013-04-30T19:26:59+00:00\" \/>\n<meta name=\"twitter:label1\" content=\"Gesch\u00e4tzte Lesezeit\" \/>\n\t<meta name=\"twitter:data1\" content=\"1\u00a0Minute\" \/>\n<script type=\"application\/ld+json\" class=\"yoast-schema-graph\">{\"@context\":\"https:\/\/schema.org\",\"@graph\":[{\"@type\":\"WebPage\",\"@id\":\"https:\/\/irland-reise-tipps.de\/de\/highlights-und-sehenswuerdigkeiten\/highlights-im-county-antrim\/\",\"url\":\"https:\/\/irland-reise-tipps.de\/de\/highlights-und-sehenswuerdigkeiten\/highlights-im-county-antrim\/\",\"name\":\"Highlights im County Antrim - Irland Reise Tipps\",\"isPartOf\":{\"@id\":\"https:\/\/irland-reise-tipps.de\/de\/#website\"},\"datePublished\":\"2013-03-15T13:49:32+00:00\",\"dateModified\":\"2013-04-30T19:26:59+00:00\",\"description\":\"Gemeinsam die gr\u00fcne Insel Irland entdecken. Wir haben ausgew\u00e4hlte Veranstaltungen, Unterk\u00fcnfte und Touren mit den Highlights Irlands zusammengestellt.\",\"breadcrumb\":{\"@id\":\"https:\/\/irland-reise-tipps.de\/de\/highlights-und-sehenswuerdigkeiten\/highlights-im-county-antrim\/#breadcrumb\"},\"inLanguage\":\"de\",\"potentialAction\":[{\"@type\":\"ReadAction\",\"target\":[\"https:\/\/irland-reise-tipps.de\/de\/highlights-und-sehenswuerdigkeiten\/highlights-im-county-antrim\/\"]}]},{\"@type\":\"BreadcrumbList\",\"@id\":\"https:\/\/irland-reise-tipps.de\/de\/highlights-und-sehenswuerdigkeiten\/highlights-im-county-antrim\/#breadcrumb\",\"itemListElement\":[{\"@type\":\"ListItem\",\"position\":1,\"name\":\"Home\",\"item\":\"https:\/\/irland-reise-tipps.de\/de\/\"},{\"@type\":\"ListItem\",\"position\":2,\"name\":\"Highlights\",\"item\":\"https:\/\/irland-reise-tipps.de\/de\/highlights-und-sehenswuerdigkeiten\/\"},{\"@type\":\"ListItem\",\"position\":3,\"name\":\"Highlights im County Antrim\"}]},{\"@type\":\"WebSite\",\"@id\":\"https:\/\/irland-reise-tipps.de\/de\/#website\",\"url\":\"https:\/\/irland-reise-tipps.de\/de\/\",\"name\":\"Irland Reise Tipps\",\"description\":\"Gemeinsam die gr\u00fcne Insel entdecken\",\"potentialAction\":[{\"@type\":\"SearchAction\",\"target\":{\"@type\":\"EntryPoint\",\"urlTemplate\":\"https:\/\/irland-reise-tipps.de\/de\/?s={search_term_string}\"},\"query-input\":\"required name=search_term_string\"}],\"inLanguage\":\"de\"}]}<\/script>\n<!-- \/ Yoast SEO plugin. -->","yoast_head_json":{"title":"Highlights im County Antrim - Irland Reise Tipps","description":"Gemeinsam die gr\u00fcne Insel Irland entdecken. Wir haben ausgew\u00e4hlte Veranstaltungen, Unterk\u00fcnfte und Touren mit den Highlights Irlands zusammengestellt.","robots":{"index":"index","follow":"follow","max-snippet":"max-snippet:-1","max-image-preview":"max-image-preview:large","max-video-preview":"max-video-preview:-1"},"canonical":"https:\/\/irland-reise-tipps.de\/de\/highlights-und-sehenswuerdigkeiten\/highlights-im-county-antrim\/","og_locale":"de_DE","og_type":"article","og_title":"Highlights im County Antrim - Irland Reise Tipps","og_description":"Gemeinsam die gr\u00fcne Insel Irland entdecken. Wir haben ausgew\u00e4hlte Veranstaltungen, Unterk\u00fcnfte und Touren mit den Highlights Irlands zusammengestellt.","og_url":"https:\/\/irland-reise-tipps.de\/de\/highlights-und-sehenswuerdigkeiten\/highlights-im-county-antrim\/","og_site_name":"Irland Reise Tipps","article_modified_time":"2013-04-30T19:26:59+00:00","twitter_misc":{"Gesch\u00e4tzte Lesezeit":"1\u00a0Minute"},"schema":{"@context":"https:\/\/schema.org","@graph":[{"@type":"WebPage","@id":"https:\/\/irland-reise-tipps.de\/de\/highlights-und-sehenswuerdigkeiten\/highlights-im-county-antrim\/","url":"https:\/\/irland-reise-tipps.de\/de\/highlights-und-sehenswuerdigkeiten\/highlights-im-county-antrim\/","name":"Highlights im County Antrim - Irland Reise Tipps","isPartOf":{"@id":"https:\/\/irland-reise-tipps.de\/de\/#website"},"datePublished":"2013-03-15T13:49:32+00:00","dateModified":"2013-04-30T19:26:59+00:00","description":"Gemeinsam die gr\u00fcne Insel Irland entdecken. Wir haben ausgew\u00e4hlte Veranstaltungen, Unterk\u00fcnfte und Touren mit den Highlights Irlands zusammengestellt.","breadcrumb":{"@id":"https:\/\/irland-reise-tipps.de\/de\/highlights-und-sehenswuerdigkeiten\/highlights-im-county-antrim\/#breadcrumb"},"inLanguage":"de","potentialAction":[{"@type":"ReadAction","target":["https:\/\/irland-reise-tipps.de\/de\/highlights-und-sehenswuerdigkeiten\/highlights-im-county-antrim\/"]}]},{"@type":"BreadcrumbList","@id":"https:\/\/irland-reise-tipps.de\/de\/highlights-und-sehenswuerdigkeiten\/highlights-im-county-antrim\/#breadcrumb","itemListElement":[{"@type":"ListItem","position":1,"name":"Home","item":"https:\/\/irland-reise-tipps.de\/de\/"},{"@type":"ListItem","position":2,"name":"Highlights","item":"https:\/\/irland-reise-tipps.de\/de\/highlights-und-sehenswuerdigkeiten\/"},{"@type":"ListItem","position":3,"name":"Highlights im County Antrim"}]},{"@type":"WebSite","@id":"https:\/\/irland-reise-tipps.de\/de\/#website","url":"https:\/\/irland-reise-tipps.de\/de\/","name":"Irland Reise Tipps","description":"Gemeinsam die gr\u00fcne Insel entdecken","potentialAction":[{"@type":"SearchAction","target":{"@type":"EntryPoint","urlTemplate":"https:\/\/irland-reise-tipps.de\/de\/?s={search_term_string}"},"query-input":"required name=search_term_string"}],"inLanguage":"de"}]}},"_links":{"self":[{"href":"https:\/\/irland-reise-tipps.de\/de\/wp-json\/wp\/v2\/pages\/1824","targetHints":{"allow":["GET"]}}],"collection":[{"href":"https:\/\/irland-reise-tipps.de\/de\/wp-json\/wp\/v2\/pages"}],"about":[{"href":"https:\/\/irland-reise-tipps.de\/de\/wp-json\/wp\/v2\/types\/page"}],"author":[{"embeddable":true,"href":"https:\/\/irland-reise-tipps.de\/de\/wp-json\/wp\/v2\/users\/6"}],"replies":[{"embeddable":true,"href":"https:\/\/irland-reise-tipps.de\/de\/wp-json\/wp\/v2\/comments?post=1824"}],"version-history":[{"count":8,"href":"https:\/\/irland-reise-tipps.de\/de\/wp-json\/wp\/v2\/pages\/1824\/revisions"}],"predecessor-version":[{"id":2705,"href":"https:\/\/irland-reise-tipps.de\/de\/wp-json\/wp\/v2\/pages\/1824\/revisions\/2705"}],"up":[{"embeddable":true,"href":"https:\/\/irland-reise-tipps.de\/de\/wp-json\/wp\/v2\/pages\/20"}],"wp:attachment":[{"href":"https:\/\/irland-reise-tipps.de\/de\/wp-json\/wp\/v2\/media?parent=1824"}],"curies":[{"name":"wp","href":"https:\/\/api.w.org\/{rel}","templated":true}]}}