{"id":18,"date":"2013-01-19T17:30:01","date_gmt":"2013-01-19T15:30:01","guid":{"rendered":"http:\/\/irland-reise-tipps.de\/de\/?page_id=18"},"modified":"2019-06-29T16:21:08","modified_gmt":"2019-06-29T14:21:08","slug":"unterkunft","status":"publish","type":"page","link":"https:\/\/irland-reise-tipps.de\/de\/unterkunft\/","title":{"rendered":"Unterkunft"},"content":{"rendered":"<h3>Alle Unterk\u00fcnfte im \u00dcberblick<\/h3>\n\n<h3>Unterkunft im County Cavan<\/h3>\n<ul>\n<li><a title=\"Cabra Castle\" href=\"http:\/\/irland-reise-tipps.de\/de\/unterkunft\/hotels-in-cavan\/cabra-castle\/\">Cabra Castle<\/a><\/li>\n<li><a title=\"Errigal Country House Hotel\" href=\"http:\/\/irland-reise-tipps.de\/de\/unterkunft\/hotels-in-cavan\/errigal-country-house-hotel\/\">Errigal Country House Hotel<\/a><\/li>\n<\/ul>\n<p><a title=\"Hotels in Cavan\" href=\"http:\/\/irland-reise-tipps.de\/de\/unterkunft\/hotels-in-cavan\/\">Alle Hotels im County Cavan anzeigen \u203a<\/a><\/p>\n<h3>Unterkunft im County Clare<\/h3>\n<ul>\n<li><a title=\"Sheedy\u2019s Country House Hotel\" href=\"http:\/\/irland-reise-tipps.de\/de\/unterkunft\/hotels-in-clare\/sheedys-country-house-hotel\/\">Sheedy&#8217;s Country House Hotel<\/a><\/li>\n<li><a title=\"Armada Hotel\" href=\"http:\/\/irland-reise-tipps.de\/de\/unterkunft\/hotels-in-clare\/armada-hotel\/\">Armada Hotel<\/a><\/li>\n<\/ul>\n<p><a title=\"Hotels in Clare\" href=\"http:\/\/irland-reise-tipps.de\/de\/unterkunft\/hotels-in-clare\/\">Alle Hotels im County Clare anzeigen \u203a<\/a><\/p>\n<h3>Unterkunft\u00a0im County Cork<\/h3>\n<ul>\n<li><a title=\"Seaview House Hotel\" href=\"http:\/\/irland-reise-tipps.de\/de\/unterkunft\/hotels-in-cork\/seaview-house-hotel\/\">Seaview House Hotel<\/a><\/li>\n<li><a title=\"Airport Hotel\" href=\"http:\/\/irland-reise-tipps.de\/de\/unterkunft\/hotels-in-cork\/airport-hotel\/\">Cork International Airport Hotel<\/a><\/li>\n<li><a title=\"Bayview Hotel\" href=\"http:\/\/irland-reise-tipps.de\/de\/unterkunft\/hotels-in-cork\/bayview-hotel\/\">Bayview Hotel<\/a><\/li>\n<li><a title=\"Garryvoe Hotel\" href=\"http:\/\/irland-reise-tipps.de\/de\/unterkunft\/hotels-in-cork\/garryvoe-hotel\/\">Garryvoe Hotel<\/a><\/li>\n<li><a title=\"Glengarriff Park Hotel\" href=\"http:\/\/irland-reise-tipps.de\/de\/unterkunft\/hotels-in-cork\/glengarriff-park-hotel\/\">Glengarriff Park Hotel<\/a><\/li>\n<li><a title=\"Castle Hotel\" href=\"http:\/\/irland-reise-tipps.de\/de\/unterkunft\/hotels-in-cork\/castle-hotel\/\">Castle Hotel &amp; Leisure Centre<\/a><\/li>\n<li><a title=\"Casey\u2019s of Baltimore\" href=\"http:\/\/irland-reise-tipps.de\/de\/unterkunft\/hotels-in-cork\/caseys-of-baltimore\/\">Casey&#8217;s of Baltimore<\/a><\/li>\n<li><a title=\"Fitzgeralds Vienna Woods Hotel\" href=\"http:\/\/irland-reise-tipps.de\/de\/unterkunft\/hotels-in-cork\/fitzgeralds-vienna-woods-hotel\/\">Fitzgerald Vienna Woods<\/a><\/li>\n<\/ul>\n<p><a title=\"Hotels in Cork\" href=\"http:\/\/irland-reise-tipps.de\/de\/unterkunft\/hotels-in-cork\/\">Alle Hotels im County Cork anzeigen\u00a0\u203a<\/a><\/p>\n<h3>Unterkunft im County Donegal<\/h3>\n<ul>\n<li><a title=\"Sandhouse Hotel\" href=\"http:\/\/irland-reise-tipps.de\/de\/unterkunft\/hotels-in-donegal\/sandhouse-hotel\/\">Sandhouse Hotel<\/a><\/li>\n<li><a title=\"Arnolds Hotel\" href=\"http:\/\/irland-reise-tipps.de\/de\/unterkunft\/hotels-in-donegal\/arnolds-hotel\/\">Arnolds Hotel<\/a><\/li>\n<li><a title=\"Mill Park Hotel\" href=\"http:\/\/irland-reise-tipps.de\/de\/unterkunft\/hotels-in-donegal\/mill-park-hotel\/\">Mill Park Hotel<\/a><\/li>\n<\/ul>\n<p><a title=\"Hotels in Donegal\" href=\"http:\/\/irland-reise-tipps.de\/de\/unterkunft\/hotels-in-donegal\/\">Alle Hotels im County Donegal anzeigen\u00a0\u203a<\/a><\/p>\n<h3>Unterkunft\u00a0im County Dublin<\/h3>\n<ul>\n<li><a title=\"Ashling Hotel Dublin\" href=\"http:\/\/irland-reise-tipps.de\/de\/unterkunft\/hotels-in-dublin\/ashling-hotel-dublin\/\">Ashling Hotel Dublin<\/a><\/li>\n<li><a title=\"Buswells Hotel\" href=\"http:\/\/irland-reise-tipps.de\/de\/unterkunft\/hotels-in-dublin\/buswells-hotel\/\">Buswells Hotel\u00a0<\/a><\/li>\n<li><a title=\"The Castle Hotel\" href=\"http:\/\/irland-reise-tipps.de\/de\/unterkunft\/hotels-in-dublin\/the-castle-hotel\/\">The Castle Hotel<\/a><\/li>\n<li><a title=\"Crowne Plaza Northwood\" href=\"http:\/\/irland-reise-tipps.de\/de\/unterkunft\/hotels-in-dublin\/crowne-plaza-northwood\/\">Crowne Plaza Northwood<\/a><\/li>\n<li><a title=\"Brooks Hotel\" href=\"http:\/\/irland-reise-tipps.de\/de\/unterkunft\/hotels-in-dublin\/brooks-hotel\/\">Brooks Hotel<\/a><\/li>\n<li><a title=\"Butlers Townhouse\" href=\"http:\/\/irland-reise-tipps.de\/de\/unterkunft\/hotels-in-dublin\/butlers-townhouse\/\">Butlers Townhouse<\/a><\/li>\n<li><a title=\"Harrington Hall\" href=\"http:\/\/irland-reise-tipps.de\/de\/unterkunft\/hotels-in-dublin\/harrington-hall\/\">Harrington Hall<\/a><\/li>\n<li><a title=\"Aspect Hotel Park West\" href=\"http:\/\/irland-reise-tipps.de\/de\/unterkunft\/hotels-in-dublin\/aspect-hotel-park-west\/\">Aspect Hotel Park West<\/a><\/li>\n<\/ul>\n<p><a title=\"Hotels in Dublin\" href=\"http:\/\/irland-reise-tipps.de\/de\/unterkunft\/hotels-in-dublin\/\">Alle Hotels im County Dublin anzeigen \u203a<\/a><\/p>\n<h3>Unterkunft im County Fermanagh<\/h3>\n<ul>\n<li><a title=\"Manor House Country Hotel\" href=\"http:\/\/irland-reise-tipps.de\/de\/unterkunft\/hotels-in-fermanagh\/manor-house-country-hotel\/\">Manor House Country Hotel<\/a><\/li>\n<li><a title=\"Killyhevlin Hotel &amp; Health Club\" href=\"http:\/\/irland-reise-tipps.de\/de\/unterkunft\/hotels-in-fermanagh\/killyhevlin-hotel\/\">Killyhevlin Hotel &amp; Health Club<\/a><\/li>\n<\/ul>\n<p><a title=\"Hotels in Fermanagh\" href=\"http:\/\/irland-reise-tipps.de\/de\/unterkunft\/hotels-in-fermanagh\/\">Alle Hotels im County Fermanagh anzeigen \u203a<\/a><\/p>\n<h3>Unterkunft\u00a0im County Galway<\/h3>\n<ul>\n<li><a title=\"Flannery\u2019s Hotel Galway\" href=\"http:\/\/irland-reise-tipps.de\/de\/unterkunft\/hotels-in-galway\/flannerys-hotel-galway\/\">Flannery&#8217;s Hotel Galway<\/a><\/li>\n<li><a title=\"Clybaun Hotel\" href=\"http:\/\/irland-reise-tipps.de\/de\/unterkunft\/hotels-in-galway\/hotel-clybaun\/\">Clybaun Hotel <\/a><\/li>\n<li><a title=\"Abbeyglen Castle Hotel\" href=\"http:\/\/irland-reise-tipps.de\/de\/unterkunft\/hotels-in-galway\/abbeyglen-castle-hotel\/\">Abbeyglen Castle Hotel<\/a><\/li>\n<li><a title=\"Ballynahinch Castle\" href=\"http:\/\/irland-reise-tipps.de\/de\/unterkunft\/hotels-in-galway\/ballynahinch-castle\/\">Ballynahinch Castle Hotel<\/a><\/li>\n<li><a title=\"Ross Lake House Hotel\" href=\"http:\/\/irland-reise-tipps.de\/de\/unterkunft\/hotels-in-galway\/ross-lake-house-hotel\/\">Ross Lake House Hotel<\/a><\/li>\n<li><a title=\"Lough Inagh Lodge Hotel\" href=\"http:\/\/irland-reise-tipps.de\/de\/unterkunft\/hotels-in-galway\/lough-inagh-lodge-hotel\/\">Lough Inagh Lodge Hotel<\/a><\/li>\n<li><a title=\"Ardagh Hotel\" href=\"http:\/\/irland-reise-tipps.de\/de\/unterkunft\/hotels-in-galway\/ardagh-hotel\/\">Ardagh Hotel<\/a><\/li>\n<li><a title=\"Loughrea Hotel &amp; Spa\" href=\"http:\/\/irland-reise-tipps.de\/de\/unterkunft\/hotels-in-galway\/loughrea-hotel-spa\/\">Loughrea Hotel &amp; Spa<\/a><\/li>\n<li><a title=\"Carna Bay Hotel\" href=\"http:\/\/irland-reise-tipps.de\/de\/unterkunft\/hotels-in-galway\/carna-bay-hotel\/\">Carna Bay Hotel<\/a><\/li>\n<\/ul>\n<p><a title=\"Hotels in Galway\" href=\"http:\/\/irland-reise-tipps.de\/de\/unterkunft\/hotels-in-galway\/\">Alle Hotels im County Galway anzeigen \u203a<\/a><\/p>\n<h3>Unterkunft\u00a0im County Kerry<\/h3>\n<ul>\n<li><a title=\"Ballyseede Castle\" href=\"http:\/\/irland-reise-tipps.de\/de\/unterkunft\/hotels-in-kerry\/ballyseede-castle\/\">Ballyseede Castle<\/a><\/li>\n<li><a title=\"The Grand Hotel Tralee\" href=\"http:\/\/irland-reise-tipps.de\/de\/unterkunft\/hotels-in-kerry\/the-grand-hotel-tralee\/\">The Grand Hotel<\/a><a title=\"The Grand Hotel Tralee\" href=\"http:\/\/irland-reise-tipps.de\/de\/unterkunft\/hotels-in-kerry\/the-grand-hotel-tralee\/\" target=\"_blank\" rel=\"nofollow noopener noreferrer\">\u00a0<\/a><\/li>\n<li><a title=\"Cahernane House Hotel\" href=\"http:\/\/irland-reise-tipps.de\/de\/unterkunft\/hotels-in-kerry\/cahernane-house-hotel\/\">Cahernane House Hotel<\/a><\/li>\n<li><a title=\"Dingle Benners Hotel\" href=\"http:\/\/irland-reise-tipps.de\/de\/unterkunft\/hotels-in-kerry\/dingle-benners-hotel\/\">Dingle Benners Hotel<\/a><\/li>\n<li><a title=\"Arbutus Hotel\" href=\"http:\/\/irland-reise-tipps.de\/de\/unterkunft\/hotels-in-kerry\/arbutus-hotel\/\">Arbutus Hotel<\/a><\/li>\n<\/ul>\n<p><a title=\"Hotels in Kerry\" href=\"http:\/\/irland-reise-tipps.de\/de\/unterkunft\/hotels-in-kerry\/\">Alle Hotels im County Kerry anzeigen \u203a<\/a><\/p>\n<h3>Unterkunft im County Kildare<\/h3>\n<ul>\n<li><a title=\"Osprey Hotel\" href=\"http:\/\/irland-reise-tipps.de\/de\/unterkunft\/hotels-in-kildare\/osprey-hotel\/\">Osprey Hotel <\/a><\/li>\n<\/ul>\n<p><a title=\"Hotels in Kildare\" href=\"http:\/\/irland-reise-tipps.de\/de\/unterkunft\/hotels-in-kildare\/\">Alle Hotels im County Kildare anzeigen \u203a<\/a><\/p>\n<h3>Unterkunft im County Kilkenny<\/h3>\n<ul>\n<li><a title=\"Aspect Hotel Kilkenny\" href=\"http:\/\/irland-reise-tipps.de\/de\/unterkunft\/hotels-in-kilkenny\/aspect-hotel-kilkenny\/\">Aspect Hotel Kilkenny<\/a><\/li>\n<\/ul>\n<p><a title=\"Hotels in Kilkenny\" href=\"http:\/\/irland-reise-tipps.de\/de\/unterkunft\/hotels-in-kilkenny\/\">Alle Hotels im County Kilkenny anzeigen \u203a<\/a><\/p>\n<h3>Unterkunft im County Leitrim<\/h3>\n<ul>\n<li><a title=\"Lough Rynn Castle\" href=\"http:\/\/irland-reise-tipps.de\/de\/unterkunft\/hotels-in-leitrim\/lough-rynn-castle\/\">Lough Rynn Castle Hotel<\/a><\/li>\n<li><a title=\"Bush Hotel\" href=\"http:\/\/irland-reise-tipps.de\/de\/unterkunft\/hotels-in-leitrim\/bush-hotel\/\">Bush Hotel<\/a><\/li>\n<\/ul>\n<p><a title=\"Hotels in Leitrim\" href=\"http:\/\/irland-reise-tipps.de\/de\/unterkunft\/hotels-in-leitrim\/\">Alle Hotels im County Leitrim anzeigen \u203a<\/a><\/p>\n<h3>Unterkunft im County Limerick<\/h3>\n<ul>\n<li><a title=\"Dunraven Arms Hotel\" href=\"http:\/\/irland-reise-tipps.de\/de\/unterkunft\/hotels-in-limerick\/dunraven-arms-hotel\/\">Dunraven Arms Hotel<\/a><\/li>\n<li><a title=\"Fitzgeralds Woodland House Hotel\" href=\"http:\/\/irland-reise-tipps.de\/de\/unterkunft\/hotels-in-limerick\/fitzgeralds-vienna-woods-hotel\/\">Fitzgerald Woodlands House Hotel<\/a><\/li>\n<\/ul>\n<p><a title=\"Hotels in Limerick\" href=\"http:\/\/irland-reise-tipps.de\/de\/unterkunft\/hotels-in-limerick\/\">Alle Hotels im County Limerick anzeigen \u203a<\/a><\/p>\n<h3>Unterkunft im County Londonderry<\/h3>\n<ul>\n<li><a title=\"Beech Hill Country House Hotel\" href=\"http:\/\/irland-reise-tipps.de\/de\/unterkunft\/hotels-in-londonderry\/beech-hill\/\">Beech Hill Country House Hotel<\/a><\/li>\n<\/ul>\n<p><a title=\"Hotels in Londonderry\" href=\"http:\/\/irland-reise-tipps.de\/de\/unterkunft\/hotels-in-londonderry\/\">Alle Hotels im County Londonderry anzeigen \u203a<\/a><\/p>\n<h3>Unterkunft im County Louth<\/h3>\n<ul>\n<li><a title=\"Crowne Plaza Dundalk\" href=\"http:\/\/irland-reise-tipps.de\/de\/unterkunft\/hotels-in-louth\/crowne-plaza-dundalk\/\">Crowne Plaza Dundalk<\/a><\/li>\n<\/ul>\n<p><a title=\"Hotels in Louth\" href=\"http:\/\/irland-reise-tipps.de\/de\/unterkunft\/hotels-in-louth\/\">Alle Hotels im County Louth anzeigen \u203a<\/a><\/p>\n<h3>Unterkunft im County Mayo<\/h3>\n<ul>\n<li><a title=\"Knockranny House Hotel &amp; Spa\" href=\"http:\/\/irland-reise-tipps.de\/de\/unterkunft\/hotels-in-mayo\/knockranny-house-hotel\/\">Knockranny House Hotel &amp; Spa<\/a><\/li>\n<li><a title=\"Clew Bay Hotel\" href=\"http:\/\/irland-reise-tipps.de\/de\/unterkunft\/hotels-in-mayo\/clew-bay-hotel\/\">Clew Bay Hotel<\/a><\/li>\n<li><a title=\"Mount Falcon Estate\" href=\"http:\/\/irland-reise-tipps.de\/de\/unterkunft\/hotels-in-mayo\/mount-falcon-estate\/\">Mount Falcon Estate<\/a><\/li>\n<\/ul>\n<p><a title=\"Hotels in Mayo\" href=\"http:\/\/irland-reise-tipps.de\/de\/unterkunft\/hotels-in-mayo\/\">Alle Hotels im County Mayo anzeigen \u203a<\/a><\/p>\n<h3>Unterkunft im County Meath<\/h3>\n<ul>\n<li><a title=\"Johnstown House\" href=\"http:\/\/irland-reise-tipps.de\/de\/unterkunft\/hotels-in-meath\/johnstown-house\/\">Johnstown House<\/a><\/li>\n<li><a title=\"Headfort Arms Hotel\" href=\"http:\/\/irland-reise-tipps.de\/de\/unterkunft\/hotels-in-meath\/headfort-arms-hotel\/\">Headfort Arms Hotel<\/a><\/li>\n<\/ul>\n<p><a title=\"Hotels in Meath\" href=\"http:\/\/irland-reise-tipps.de\/de\/unterkunft\/hotels-in-meath\/\">Alle Hotels im County Meath anzeigen \u203a<\/a><\/p>\n<h3>Unterkunft im County Sligo<\/h3>\n<ul>\n<li><a title=\"Makree Castle\" href=\"http:\/\/irland-reise-tipps.de\/de\/unterkunft\/hotels-in-sligo\/makree-castle\/\">Markree Castle<\/a><\/li>\n<li><a title=\"Strandhill Lodge and Suites\" href=\"http:\/\/irland-reise-tipps.de\/de\/unterkunft\/hotels-im-county-sligo\/strandhill-lodge-and-suites\/\">Strandhill Lodge and Suites<\/a><\/li>\n<\/ul>\n<p><a title=\"Hotels in Sligo\" href=\"http:\/\/irland-reise-tipps.de\/de\/unterkunft\/hotels-in-sligo\/\">Alle Hotels im County Sligo anzeigen \u203a<\/a><\/p>\n<h3>Unterkunft im County Tipperary<\/h3>\n<ul>\n<li><a title=\"Hotel Minella\" href=\"http:\/\/irland-reise-tipps.de\/de\/unterkunft\/hotels-in-tipperary\/hotel-minella\/\">Hotel Minella<\/a><\/li>\n<\/ul>\n<p><a title=\"Hotels in Tipperary\" href=\"http:\/\/irland-reise-tipps.de\/de\/unterkunft\/hotels-in-tipperary\/\">Alle Hotels im County Tipperary anzeigen \u203a<\/a><\/p>\n<h3>Unterkunft im County Waterford<\/h3>\n<ul>\n<li><a title=\"Athenaeum House Hotel\" href=\"http:\/\/irland-reise-tipps.de\/de\/unterkunft\/hotels-in-waterford\/athenaeum-house-hotel\/\">Athenaeum House Hotel<br \/>\n<\/a><\/li>\n<\/ul>\n<p><a title=\"Hotels in Waterford\" href=\"http:\/\/irland-reise-tipps.de\/de\/unterkunft\/hotels-in-waterford\/\">Alle Hotels im County Waterford anzeigen \u203a<\/a><\/p>\n<h3>Unterkunft im County Westmeath<\/h3>\n<ul>\n<li><a title=\"Athlone Springs Hotel\" href=\"http:\/\/irland-reise-tipps.de\/de\/unterkunft\/hotels-in-westmeath\/athlone-springs-hotel\/\">Athlone Springs Hotel<br \/>\n<\/a><\/li>\n<\/ul>\n<p><a title=\"Hotels in Westmeath\" href=\"http:\/\/irland-reise-tipps.de\/de\/unterkunft\/hotels-in-westmeath\/\">Alle Hotels im County Westmeath anzeigen \u203a<\/a><\/p>\n<h3>Unterkunft im County Wexford<\/h3>\n<ul>\n<li><a title=\"Cedar Lodge Hotel\" href=\"http:\/\/irland-reise-tipps.de\/de\/unterkunft\/hotels-in-wexford\/cedar-lodge-hotel\/\">Cedar Lodge<br \/>\n<\/a><\/li>\n<\/ul>\n<p><a title=\"Hotels in Wexford\" href=\"http:\/\/irland-reise-tipps.de\/de\/unterkunft\/hotels-in-wexford\/\">Alle Hotels im County Wexford anzeigen \u203a<\/a><\/p>\n<h3>Unterkunft im County Wicklow<\/h3>\n<ul>\n<li><a title=\"Brooklodge Hotel\" href=\"http:\/\/irland-reise-tipps.de\/de\/unterkunft\/hotels-in-wicklow\/brooklodge-hotel\/\">Brooklodge Hotel &amp; Wells Spa<\/a><\/li>\n<li><a title=\"Tulfarris Hotel &amp; Golf Resort\" href=\"http:\/\/irland-reise-tipps.de\/de\/unterkunft\/hotels-in-wicklow\/tulfarris-hotel-golf-resort\/\">Tulfarris Hotel &amp; Golf Resort<\/a><\/li>\n<\/ul>\n<p><a title=\"Hotels in Wicklow\" href=\"http:\/\/irland-reise-tipps.de\/de\/unterkunft\/hotels-in-wicklow\/\">Alle Hotels im County Wicklow anzeigen \u203a<\/a><\/p>\n","protected":false},"excerpt":{"rendered":"<p>Alle Unterk\u00fcnfte im \u00dcberblick Unterkunft im County Cavan Cabra Castle Errigal Country House Hotel Alle Hotels im County Cavan anzeigen \u203a Unterkunft im County Clare Sheedy&#8217;s Country House Hotel Armada Hotel Alle Hotels im County Clare anzeigen \u203a Unterkunft\u00a0im County<span class=\"ellipsis\">&hellip;<\/span><\/p>\n<div class=\"read-more\"><a href=\"https:\/\/irland-reise-tipps.de\/de\/unterkunft\/\">Weiterlesen &#8250;<\/a><\/div>\n<p><!-- end of .read-more --><\/p>\n","protected":false},"author":5,"featured_media":0,"parent":0,"menu_order":3,"comment_status":"closed","ping_status":"closed","template":"","meta":{"footnotes":""},"class_list":["post-18","page","type-page","status-publish","hentry"],"yoast_head":"<!-- This site is optimized with the Yoast SEO plugin v21.2 - https:\/\/yoast.com\/wordpress\/plugins\/seo\/ -->\n<title>Unterkunft in Irland - Hotels, Pensionen, Schlosshotels<\/title>\n<meta name=\"description\" content=\"Typisch irisch \u00fcbernachten mit besonderem Flair jenseits des Massentourismus, ausgew\u00e4hlte traditionsreiche Unterk\u00fcnfte, Hotels, Pensionen und Schlosshotels.\" \/>\n<meta name=\"robots\" content=\"index, follow, max-snippet:-1, max-image-preview:large, max-video-preview:-1\" \/>\n<link rel=\"canonical\" href=\"https:\/\/irland-reise-tipps.de\/de\/unterkunft\/\" \/>\n<meta property=\"og:locale\" content=\"de_DE\" \/>\n<meta property=\"og:type\" content=\"article\" \/>\n<meta property=\"og:title\" content=\"Unterkunft in Irland - Hotels, Pensionen, Schlosshotels\" \/>\n<meta property=\"og:description\" content=\"Typisch irisch \u00fcbernachten mit besonderem Flair jenseits des Massentourismus, ausgew\u00e4hlte traditionsreiche Unterk\u00fcnfte, Hotels, Pensionen und Schlosshotels.\" \/>\n<meta property=\"og:url\" content=\"https:\/\/irland-reise-tipps.de\/de\/unterkunft\/\" \/>\n<meta property=\"og:site_name\" content=\"Irland Reise Tipps\" \/>\n<meta property=\"article:modified_time\" content=\"2019-06-29T14:21:08+00:00\" \/>\n<meta name=\"twitter:label1\" content=\"Gesch\u00e4tzte Lesezeit\" \/>\n\t<meta name=\"twitter:data1\" content=\"2\u00a0Minuten\" \/>\n<script type=\"application\/ld+json\" class=\"yoast-schema-graph\">{\"@context\":\"https:\/\/schema.org\",\"@graph\":[{\"@type\":\"WebPage\",\"@id\":\"https:\/\/irland-reise-tipps.de\/de\/unterkunft\/\",\"url\":\"https:\/\/irland-reise-tipps.de\/de\/unterkunft\/\",\"name\":\"Unterkunft in Irland - Hotels, Pensionen, Schlosshotels\",\"isPartOf\":{\"@id\":\"https:\/\/irland-reise-tipps.de\/de\/#website\"},\"datePublished\":\"2013-01-19T15:30:01+00:00\",\"dateModified\":\"2019-06-29T14:21:08+00:00\",\"description\":\"Typisch irisch \u00fcbernachten mit besonderem Flair jenseits des Massentourismus, ausgew\u00e4hlte traditionsreiche Unterk\u00fcnfte, Hotels, Pensionen und Schlosshotels.\",\"breadcrumb\":{\"@id\":\"https:\/\/irland-reise-tipps.de\/de\/unterkunft\/#breadcrumb\"},\"inLanguage\":\"de\",\"potentialAction\":[{\"@type\":\"ReadAction\",\"target\":[\"https:\/\/irland-reise-tipps.de\/de\/unterkunft\/\"]}]},{\"@type\":\"BreadcrumbList\",\"@id\":\"https:\/\/irland-reise-tipps.de\/de\/unterkunft\/#breadcrumb\",\"itemListElement\":[{\"@type\":\"ListItem\",\"position\":1,\"name\":\"Home\",\"item\":\"https:\/\/irland-reise-tipps.de\/de\/\"},{\"@type\":\"ListItem\",\"position\":2,\"name\":\"Unterkunft\"}]},{\"@type\":\"WebSite\",\"@id\":\"https:\/\/irland-reise-tipps.de\/de\/#website\",\"url\":\"https:\/\/irland-reise-tipps.de\/de\/\",\"name\":\"Irland Reise Tipps\",\"description\":\"Gemeinsam die gr\u00fcne Insel entdecken\",\"potentialAction\":[{\"@type\":\"SearchAction\",\"target\":{\"@type\":\"EntryPoint\",\"urlTemplate\":\"https:\/\/irland-reise-tipps.de\/de\/?s={search_term_string}\"},\"query-input\":\"required name=search_term_string\"}],\"inLanguage\":\"de\"}]}<\/script>\n<!-- \/ Yoast SEO plugin. -->","yoast_head_json":{"title":"Unterkunft in Irland - Hotels, Pensionen, Schlosshotels","description":"Typisch irisch \u00fcbernachten mit besonderem Flair jenseits des Massentourismus, ausgew\u00e4hlte traditionsreiche Unterk\u00fcnfte, Hotels, Pensionen und Schlosshotels.","robots":{"index":"index","follow":"follow","max-snippet":"max-snippet:-1","max-image-preview":"max-image-preview:large","max-video-preview":"max-video-preview:-1"},"canonical":"https:\/\/irland-reise-tipps.de\/de\/unterkunft\/","og_locale":"de_DE","og_type":"article","og_title":"Unterkunft in Irland - Hotels, Pensionen, Schlosshotels","og_description":"Typisch irisch \u00fcbernachten mit besonderem Flair jenseits des Massentourismus, ausgew\u00e4hlte traditionsreiche Unterk\u00fcnfte, Hotels, Pensionen und Schlosshotels.","og_url":"https:\/\/irland-reise-tipps.de\/de\/unterkunft\/","og_site_name":"Irland Reise Tipps","article_modified_time":"2019-06-29T14:21:08+00:00","twitter_misc":{"Gesch\u00e4tzte Lesezeit":"2\u00a0Minuten"},"schema":{"@context":"https:\/\/schema.org","@graph":[{"@type":"WebPage","@id":"https:\/\/irland-reise-tipps.de\/de\/unterkunft\/","url":"https:\/\/irland-reise-tipps.de\/de\/unterkunft\/","name":"Unterkunft in Irland - Hotels, Pensionen, Schlosshotels","isPartOf":{"@id":"https:\/\/irland-reise-tipps.de\/de\/#website"},"datePublished":"2013-01-19T15:30:01+00:00","dateModified":"2019-06-29T14:21:08+00:00","description":"Typisch irisch \u00fcbernachten mit besonderem Flair jenseits des Massentourismus, ausgew\u00e4hlte traditionsreiche Unterk\u00fcnfte, Hotels, Pensionen und Schlosshotels.","breadcrumb":{"@id":"https:\/\/irland-reise-tipps.de\/de\/unterkunft\/#breadcrumb"},"inLanguage":"de","potentialAction":[{"@type":"ReadAction","target":["https:\/\/irland-reise-tipps.de\/de\/unterkunft\/"]}]},{"@type":"BreadcrumbList","@id":"https:\/\/irland-reise-tipps.de\/de\/unterkunft\/#breadcrumb","itemListElement":[{"@type":"ListItem","position":1,"name":"Home","item":"https:\/\/irland-reise-tipps.de\/de\/"},{"@type":"ListItem","position":2,"name":"Unterkunft"}]},{"@type":"WebSite","@id":"https:\/\/irland-reise-tipps.de\/de\/#website","url":"https:\/\/irland-reise-tipps.de\/de\/","name":"Irland Reise Tipps","description":"Gemeinsam die gr\u00fcne Insel entdecken","potentialAction":[{"@type":"SearchAction","target":{"@type":"EntryPoint","urlTemplate":"https:\/\/irland-reise-tipps.de\/de\/?s={search_term_string}"},"query-input":"required name=search_term_string"}],"inLanguage":"de"}]}},"_links":{"self":[{"href":"https:\/\/irland-reise-tipps.de\/de\/wp-json\/wp\/v2\/pages\/18","targetHints":{"allow":["GET"]}}],"collection":[{"href":"https:\/\/irland-reise-tipps.de\/de\/wp-json\/wp\/v2\/pages"}],"about":[{"href":"https:\/\/irland-reise-tipps.de\/de\/wp-json\/wp\/v2\/types\/page"}],"author":[{"embeddable":true,"href":"https:\/\/irland-reise-tipps.de\/de\/wp-json\/wp\/v2\/users\/5"}],"replies":[{"embeddable":true,"href":"https:\/\/irland-reise-tipps.de\/de\/wp-json\/wp\/v2\/comments?post=18"}],"version-history":[{"count":20,"href":"https:\/\/irland-reise-tipps.de\/de\/wp-json\/wp\/v2\/pages\/18\/revisions"}],"predecessor-version":[{"id":4232,"href":"https:\/\/irland-reise-tipps.de\/de\/wp-json\/wp\/v2\/pages\/18\/revisions\/4232"}],"wp:attachment":[{"href":"https:\/\/irland-reise-tipps.de\/de\/wp-json\/wp\/v2\/media?parent=18"}],"curies":[{"name":"wp","href":"https:\/\/api.w.org\/{rel}","templated":true}]}}