{"id":1704,"date":"2013-03-13T13:12:57","date_gmt":"2013-03-13T12:12:57","guid":{"rendered":"http:\/\/irland-reise-tipps.de\/de\/?page_id=1704"},"modified":"2013-04-12T07:31:42","modified_gmt":"2013-04-12T05:31:42","slug":"celtic-chakra","status":"publish","type":"page","link":"https:\/\/irland-reise-tipps.de\/de\/musik-irish-folk\/celtic-chakra\/","title":{"rendered":"Celtic Chakra"},"content":{"rendered":"<h4 style=\"text-align: center;\"><\/h4>\n<p align=\"left\"><span style=\"font-family: Tahoma;\"><span style=\"font-size: small;\"><strong><img loading=\"lazy\" decoding=\"async\" class=\"aligncenter size-large wp-image-1709\" alt=\"cover\" src=\"http:\/\/irland-reise-tipps.de\/de\/wp-content\/uploads\/2013\/02\/cover-1024x1024.jpg\" width=\"550\" height=\"550\" \/>Celtic Chakra \u2013 das sind vier Musiker, aus dem Rhein-Main-Gebiet.<\/strong> <\/span><\/span><\/p>\n<p align=\"left\"><span style=\"font-family: Tahoma;\"><span style=\"font-size: small;\">Ihr Repertoire ist eine Mischung alter und neuer traditioneller Musik aus verschiedenen keltischen Regionen, das durch Eigenkompositionen bereichert wird. Sie pr\u00e4sentieren die Musik in einem zeitgem\u00e4\u00dfen Gewand, nehmen jedoch gleichzeitig ihre Verpflichtung ernst, dem Althergebrachten<br \/>\ntreu zu\u00a0bleiben und die Grundfesten dessen, was diese Musik von jeher ausmacht, zu hegen und pflegen.<br \/>\n<\/span><\/span><span style=\"font-family: Tahoma;\"><span style=\"font-size: small;\">Mit Respekt vor der Tradition, aus der diese Musik geboren wurde, versuchen sie, diese noch reicher zu machen, entwickeln sie weiter und erfinden sie immer wieder neu .<\/span><\/span><\/p>\n<p align=\"left\"><span style=\"font-family: Tahoma; font-size: small;\">Der st\u00e4rkste Einfluss ihrer Musik mag aus Irland stammen, doch bald danach kommt schon Schottland. Melodien aus Nova Scotia (dem keltischen Teil Kanadas) wie auch Lieder in Irisch-G\u00e4lisch, Schottisch-G\u00e4lisch und Englisch w\u00fcrzen das Programm. Vom hohen Norden der Shetland Inseln bis hinunter zum sonnenbeschienenen Galicien (keltischer Teil Spaniens) \u2013 von \u00fcberall her kann man den Wind, den Regen,\u00a0 <\/span><span style=\"font-family: Tahoma; font-size: small;\">die Sonne, die Dunkelheit, das Licht, die Jahreszeiten und die Gef\u00fchle und Freude von Mutter Natur in ihrer Musik sp\u00fcren.<\/span><\/p>\n<p><a title=\"Celtic Chakra\" href=\"http:\/\/www.celtic-chakra.de\/\" target=\"_blank\" rel=\"nofollow\">Zur Homepage \u203a<\/a><\/p>\n<p>&nbsp;<\/p>\n<h4><span style=\"color: #008000;\">N\u00e4chste Konzerte dieser Band<br \/>\n<\/span><\/h4>\nKeine  Veranstaltungen gelistet.\n","protected":false},"excerpt":{"rendered":"<p>Celtic Chakra \u2013 das sind vier Musiker, aus dem Rhein-Main-Gebiet. Ihr Repertoire ist eine Mischung alter und neuer traditioneller Musik aus verschiedenen keltischen Regionen, das durch Eigenkompositionen bereichert wird. Sie pr\u00e4sentieren die Musik in einem zeitgem\u00e4\u00dfen Gewand, nehmen jedoch gleichzeitig<span class=\"ellipsis\">&hellip;<\/span><\/p>\n<div class=\"read-more\"><a href=\"https:\/\/irland-reise-tipps.de\/de\/musik-irish-folk\/celtic-chakra\/\">Weiterlesen &#8250;<\/a><\/div>\n<p><!-- end of .read-more --><\/p>\n","protected":false},"author":6,"featured_media":2359,"parent":456,"menu_order":0,"comment_status":"closed","ping_status":"closed","template":"","meta":{"footnotes":""},"class_list":["post-1704","page","type-page","status-publish","has-post-thumbnail","hentry"],"yoast_head":"<!-- This site is optimized with the Yoast SEO plugin v21.2 - https:\/\/yoast.com\/wordpress\/plugins\/seo\/ -->\n<title>Musik Irish Folk - Celtic Chakra - Irland Reise Tipps<\/title>\n<meta name=\"description\" content=\"Ihr Repertoire ist eine Mischung alter und neuer traditioneller Musik aus verschiedenen keltischen Regionen, das durch Eigenkompositionen bereichert wird.\" \/>\n<meta name=\"robots\" content=\"index, follow, max-snippet:-1, max-image-preview:large, max-video-preview:-1\" \/>\n<link rel=\"canonical\" href=\"https:\/\/irland-reise-tipps.de\/de\/musik-irish-folk\/celtic-chakra\/\" \/>\n<meta property=\"og:locale\" content=\"de_DE\" \/>\n<meta property=\"og:type\" content=\"article\" \/>\n<meta property=\"og:title\" content=\"Musik Irish Folk - Celtic Chakra - Irland Reise Tipps\" \/>\n<meta property=\"og:description\" content=\"Ihr Repertoire ist eine Mischung alter und neuer traditioneller Musik aus verschiedenen keltischen Regionen, das durch Eigenkompositionen bereichert wird.\" \/>\n<meta property=\"og:url\" content=\"https:\/\/irland-reise-tipps.de\/de\/musik-irish-folk\/celtic-chakra\/\" \/>\n<meta property=\"og:site_name\" content=\"Irland Reise Tipps\" \/>\n<meta property=\"article:modified_time\" content=\"2013-04-12T05:31:42+00:00\" \/>\n<meta property=\"og:image\" content=\"https:\/\/irland-reise-tipps.de\/de\/wp-content\/uploads\/2013\/04\/cover-1024x1024-e1366026004884.jpg\" \/>\n\t<meta property=\"og:image:width\" content=\"184\" \/>\n\t<meta property=\"og:image:height\" content=\"150\" \/>\n\t<meta property=\"og:image:type\" content=\"image\/jpeg\" \/>\n<meta name=\"twitter:label1\" content=\"Gesch\u00e4tzte Lesezeit\" \/>\n\t<meta name=\"twitter:data1\" content=\"1\u00a0Minute\" \/>\n<script type=\"application\/ld+json\" class=\"yoast-schema-graph\">{\"@context\":\"https:\/\/schema.org\",\"@graph\":[{\"@type\":\"WebPage\",\"@id\":\"https:\/\/irland-reise-tipps.de\/de\/musik-irish-folk\/celtic-chakra\/\",\"url\":\"https:\/\/irland-reise-tipps.de\/de\/musik-irish-folk\/celtic-chakra\/\",\"name\":\"Musik Irish Folk - Celtic Chakra - Irland Reise Tipps\",\"isPartOf\":{\"@id\":\"https:\/\/irland-reise-tipps.de\/de\/#website\"},\"datePublished\":\"2013-03-13T12:12:57+00:00\",\"dateModified\":\"2013-04-12T05:31:42+00:00\",\"description\":\"Ihr Repertoire ist eine Mischung alter und neuer traditioneller Musik aus verschiedenen keltischen Regionen, das durch Eigenkompositionen bereichert wird.\",\"breadcrumb\":{\"@id\":\"https:\/\/irland-reise-tipps.de\/de\/musik-irish-folk\/celtic-chakra\/#breadcrumb\"},\"inLanguage\":\"de\",\"potentialAction\":[{\"@type\":\"ReadAction\",\"target\":[\"https:\/\/irland-reise-tipps.de\/de\/musik-irish-folk\/celtic-chakra\/\"]}]},{\"@type\":\"BreadcrumbList\",\"@id\":\"https:\/\/irland-reise-tipps.de\/de\/musik-irish-folk\/celtic-chakra\/#breadcrumb\",\"itemListElement\":[{\"@type\":\"ListItem\",\"position\":1,\"name\":\"Home\",\"item\":\"https:\/\/irland-reise-tipps.de\/de\/\"},{\"@type\":\"ListItem\",\"position\":2,\"name\":\"Musik\",\"item\":\"https:\/\/irland-reise-tipps.de\/de\/musik-irish-folk\/\"},{\"@type\":\"ListItem\",\"position\":3,\"name\":\"Celtic Chakra\"}]},{\"@type\":\"WebSite\",\"@id\":\"https:\/\/irland-reise-tipps.de\/de\/#website\",\"url\":\"https:\/\/irland-reise-tipps.de\/de\/\",\"name\":\"Irland Reise Tipps\",\"description\":\"Gemeinsam die gr\u00fcne Insel entdecken\",\"potentialAction\":[{\"@type\":\"SearchAction\",\"target\":{\"@type\":\"EntryPoint\",\"urlTemplate\":\"https:\/\/irland-reise-tipps.de\/de\/?s={search_term_string}\"},\"query-input\":\"required name=search_term_string\"}],\"inLanguage\":\"de\"}]}<\/script>\n<!-- \/ Yoast SEO plugin. -->","yoast_head_json":{"title":"Musik Irish Folk - Celtic Chakra - Irland Reise Tipps","description":"Ihr Repertoire ist eine Mischung alter und neuer traditioneller Musik aus verschiedenen keltischen Regionen, das durch Eigenkompositionen bereichert wird.","robots":{"index":"index","follow":"follow","max-snippet":"max-snippet:-1","max-image-preview":"max-image-preview:large","max-video-preview":"max-video-preview:-1"},"canonical":"https:\/\/irland-reise-tipps.de\/de\/musik-irish-folk\/celtic-chakra\/","og_locale":"de_DE","og_type":"article","og_title":"Musik Irish Folk - Celtic Chakra - Irland Reise Tipps","og_description":"Ihr Repertoire ist eine Mischung alter und neuer traditioneller Musik aus verschiedenen keltischen Regionen, das durch Eigenkompositionen bereichert wird.","og_url":"https:\/\/irland-reise-tipps.de\/de\/musik-irish-folk\/celtic-chakra\/","og_site_name":"Irland Reise Tipps","article_modified_time":"2013-04-12T05:31:42+00:00","og_image":[{"width":184,"height":150,"url":"https:\/\/irland-reise-tipps.de\/de\/wp-content\/uploads\/2013\/04\/cover-1024x1024-e1366026004884.jpg","type":"image\/jpeg"}],"twitter_misc":{"Gesch\u00e4tzte Lesezeit":"1\u00a0Minute"},"schema":{"@context":"https:\/\/schema.org","@graph":[{"@type":"WebPage","@id":"https:\/\/irland-reise-tipps.de\/de\/musik-irish-folk\/celtic-chakra\/","url":"https:\/\/irland-reise-tipps.de\/de\/musik-irish-folk\/celtic-chakra\/","name":"Musik Irish Folk - Celtic Chakra - Irland Reise Tipps","isPartOf":{"@id":"https:\/\/irland-reise-tipps.de\/de\/#website"},"datePublished":"2013-03-13T12:12:57+00:00","dateModified":"2013-04-12T05:31:42+00:00","description":"Ihr Repertoire ist eine Mischung alter und neuer traditioneller Musik aus verschiedenen keltischen Regionen, das durch Eigenkompositionen bereichert wird.","breadcrumb":{"@id":"https:\/\/irland-reise-tipps.de\/de\/musik-irish-folk\/celtic-chakra\/#breadcrumb"},"inLanguage":"de","potentialAction":[{"@type":"ReadAction","target":["https:\/\/irland-reise-tipps.de\/de\/musik-irish-folk\/celtic-chakra\/"]}]},{"@type":"BreadcrumbList","@id":"https:\/\/irland-reise-tipps.de\/de\/musik-irish-folk\/celtic-chakra\/#breadcrumb","itemListElement":[{"@type":"ListItem","position":1,"name":"Home","item":"https:\/\/irland-reise-tipps.de\/de\/"},{"@type":"ListItem","position":2,"name":"Musik","item":"https:\/\/irland-reise-tipps.de\/de\/musik-irish-folk\/"},{"@type":"ListItem","position":3,"name":"Celtic Chakra"}]},{"@type":"WebSite","@id":"https:\/\/irland-reise-tipps.de\/de\/#website","url":"https:\/\/irland-reise-tipps.de\/de\/","name":"Irland Reise Tipps","description":"Gemeinsam die gr\u00fcne Insel entdecken","potentialAction":[{"@type":"SearchAction","target":{"@type":"EntryPoint","urlTemplate":"https:\/\/irland-reise-tipps.de\/de\/?s={search_term_string}"},"query-input":"required name=search_term_string"}],"inLanguage":"de"}]}},"_links":{"self":[{"href":"https:\/\/irland-reise-tipps.de\/de\/wp-json\/wp\/v2\/pages\/1704","targetHints":{"allow":["GET"]}}],"collection":[{"href":"https:\/\/irland-reise-tipps.de\/de\/wp-json\/wp\/v2\/pages"}],"about":[{"href":"https:\/\/irland-reise-tipps.de\/de\/wp-json\/wp\/v2\/types\/page"}],"author":[{"embeddable":true,"href":"https:\/\/irland-reise-tipps.de\/de\/wp-json\/wp\/v2\/users\/6"}],"replies":[{"embeddable":true,"href":"https:\/\/irland-reise-tipps.de\/de\/wp-json\/wp\/v2\/comments?post=1704"}],"version-history":[{"count":11,"href":"https:\/\/irland-reise-tipps.de\/de\/wp-json\/wp\/v2\/pages\/1704\/revisions"}],"predecessor-version":[{"id":1707,"href":"https:\/\/irland-reise-tipps.de\/de\/wp-json\/wp\/v2\/pages\/1704\/revisions\/1707"}],"up":[{"embeddable":true,"href":"https:\/\/irland-reise-tipps.de\/de\/wp-json\/wp\/v2\/pages\/456"}],"wp:featuredmedia":[{"embeddable":true,"href":"https:\/\/irland-reise-tipps.de\/de\/wp-json\/wp\/v2\/media\/2359"}],"wp:attachment":[{"href":"https:\/\/irland-reise-tipps.de\/de\/wp-json\/wp\/v2\/media?parent=1704"}],"curies":[{"name":"wp","href":"https:\/\/api.w.org\/{rel}","templated":true}]}}