{"id":1694,"date":"2013-03-13T11:51:05","date_gmt":"2013-03-13T10:51:05","guid":{"rendered":"http:\/\/irland-reise-tipps.de\/de\/?page_id=1694"},"modified":"2013-04-15T13:14:32","modified_gmt":"2013-04-15T11:14:32","slug":"flead","status":"publish","type":"page","link":"https:\/\/irland-reise-tipps.de\/de\/musik-irish-folk\/flead\/","title":{"rendered":"Fleadh"},"content":{"rendered":"<p style=\"text-align: center;\"><a href=\"http:\/\/irland-reise-tipps.de\/de\/wp-content\/uploads\/2013\/03\/Band-Fleadh.jpg\"><img loading=\"lazy\" decoding=\"async\" class=\"alignnone size-medium wp-image-2419\" alt=\"Band-Fleadh\" src=\"http:\/\/irland-reise-tipps.de\/de\/wp-content\/uploads\/2013\/03\/Band-Fleadh-300x199.jpg\" width=\"300\" height=\"199\" srcset=\"https:\/\/irland-reise-tipps.de\/de\/wp-content\/uploads\/2013\/03\/Band-Fleadh-300x199.jpg 300w, https:\/\/irland-reise-tipps.de\/de\/wp-content\/uploads\/2013\/03\/Band-Fleadh-250x166.jpg 250w, https:\/\/irland-reise-tipps.de\/de\/wp-content\/uploads\/2013\/03\/Band-Fleadh.jpg 600w\" sizes=\"auto, (max-width: 300px) 100vw, 300px\" \/><\/a><\/p>\n<p>Fleadh (gesprochen &#8222;Flaa&#8220;, das irisch-g\u00e4lische Wort f\u00fcr &#8222;Fest&#8220; oder &#8222;Festival&#8220;) besteht in seiner derzeitigen Besetzung seit Ende 2007.<\/p>\n<p>Die Urspr\u00fcnge der Band reichen zur\u00fcck ins Jahr 1999. Gr\u00fcndungsmitglieder aus dieser Zeit sind Uilleann Piper Frank Weber und Gitarrist Tommy Gorny.<\/p>\n<h4><\/h4>\n<p>Frank Weber (Uilleann Pipes, Whistles und Bodhr\u00e1n), Marcus Eichenlaub (Irish Fiddle) und Frank D\u00fcrschner (Banjo, Mandoline, Background Gesang) sind erfahrene Sessionmusiker und erlernten Ihr Handwerk in der Galwayer Session-Szene. Seit vielen Jahren pflegen sie einen regen Austausch mit Musikern aus County Galway.<\/p>\n<h4><\/h4>\n<p>Der irische Singer\/Songwriter Saoirse Mh\u00f3r (gesprochen: &#8222;Siersche Mor&#8220;) ist nun schon seit fast zwei Jahrzehnten in Deutschland als Stra\u00dfenmusiker unterwegs und seit Ende 2007 bei Fleadh.<\/p>\n<h4><\/h4>\n<p>Tommy sorgt f\u00fcr den treibenden Herzschlag in der Musik von Fleadh, mit detailreichen Arrangements und pulsierenden Rhythmen in unseren Jigs, Reels und Liedern. Tommy sammelte Erfahrung in verschiedenen Rockbands und Projekten und spielt derzeit noch in der &#8222;Krautrock&#8220;-Band &#8222;Space Debris&#8220;.<\/p>\n<h4><\/h4>\n<p>Als Irish Folk Band wollen wir nicht den Pfad verlassen f\u00fcr popul\u00e4re Mittelalter- oder Neo-Folk-Punk-Musik. Fleadh m\u00f6chte ehrlichen Irish Folk spielen, durchaus mit neuen Ideen und Anleihen bei verschiedenen Stilen und Rhythmen, aber immer mit Respekt und in den Grenzen des traditional Irish Folk.<\/p>\n<h4><\/h4>\n<p>Buchen Sie Fleadh f\u00fcr Ihr Festival, Konzert oder Kulturevent und holen Sie sich Ihr St\u00fcck Irland.<\/p>\n<p><a href=\"http:\/\/www.fleadh.de\/index_de.html\" target=\"_blank\" rel=\"nofollow\">Zur Homepage \u203a<\/a><\/p>\n<h4><span style=\"color: #008000;\"><br \/>\nKeine  Veranstaltungen gelistet.N\u00e4chste Konzerte dieser Band<\/span><\/h4>\n","protected":false},"excerpt":{"rendered":"<p>Fleadh (gesprochen &#8222;Flaa&#8220;, das irisch-g\u00e4lische Wort f\u00fcr &#8222;Fest&#8220; oder &#8222;Festival&#8220;) besteht in seiner derzeitigen Besetzung seit Ende 2007. Die Urspr\u00fcnge der Band reichen zur\u00fcck ins Jahr 1999. Gr\u00fcndungsmitglieder aus dieser Zeit sind Uilleann Piper Frank Weber und Gitarrist Tommy Gorny.<span class=\"ellipsis\">&hellip;<\/span><\/p>\n<div class=\"read-more\"><a href=\"https:\/\/irland-reise-tipps.de\/de\/musik-irish-folk\/flead\/\">Weiterlesen &#8250;<\/a><\/div>\n<p><!-- end of .read-more --><\/p>\n","protected":false},"author":6,"featured_media":1695,"parent":456,"menu_order":0,"comment_status":"closed","ping_status":"closed","template":"","meta":{"footnotes":""},"class_list":["post-1694","page","type-page","status-publish","has-post-thumbnail","hentry"],"yoast_head":"<!-- This site is optimized with the Yoast SEO plugin v21.2 - https:\/\/yoast.com\/wordpress\/plugins\/seo\/ -->\n<title>Musik Irish Folk - Fleadh - Irland Reise Tipps<\/title>\n<meta name=\"description\" content=\"Fleadh (gesprochen &quot;Flaa&quot;, das irisch-g\u00e4lische Wort f\u00fcr &quot;Fest&quot; oder &quot;Festival&quot;) besteht in seiner derzeitigen Besetzung seit Ende 2007.\" \/>\n<meta name=\"robots\" content=\"index, follow, max-snippet:-1, max-image-preview:large, max-video-preview:-1\" \/>\n<link rel=\"canonical\" href=\"https:\/\/irland-reise-tipps.de\/de\/musik-irish-folk\/flead\/\" \/>\n<meta property=\"og:locale\" content=\"de_DE\" \/>\n<meta property=\"og:type\" content=\"article\" \/>\n<meta property=\"og:title\" content=\"Musik Irish Folk - Fleadh - Irland Reise Tipps\" \/>\n<meta property=\"og:description\" content=\"Fleadh (gesprochen &quot;Flaa&quot;, das irisch-g\u00e4lische Wort f\u00fcr &quot;Fest&quot; oder &quot;Festival&quot;) besteht in seiner derzeitigen Besetzung seit Ende 2007.\" \/>\n<meta property=\"og:url\" content=\"https:\/\/irland-reise-tipps.de\/de\/musik-irish-folk\/flead\/\" \/>\n<meta property=\"og:site_name\" content=\"Irland Reise Tipps\" \/>\n<meta property=\"article:modified_time\" content=\"2013-04-15T11:14:32+00:00\" \/>\n<meta property=\"og:image\" content=\"https:\/\/irland-reise-tipps.de\/de\/wp-content\/uploads\/2013\/03\/band-e1366025880799.jpg\" \/>\n\t<meta property=\"og:image:width\" content=\"226\" \/>\n\t<meta property=\"og:image:height\" content=\"150\" \/>\n\t<meta property=\"og:image:type\" content=\"image\/jpeg\" \/>\n<meta name=\"twitter:label1\" content=\"Gesch\u00e4tzte Lesezeit\" \/>\n\t<meta name=\"twitter:data1\" content=\"1\u00a0Minute\" \/>\n<script type=\"application\/ld+json\" class=\"yoast-schema-graph\">{\"@context\":\"https:\/\/schema.org\",\"@graph\":[{\"@type\":\"WebPage\",\"@id\":\"https:\/\/irland-reise-tipps.de\/de\/musik-irish-folk\/flead\/\",\"url\":\"https:\/\/irland-reise-tipps.de\/de\/musik-irish-folk\/flead\/\",\"name\":\"Musik Irish Folk - Fleadh - Irland Reise Tipps\",\"isPartOf\":{\"@id\":\"https:\/\/irland-reise-tipps.de\/de\/#website\"},\"datePublished\":\"2013-03-13T10:51:05+00:00\",\"dateModified\":\"2013-04-15T11:14:32+00:00\",\"description\":\"Fleadh (gesprochen \\\"Flaa\\\", das irisch-g\u00e4lische Wort f\u00fcr \\\"Fest\\\" oder \\\"Festival\\\") besteht in seiner derzeitigen Besetzung seit Ende 2007.\",\"breadcrumb\":{\"@id\":\"https:\/\/irland-reise-tipps.de\/de\/musik-irish-folk\/flead\/#breadcrumb\"},\"inLanguage\":\"de\",\"potentialAction\":[{\"@type\":\"ReadAction\",\"target\":[\"https:\/\/irland-reise-tipps.de\/de\/musik-irish-folk\/flead\/\"]}]},{\"@type\":\"BreadcrumbList\",\"@id\":\"https:\/\/irland-reise-tipps.de\/de\/musik-irish-folk\/flead\/#breadcrumb\",\"itemListElement\":[{\"@type\":\"ListItem\",\"position\":1,\"name\":\"Home\",\"item\":\"https:\/\/irland-reise-tipps.de\/de\/\"},{\"@type\":\"ListItem\",\"position\":2,\"name\":\"Musik\",\"item\":\"https:\/\/irland-reise-tipps.de\/de\/musik-irish-folk\/\"},{\"@type\":\"ListItem\",\"position\":3,\"name\":\"Fleadh\"}]},{\"@type\":\"WebSite\",\"@id\":\"https:\/\/irland-reise-tipps.de\/de\/#website\",\"url\":\"https:\/\/irland-reise-tipps.de\/de\/\",\"name\":\"Irland Reise Tipps\",\"description\":\"Gemeinsam die gr\u00fcne Insel entdecken\",\"potentialAction\":[{\"@type\":\"SearchAction\",\"target\":{\"@type\":\"EntryPoint\",\"urlTemplate\":\"https:\/\/irland-reise-tipps.de\/de\/?s={search_term_string}\"},\"query-input\":\"required name=search_term_string\"}],\"inLanguage\":\"de\"}]}<\/script>\n<!-- \/ Yoast SEO plugin. -->","yoast_head_json":{"title":"Musik Irish Folk - Fleadh - Irland Reise Tipps","description":"Fleadh (gesprochen \"Flaa\", das irisch-g\u00e4lische Wort f\u00fcr \"Fest\" oder \"Festival\") besteht in seiner derzeitigen Besetzung seit Ende 2007.","robots":{"index":"index","follow":"follow","max-snippet":"max-snippet:-1","max-image-preview":"max-image-preview:large","max-video-preview":"max-video-preview:-1"},"canonical":"https:\/\/irland-reise-tipps.de\/de\/musik-irish-folk\/flead\/","og_locale":"de_DE","og_type":"article","og_title":"Musik Irish Folk - Fleadh - Irland Reise Tipps","og_description":"Fleadh (gesprochen \"Flaa\", das irisch-g\u00e4lische Wort f\u00fcr \"Fest\" oder \"Festival\") besteht in seiner derzeitigen Besetzung seit Ende 2007.","og_url":"https:\/\/irland-reise-tipps.de\/de\/musik-irish-folk\/flead\/","og_site_name":"Irland Reise Tipps","article_modified_time":"2013-04-15T11:14:32+00:00","og_image":[{"width":226,"height":150,"url":"https:\/\/irland-reise-tipps.de\/de\/wp-content\/uploads\/2013\/03\/band-e1366025880799.jpg","type":"image\/jpeg"}],"twitter_misc":{"Gesch\u00e4tzte Lesezeit":"1\u00a0Minute"},"schema":{"@context":"https:\/\/schema.org","@graph":[{"@type":"WebPage","@id":"https:\/\/irland-reise-tipps.de\/de\/musik-irish-folk\/flead\/","url":"https:\/\/irland-reise-tipps.de\/de\/musik-irish-folk\/flead\/","name":"Musik Irish Folk - Fleadh - Irland Reise Tipps","isPartOf":{"@id":"https:\/\/irland-reise-tipps.de\/de\/#website"},"datePublished":"2013-03-13T10:51:05+00:00","dateModified":"2013-04-15T11:14:32+00:00","description":"Fleadh (gesprochen \"Flaa\", das irisch-g\u00e4lische Wort f\u00fcr \"Fest\" oder \"Festival\") besteht in seiner derzeitigen Besetzung seit Ende 2007.","breadcrumb":{"@id":"https:\/\/irland-reise-tipps.de\/de\/musik-irish-folk\/flead\/#breadcrumb"},"inLanguage":"de","potentialAction":[{"@type":"ReadAction","target":["https:\/\/irland-reise-tipps.de\/de\/musik-irish-folk\/flead\/"]}]},{"@type":"BreadcrumbList","@id":"https:\/\/irland-reise-tipps.de\/de\/musik-irish-folk\/flead\/#breadcrumb","itemListElement":[{"@type":"ListItem","position":1,"name":"Home","item":"https:\/\/irland-reise-tipps.de\/de\/"},{"@type":"ListItem","position":2,"name":"Musik","item":"https:\/\/irland-reise-tipps.de\/de\/musik-irish-folk\/"},{"@type":"ListItem","position":3,"name":"Fleadh"}]},{"@type":"WebSite","@id":"https:\/\/irland-reise-tipps.de\/de\/#website","url":"https:\/\/irland-reise-tipps.de\/de\/","name":"Irland Reise Tipps","description":"Gemeinsam die gr\u00fcne Insel entdecken","potentialAction":[{"@type":"SearchAction","target":{"@type":"EntryPoint","urlTemplate":"https:\/\/irland-reise-tipps.de\/de\/?s={search_term_string}"},"query-input":"required name=search_term_string"}],"inLanguage":"de"}]}},"_links":{"self":[{"href":"https:\/\/irland-reise-tipps.de\/de\/wp-json\/wp\/v2\/pages\/1694","targetHints":{"allow":["GET"]}}],"collection":[{"href":"https:\/\/irland-reise-tipps.de\/de\/wp-json\/wp\/v2\/pages"}],"about":[{"href":"https:\/\/irland-reise-tipps.de\/de\/wp-json\/wp\/v2\/types\/page"}],"author":[{"embeddable":true,"href":"https:\/\/irland-reise-tipps.de\/de\/wp-json\/wp\/v2\/users\/6"}],"replies":[{"embeddable":true,"href":"https:\/\/irland-reise-tipps.de\/de\/wp-json\/wp\/v2\/comments?post=1694"}],"version-history":[{"count":6,"href":"https:\/\/irland-reise-tipps.de\/de\/wp-json\/wp\/v2\/pages\/1694\/revisions"}],"predecessor-version":[{"id":2421,"href":"https:\/\/irland-reise-tipps.de\/de\/wp-json\/wp\/v2\/pages\/1694\/revisions\/2421"}],"up":[{"embeddable":true,"href":"https:\/\/irland-reise-tipps.de\/de\/wp-json\/wp\/v2\/pages\/456"}],"wp:featuredmedia":[{"embeddable":true,"href":"https:\/\/irland-reise-tipps.de\/de\/wp-json\/wp\/v2\/media\/1695"}],"wp:attachment":[{"href":"https:\/\/irland-reise-tipps.de\/de\/wp-json\/wp\/v2\/media?parent=1694"}],"curies":[{"name":"wp","href":"https:\/\/api.w.org\/{rel}","templated":true}]}}