{"id":1675,"date":"2013-03-12T15:21:09","date_gmt":"2013-03-12T14:21:09","guid":{"rendered":"http:\/\/irland-reise-tipps.de\/de\/?page_id=1675"},"modified":"2013-04-12T07:26:01","modified_gmt":"2013-04-12T05:26:01","slug":"celtic-tradition","status":"publish","type":"page","link":"https:\/\/irland-reise-tipps.de\/de\/musik-irish-folk\/celtic-tradition\/","title":{"rendered":"Celtic Tradition"},"content":{"rendered":"<p><img loading=\"lazy\" decoding=\"async\" class=\"aligncenter size-full wp-image-1676\" alt=\"Johannes Single\" src=\"http:\/\/irland-reise-tipps.de\/de\/wp-content\/uploads\/2013\/03\/K1024_3.jpg\" width=\"1024\" height=\"768\" srcset=\"https:\/\/irland-reise-tipps.de\/de\/wp-content\/uploads\/2013\/03\/K1024_3.jpg 1024w, https:\/\/irland-reise-tipps.de\/de\/wp-content\/uploads\/2013\/03\/K1024_3-300x225.jpg 300w, https:\/\/irland-reise-tipps.de\/de\/wp-content\/uploads\/2013\/03\/K1024_3-400x300.jpg 400w, https:\/\/irland-reise-tipps.de\/de\/wp-content\/uploads\/2013\/03\/K1024_3-250x187.jpg 250w\" sizes=\"auto, (max-width: 1024px) 100vw, 1024px\" \/><\/p>\n<h4 style=\"text-align: center;\">Johannes Single<\/h4>\n<p>Mit seinem Solo-Programm \u2018Celtic Tradition\u2019 erf\u00fcllt sich S\u00e4nger und Gitarrist Johannes Single, Mitbegr\u00fcnder der Gruppe McMontos, einen kleinen Traum. Fernab von Pub-Klischee und Mainstream sind seine Lieder eine eher ruhige und melancholische Hommage an die gr\u00fcnen H\u00fcgel Irlands und das raue Klima Schottlands, welche mit viel Spielfreude, Wortwitz und der ein oder anderen \u201ewahren\u201c Geschichte vorgetragen wird. Dies spartanisch gepaart mit akustischer Gitarre und rauer Stimme verspricht einen unterhaltsamen Abend der etwas anderen Sorte, bei welchem der Zuh\u00f6rer tief in die keltische Geschichte eintauchen kann.<\/p>\n<p><a title=\"Johannes Single\" href=\"http:\/\/www.johannes-single.de\/index.html\" target=\"_blank\" rel=\"nofollow\">Zur Homepage \u203a<\/a><\/p>\n<p>&nbsp;<\/p>\n<p>&nbsp;<\/p>\n<h4><span style=\"color: #008000;\">N\u00e4chste Konzerte dieses Musikers<br \/>\n<\/span><\/h4>\n<h4><\/h4>\nKeine  Veranstaltungen gelistet.\n","protected":false},"excerpt":{"rendered":"<p>Johannes Single Mit seinem Solo-Programm \u2018Celtic Tradition\u2019 erf\u00fcllt sich S\u00e4nger und Gitarrist Johannes Single, Mitbegr\u00fcnder der Gruppe McMontos, einen kleinen Traum. Fernab von Pub-Klischee und Mainstream sind seine Lieder eine eher ruhige und melancholische Hommage an die gr\u00fcnen H\u00fcgel Irlands<span class=\"ellipsis\">&hellip;<\/span><\/p>\n<div class=\"read-more\"><a href=\"https:\/\/irland-reise-tipps.de\/de\/musik-irish-folk\/celtic-tradition\/\">Weiterlesen &#8250;<\/a><\/div>\n<p><!-- end of .read-more --><\/p>\n","protected":false},"author":6,"featured_media":2357,"parent":456,"menu_order":0,"comment_status":"closed","ping_status":"closed","template":"","meta":{"footnotes":""},"class_list":["post-1675","page","type-page","status-publish","has-post-thumbnail","hentry"],"yoast_head":"<!-- This site is optimized with the Yoast SEO plugin v21.2 - https:\/\/yoast.com\/wordpress\/plugins\/seo\/ -->\n<title>Musik Irish Folk - Celtic Tradition - Irland Reise Tipps<\/title>\n<meta name=\"description\" content=\"Mit seinem Solo-Programm \u2018Celtic Tradition\u2019 erf\u00fcllt sich S\u00e4nger und Gitarrist Johannes Single, Mitbegr\u00fcnder der Gruppe McMontos, einen kleinen Traum.\" \/>\n<meta name=\"robots\" content=\"index, follow, max-snippet:-1, max-image-preview:large, max-video-preview:-1\" \/>\n<link rel=\"canonical\" href=\"https:\/\/irland-reise-tipps.de\/de\/musik-irish-folk\/celtic-tradition\/\" \/>\n<meta property=\"og:locale\" content=\"de_DE\" \/>\n<meta property=\"og:type\" content=\"article\" \/>\n<meta property=\"og:title\" content=\"Musik Irish Folk - Celtic Tradition - Irland Reise Tipps\" \/>\n<meta property=\"og:description\" content=\"Mit seinem Solo-Programm \u2018Celtic Tradition\u2019 erf\u00fcllt sich S\u00e4nger und Gitarrist Johannes Single, Mitbegr\u00fcnder der Gruppe McMontos, einen kleinen Traum.\" \/>\n<meta property=\"og:url\" content=\"https:\/\/irland-reise-tipps.de\/de\/musik-irish-folk\/celtic-tradition\/\" \/>\n<meta property=\"og:site_name\" content=\"Irland Reise Tipps\" \/>\n<meta property=\"article:modified_time\" content=\"2013-04-12T05:26:01+00:00\" \/>\n<meta property=\"og:image\" content=\"https:\/\/irland-reise-tipps.de\/de\/wp-content\/uploads\/2013\/04\/K1024_3-e1365744304261.jpg\" \/>\n\t<meta property=\"og:image:width\" content=\"100\" \/>\n\t<meta property=\"og:image:height\" content=\"75\" \/>\n\t<meta property=\"og:image:type\" content=\"image\/jpeg\" \/>\n<meta name=\"twitter:label1\" content=\"Gesch\u00e4tzte Lesezeit\" \/>\n\t<meta name=\"twitter:data1\" content=\"1\u00a0Minute\" \/>\n<script type=\"application\/ld+json\" class=\"yoast-schema-graph\">{\"@context\":\"https:\/\/schema.org\",\"@graph\":[{\"@type\":\"WebPage\",\"@id\":\"https:\/\/irland-reise-tipps.de\/de\/musik-irish-folk\/celtic-tradition\/\",\"url\":\"https:\/\/irland-reise-tipps.de\/de\/musik-irish-folk\/celtic-tradition\/\",\"name\":\"Musik Irish Folk - Celtic Tradition - Irland Reise Tipps\",\"isPartOf\":{\"@id\":\"https:\/\/irland-reise-tipps.de\/de\/#website\"},\"datePublished\":\"2013-03-12T14:21:09+00:00\",\"dateModified\":\"2013-04-12T05:26:01+00:00\",\"description\":\"Mit seinem Solo-Programm \u2018Celtic Tradition\u2019 erf\u00fcllt sich S\u00e4nger und Gitarrist Johannes Single, Mitbegr\u00fcnder der Gruppe McMontos, einen kleinen Traum.\",\"breadcrumb\":{\"@id\":\"https:\/\/irland-reise-tipps.de\/de\/musik-irish-folk\/celtic-tradition\/#breadcrumb\"},\"inLanguage\":\"de\",\"potentialAction\":[{\"@type\":\"ReadAction\",\"target\":[\"https:\/\/irland-reise-tipps.de\/de\/musik-irish-folk\/celtic-tradition\/\"]}]},{\"@type\":\"BreadcrumbList\",\"@id\":\"https:\/\/irland-reise-tipps.de\/de\/musik-irish-folk\/celtic-tradition\/#breadcrumb\",\"itemListElement\":[{\"@type\":\"ListItem\",\"position\":1,\"name\":\"Home\",\"item\":\"https:\/\/irland-reise-tipps.de\/de\/\"},{\"@type\":\"ListItem\",\"position\":2,\"name\":\"Musik\",\"item\":\"https:\/\/irland-reise-tipps.de\/de\/musik-irish-folk\/\"},{\"@type\":\"ListItem\",\"position\":3,\"name\":\"Celtic Tradition\"}]},{\"@type\":\"WebSite\",\"@id\":\"https:\/\/irland-reise-tipps.de\/de\/#website\",\"url\":\"https:\/\/irland-reise-tipps.de\/de\/\",\"name\":\"Irland Reise Tipps\",\"description\":\"Gemeinsam die gr\u00fcne Insel entdecken\",\"potentialAction\":[{\"@type\":\"SearchAction\",\"target\":{\"@type\":\"EntryPoint\",\"urlTemplate\":\"https:\/\/irland-reise-tipps.de\/de\/?s={search_term_string}\"},\"query-input\":\"required name=search_term_string\"}],\"inLanguage\":\"de\"}]}<\/script>\n<!-- \/ Yoast SEO plugin. -->","yoast_head_json":{"title":"Musik Irish Folk - Celtic Tradition - Irland Reise Tipps","description":"Mit seinem Solo-Programm \u2018Celtic Tradition\u2019 erf\u00fcllt sich S\u00e4nger und Gitarrist Johannes Single, Mitbegr\u00fcnder der Gruppe McMontos, einen kleinen Traum.","robots":{"index":"index","follow":"follow","max-snippet":"max-snippet:-1","max-image-preview":"max-image-preview:large","max-video-preview":"max-video-preview:-1"},"canonical":"https:\/\/irland-reise-tipps.de\/de\/musik-irish-folk\/celtic-tradition\/","og_locale":"de_DE","og_type":"article","og_title":"Musik Irish Folk - Celtic Tradition - Irland Reise Tipps","og_description":"Mit seinem Solo-Programm \u2018Celtic Tradition\u2019 erf\u00fcllt sich S\u00e4nger und Gitarrist Johannes Single, Mitbegr\u00fcnder der Gruppe McMontos, einen kleinen Traum.","og_url":"https:\/\/irland-reise-tipps.de\/de\/musik-irish-folk\/celtic-tradition\/","og_site_name":"Irland Reise Tipps","article_modified_time":"2013-04-12T05:26:01+00:00","og_image":[{"width":100,"height":75,"url":"https:\/\/irland-reise-tipps.de\/de\/wp-content\/uploads\/2013\/04\/K1024_3-e1365744304261.jpg","type":"image\/jpeg"}],"twitter_misc":{"Gesch\u00e4tzte Lesezeit":"1\u00a0Minute"},"schema":{"@context":"https:\/\/schema.org","@graph":[{"@type":"WebPage","@id":"https:\/\/irland-reise-tipps.de\/de\/musik-irish-folk\/celtic-tradition\/","url":"https:\/\/irland-reise-tipps.de\/de\/musik-irish-folk\/celtic-tradition\/","name":"Musik Irish Folk - Celtic Tradition - Irland Reise Tipps","isPartOf":{"@id":"https:\/\/irland-reise-tipps.de\/de\/#website"},"datePublished":"2013-03-12T14:21:09+00:00","dateModified":"2013-04-12T05:26:01+00:00","description":"Mit seinem Solo-Programm \u2018Celtic Tradition\u2019 erf\u00fcllt sich S\u00e4nger und Gitarrist Johannes Single, Mitbegr\u00fcnder der Gruppe McMontos, einen kleinen Traum.","breadcrumb":{"@id":"https:\/\/irland-reise-tipps.de\/de\/musik-irish-folk\/celtic-tradition\/#breadcrumb"},"inLanguage":"de","potentialAction":[{"@type":"ReadAction","target":["https:\/\/irland-reise-tipps.de\/de\/musik-irish-folk\/celtic-tradition\/"]}]},{"@type":"BreadcrumbList","@id":"https:\/\/irland-reise-tipps.de\/de\/musik-irish-folk\/celtic-tradition\/#breadcrumb","itemListElement":[{"@type":"ListItem","position":1,"name":"Home","item":"https:\/\/irland-reise-tipps.de\/de\/"},{"@type":"ListItem","position":2,"name":"Musik","item":"https:\/\/irland-reise-tipps.de\/de\/musik-irish-folk\/"},{"@type":"ListItem","position":3,"name":"Celtic Tradition"}]},{"@type":"WebSite","@id":"https:\/\/irland-reise-tipps.de\/de\/#website","url":"https:\/\/irland-reise-tipps.de\/de\/","name":"Irland Reise Tipps","description":"Gemeinsam die gr\u00fcne Insel entdecken","potentialAction":[{"@type":"SearchAction","target":{"@type":"EntryPoint","urlTemplate":"https:\/\/irland-reise-tipps.de\/de\/?s={search_term_string}"},"query-input":"required name=search_term_string"}],"inLanguage":"de"}]}},"_links":{"self":[{"href":"https:\/\/irland-reise-tipps.de\/de\/wp-json\/wp\/v2\/pages\/1675","targetHints":{"allow":["GET"]}}],"collection":[{"href":"https:\/\/irland-reise-tipps.de\/de\/wp-json\/wp\/v2\/pages"}],"about":[{"href":"https:\/\/irland-reise-tipps.de\/de\/wp-json\/wp\/v2\/types\/page"}],"author":[{"embeddable":true,"href":"https:\/\/irland-reise-tipps.de\/de\/wp-json\/wp\/v2\/users\/6"}],"replies":[{"embeddable":true,"href":"https:\/\/irland-reise-tipps.de\/de\/wp-json\/wp\/v2\/comments?post=1675"}],"version-history":[{"count":9,"href":"https:\/\/irland-reise-tipps.de\/de\/wp-json\/wp\/v2\/pages\/1675\/revisions"}],"predecessor-version":[{"id":1682,"href":"https:\/\/irland-reise-tipps.de\/de\/wp-json\/wp\/v2\/pages\/1675\/revisions\/1682"}],"up":[{"embeddable":true,"href":"https:\/\/irland-reise-tipps.de\/de\/wp-json\/wp\/v2\/pages\/456"}],"wp:featuredmedia":[{"embeddable":true,"href":"https:\/\/irland-reise-tipps.de\/de\/wp-json\/wp\/v2\/media\/2357"}],"wp:attachment":[{"href":"https:\/\/irland-reise-tipps.de\/de\/wp-json\/wp\/v2\/media?parent=1675"}],"curies":[{"name":"wp","href":"https:\/\/api.w.org\/{rel}","templated":true}]}}