{"id":1663,"date":"2013-03-12T14:10:28","date_gmt":"2013-03-12T13:10:28","guid":{"rendered":"http:\/\/irland-reise-tipps.de\/de\/?page_id=1663"},"modified":"2013-03-18T16:50:31","modified_gmt":"2013-03-18T15:50:31","slug":"the-mcmontos","status":"publish","type":"page","link":"https:\/\/irland-reise-tipps.de\/de\/musik-irish-folk\/the-mcmontos\/","title":{"rendered":"The McMontos"},"content":{"rendered":"<p style=\"text-align: center;\"><a href=\"http:\/\/irland-reise-tipps.de\/de\/wp-content\/uploads\/2013\/03\/1.jpg\"><img loading=\"lazy\" decoding=\"async\" class=\"aligncenter size-full wp-image-1664\" alt=\"The McMontos\" src=\"http:\/\/irland-reise-tipps.de\/de\/wp-content\/uploads\/2013\/03\/1.jpg\" width=\"710\" height=\"533\" srcset=\"https:\/\/irland-reise-tipps.de\/de\/wp-content\/uploads\/2013\/03\/1.jpg 710w, https:\/\/irland-reise-tipps.de\/de\/wp-content\/uploads\/2013\/03\/1-300x225.jpg 300w, https:\/\/irland-reise-tipps.de\/de\/wp-content\/uploads\/2013\/03\/1-400x300.jpg 400w, https:\/\/irland-reise-tipps.de\/de\/wp-content\/uploads\/2013\/03\/1-250x187.jpg 250w\" sizes=\"auto, (max-width: 710px) 100vw, 710px\" \/><\/a>the mcmontos im August 2007 : Joe, Gert, Georg, Chris<\/p>\n<p style=\"text-align: left;\">Guter Irish &amp; Scottish Folk muss nicht immer direkt von den Inseln im Norden Europas kommen. Auch in Deutschland gibt es viele Gruppen, die den dortigen Musikern durchaus das Wasser reichen k\u00f6nnen. So haben sich &#8218;the mcmontos&#8216; aus dem schw\u00e4bischen N\u00fcrtingen in den letzten Jahren mit Ihrer charmanten und rauen Art best\u00e4ndig in die Herzen des Publikums gespielt. Viele Geschichten haben sie zu erz\u00e4hlen, von traurigen und dramatischen Liebeleien, schwerer Arbeit auf See, der oft blutigen Vergangenheit Irlands und Schottlands. Gepaart mit Spielfreude, schnellen Jigs und Reels und gelegentlichen, thematischen Ausfl\u00fcgen nach Kanada und die Bretagne entsteht so eine Mischung, die das amerikanische Celtic Music Magagin dazu veranlasste, das schw\u00e4bische Quartett f\u00fcr seine Dynamik und Energie auszuzeichnen, was &#8218;the mcmontos&#8216; schon bei knapp 200 Auftritten im In- und Ausland bewiesen haben.<\/p>\n<p style=\"text-align: left;\">\n<div class=\"ngg-galleryoverview\" id=\"ngg-gallery-48-1663\">\n\n\n\t\n\t<!-- Thumbnails -->\n\t\t\n\t<div id=\"ngg-image-814\" class=\"ngg-gallery-thumbnail-box\"  >\n\t\t<div class=\"ngg-gallery-thumbnail\" >\n\t\t\t<a href=\"https:\/\/irland-reise-tipps.de\/de\/wp-content\/gallery\/mcmontos\/k1024_10.jpg\" title=\" \" rel=\"lightbox[set_48]\" >\n\t\t\t\t\t\t\t\t<img loading=\"lazy\" decoding=\"async\" title=\"k1024_10\" alt=\"k1024_10\" src=\"https:\/\/irland-reise-tipps.de\/de\/wp-content\/gallery\/mcmontos\/thumbs\/thumbs_k1024_10.jpg\" width=\"100\" height=\"75\" \/>\n\t\t\t\t\t\t\t<\/a>\n\t\t<\/div>\n\t<\/div>\n\t\n\t\t\n \t\t\n\t<div id=\"ngg-image-815\" class=\"ngg-gallery-thumbnail-box\"  >\n\t\t<div class=\"ngg-gallery-thumbnail\" >\n\t\t\t<a href=\"https:\/\/irland-reise-tipps.de\/de\/wp-content\/gallery\/mcmontos\/k1024_11.jpg\" title=\" \" rel=\"lightbox[set_48]\" >\n\t\t\t\t\t\t\t\t<img loading=\"lazy\" decoding=\"async\" title=\"k1024_11\" alt=\"k1024_11\" src=\"https:\/\/irland-reise-tipps.de\/de\/wp-content\/gallery\/mcmontos\/thumbs\/thumbs_k1024_11.jpg\" width=\"100\" height=\"75\" \/>\n\t\t\t\t\t\t\t<\/a>\n\t\t<\/div>\n\t<\/div>\n\t\n\t\t\n \t\t\n\t<div id=\"ngg-image-816\" class=\"ngg-gallery-thumbnail-box\"  >\n\t\t<div class=\"ngg-gallery-thumbnail\" >\n\t\t\t<a href=\"https:\/\/irland-reise-tipps.de\/de\/wp-content\/gallery\/mcmontos\/k1024_12.jpg\" title=\" \" rel=\"lightbox[set_48]\" >\n\t\t\t\t\t\t\t\t<img loading=\"lazy\" decoding=\"async\" title=\"k1024_12\" alt=\"k1024_12\" src=\"https:\/\/irland-reise-tipps.de\/de\/wp-content\/gallery\/mcmontos\/thumbs\/thumbs_k1024_12.jpg\" width=\"100\" height=\"75\" \/>\n\t\t\t\t\t\t\t<\/a>\n\t\t<\/div>\n\t<\/div>\n\t\n\t\t\n \t\t\n\t<div id=\"ngg-image-817\" class=\"ngg-gallery-thumbnail-box\"  >\n\t\t<div class=\"ngg-gallery-thumbnail\" >\n\t\t\t<a href=\"https:\/\/irland-reise-tipps.de\/de\/wp-content\/gallery\/mcmontos\/k1024_13.jpg\" title=\" \" rel=\"lightbox[set_48]\" >\n\t\t\t\t\t\t\t\t<img loading=\"lazy\" decoding=\"async\" title=\"k1024_13\" alt=\"k1024_13\" src=\"https:\/\/irland-reise-tipps.de\/de\/wp-content\/gallery\/mcmontos\/thumbs\/thumbs_k1024_13.jpg\" width=\"100\" height=\"75\" \/>\n\t\t\t\t\t\t\t<\/a>\n\t\t<\/div>\n\t<\/div>\n\t\n\t\t\n \t\t\n\t<div id=\"ngg-image-818\" class=\"ngg-gallery-thumbnail-box\"  >\n\t\t<div class=\"ngg-gallery-thumbnail\" >\n\t\t\t<a href=\"https:\/\/irland-reise-tipps.de\/de\/wp-content\/gallery\/mcmontos\/k1024_14.jpg\" title=\" \" rel=\"lightbox[set_48]\" >\n\t\t\t\t\t\t\t\t<img loading=\"lazy\" decoding=\"async\" title=\"k1024_14\" alt=\"k1024_14\" src=\"https:\/\/irland-reise-tipps.de\/de\/wp-content\/gallery\/mcmontos\/thumbs\/thumbs_k1024_14.jpg\" width=\"100\" height=\"75\" \/>\n\t\t\t\t\t\t\t<\/a>\n\t\t<\/div>\n\t<\/div>\n\t\n\t\t\n \t\t\n\t<div id=\"ngg-image-819\" class=\"ngg-gallery-thumbnail-box\"  >\n\t\t<div class=\"ngg-gallery-thumbnail\" >\n\t\t\t<a href=\"https:\/\/irland-reise-tipps.de\/de\/wp-content\/gallery\/mcmontos\/k1024_2.jpg\" title=\" \" rel=\"lightbox[set_48]\" >\n\t\t\t\t\t\t\t\t<img loading=\"lazy\" decoding=\"async\" title=\"k1024_2\" alt=\"k1024_2\" src=\"https:\/\/irland-reise-tipps.de\/de\/wp-content\/gallery\/mcmontos\/thumbs\/thumbs_k1024_2.jpg\" width=\"100\" height=\"75\" \/>\n\t\t\t\t\t\t\t<\/a>\n\t\t<\/div>\n\t<\/div>\n\t\n\t\t\n \t\t\n\t<div id=\"ngg-image-820\" class=\"ngg-gallery-thumbnail-box\"  >\n\t\t<div class=\"ngg-gallery-thumbnail\" >\n\t\t\t<a href=\"https:\/\/irland-reise-tipps.de\/de\/wp-content\/gallery\/mcmontos\/k1024_3.jpg\" title=\" \" rel=\"lightbox[set_48]\" >\n\t\t\t\t\t\t\t\t<img loading=\"lazy\" decoding=\"async\" title=\"k1024_3\" alt=\"k1024_3\" src=\"https:\/\/irland-reise-tipps.de\/de\/wp-content\/gallery\/mcmontos\/thumbs\/thumbs_k1024_3.jpg\" width=\"100\" height=\"75\" \/>\n\t\t\t\t\t\t\t<\/a>\n\t\t<\/div>\n\t<\/div>\n\t\n\t\t\n \t\t\n\t<div id=\"ngg-image-821\" class=\"ngg-gallery-thumbnail-box\"  >\n\t\t<div class=\"ngg-gallery-thumbnail\" >\n\t\t\t<a href=\"https:\/\/irland-reise-tipps.de\/de\/wp-content\/gallery\/mcmontos\/k1024_4.jpg\" title=\" \" rel=\"lightbox[set_48]\" >\n\t\t\t\t\t\t\t\t<img loading=\"lazy\" decoding=\"async\" title=\"k1024_4\" alt=\"k1024_4\" src=\"https:\/\/irland-reise-tipps.de\/de\/wp-content\/gallery\/mcmontos\/thumbs\/thumbs_k1024_4.jpg\" width=\"100\" height=\"75\" \/>\n\t\t\t\t\t\t\t<\/a>\n\t\t<\/div>\n\t<\/div>\n\t\n\t\t\n \t\t\n\t<div id=\"ngg-image-822\" class=\"ngg-gallery-thumbnail-box\"  >\n\t\t<div class=\"ngg-gallery-thumbnail\" >\n\t\t\t<a href=\"https:\/\/irland-reise-tipps.de\/de\/wp-content\/gallery\/mcmontos\/k1024_5.jpg\" title=\" \" rel=\"lightbox[set_48]\" >\n\t\t\t\t\t\t\t\t<img loading=\"lazy\" decoding=\"async\" title=\"k1024_5\" alt=\"k1024_5\" src=\"https:\/\/irland-reise-tipps.de\/de\/wp-content\/gallery\/mcmontos\/thumbs\/thumbs_k1024_5.jpg\" width=\"100\" height=\"75\" \/>\n\t\t\t\t\t\t\t<\/a>\n\t\t<\/div>\n\t<\/div>\n\t\n\t\t\n \t\t\n\t<div id=\"ngg-image-823\" class=\"ngg-gallery-thumbnail-box\"  >\n\t\t<div class=\"ngg-gallery-thumbnail\" >\n\t\t\t<a href=\"https:\/\/irland-reise-tipps.de\/de\/wp-content\/gallery\/mcmontos\/k1024_6.jpg\" title=\" \" rel=\"lightbox[set_48]\" >\n\t\t\t\t\t\t\t\t<img loading=\"lazy\" decoding=\"async\" title=\"k1024_6\" alt=\"k1024_6\" src=\"https:\/\/irland-reise-tipps.de\/de\/wp-content\/gallery\/mcmontos\/thumbs\/thumbs_k1024_6.jpg\" width=\"100\" height=\"75\" \/>\n\t\t\t\t\t\t\t<\/a>\n\t\t<\/div>\n\t<\/div>\n\t\n\t\t\n \t\t\n\t<div id=\"ngg-image-824\" class=\"ngg-gallery-thumbnail-box\"  >\n\t\t<div class=\"ngg-gallery-thumbnail\" >\n\t\t\t<a href=\"https:\/\/irland-reise-tipps.de\/de\/wp-content\/gallery\/mcmontos\/k1024_7.jpg\" title=\" \" rel=\"lightbox[set_48]\" >\n\t\t\t\t\t\t\t\t<img loading=\"lazy\" decoding=\"async\" title=\"k1024_7\" alt=\"k1024_7\" src=\"https:\/\/irland-reise-tipps.de\/de\/wp-content\/gallery\/mcmontos\/thumbs\/thumbs_k1024_7.jpg\" width=\"100\" height=\"75\" \/>\n\t\t\t\t\t\t\t<\/a>\n\t\t<\/div>\n\t<\/div>\n\t\n\t\t\n \t\t\n\t<div id=\"ngg-image-825\" class=\"ngg-gallery-thumbnail-box\"  >\n\t\t<div class=\"ngg-gallery-thumbnail\" >\n\t\t\t<a href=\"https:\/\/irland-reise-tipps.de\/de\/wp-content\/gallery\/mcmontos\/k1024_8.jpg\" title=\" \" rel=\"lightbox[set_48]\" >\n\t\t\t\t\t\t\t\t<img loading=\"lazy\" decoding=\"async\" title=\"k1024_8\" alt=\"k1024_8\" src=\"https:\/\/irland-reise-tipps.de\/de\/wp-content\/gallery\/mcmontos\/thumbs\/thumbs_k1024_8.jpg\" width=\"100\" height=\"75\" \/>\n\t\t\t\t\t\t\t<\/a>\n\t\t<\/div>\n\t<\/div>\n\t\n\t\t\n \t\t\n\t<div id=\"ngg-image-826\" class=\"ngg-gallery-thumbnail-box\"  >\n\t\t<div class=\"ngg-gallery-thumbnail\" >\n\t\t\t<a href=\"https:\/\/irland-reise-tipps.de\/de\/wp-content\/gallery\/mcmontos\/k1024_9.jpg\" title=\" \" rel=\"lightbox[set_48]\" >\n\t\t\t\t\t\t\t\t<img loading=\"lazy\" decoding=\"async\" title=\"k1024_9\" alt=\"k1024_9\" src=\"https:\/\/irland-reise-tipps.de\/de\/wp-content\/gallery\/mcmontos\/thumbs\/thumbs_k1024_9.jpg\" width=\"100\" height=\"75\" \/>\n\t\t\t\t\t\t\t<\/a>\n\t\t<\/div>\n\t<\/div>\n\t\n\t\t\n \t \t\n\t<!-- Pagination -->\n \t<div class=\"ngg-clear\"><\/div> \t\n<\/div>\n\n<\/p>\n<p style=\"text-align: left;\"><a href=\"http:\/\/www.mcmontos.com\/de\/home.html\" target=\"_blank\" rel=\"nofollow\">Zur Homepage \u203a<\/a><\/p>\n<h4><span style=\"color: #008000;\">N\u00e4chste Konzerte dieser Band<\/span><\/h4>\nKeine  Veranstaltungen gelistet.\n","protected":false},"excerpt":{"rendered":"<p>the mcmontos im August 2007 : Joe, Gert, Georg, Chris Guter Irish &amp; Scottish Folk muss nicht immer direkt von den Inseln im Norden Europas kommen. Auch in Deutschland gibt es viele Gruppen, die den dortigen Musikern durchaus das Wasser<span class=\"ellipsis\">&hellip;<\/span><\/p>\n<div class=\"read-more\"><a href=\"https:\/\/irland-reise-tipps.de\/de\/musik-irish-folk\/the-mcmontos\/\">Weiterlesen &#8250;<\/a><\/div>\n<p><!-- end of .read-more --><\/p>\n","protected":false},"author":6,"featured_media":1664,"parent":456,"menu_order":0,"comment_status":"closed","ping_status":"closed","template":"","meta":{"footnotes":""},"class_list":["post-1663","page","type-page","status-publish","has-post-thumbnail","hentry"],"yoast_head":"<!-- This site is optimized with the Yoast SEO plugin v21.2 - https:\/\/yoast.com\/wordpress\/plugins\/seo\/ -->\n<title>Musik Irish Folk - The McMontos - Irland Reise Tipps<\/title>\n<meta name=\"description\" content=\"Guter Irish &amp; Scottish Folk muss nicht immer direkt von den Inseln im Norden Europas kommen.\" \/>\n<meta name=\"robots\" content=\"index, follow, max-snippet:-1, max-image-preview:large, max-video-preview:-1\" \/>\n<link rel=\"canonical\" href=\"https:\/\/irland-reise-tipps.de\/de\/musik-irish-folk\/the-mcmontos\/\" \/>\n<meta property=\"og:locale\" content=\"de_DE\" \/>\n<meta property=\"og:type\" content=\"article\" \/>\n<meta property=\"og:title\" content=\"Musik Irish Folk - The McMontos - Irland Reise Tipps\" \/>\n<meta property=\"og:description\" content=\"Guter Irish &amp; Scottish Folk muss nicht immer direkt von den Inseln im Norden Europas kommen.\" \/>\n<meta property=\"og:url\" content=\"https:\/\/irland-reise-tipps.de\/de\/musik-irish-folk\/the-mcmontos\/\" \/>\n<meta property=\"og:site_name\" content=\"Irland Reise Tipps\" \/>\n<meta property=\"article:modified_time\" content=\"2013-03-18T15:50:31+00:00\" \/>\n<meta property=\"og:image\" content=\"https:\/\/irland-reise-tipps.de\/de\/wp-content\/uploads\/2013\/03\/1.jpg\" \/>\n\t<meta property=\"og:image:width\" content=\"710\" \/>\n\t<meta property=\"og:image:height\" content=\"533\" \/>\n\t<meta property=\"og:image:type\" content=\"image\/jpeg\" \/>\n<meta name=\"twitter:label1\" content=\"Gesch\u00e4tzte Lesezeit\" \/>\n\t<meta name=\"twitter:data1\" content=\"1\u00a0Minute\" \/>\n<script type=\"application\/ld+json\" class=\"yoast-schema-graph\">{\"@context\":\"https:\/\/schema.org\",\"@graph\":[{\"@type\":\"WebPage\",\"@id\":\"https:\/\/irland-reise-tipps.de\/de\/musik-irish-folk\/the-mcmontos\/\",\"url\":\"https:\/\/irland-reise-tipps.de\/de\/musik-irish-folk\/the-mcmontos\/\",\"name\":\"Musik Irish Folk - The McMontos - Irland Reise Tipps\",\"isPartOf\":{\"@id\":\"https:\/\/irland-reise-tipps.de\/de\/#website\"},\"datePublished\":\"2013-03-12T13:10:28+00:00\",\"dateModified\":\"2013-03-18T15:50:31+00:00\",\"description\":\"Guter Irish & Scottish Folk muss nicht immer direkt von den Inseln im Norden Europas kommen.\",\"breadcrumb\":{\"@id\":\"https:\/\/irland-reise-tipps.de\/de\/musik-irish-folk\/the-mcmontos\/#breadcrumb\"},\"inLanguage\":\"de\",\"potentialAction\":[{\"@type\":\"ReadAction\",\"target\":[\"https:\/\/irland-reise-tipps.de\/de\/musik-irish-folk\/the-mcmontos\/\"]}]},{\"@type\":\"BreadcrumbList\",\"@id\":\"https:\/\/irland-reise-tipps.de\/de\/musik-irish-folk\/the-mcmontos\/#breadcrumb\",\"itemListElement\":[{\"@type\":\"ListItem\",\"position\":1,\"name\":\"Home\",\"item\":\"https:\/\/irland-reise-tipps.de\/de\/\"},{\"@type\":\"ListItem\",\"position\":2,\"name\":\"Musik\",\"item\":\"https:\/\/irland-reise-tipps.de\/de\/musik-irish-folk\/\"},{\"@type\":\"ListItem\",\"position\":3,\"name\":\"The McMontos\"}]},{\"@type\":\"WebSite\",\"@id\":\"https:\/\/irland-reise-tipps.de\/de\/#website\",\"url\":\"https:\/\/irland-reise-tipps.de\/de\/\",\"name\":\"Irland Reise Tipps\",\"description\":\"Gemeinsam die gr\u00fcne Insel entdecken\",\"potentialAction\":[{\"@type\":\"SearchAction\",\"target\":{\"@type\":\"EntryPoint\",\"urlTemplate\":\"https:\/\/irland-reise-tipps.de\/de\/?s={search_term_string}\"},\"query-input\":\"required name=search_term_string\"}],\"inLanguage\":\"de\"}]}<\/script>\n<!-- \/ Yoast SEO plugin. -->","yoast_head_json":{"title":"Musik Irish Folk - The McMontos - Irland Reise Tipps","description":"Guter Irish & Scottish Folk muss nicht immer direkt von den Inseln im Norden Europas kommen.","robots":{"index":"index","follow":"follow","max-snippet":"max-snippet:-1","max-image-preview":"max-image-preview:large","max-video-preview":"max-video-preview:-1"},"canonical":"https:\/\/irland-reise-tipps.de\/de\/musik-irish-folk\/the-mcmontos\/","og_locale":"de_DE","og_type":"article","og_title":"Musik Irish Folk - The McMontos - Irland Reise Tipps","og_description":"Guter Irish & Scottish Folk muss nicht immer direkt von den Inseln im Norden Europas kommen.","og_url":"https:\/\/irland-reise-tipps.de\/de\/musik-irish-folk\/the-mcmontos\/","og_site_name":"Irland Reise Tipps","article_modified_time":"2013-03-18T15:50:31+00:00","og_image":[{"width":710,"height":533,"url":"https:\/\/irland-reise-tipps.de\/de\/wp-content\/uploads\/2013\/03\/1.jpg","type":"image\/jpeg"}],"twitter_misc":{"Gesch\u00e4tzte Lesezeit":"1\u00a0Minute"},"schema":{"@context":"https:\/\/schema.org","@graph":[{"@type":"WebPage","@id":"https:\/\/irland-reise-tipps.de\/de\/musik-irish-folk\/the-mcmontos\/","url":"https:\/\/irland-reise-tipps.de\/de\/musik-irish-folk\/the-mcmontos\/","name":"Musik Irish Folk - The McMontos - Irland Reise Tipps","isPartOf":{"@id":"https:\/\/irland-reise-tipps.de\/de\/#website"},"datePublished":"2013-03-12T13:10:28+00:00","dateModified":"2013-03-18T15:50:31+00:00","description":"Guter Irish & Scottish Folk muss nicht immer direkt von den Inseln im Norden Europas kommen.","breadcrumb":{"@id":"https:\/\/irland-reise-tipps.de\/de\/musik-irish-folk\/the-mcmontos\/#breadcrumb"},"inLanguage":"de","potentialAction":[{"@type":"ReadAction","target":["https:\/\/irland-reise-tipps.de\/de\/musik-irish-folk\/the-mcmontos\/"]}]},{"@type":"BreadcrumbList","@id":"https:\/\/irland-reise-tipps.de\/de\/musik-irish-folk\/the-mcmontos\/#breadcrumb","itemListElement":[{"@type":"ListItem","position":1,"name":"Home","item":"https:\/\/irland-reise-tipps.de\/de\/"},{"@type":"ListItem","position":2,"name":"Musik","item":"https:\/\/irland-reise-tipps.de\/de\/musik-irish-folk\/"},{"@type":"ListItem","position":3,"name":"The McMontos"}]},{"@type":"WebSite","@id":"https:\/\/irland-reise-tipps.de\/de\/#website","url":"https:\/\/irland-reise-tipps.de\/de\/","name":"Irland Reise Tipps","description":"Gemeinsam die gr\u00fcne Insel entdecken","potentialAction":[{"@type":"SearchAction","target":{"@type":"EntryPoint","urlTemplate":"https:\/\/irland-reise-tipps.de\/de\/?s={search_term_string}"},"query-input":"required name=search_term_string"}],"inLanguage":"de"}]}},"_links":{"self":[{"href":"https:\/\/irland-reise-tipps.de\/de\/wp-json\/wp\/v2\/pages\/1663","targetHints":{"allow":["GET"]}}],"collection":[{"href":"https:\/\/irland-reise-tipps.de\/de\/wp-json\/wp\/v2\/pages"}],"about":[{"href":"https:\/\/irland-reise-tipps.de\/de\/wp-json\/wp\/v2\/types\/page"}],"author":[{"embeddable":true,"href":"https:\/\/irland-reise-tipps.de\/de\/wp-json\/wp\/v2\/users\/6"}],"replies":[{"embeddable":true,"href":"https:\/\/irland-reise-tipps.de\/de\/wp-json\/wp\/v2\/comments?post=1663"}],"version-history":[{"count":5,"href":"https:\/\/irland-reise-tipps.de\/de\/wp-json\/wp\/v2\/pages\/1663\/revisions"}],"predecessor-version":[{"id":1668,"href":"https:\/\/irland-reise-tipps.de\/de\/wp-json\/wp\/v2\/pages\/1663\/revisions\/1668"}],"up":[{"embeddable":true,"href":"https:\/\/irland-reise-tipps.de\/de\/wp-json\/wp\/v2\/pages\/456"}],"wp:featuredmedia":[{"embeddable":true,"href":"https:\/\/irland-reise-tipps.de\/de\/wp-json\/wp\/v2\/media\/1664"}],"wp:attachment":[{"href":"https:\/\/irland-reise-tipps.de\/de\/wp-json\/wp\/v2\/media?parent=1663"}],"curies":[{"name":"wp","href":"https:\/\/api.w.org\/{rel}","templated":true}]}}