{"id":1626,"date":"2013-03-11T13:42:20","date_gmt":"2013-03-11T12:42:20","guid":{"rendered":"http:\/\/irland-reise-tipps.de\/de\/?page_id=1626"},"modified":"2014-04-25T12:59:40","modified_gmt":"2014-04-25T10:59:40","slug":"hotels-in-cork","status":"publish","type":"page","link":"https:\/\/irland-reise-tipps.de\/de\/unterkunft\/hotels-in-cork\/","title":{"rendered":"Hotels in Cork"},"content":{"rendered":"<h4>Seaview House Hotel\n<a href=\"https:\/\/irland-reise-tipps.de\/de\/wp-content\/gallery\/unterkunft_seaview-house-hotel\/k1024_02dsc05534.jpg\" title=\"\" rel=\"lightbox[singlepic748]\" >\n\t<img decoding=\"async\" class=\"ngg-singlepic ngg-left\" src=\"https:\/\/irland-reise-tipps.de\/de\/wp-content\/gallery\/cache\/748__150x150_k1024_02dsc05534.jpg\" alt=\"k1024_02dsc05534\" title=\"k1024_02dsc05534\" \/>\n<\/a>\n<\/h4>\n<p><strong>Herzlich Willkommen im Seaview House Hotel!<\/strong><\/p>\n<p>Unser 4 Sterne Hotel liegt nur 4 km von Bantry entfernt und direkt an der Bantry Bay in West Cork.<br \/>\nDie einzigartige Sch\u00f6nheit, dieses teils von Irland, wird Ihren Aufenthalt bei uns zu einem unvergesslichen Urlaub machen.<\/p>\n<p><strong>Wir freuen uns auf Ihren Besuch<\/strong><\/p>\n<p><a title=\"Seaview House Hotel\" href=\"http:\/\/irland-reise-tipps.de\/de\/unterkunft\/hotels-in-cork\/seaview-house-hotel\/\">Weitere Informationen \u203a<\/a><\/p>\n<h4>Cork International Airport Hotel\n<a href=\"https:\/\/irland-reise-tipps.de\/de\/wp-content\/gallery\/cork-airport-hotel\/exter_at_the_cork_airport_hotel.jpg\" title=\"\" rel=\"lightbox[singlepic1188]\" >\n\t<img decoding=\"async\" class=\"ngg-singlepic ngg-left\" src=\"https:\/\/irland-reise-tipps.de\/de\/wp-content\/gallery\/cache\/1188__150x150_exter_at_the_cork_airport_hotel.jpg\" alt=\"exter_at_the_cork_airport_hotel\" title=\"exter_at_the_cork_airport_hotel\" \/>\n<\/a>\n<\/h4>\n<p><b>Herzlich Willkommen im Airport Hotel!<br \/>\n<\/b><\/p>\n<p>Genie\u00dfen Sie Ihren Aufenthalt in einem unserer 146 modern und liebevoll gestalteten Zimmer.<\/p>\n<p><strong>Wir freuen uns auf Ihren Besuch<\/strong><\/p>\n<p><a title=\"Airport Hotel\" href=\"http:\/\/irland-reise-tipps.de\/de\/unterkunft\/hotels-in-cork\/airport-hotel\/\">Weitere Informationen \u203a<\/a><\/p>\n<h4>Bayview Hotel \n<a href=\"https:\/\/irland-reise-tipps.de\/de\/wp-content\/gallery\/bayview-hotel\/bayviewexterior_1299156507.jpg\" title=\"\" rel=\"lightbox[singlepic1216]\" >\n\t<img decoding=\"async\" class=\"ngg-singlepic ngg-left\" src=\"https:\/\/irland-reise-tipps.de\/de\/wp-content\/gallery\/cache\/1216__150x150_bayviewexterior_1299156507.jpg\" alt=\"bayviewexterior_1299156507\" title=\"bayviewexterior_1299156507\" \/>\n<\/a>\n<\/h4>\n<p><strong>Herzlich Willkommen im Bayview Hotel!<\/strong><\/p>\n<p>Elegantes Manor House Hotel mit Ausblick auf den wundersch\u00f6nen Hafen in Ballycotton im \u00f6stlichen Teil der Grafschaft Cork.<\/p>\n<p><strong>Wir freuen uns auf Ihren Besuch<\/strong><\/p>\n<p><a title=\"Bayview Hotel\" href=\"http:\/\/irland-reise-tipps.de\/de\/unterkunft\/hotels-in-cork\/bayview-hotel\/\">Weitere Informationen \u203a<\/a><\/p>\n<h4>Castle Hotel \n<a href=\"https:\/\/irland-reise-tipps.de\/de\/wp-content\/gallery\/castle-hotel\/castleext2_1299605405.jpg\" title=\"\" rel=\"lightbox[singlepic1424]\" >\n\t<img decoding=\"async\" class=\"ngg-singlepic ngg-left\" src=\"https:\/\/irland-reise-tipps.de\/de\/wp-content\/gallery\/cache\/1424__150x150_castleext2_1299605405.jpg\" alt=\"castleext2_1299605405\" title=\"castleext2_1299605405\" \/>\n<\/a>\n<\/h4>\n<p><strong>Herzlich Willkommen im Castle Hotel!<\/strong><\/p>\n<p>Das perfekte Familienhotel zum Erkunden von Cork und Kerry<\/p>\n<p>Das Castle Hotel &amp; Leisure Centre in der Grafschaft Cork befindet sich bereits seit 60 Jahren in Familienbesitz der Buckleys.<\/p>\n<p><strong>Wir freuen uns auf Ihren Besuch<\/strong><\/p>\n<p><a title=\"Castle Hotel\" href=\"http:\/\/irland-reise-tipps.de\/de\/unterkunft\/hotels-in-cork\/castle-hotel\/\">Weitere Informationen \u203a<\/a><\/p>\n<h4>Glengarriff Park Hotel \n<a href=\"https:\/\/irland-reise-tipps.de\/de\/wp-content\/gallery\/glengarriff-park-hotel\/glengarriffexterior_1299604073.jpg\" title=\"\" rel=\"lightbox[singlepic1457]\" >\n\t<img decoding=\"async\" class=\"ngg-singlepic ngg-left\" src=\"https:\/\/irland-reise-tipps.de\/de\/wp-content\/gallery\/cache\/1457__150x150_glengarriffexterior_1299604073.jpg\" alt=\"glengarriffexterior_1299604073\" title=\"glengarriffexterior_1299604073\" \/>\n<\/a>\n<\/h4>\n<p><strong>Herzlich Willkommen im Glengarriff Park Hotel!<\/strong><\/p>\n<p>Erstklassige Unterkunft im St\u00e4dtchen Glengarriff in West Cork<\/p>\n<p><strong>Wir freuen uns auf Ihren Besuch<\/strong><\/p>\n<p><a title=\"Glengarriff Park Hotel\" href=\"http:\/\/irland-reise-tipps.de\/de\/unterkunft\/hotels-in-cork\/glengarriff-park-hotel\/\">Weitere Informationen \u203a<\/a><\/p>\n<h4>Casey&#8217;s of Baltimore\n<a href=\"https:\/\/irland-reise-tipps.de\/de\/wp-content\/gallery\/caseys-of-baltimore\/caseys-of-baltimore-exterior-2011.jpg\" title=\"\" rel=\"lightbox[singlepic1562]\" >\n\t<img decoding=\"async\" class=\"ngg-singlepic ngg-left\" src=\"https:\/\/irland-reise-tipps.de\/de\/wp-content\/gallery\/cache\/1562__150x150_caseys-of-baltimore-exterior-2011.jpg\" alt=\"caseys-of-baltimore-exterior-2011\" title=\"caseys-of-baltimore-exterior-2011\" \/>\n<\/a>\n<\/h4>\n<p><strong>H<strong>erzlich Willkommen im Casey\u2019s of Baltimore!<\/strong><\/strong><\/p>\n<p>Casey\u2019s of Baltimore ist ein charmantes und familien gef\u00fchrtes Hotel, das sich am Eingang des wundersch\u00f6nen Segel- und Fischerd\u00f6rfchens Baltimore in West Cork befindet.<\/p>\n<p><a title=\"Casey\u2019s of Baltimore\" href=\"http:\/\/irland-reise-tipps.de\/de\/unterkunft\/hotels-in-cork\/caseys-of-baltimore\/\">Weitere Informationen \u203a<\/a><\/p>\n<h4>Fitzgeralds Vienna Woods Hotel\n<a href=\"https:\/\/irland-reise-tipps.de\/de\/wp-content\/gallery\/fitzgeralds-vienna-woods\/front-of-building.jpg\" title=\"\" rel=\"lightbox[singlepic1618]\" >\n\t<img decoding=\"async\" class=\"ngg-singlepic ngg-left\" src=\"https:\/\/irland-reise-tipps.de\/de\/wp-content\/gallery\/cache\/1618__150x150_front-of-building.jpg\" alt=\"front-of-building\" title=\"front-of-building\" \/>\n<\/a>\n<\/h4>\n<p><strong>Herzlich Willkommen im Fitzgeralds Vienna Woods Hotel!<\/strong><\/p>\n<p>Das Fitzgeralds Vienna Woods Hotel ist ein historische sLandhaushotel in der Stadt Cork, das vor 150 Jahrenerbautwurde.<\/p>\n<p><a title=\"Fitzgeralds Vienna Woods Hotel\" href=\"http:\/\/irland-reise-tipps.de\/de\/unterkunft\/hotels-in-cork\/fitzgeralds-vienna-woods-hotel\/\">Weitere Informationen \u203a<\/a><\/p>\n","protected":false},"excerpt":{"rendered":"<p>Seaview House Hotel Herzlich Willkommen im Seaview House Hotel! Unser 4 Sterne Hotel liegt nur 4 km von Bantry entfernt und direkt an der Bantry Bay in West Cork. Die einzigartige Sch\u00f6nheit, dieses teils von Irland, wird Ihren Aufenthalt bei<span class=\"ellipsis\">&hellip;<\/span><\/p>\n<div class=\"read-more\"><a href=\"https:\/\/irland-reise-tipps.de\/de\/unterkunft\/hotels-in-cork\/\">Weiterlesen &#8250;<\/a><\/div>\n<p><!-- end of .read-more --><\/p>\n","protected":false},"author":6,"featured_media":0,"parent":18,"menu_order":0,"comment_status":"closed","ping_status":"closed","template":"","meta":{"footnotes":""},"class_list":["post-1626","page","type-page","status-publish","hentry"],"yoast_head":"<!-- This site is optimized with the Yoast SEO plugin v21.2 - https:\/\/yoast.com\/wordpress\/plugins\/seo\/ -->\n<title>Hotels in Cork - Irland Reise Tipps<\/title>\n<meta name=\"description\" content=\"Gemeinsam die gr\u00fcne Insel Irland entdecken. Wir haben ausgew\u00e4hlte Veranstaltungen, Unterk\u00fcnfte und Touren mit den Highlights Irlands zusammengestellt.\" \/>\n<meta name=\"robots\" content=\"index, follow, max-snippet:-1, max-image-preview:large, max-video-preview:-1\" \/>\n<link rel=\"canonical\" href=\"https:\/\/irland-reise-tipps.de\/de\/unterkunft\/hotels-in-cork\/\" \/>\n<meta property=\"og:locale\" content=\"de_DE\" \/>\n<meta property=\"og:type\" content=\"article\" \/>\n<meta property=\"og:title\" content=\"Hotels in Cork - Irland Reise Tipps\" \/>\n<meta property=\"og:description\" content=\"Gemeinsam die gr\u00fcne Insel Irland entdecken. Wir haben ausgew\u00e4hlte Veranstaltungen, Unterk\u00fcnfte und Touren mit den Highlights Irlands zusammengestellt.\" \/>\n<meta property=\"og:url\" content=\"https:\/\/irland-reise-tipps.de\/de\/unterkunft\/hotels-in-cork\/\" \/>\n<meta property=\"og:site_name\" content=\"Irland Reise Tipps\" \/>\n<meta property=\"article:modified_time\" content=\"2014-04-25T10:59:40+00:00\" \/>\n<meta name=\"twitter:label1\" content=\"Gesch\u00e4tzte Lesezeit\" \/>\n\t<meta name=\"twitter:data1\" content=\"1\u00a0Minute\" \/>\n<script type=\"application\/ld+json\" class=\"yoast-schema-graph\">{\"@context\":\"https:\/\/schema.org\",\"@graph\":[{\"@type\":\"WebPage\",\"@id\":\"https:\/\/irland-reise-tipps.de\/de\/unterkunft\/hotels-in-cork\/\",\"url\":\"https:\/\/irland-reise-tipps.de\/de\/unterkunft\/hotels-in-cork\/\",\"name\":\"Hotels in Cork - Irland Reise Tipps\",\"isPartOf\":{\"@id\":\"https:\/\/irland-reise-tipps.de\/de\/#website\"},\"datePublished\":\"2013-03-11T12:42:20+00:00\",\"dateModified\":\"2014-04-25T10:59:40+00:00\",\"description\":\"Gemeinsam die gr\u00fcne Insel Irland entdecken. Wir haben ausgew\u00e4hlte Veranstaltungen, Unterk\u00fcnfte und Touren mit den Highlights Irlands zusammengestellt.\",\"breadcrumb\":{\"@id\":\"https:\/\/irland-reise-tipps.de\/de\/unterkunft\/hotels-in-cork\/#breadcrumb\"},\"inLanguage\":\"de\",\"potentialAction\":[{\"@type\":\"ReadAction\",\"target\":[\"https:\/\/irland-reise-tipps.de\/de\/unterkunft\/hotels-in-cork\/\"]}]},{\"@type\":\"BreadcrumbList\",\"@id\":\"https:\/\/irland-reise-tipps.de\/de\/unterkunft\/hotels-in-cork\/#breadcrumb\",\"itemListElement\":[{\"@type\":\"ListItem\",\"position\":1,\"name\":\"Home\",\"item\":\"https:\/\/irland-reise-tipps.de\/de\/\"},{\"@type\":\"ListItem\",\"position\":2,\"name\":\"Unterkunft\",\"item\":\"https:\/\/irland-reise-tipps.de\/de\/unterkunft\/\"},{\"@type\":\"ListItem\",\"position\":3,\"name\":\"Hotels in Cork\"}]},{\"@type\":\"WebSite\",\"@id\":\"https:\/\/irland-reise-tipps.de\/de\/#website\",\"url\":\"https:\/\/irland-reise-tipps.de\/de\/\",\"name\":\"Irland Reise Tipps\",\"description\":\"Gemeinsam die gr\u00fcne Insel entdecken\",\"potentialAction\":[{\"@type\":\"SearchAction\",\"target\":{\"@type\":\"EntryPoint\",\"urlTemplate\":\"https:\/\/irland-reise-tipps.de\/de\/?s={search_term_string}\"},\"query-input\":\"required name=search_term_string\"}],\"inLanguage\":\"de\"}]}<\/script>\n<!-- \/ Yoast SEO plugin. -->","yoast_head_json":{"title":"Hotels in Cork - Irland Reise Tipps","description":"Gemeinsam die gr\u00fcne Insel Irland entdecken. Wir haben ausgew\u00e4hlte Veranstaltungen, Unterk\u00fcnfte und Touren mit den Highlights Irlands zusammengestellt.","robots":{"index":"index","follow":"follow","max-snippet":"max-snippet:-1","max-image-preview":"max-image-preview:large","max-video-preview":"max-video-preview:-1"},"canonical":"https:\/\/irland-reise-tipps.de\/de\/unterkunft\/hotels-in-cork\/","og_locale":"de_DE","og_type":"article","og_title":"Hotels in Cork - Irland Reise Tipps","og_description":"Gemeinsam die gr\u00fcne Insel Irland entdecken. Wir haben ausgew\u00e4hlte Veranstaltungen, Unterk\u00fcnfte und Touren mit den Highlights Irlands zusammengestellt.","og_url":"https:\/\/irland-reise-tipps.de\/de\/unterkunft\/hotels-in-cork\/","og_site_name":"Irland Reise Tipps","article_modified_time":"2014-04-25T10:59:40+00:00","twitter_misc":{"Gesch\u00e4tzte Lesezeit":"1\u00a0Minute"},"schema":{"@context":"https:\/\/schema.org","@graph":[{"@type":"WebPage","@id":"https:\/\/irland-reise-tipps.de\/de\/unterkunft\/hotels-in-cork\/","url":"https:\/\/irland-reise-tipps.de\/de\/unterkunft\/hotels-in-cork\/","name":"Hotels in Cork - Irland Reise Tipps","isPartOf":{"@id":"https:\/\/irland-reise-tipps.de\/de\/#website"},"datePublished":"2013-03-11T12:42:20+00:00","dateModified":"2014-04-25T10:59:40+00:00","description":"Gemeinsam die gr\u00fcne Insel Irland entdecken. Wir haben ausgew\u00e4hlte Veranstaltungen, Unterk\u00fcnfte und Touren mit den Highlights Irlands zusammengestellt.","breadcrumb":{"@id":"https:\/\/irland-reise-tipps.de\/de\/unterkunft\/hotels-in-cork\/#breadcrumb"},"inLanguage":"de","potentialAction":[{"@type":"ReadAction","target":["https:\/\/irland-reise-tipps.de\/de\/unterkunft\/hotels-in-cork\/"]}]},{"@type":"BreadcrumbList","@id":"https:\/\/irland-reise-tipps.de\/de\/unterkunft\/hotels-in-cork\/#breadcrumb","itemListElement":[{"@type":"ListItem","position":1,"name":"Home","item":"https:\/\/irland-reise-tipps.de\/de\/"},{"@type":"ListItem","position":2,"name":"Unterkunft","item":"https:\/\/irland-reise-tipps.de\/de\/unterkunft\/"},{"@type":"ListItem","position":3,"name":"Hotels in Cork"}]},{"@type":"WebSite","@id":"https:\/\/irland-reise-tipps.de\/de\/#website","url":"https:\/\/irland-reise-tipps.de\/de\/","name":"Irland Reise Tipps","description":"Gemeinsam die gr\u00fcne Insel entdecken","potentialAction":[{"@type":"SearchAction","target":{"@type":"EntryPoint","urlTemplate":"https:\/\/irland-reise-tipps.de\/de\/?s={search_term_string}"},"query-input":"required name=search_term_string"}],"inLanguage":"de"}]}},"_links":{"self":[{"href":"https:\/\/irland-reise-tipps.de\/de\/wp-json\/wp\/v2\/pages\/1626","targetHints":{"allow":["GET"]}}],"collection":[{"href":"https:\/\/irland-reise-tipps.de\/de\/wp-json\/wp\/v2\/pages"}],"about":[{"href":"https:\/\/irland-reise-tipps.de\/de\/wp-json\/wp\/v2\/types\/page"}],"author":[{"embeddable":true,"href":"https:\/\/irland-reise-tipps.de\/de\/wp-json\/wp\/v2\/users\/6"}],"replies":[{"embeddable":true,"href":"https:\/\/irland-reise-tipps.de\/de\/wp-json\/wp\/v2\/comments?post=1626"}],"version-history":[{"count":9,"href":"https:\/\/irland-reise-tipps.de\/de\/wp-json\/wp\/v2\/pages\/1626\/revisions"}],"predecessor-version":[{"id":3436,"href":"https:\/\/irland-reise-tipps.de\/de\/wp-json\/wp\/v2\/pages\/1626\/revisions\/3436"}],"up":[{"embeddable":true,"href":"https:\/\/irland-reise-tipps.de\/de\/wp-json\/wp\/v2\/pages\/18"}],"wp:attachment":[{"href":"https:\/\/irland-reise-tipps.de\/de\/wp-json\/wp\/v2\/media?parent=1626"}],"curies":[{"name":"wp","href":"https:\/\/api.w.org\/{rel}","templated":true}]}}