{"id":1625,"date":"2013-03-11T13:48:11","date_gmt":"2013-03-11T12:48:11","guid":{"rendered":"http:\/\/irland-reise-tipps.de\/de\/?page_id=1625"},"modified":"2013-11-28T09:54:09","modified_gmt":"2013-11-28T08:54:09","slug":"seaview-house-hotel","status":"publish","type":"page","link":"https:\/\/irland-reise-tipps.de\/de\/unterkunft\/hotels-in-cork\/seaview-house-hotel\/","title":{"rendered":"Seaview House Hotel"},"content":{"rendered":"<h4 style=\"text-align: right;\">\n<a href=\"https:\/\/irland-reise-tipps.de\/de\/wp-content\/gallery\/unterkunft_seaview-house-hotel\/k1024_02dsc05534.jpg\" title=\"\" rel=\"lightbox[singlepic748]\" >\n\t<img decoding=\"async\" class=\"ngg-singlepic ngg-right\" src=\"https:\/\/irland-reise-tipps.de\/de\/wp-content\/gallery\/cache\/748__150x150_k1024_02dsc05534.jpg\" alt=\"k1024_02dsc05534\" title=\"k1024_02dsc05534\" \/>\n<\/a>\n<\/h4>\n<p>Seaview House Hotel<br \/>\nBallylickey<br \/>\nBantry<br \/>\nCo. Cork<\/p>\n<p><strong>Telephone:<\/strong> +353 1 2958900<br \/>\n<strong>Email:<\/strong> <a href=\"mailto:seaview@manorhousehotels.com?subject=Seaview%20House%20Hotel%20enquiry\">seaview@manorhousehotels.com<\/a><b><br \/>\n<\/b><strong>Homepage:<\/strong> <a href=\"http:\/\/manorhousehotels.com\/hotels\/seaview-house-hotel\/\" target=\"_blank\" rel=\"nofollow\">http:\/\/manorhousehotels.com\/hotels\/seaview-house-hotel\/<\/a><\/p>\n\n<div class=\"ngg-galleryoverview\" id=\"ngg-gallery-37-1625\">\n\n\n\t\n\t<!-- Thumbnails -->\n\t\t\n\t<div id=\"ngg-image-772\" class=\"ngg-gallery-thumbnail-box\"  >\n\t\t<div class=\"ngg-gallery-thumbnail\" >\n\t\t\t<a href=\"https:\/\/irland-reise-tipps.de\/de\/wp-content\/gallery\/unterkunft_seaview-house-hotel\/k1024_38dsc05587.jpg\" title=\" \" rel=\"lightbox[set_37]\" >\n\t\t\t\t\t\t\t\t<img loading=\"lazy\" decoding=\"async\" title=\"k1024_38dsc05587\" alt=\"k1024_38dsc05587\" src=\"https:\/\/irland-reise-tipps.de\/de\/wp-content\/gallery\/unterkunft_seaview-house-hotel\/thumbs\/thumbs_k1024_38dsc05587.jpg\" width=\"100\" height=\"75\" \/>\n\t\t\t\t\t\t\t<\/a>\n\t\t<\/div>\n\t<\/div>\n\t\n\t\t\n \t\t\n\t<div id=\"ngg-image-774\" class=\"ngg-gallery-thumbnail-box\"  >\n\t\t<div class=\"ngg-gallery-thumbnail\" >\n\t\t\t<a href=\"https:\/\/irland-reise-tipps.de\/de\/wp-content\/gallery\/unterkunft_seaview-house-hotel\/k1024_40dsc05592_fhdr.jpg\" title=\" \" rel=\"lightbox[set_37]\" >\n\t\t\t\t\t\t\t\t<img loading=\"lazy\" decoding=\"async\" title=\"k1024_40dsc05592_fhdr\" alt=\"k1024_40dsc05592_fhdr\" src=\"https:\/\/irland-reise-tipps.de\/de\/wp-content\/gallery\/unterkunft_seaview-house-hotel\/thumbs\/thumbs_k1024_40dsc05592_fhdr.jpg\" width=\"100\" height=\"75\" \/>\n\t\t\t\t\t\t\t<\/a>\n\t\t<\/div>\n\t<\/div>\n\t\n\t\t\n \t\t\n\t<div id=\"ngg-image-776\" class=\"ngg-gallery-thumbnail-box\"  >\n\t\t<div class=\"ngg-gallery-thumbnail\" >\n\t\t\t<a href=\"https:\/\/irland-reise-tipps.de\/de\/wp-content\/gallery\/unterkunft_seaview-house-hotel\/k1024_42dsc04012_fhdr.jpg\" title=\" \" rel=\"lightbox[set_37]\" >\n\t\t\t\t\t\t\t\t<img loading=\"lazy\" decoding=\"async\" title=\"k1024_42dsc04012_fhdr\" alt=\"k1024_42dsc04012_fhdr\" src=\"https:\/\/irland-reise-tipps.de\/de\/wp-content\/gallery\/unterkunft_seaview-house-hotel\/thumbs\/thumbs_k1024_42dsc04012_fhdr.jpg\" width=\"100\" height=\"75\" \/>\n\t\t\t\t\t\t\t<\/a>\n\t\t<\/div>\n\t<\/div>\n\t\n\t\t\n \t\t\n\t<div id=\"ngg-image-781\" class=\"ngg-gallery-thumbnail-box\"  >\n\t\t<div class=\"ngg-gallery-thumbnail\" >\n\t\t\t<a href=\"https:\/\/irland-reise-tipps.de\/de\/wp-content\/gallery\/unterkunft_seaview-house-hotel\/k1024_seaview-new-bedroom.jpg\" title=\" \" rel=\"lightbox[set_37]\" >\n\t\t\t\t\t\t\t\t<img loading=\"lazy\" decoding=\"async\" title=\"k1024_seaview-new-bedroom\" alt=\"k1024_seaview-new-bedroom\" src=\"https:\/\/irland-reise-tipps.de\/de\/wp-content\/gallery\/unterkunft_seaview-house-hotel\/thumbs\/thumbs_k1024_seaview-new-bedroom.jpg\" width=\"100\" height=\"75\" \/>\n\t\t\t\t\t\t\t<\/a>\n\t\t<\/div>\n\t<\/div>\n\t\n\t\t\n \t\t\n\t<div id=\"ngg-image-748\" class=\"ngg-gallery-thumbnail-box\"  >\n\t\t<div class=\"ngg-gallery-thumbnail\" >\n\t\t\t<a href=\"https:\/\/irland-reise-tipps.de\/de\/wp-content\/gallery\/unterkunft_seaview-house-hotel\/k1024_02dsc05534.jpg\" title=\" \" rel=\"lightbox[set_37]\" >\n\t\t\t\t\t\t\t\t<img loading=\"lazy\" decoding=\"async\" title=\"k1024_02dsc05534\" alt=\"k1024_02dsc05534\" src=\"https:\/\/irland-reise-tipps.de\/de\/wp-content\/gallery\/unterkunft_seaview-house-hotel\/thumbs\/thumbs_k1024_02dsc05534.jpg\" width=\"100\" height=\"75\" \/>\n\t\t\t\t\t\t\t<\/a>\n\t\t<\/div>\n\t<\/div>\n\t\n\t\t\n \t\t\n\t<div id=\"ngg-image-749\" class=\"ngg-gallery-thumbnail-box\"  >\n\t\t<div class=\"ngg-gallery-thumbnail\" >\n\t\t\t<a href=\"https:\/\/irland-reise-tipps.de\/de\/wp-content\/gallery\/unterkunft_seaview-house-hotel\/k1024_03dsc05521.jpg\" title=\" \" rel=\"lightbox[set_37]\" >\n\t\t\t\t\t\t\t\t<img loading=\"lazy\" decoding=\"async\" title=\"k1024_03dsc05521\" alt=\"k1024_03dsc05521\" src=\"https:\/\/irland-reise-tipps.de\/de\/wp-content\/gallery\/unterkunft_seaview-house-hotel\/thumbs\/thumbs_k1024_03dsc05521.jpg\" width=\"100\" height=\"75\" \/>\n\t\t\t\t\t\t\t<\/a>\n\t\t<\/div>\n\t<\/div>\n\t\n\t\t\n \t\t\n\t<div id=\"ngg-image-750\" class=\"ngg-gallery-thumbnail-box\"  >\n\t\t<div class=\"ngg-gallery-thumbnail\" >\n\t\t\t<a href=\"https:\/\/irland-reise-tipps.de\/de\/wp-content\/gallery\/unterkunft_seaview-house-hotel\/k1024_04dsc04092.jpg\" title=\" \" rel=\"lightbox[set_37]\" >\n\t\t\t\t\t\t\t\t<img loading=\"lazy\" decoding=\"async\" title=\"k1024_04dsc04092\" alt=\"k1024_04dsc04092\" src=\"https:\/\/irland-reise-tipps.de\/de\/wp-content\/gallery\/unterkunft_seaview-house-hotel\/thumbs\/thumbs_k1024_04dsc04092.jpg\" width=\"100\" height=\"75\" \/>\n\t\t\t\t\t\t\t<\/a>\n\t\t<\/div>\n\t<\/div>\n\t\n\t\t\n \t\t\n\t<div id=\"ngg-image-755\" class=\"ngg-gallery-thumbnail-box\"  >\n\t\t<div class=\"ngg-gallery-thumbnail\" >\n\t\t\t<a href=\"https:\/\/irland-reise-tipps.de\/de\/wp-content\/gallery\/unterkunft_seaview-house-hotel\/k1024_11dsc04058.jpg\" title=\" \" rel=\"lightbox[set_37]\" >\n\t\t\t\t\t\t\t\t<img loading=\"lazy\" decoding=\"async\" title=\"k1024_11dsc04058\" alt=\"k1024_11dsc04058\" src=\"https:\/\/irland-reise-tipps.de\/de\/wp-content\/gallery\/unterkunft_seaview-house-hotel\/thumbs\/thumbs_k1024_11dsc04058.jpg\" width=\"100\" height=\"75\" \/>\n\t\t\t\t\t\t\t<\/a>\n\t\t<\/div>\n\t<\/div>\n\t\n\t\t\n \t\t\n\t<div id=\"ngg-image-756\" class=\"ngg-gallery-thumbnail-box\"  >\n\t\t<div class=\"ngg-gallery-thumbnail\" >\n\t\t\t<a href=\"https:\/\/irland-reise-tipps.de\/de\/wp-content\/gallery\/unterkunft_seaview-house-hotel\/k1024_12dsc04063.jpg\" title=\" \" rel=\"lightbox[set_37]\" >\n\t\t\t\t\t\t\t\t<img loading=\"lazy\" decoding=\"async\" title=\"k1024_12dsc04063\" alt=\"k1024_12dsc04063\" src=\"https:\/\/irland-reise-tipps.de\/de\/wp-content\/gallery\/unterkunft_seaview-house-hotel\/thumbs\/thumbs_k1024_12dsc04063.jpg\" width=\"100\" height=\"75\" \/>\n\t\t\t\t\t\t\t<\/a>\n\t\t<\/div>\n\t<\/div>\n\t\n\t\t\n \t\t\n\t<div id=\"ngg-image-760\" class=\"ngg-gallery-thumbnail-box\"  >\n\t\t<div class=\"ngg-gallery-thumbnail\" >\n\t\t\t<a href=\"https:\/\/irland-reise-tipps.de\/de\/wp-content\/gallery\/unterkunft_seaview-house-hotel\/k1024_21dsc05505.jpg\" title=\" \" rel=\"lightbox[set_37]\" >\n\t\t\t\t\t\t\t\t<img loading=\"lazy\" decoding=\"async\" title=\"k1024_21dsc05505\" alt=\"k1024_21dsc05505\" src=\"https:\/\/irland-reise-tipps.de\/de\/wp-content\/gallery\/unterkunft_seaview-house-hotel\/thumbs\/thumbs_k1024_21dsc05505.jpg\" width=\"100\" height=\"75\" \/>\n\t\t\t\t\t\t\t<\/a>\n\t\t<\/div>\n\t<\/div>\n\t\n\t\t\n \t\t\n\t<div id=\"ngg-image-762\" class=\"ngg-gallery-thumbnail-box\"  >\n\t\t<div class=\"ngg-gallery-thumbnail\" >\n\t\t\t<a href=\"https:\/\/irland-reise-tipps.de\/de\/wp-content\/gallery\/unterkunft_seaview-house-hotel\/k1024_27dsc04032.jpg\" title=\" \" rel=\"lightbox[set_37]\" >\n\t\t\t\t\t\t\t\t<img loading=\"lazy\" decoding=\"async\" title=\"k1024_27dsc04032\" alt=\"k1024_27dsc04032\" src=\"https:\/\/irland-reise-tipps.de\/de\/wp-content\/gallery\/unterkunft_seaview-house-hotel\/thumbs\/thumbs_k1024_27dsc04032.jpg\" width=\"100\" height=\"75\" \/>\n\t\t\t\t\t\t\t<\/a>\n\t\t<\/div>\n\t<\/div>\n\t\n\t\t\n \t\t\n\t<div id=\"ngg-image-766\" class=\"ngg-gallery-thumbnail-box\"  >\n\t\t<div class=\"ngg-gallery-thumbnail\" >\n\t\t\t<a href=\"https:\/\/irland-reise-tipps.de\/de\/wp-content\/gallery\/unterkunft_seaview-house-hotel\/k1024_31dsc04086.jpg\" title=\" \" rel=\"lightbox[set_37]\" >\n\t\t\t\t\t\t\t\t<img loading=\"lazy\" decoding=\"async\" title=\"k1024_31dsc04086\" alt=\"k1024_31dsc04086\" src=\"https:\/\/irland-reise-tipps.de\/de\/wp-content\/gallery\/unterkunft_seaview-house-hotel\/thumbs\/thumbs_k1024_31dsc04086.jpg\" width=\"100\" height=\"75\" \/>\n\t\t\t\t\t\t\t<\/a>\n\t\t<\/div>\n\t<\/div>\n\t\n\t\t\n \t \t\n\t<!-- Pagination -->\n \t<div class=\"ngg-clear\"><\/div> \t\n<\/div>\n\n\n<h4 style=\"text-align: left;\">Beschreibung<\/h4>\n<p><strong>Herzlich Willkommen im Seaview House Hotel!<\/strong><\/p>\n<p>Unser 4 Sterne Hotel liegt nur 4 km von Bantry entfernt und direkt an der Bantry Bay in West Cork.<br \/>\nDie einzigartige Sch\u00f6nheit dieses teils von Irland wird Ihren Aufenthalt bei uns zu einem unvergesslichen Urlaub machen.<\/p>\n<p>In unseren 25 luxuri\u00f6s und wundersch\u00f6n ausgestatteten Zimmern finden sich liebevoll ausgew\u00e4hlte Antiquit\u00e4ten und alles was Ihren Aufenthalt bei uns so angenehm wie m\u00f6glich macht.<\/p>\n<p>In unserem Restaurant und unserer Bar bieten wir Ihnen Hausgemachte Speisen aus regionalen Produkten.<br \/>\nHier k\u00f6nnen sie den perfekten Abschluss f\u00fcr den Tag in Ballylickey finden.<br \/>\nLehnen sie sich zur\u00fcck und genie\u00dfen Sie den Ausblick auf die Bantry Bay.<\/p>\n<p>Wir freuen uns auf Ihren Besuch!<\/p>\n<h4>Lage des Hotels und Sehensw\u00fcrdigkeiten in der N\u00e4he<\/h4>\n<p>[google-map-v3 width=&#8220;600&#8243; height=&#8220;400&#8243; zoom=&#8220;12&#8243; maptype=&#8220;roadmap&#8220; mapalign=&#8220;center&#8220; directionhint=&#8220;false&#8220; language=&#8220;de&#8220; poweredby=&#8220;false&#8220; maptypecontrol=&#8220;true&#8220; pancontrol=&#8220;true&#8220; zoomcontrol=&#8220;true&#8220; scalecontrol=&#8220;true&#8220; streetviewcontrol=&#8220;true&#8220; scrollwheelcontrol=&#8220;false&#8220; draggable=&#8220;true&#8220; tiltfourtyfive=&#8220;false&#8220; addmarkermashupbubble=&#8220;false&#8220; addmarkermashupbubble=&#8220;false&#8220; addmarkerlist=&#8220;Ballylickey,Bantry,Ireland{}lodging_0star.png&#8220; bubbleautopan=&#8220;true&#8220; showbike=&#8220;false&#8220; showtraffic=&#8220;false&#8220; showpanoramio=&#8220;false&#8220;]<\/p>\n","protected":false},"excerpt":{"rendered":"<p>Seaview House Hotel Ballylickey Bantry Co. Cork Telephone: +353 1 2958900 Email: seaview@manorhousehotels.com Homepage: http:\/\/manorhousehotels.com\/hotels\/seaview-house-hotel\/ Beschreibung Herzlich Willkommen im Seaview House Hotel! Unser 4 Sterne Hotel liegt nur 4 km von Bantry entfernt und direkt an der Bantry Bay in<span class=\"ellipsis\">&hellip;<\/span><\/p>\n<div class=\"read-more\"><a href=\"https:\/\/irland-reise-tipps.de\/de\/unterkunft\/hotels-in-cork\/seaview-house-hotel\/\">Weiterlesen &#8250;<\/a><\/div>\n<p><!-- end of .read-more --><\/p>\n","protected":false},"author":6,"featured_media":0,"parent":1626,"menu_order":0,"comment_status":"closed","ping_status":"closed","template":"","meta":{"footnotes":""},"class_list":["post-1625","page","type-page","status-publish","hentry"],"yoast_head":"<!-- This site is optimized with the Yoast SEO plugin v21.2 - https:\/\/yoast.com\/wordpress\/plugins\/seo\/ -->\n<title>Seaview House Hotel - Irland Reise Tipps<\/title>\n<meta name=\"description\" content=\"Gemeinsam die gr\u00fcne Insel Irland entdecken. Wir haben ausgew\u00e4hlte Veranstaltungen, Unterk\u00fcnfte und Touren mit den Highlights Irlands zusammengestellt.\" \/>\n<meta name=\"robots\" content=\"index, follow, max-snippet:-1, max-image-preview:large, max-video-preview:-1\" \/>\n<link rel=\"canonical\" href=\"https:\/\/irland-reise-tipps.de\/de\/unterkunft\/hotels-in-cork\/seaview-house-hotel\/\" \/>\n<meta property=\"og:locale\" content=\"de_DE\" \/>\n<meta property=\"og:type\" content=\"article\" \/>\n<meta property=\"og:title\" content=\"Seaview House Hotel - Irland Reise Tipps\" \/>\n<meta property=\"og:description\" content=\"Gemeinsam die gr\u00fcne Insel Irland entdecken. Wir haben ausgew\u00e4hlte Veranstaltungen, Unterk\u00fcnfte und Touren mit den Highlights Irlands zusammengestellt.\" \/>\n<meta property=\"og:url\" content=\"https:\/\/irland-reise-tipps.de\/de\/unterkunft\/hotels-in-cork\/seaview-house-hotel\/\" \/>\n<meta property=\"og:site_name\" content=\"Irland Reise Tipps\" \/>\n<meta property=\"article:modified_time\" content=\"2013-11-28T08:54:09+00:00\" \/>\n<meta name=\"twitter:label1\" content=\"Gesch\u00e4tzte Lesezeit\" \/>\n\t<meta name=\"twitter:data1\" content=\"1\u00a0Minute\" \/>\n<script type=\"application\/ld+json\" class=\"yoast-schema-graph\">{\"@context\":\"https:\/\/schema.org\",\"@graph\":[{\"@type\":\"WebPage\",\"@id\":\"https:\/\/irland-reise-tipps.de\/de\/unterkunft\/hotels-in-cork\/seaview-house-hotel\/\",\"url\":\"https:\/\/irland-reise-tipps.de\/de\/unterkunft\/hotels-in-cork\/seaview-house-hotel\/\",\"name\":\"Seaview House Hotel - Irland Reise Tipps\",\"isPartOf\":{\"@id\":\"https:\/\/irland-reise-tipps.de\/de\/#website\"},\"datePublished\":\"2013-03-11T12:48:11+00:00\",\"dateModified\":\"2013-11-28T08:54:09+00:00\",\"description\":\"Gemeinsam die gr\u00fcne Insel Irland entdecken. Wir haben ausgew\u00e4hlte Veranstaltungen, Unterk\u00fcnfte und Touren mit den Highlights Irlands zusammengestellt.\",\"breadcrumb\":{\"@id\":\"https:\/\/irland-reise-tipps.de\/de\/unterkunft\/hotels-in-cork\/seaview-house-hotel\/#breadcrumb\"},\"inLanguage\":\"de\",\"potentialAction\":[{\"@type\":\"ReadAction\",\"target\":[\"https:\/\/irland-reise-tipps.de\/de\/unterkunft\/hotels-in-cork\/seaview-house-hotel\/\"]}]},{\"@type\":\"BreadcrumbList\",\"@id\":\"https:\/\/irland-reise-tipps.de\/de\/unterkunft\/hotels-in-cork\/seaview-house-hotel\/#breadcrumb\",\"itemListElement\":[{\"@type\":\"ListItem\",\"position\":1,\"name\":\"Home\",\"item\":\"https:\/\/irland-reise-tipps.de\/de\/\"},{\"@type\":\"ListItem\",\"position\":2,\"name\":\"Unterkunft\",\"item\":\"https:\/\/irland-reise-tipps.de\/de\/unterkunft\/\"},{\"@type\":\"ListItem\",\"position\":3,\"name\":\"Hotels in Cork\",\"item\":\"https:\/\/irland-reise-tipps.de\/de\/unterkunft\/hotels-in-cork\/\"},{\"@type\":\"ListItem\",\"position\":4,\"name\":\"Seaview House Hotel\"}]},{\"@type\":\"WebSite\",\"@id\":\"https:\/\/irland-reise-tipps.de\/de\/#website\",\"url\":\"https:\/\/irland-reise-tipps.de\/de\/\",\"name\":\"Irland Reise Tipps\",\"description\":\"Gemeinsam die gr\u00fcne Insel entdecken\",\"potentialAction\":[{\"@type\":\"SearchAction\",\"target\":{\"@type\":\"EntryPoint\",\"urlTemplate\":\"https:\/\/irland-reise-tipps.de\/de\/?s={search_term_string}\"},\"query-input\":\"required name=search_term_string\"}],\"inLanguage\":\"de\"}]}<\/script>\n<!-- \/ Yoast SEO plugin. -->","yoast_head_json":{"title":"Seaview House Hotel - Irland Reise Tipps","description":"Gemeinsam die gr\u00fcne Insel Irland entdecken. Wir haben ausgew\u00e4hlte Veranstaltungen, Unterk\u00fcnfte und Touren mit den Highlights Irlands zusammengestellt.","robots":{"index":"index","follow":"follow","max-snippet":"max-snippet:-1","max-image-preview":"max-image-preview:large","max-video-preview":"max-video-preview:-1"},"canonical":"https:\/\/irland-reise-tipps.de\/de\/unterkunft\/hotels-in-cork\/seaview-house-hotel\/","og_locale":"de_DE","og_type":"article","og_title":"Seaview House Hotel - Irland Reise Tipps","og_description":"Gemeinsam die gr\u00fcne Insel Irland entdecken. Wir haben ausgew\u00e4hlte Veranstaltungen, Unterk\u00fcnfte und Touren mit den Highlights Irlands zusammengestellt.","og_url":"https:\/\/irland-reise-tipps.de\/de\/unterkunft\/hotels-in-cork\/seaview-house-hotel\/","og_site_name":"Irland Reise Tipps","article_modified_time":"2013-11-28T08:54:09+00:00","twitter_misc":{"Gesch\u00e4tzte Lesezeit":"1\u00a0Minute"},"schema":{"@context":"https:\/\/schema.org","@graph":[{"@type":"WebPage","@id":"https:\/\/irland-reise-tipps.de\/de\/unterkunft\/hotels-in-cork\/seaview-house-hotel\/","url":"https:\/\/irland-reise-tipps.de\/de\/unterkunft\/hotels-in-cork\/seaview-house-hotel\/","name":"Seaview House Hotel - Irland Reise Tipps","isPartOf":{"@id":"https:\/\/irland-reise-tipps.de\/de\/#website"},"datePublished":"2013-03-11T12:48:11+00:00","dateModified":"2013-11-28T08:54:09+00:00","description":"Gemeinsam die gr\u00fcne Insel Irland entdecken. Wir haben ausgew\u00e4hlte Veranstaltungen, Unterk\u00fcnfte und Touren mit den Highlights Irlands zusammengestellt.","breadcrumb":{"@id":"https:\/\/irland-reise-tipps.de\/de\/unterkunft\/hotels-in-cork\/seaview-house-hotel\/#breadcrumb"},"inLanguage":"de","potentialAction":[{"@type":"ReadAction","target":["https:\/\/irland-reise-tipps.de\/de\/unterkunft\/hotels-in-cork\/seaview-house-hotel\/"]}]},{"@type":"BreadcrumbList","@id":"https:\/\/irland-reise-tipps.de\/de\/unterkunft\/hotels-in-cork\/seaview-house-hotel\/#breadcrumb","itemListElement":[{"@type":"ListItem","position":1,"name":"Home","item":"https:\/\/irland-reise-tipps.de\/de\/"},{"@type":"ListItem","position":2,"name":"Unterkunft","item":"https:\/\/irland-reise-tipps.de\/de\/unterkunft\/"},{"@type":"ListItem","position":3,"name":"Hotels in Cork","item":"https:\/\/irland-reise-tipps.de\/de\/unterkunft\/hotels-in-cork\/"},{"@type":"ListItem","position":4,"name":"Seaview House Hotel"}]},{"@type":"WebSite","@id":"https:\/\/irland-reise-tipps.de\/de\/#website","url":"https:\/\/irland-reise-tipps.de\/de\/","name":"Irland Reise Tipps","description":"Gemeinsam die gr\u00fcne Insel entdecken","potentialAction":[{"@type":"SearchAction","target":{"@type":"EntryPoint","urlTemplate":"https:\/\/irland-reise-tipps.de\/de\/?s={search_term_string}"},"query-input":"required name=search_term_string"}],"inLanguage":"de"}]}},"_links":{"self":[{"href":"https:\/\/irland-reise-tipps.de\/de\/wp-json\/wp\/v2\/pages\/1625","targetHints":{"allow":["GET"]}}],"collection":[{"href":"https:\/\/irland-reise-tipps.de\/de\/wp-json\/wp\/v2\/pages"}],"about":[{"href":"https:\/\/irland-reise-tipps.de\/de\/wp-json\/wp\/v2\/types\/page"}],"author":[{"embeddable":true,"href":"https:\/\/irland-reise-tipps.de\/de\/wp-json\/wp\/v2\/users\/6"}],"replies":[{"embeddable":true,"href":"https:\/\/irland-reise-tipps.de\/de\/wp-json\/wp\/v2\/comments?post=1625"}],"version-history":[{"count":15,"href":"https:\/\/irland-reise-tipps.de\/de\/wp-json\/wp\/v2\/pages\/1625\/revisions"}],"predecessor-version":[{"id":3220,"href":"https:\/\/irland-reise-tipps.de\/de\/wp-json\/wp\/v2\/pages\/1625\/revisions\/3220"}],"up":[{"embeddable":true,"href":"https:\/\/irland-reise-tipps.de\/de\/wp-json\/wp\/v2\/pages\/1626"}],"wp:attachment":[{"href":"https:\/\/irland-reise-tipps.de\/de\/wp-json\/wp\/v2\/media?parent=1625"}],"curies":[{"name":"wp","href":"https:\/\/api.w.org\/{rel}","templated":true}]}}