{"id":1619,"date":"2013-03-11T13:13:14","date_gmt":"2013-03-11T12:13:14","guid":{"rendered":"http:\/\/irland-reise-tipps.de\/de\/?page_id=1619"},"modified":"2014-04-25T11:51:51","modified_gmt":"2014-04-25T09:51:51","slug":"cahernane-house-hotel","status":"publish","type":"page","link":"https:\/\/irland-reise-tipps.de\/de\/unterkunft\/hotels-in-kerry\/cahernane-house-hotel\/","title":{"rendered":"Cahernane House Hotel"},"content":{"rendered":"<h4 style=\"text-align: right;\">\n<a href=\"https:\/\/irland-reise-tipps.de\/de\/wp-content\/gallery\/unterkunft-cahernane-house-hotel\/k1024_cahernane-ext2.jpg\" title=\"\" rel=\"lightbox[singlepic723]\" >\n\t<img decoding=\"async\" class=\"ngg-singlepic ngg-right\" src=\"https:\/\/irland-reise-tipps.de\/de\/wp-content\/gallery\/cache\/723__150x150_k1024_cahernane-ext2.jpg\" alt=\"k1024_cahernane-ext2\" title=\"k1024_cahernane-ext2\" \/>\n<\/a>\n<\/h4>\n<p>Cahernane House Hotel<br \/>\nMuckross Road<br \/>\nKillarney<br \/>\nCo. Kerry<\/p>\n<p><strong>Telephone:<\/strong> +353 1 2958900<br \/>\n<strong>Email: <\/strong><span style=\"font-size: medium;\"><a href=\"mailto:cahernane@manorhousehotels.com?subject=Cahernane%20House%20Hotel%20enquiry\">cahernane@manorhousehotels.com<\/a><b><a href=\"mailto:info@ballyseedecastle.com\"><br \/>\n<\/a><\/b><\/span><strong>Homepage: <a href=\"http:\/\/manorhousehotels.com\/hotels\/cahernane-house-hotel\/\" target=\"_blank\" rel=\"nofollow\">http:\/\/manorhousehotels.com\/hotels\/cahernane-house-hotel\/<\/a><\/strong><\/p>\n\n<div class=\"ngg-galleryoverview\" id=\"ngg-gallery-46-1619\">\n\n\n\t\n\t<!-- Thumbnails -->\n\t\t\n\t<div id=\"ngg-image-720\" class=\"ngg-gallery-thumbnail-box\"  >\n\t\t<div class=\"ngg-gallery-thumbnail\" >\n\t\t\t<a href=\"https:\/\/irland-reise-tipps.de\/de\/wp-content\/gallery\/unterkunft-cahernane-house-hotel\/k1024_cahernane-bed1.jpg\" title=\" \" rel=\"lightbox[set_46]\" >\n\t\t\t\t\t\t\t\t<img loading=\"lazy\" decoding=\"async\" title=\"k1024_cahernane-bed1\" alt=\"k1024_cahernane-bed1\" src=\"https:\/\/irland-reise-tipps.de\/de\/wp-content\/gallery\/unterkunft-cahernane-house-hotel\/thumbs\/thumbs_k1024_cahernane-bed1.jpg\" width=\"100\" height=\"75\" \/>\n\t\t\t\t\t\t\t<\/a>\n\t\t<\/div>\n\t<\/div>\n\t\n\t\t\n \t\t\n\t<div id=\"ngg-image-721\" class=\"ngg-gallery-thumbnail-box\"  >\n\t\t<div class=\"ngg-gallery-thumbnail\" >\n\t\t\t<a href=\"https:\/\/irland-reise-tipps.de\/de\/wp-content\/gallery\/unterkunft-cahernane-house-hotel\/k1024_cahernane-bed2.jpg\" title=\" \" rel=\"lightbox[set_46]\" >\n\t\t\t\t\t\t\t\t<img loading=\"lazy\" decoding=\"async\" title=\"k1024_cahernane-bed2\" alt=\"k1024_cahernane-bed2\" src=\"https:\/\/irland-reise-tipps.de\/de\/wp-content\/gallery\/unterkunft-cahernane-house-hotel\/thumbs\/thumbs_k1024_cahernane-bed2.jpg\" width=\"100\" height=\"75\" \/>\n\t\t\t\t\t\t\t<\/a>\n\t\t<\/div>\n\t<\/div>\n\t\n\t\t\n \t\t\n\t<div id=\"ngg-image-723\" class=\"ngg-gallery-thumbnail-box\"  >\n\t\t<div class=\"ngg-gallery-thumbnail\" >\n\t\t\t<a href=\"https:\/\/irland-reise-tipps.de\/de\/wp-content\/gallery\/unterkunft-cahernane-house-hotel\/k1024_cahernane-ext2.jpg\" title=\" \" rel=\"lightbox[set_46]\" >\n\t\t\t\t\t\t\t\t<img loading=\"lazy\" decoding=\"async\" title=\"k1024_cahernane-ext2\" alt=\"k1024_cahernane-ext2\" src=\"https:\/\/irland-reise-tipps.de\/de\/wp-content\/gallery\/unterkunft-cahernane-house-hotel\/thumbs\/thumbs_k1024_cahernane-ext2.jpg\" width=\"100\" height=\"75\" \/>\n\t\t\t\t\t\t\t<\/a>\n\t\t<\/div>\n\t<\/div>\n\t\n\t\t\n \t\t\n\t<div id=\"ngg-image-724\" class=\"ngg-gallery-thumbnail-box\"  >\n\t\t<div class=\"ngg-gallery-thumbnail\" >\n\t\t\t<a href=\"https:\/\/irland-reise-tipps.de\/de\/wp-content\/gallery\/unterkunft-cahernane-house-hotel\/k1024_cahernane-house-aa-rosettes-since-2005.jpg\" title=\" \" rel=\"lightbox[set_46]\" >\n\t\t\t\t\t\t\t\t<img loading=\"lazy\" decoding=\"async\" title=\"k1024_cahernane-house-aa-rosettes-since-2005\" alt=\"k1024_cahernane-house-aa-rosettes-since-2005\" src=\"https:\/\/irland-reise-tipps.de\/de\/wp-content\/gallery\/unterkunft-cahernane-house-hotel\/thumbs\/thumbs_k1024_cahernane-house-aa-rosettes-since-2005.jpg\" width=\"100\" height=\"75\" \/>\n\t\t\t\t\t\t\t<\/a>\n\t\t<\/div>\n\t<\/div>\n\t\n\t\t\n \t\t\n\t<div id=\"ngg-image-725\" class=\"ngg-gallery-thumbnail-box\"  >\n\t\t<div class=\"ngg-gallery-thumbnail\" >\n\t\t\t<a href=\"https:\/\/irland-reise-tipps.de\/de\/wp-content\/gallery\/unterkunft-cahernane-house-hotel\/k1024_cahernane-house-bed-2011.jpg\" title=\" \" rel=\"lightbox[set_46]\" >\n\t\t\t\t\t\t\t\t<img loading=\"lazy\" decoding=\"async\" title=\"k1024_cahernane-house-bed-2011\" alt=\"k1024_cahernane-house-bed-2011\" src=\"https:\/\/irland-reise-tipps.de\/de\/wp-content\/gallery\/unterkunft-cahernane-house-hotel\/thumbs\/thumbs_k1024_cahernane-house-bed-2011.jpg\" width=\"100\" height=\"75\" \/>\n\t\t\t\t\t\t\t<\/a>\n\t\t<\/div>\n\t<\/div>\n\t\n\t\t\n \t\t\n\t<div id=\"ngg-image-726\" class=\"ngg-gallery-thumbnail-box\"  >\n\t\t<div class=\"ngg-gallery-thumbnail\" >\n\t\t\t<a href=\"https:\/\/irland-reise-tipps.de\/de\/wp-content\/gallery\/unterkunft-cahernane-house-hotel\/k1024_cahernane-house-bedroom-2011.jpg\" title=\" \" rel=\"lightbox[set_46]\" >\n\t\t\t\t\t\t\t\t<img loading=\"lazy\" decoding=\"async\" title=\"k1024_cahernane-house-bedroom-2011\" alt=\"k1024_cahernane-house-bedroom-2011\" src=\"https:\/\/irland-reise-tipps.de\/de\/wp-content\/gallery\/unterkunft-cahernane-house-hotel\/thumbs\/thumbs_k1024_cahernane-house-bedroom-2011.jpg\" width=\"100\" height=\"75\" \/>\n\t\t\t\t\t\t\t<\/a>\n\t\t<\/div>\n\t<\/div>\n\t\n\t\t\n \t\t\n\t<div id=\"ngg-image-727\" class=\"ngg-gallery-thumbnail-box\"  >\n\t\t<div class=\"ngg-gallery-thumbnail\" >\n\t\t\t<a href=\"https:\/\/irland-reise-tipps.de\/de\/wp-content\/gallery\/unterkunft-cahernane-house-hotel\/k1024_cahernane-house-cellar-bar-2011.jpg\" title=\" \" rel=\"lightbox[set_46]\" >\n\t\t\t\t\t\t\t\t<img loading=\"lazy\" decoding=\"async\" title=\"k1024_cahernane-house-cellar-bar-2011\" alt=\"k1024_cahernane-house-cellar-bar-2011\" src=\"https:\/\/irland-reise-tipps.de\/de\/wp-content\/gallery\/unterkunft-cahernane-house-hotel\/thumbs\/thumbs_k1024_cahernane-house-cellar-bar-2011.jpg\" width=\"100\" height=\"75\" \/>\n\t\t\t\t\t\t\t<\/a>\n\t\t<\/div>\n\t<\/div>\n\t\n\t\t\n \t\t\n\t<div id=\"ngg-image-728\" class=\"ngg-gallery-thumbnail-box\"  >\n\t\t<div class=\"ngg-gallery-thumbnail\" >\n\t\t\t<a href=\"https:\/\/irland-reise-tipps.de\/de\/wp-content\/gallery\/unterkunft-cahernane-house-hotel\/k1024_cahernane-house-conservatory-2011.jpg\" title=\" \" rel=\"lightbox[set_46]\" >\n\t\t\t\t\t\t\t\t<img loading=\"lazy\" decoding=\"async\" title=\"k1024_cahernane-house-conservatory-2011\" alt=\"k1024_cahernane-house-conservatory-2011\" src=\"https:\/\/irland-reise-tipps.de\/de\/wp-content\/gallery\/unterkunft-cahernane-house-hotel\/thumbs\/thumbs_k1024_cahernane-house-conservatory-2011.jpg\" width=\"100\" height=\"75\" \/>\n\t\t\t\t\t\t\t<\/a>\n\t\t<\/div>\n\t<\/div>\n\t\n\t\t\n \t\t\n\t<div id=\"ngg-image-729\" class=\"ngg-gallery-thumbnail-box\"  >\n\t\t<div class=\"ngg-gallery-thumbnail\" >\n\t\t\t<a href=\"https:\/\/irland-reise-tipps.de\/de\/wp-content\/gallery\/unterkunft-cahernane-house-hotel\/k1024_cahernane-house-dining-2011.jpg\" title=\" \" rel=\"lightbox[set_46]\" >\n\t\t\t\t\t\t\t\t<img loading=\"lazy\" decoding=\"async\" title=\"k1024_cahernane-house-dining-2011\" alt=\"k1024_cahernane-house-dining-2011\" src=\"https:\/\/irland-reise-tipps.de\/de\/wp-content\/gallery\/unterkunft-cahernane-house-hotel\/thumbs\/thumbs_k1024_cahernane-house-dining-2011.jpg\" width=\"100\" height=\"75\" \/>\n\t\t\t\t\t\t\t<\/a>\n\t\t<\/div>\n\t<\/div>\n\t\n\t\t\n \t\t\n\t<div id=\"ngg-image-730\" class=\"ngg-gallery-thumbnail-box\"  >\n\t\t<div class=\"ngg-gallery-thumbnail\" >\n\t\t\t<a href=\"https:\/\/irland-reise-tipps.de\/de\/wp-content\/gallery\/unterkunft-cahernane-house-hotel\/k1024_cahernane-house-drawing-room-2011.jpg\" title=\" \" rel=\"lightbox[set_46]\" >\n\t\t\t\t\t\t\t\t<img loading=\"lazy\" decoding=\"async\" title=\"k1024_cahernane-house-drawing-room-2011\" alt=\"k1024_cahernane-house-drawing-room-2011\" src=\"https:\/\/irland-reise-tipps.de\/de\/wp-content\/gallery\/unterkunft-cahernane-house-hotel\/thumbs\/thumbs_k1024_cahernane-house-drawing-room-2011.jpg\" width=\"100\" height=\"75\" \/>\n\t\t\t\t\t\t\t<\/a>\n\t\t<\/div>\n\t<\/div>\n\t\n\t\t\n \t\t\n\t<div id=\"ngg-image-731\" class=\"ngg-gallery-thumbnail-box\"  >\n\t\t<div class=\"ngg-gallery-thumbnail\" >\n\t\t\t<a href=\"https:\/\/irland-reise-tipps.de\/de\/wp-content\/gallery\/unterkunft-cahernane-house-hotel\/k1024_cahernane-house-reception-2011.jpg\" title=\" \" rel=\"lightbox[set_46]\" >\n\t\t\t\t\t\t\t\t<img loading=\"lazy\" decoding=\"async\" title=\"k1024_cahernane-house-reception-2011\" alt=\"k1024_cahernane-house-reception-2011\" src=\"https:\/\/irland-reise-tipps.de\/de\/wp-content\/gallery\/unterkunft-cahernane-house-hotel\/thumbs\/thumbs_k1024_cahernane-house-reception-2011.jpg\" width=\"100\" height=\"75\" \/>\n\t\t\t\t\t\t\t<\/a>\n\t\t<\/div>\n\t<\/div>\n\t\n\t\t\n \t\t\n\t<div id=\"ngg-image-732\" class=\"ngg-gallery-thumbnail-box\"  >\n\t\t<div class=\"ngg-gallery-thumbnail\" >\n\t\t\t<a href=\"https:\/\/irland-reise-tipps.de\/de\/wp-content\/gallery\/unterkunft-cahernane-house-hotel\/k1024_cahernane-house-winecellar-2011.jpg\" title=\" \" rel=\"lightbox[set_46]\" >\n\t\t\t\t\t\t\t\t<img loading=\"lazy\" decoding=\"async\" title=\"k1024_cahernane-house-winecellar-2011\" alt=\"k1024_cahernane-house-winecellar-2011\" src=\"https:\/\/irland-reise-tipps.de\/de\/wp-content\/gallery\/unterkunft-cahernane-house-hotel\/thumbs\/thumbs_k1024_cahernane-house-winecellar-2011.jpg\" width=\"100\" height=\"75\" \/>\n\t\t\t\t\t\t\t<\/a>\n\t\t<\/div>\n\t<\/div>\n\t\n\t\t\n \t \t\n\t<!-- Pagination -->\n \t<div class=\"ngg-clear\"><\/div> \t\n<\/div>\n\n\n<h4 style=\"text-align: left;\">Beschreibung<\/h4>\n<p><strong>Herzlich Willkommen im Cahernane House Hotel!<\/strong><\/p>\n<p>Am Rande des Killarney National Park liegt unser wundersch\u00f6nes Cahernane House Hotel.<br \/>\nZu Fu\u00df ben\u00f6tigen Sie gerade einmal 10 Minuten zum Stadtzentrum von Killarney.<\/p>\n<p>Im Cahernane House Hotel sind irische Geschichte und moderner Luxus miteinander vereint.<br \/>\nGenie\u00dfen Sie Ihren Aufenthalt in einem unserer Luxuri\u00f6s ausgestatteten Zimmer mit Wohlf\u00fchl-Charakter.<br \/>\nGenie\u00dfen Sie in unserem Restaurant und unserer Bar hausgemachte K\u00fcche aus regionalen Produkten.<br \/>\nUnser Restaurant verk\u00f6rpert den Stil und die Pracht des im 17ten Jahrhundert erbauten Landhauses.<\/p>\n<p>Wir freuen uns auf Ihren Besuch in unserem Hause!<\/p>\n<h4>Lage des Hotels und Sehensw\u00fcrdigkeiten in der N\u00e4he<\/h4>\n<p>[google-map-v3 width=&#8220;600&#8243; height=&#8220;400&#8243; zoom=&#8220;12&#8243; maptype=&#8220;roadmap&#8220; mapalign=&#8220;center&#8220; directionhint=&#8220;false&#8220; language=&#8220;de&#8220; poweredby=&#8220;false&#8220; maptypecontrol=&#8220;true&#8220; pancontrol=&#8220;true&#8220; zoomcontrol=&#8220;true&#8220; scalecontrol=&#8220;true&#8220; streetviewcontrol=&#8220;true&#8220; scrollwheelcontrol=&#8220;false&#8220; draggable=&#8220;true&#8220; tiltfourtyfive=&#8220;false&#8220; addmarkermashupbubble=&#8220;false&#8220; addmarkermashupbubble=&#8220;false&#8220; addmarkerlist=&#8220;Muckross Road,Killarney,Ireland{}lodging_0star.png&#8220; bubbleautopan=&#8220;true&#8220; showbike=&#8220;false&#8220; showtraffic=&#8220;false&#8220; showpanoramio=&#8220;false&#8220;]<\/p>\n","protected":false},"excerpt":{"rendered":"<p>Cahernane House Hotel Muckross Road Killarney Co. Kerry Telephone: +353 1 2958900 Email: cahernane@manorhousehotels.com Homepage: http:\/\/manorhousehotels.com\/hotels\/cahernane-house-hotel\/ Beschreibung Herzlich Willkommen im Cahernane House Hotel! Am Rande des Killarney National Park liegt unser wundersch\u00f6nes Cahernane House Hotel. Zu Fu\u00df ben\u00f6tigen Sie gerade<span class=\"ellipsis\">&hellip;<\/span><\/p>\n<div class=\"read-more\"><a href=\"https:\/\/irland-reise-tipps.de\/de\/unterkunft\/hotels-in-kerry\/cahernane-house-hotel\/\">Weiterlesen &#8250;<\/a><\/div>\n<p><!-- end of .read-more --><\/p>\n","protected":false},"author":6,"featured_media":0,"parent":3394,"menu_order":0,"comment_status":"closed","ping_status":"closed","template":"","meta":{"footnotes":""},"class_list":["post-1619","page","type-page","status-publish","hentry"],"yoast_head":"<!-- This site is optimized with the Yoast SEO plugin v21.2 - https:\/\/yoast.com\/wordpress\/plugins\/seo\/ -->\n<title>Cahernane House Hotel - Irland Reise Tipps<\/title>\n<meta name=\"description\" content=\"Gemeinsam die gr\u00fcne Insel Irland entdecken. Wir haben ausgew\u00e4hlte Veranstaltungen, Unterk\u00fcnfte und Touren mit den Highlights Irlands zusammengestellt.\" \/>\n<meta name=\"robots\" content=\"index, follow, max-snippet:-1, max-image-preview:large, max-video-preview:-1\" \/>\n<link rel=\"canonical\" href=\"https:\/\/irland-reise-tipps.de\/de\/unterkunft\/hotels-in-kerry\/cahernane-house-hotel\/\" \/>\n<meta property=\"og:locale\" content=\"de_DE\" \/>\n<meta property=\"og:type\" content=\"article\" \/>\n<meta property=\"og:title\" content=\"Cahernane House Hotel - Irland Reise Tipps\" \/>\n<meta property=\"og:description\" content=\"Gemeinsam die gr\u00fcne Insel Irland entdecken. Wir haben ausgew\u00e4hlte Veranstaltungen, Unterk\u00fcnfte und Touren mit den Highlights Irlands zusammengestellt.\" \/>\n<meta property=\"og:url\" content=\"https:\/\/irland-reise-tipps.de\/de\/unterkunft\/hotels-in-kerry\/cahernane-house-hotel\/\" \/>\n<meta property=\"og:site_name\" content=\"Irland Reise Tipps\" \/>\n<meta property=\"article:modified_time\" content=\"2014-04-25T09:51:51+00:00\" \/>\n<meta name=\"twitter:label1\" content=\"Gesch\u00e4tzte Lesezeit\" \/>\n\t<meta name=\"twitter:data1\" content=\"1\u00a0Minute\" \/>\n<script type=\"application\/ld+json\" class=\"yoast-schema-graph\">{\"@context\":\"https:\/\/schema.org\",\"@graph\":[{\"@type\":\"WebPage\",\"@id\":\"https:\/\/irland-reise-tipps.de\/de\/unterkunft\/hotels-in-kerry\/cahernane-house-hotel\/\",\"url\":\"https:\/\/irland-reise-tipps.de\/de\/unterkunft\/hotels-in-kerry\/cahernane-house-hotel\/\",\"name\":\"Cahernane House Hotel - Irland Reise Tipps\",\"isPartOf\":{\"@id\":\"https:\/\/irland-reise-tipps.de\/de\/#website\"},\"datePublished\":\"2013-03-11T12:13:14+00:00\",\"dateModified\":\"2014-04-25T09:51:51+00:00\",\"description\":\"Gemeinsam die gr\u00fcne Insel Irland entdecken. Wir haben ausgew\u00e4hlte Veranstaltungen, Unterk\u00fcnfte und Touren mit den Highlights Irlands zusammengestellt.\",\"breadcrumb\":{\"@id\":\"https:\/\/irland-reise-tipps.de\/de\/unterkunft\/hotels-in-kerry\/cahernane-house-hotel\/#breadcrumb\"},\"inLanguage\":\"de\",\"potentialAction\":[{\"@type\":\"ReadAction\",\"target\":[\"https:\/\/irland-reise-tipps.de\/de\/unterkunft\/hotels-in-kerry\/cahernane-house-hotel\/\"]}]},{\"@type\":\"BreadcrumbList\",\"@id\":\"https:\/\/irland-reise-tipps.de\/de\/unterkunft\/hotels-in-kerry\/cahernane-house-hotel\/#breadcrumb\",\"itemListElement\":[{\"@type\":\"ListItem\",\"position\":1,\"name\":\"Home\",\"item\":\"https:\/\/irland-reise-tipps.de\/de\/\"},{\"@type\":\"ListItem\",\"position\":2,\"name\":\"Unterkunft\",\"item\":\"https:\/\/irland-reise-tipps.de\/de\/unterkunft\/\"},{\"@type\":\"ListItem\",\"position\":3,\"name\":\"Hotels in Kerry\",\"item\":\"https:\/\/irland-reise-tipps.de\/de\/unterkunft\/hotels-in-kerry\/\"},{\"@type\":\"ListItem\",\"position\":4,\"name\":\"Cahernane House Hotel\"}]},{\"@type\":\"WebSite\",\"@id\":\"https:\/\/irland-reise-tipps.de\/de\/#website\",\"url\":\"https:\/\/irland-reise-tipps.de\/de\/\",\"name\":\"Irland Reise Tipps\",\"description\":\"Gemeinsam die gr\u00fcne Insel entdecken\",\"potentialAction\":[{\"@type\":\"SearchAction\",\"target\":{\"@type\":\"EntryPoint\",\"urlTemplate\":\"https:\/\/irland-reise-tipps.de\/de\/?s={search_term_string}\"},\"query-input\":\"required name=search_term_string\"}],\"inLanguage\":\"de\"}]}<\/script>\n<!-- \/ Yoast SEO plugin. -->","yoast_head_json":{"title":"Cahernane House Hotel - Irland Reise Tipps","description":"Gemeinsam die gr\u00fcne Insel Irland entdecken. Wir haben ausgew\u00e4hlte Veranstaltungen, Unterk\u00fcnfte und Touren mit den Highlights Irlands zusammengestellt.","robots":{"index":"index","follow":"follow","max-snippet":"max-snippet:-1","max-image-preview":"max-image-preview:large","max-video-preview":"max-video-preview:-1"},"canonical":"https:\/\/irland-reise-tipps.de\/de\/unterkunft\/hotels-in-kerry\/cahernane-house-hotel\/","og_locale":"de_DE","og_type":"article","og_title":"Cahernane House Hotel - Irland Reise Tipps","og_description":"Gemeinsam die gr\u00fcne Insel Irland entdecken. Wir haben ausgew\u00e4hlte Veranstaltungen, Unterk\u00fcnfte und Touren mit den Highlights Irlands zusammengestellt.","og_url":"https:\/\/irland-reise-tipps.de\/de\/unterkunft\/hotels-in-kerry\/cahernane-house-hotel\/","og_site_name":"Irland Reise Tipps","article_modified_time":"2014-04-25T09:51:51+00:00","twitter_misc":{"Gesch\u00e4tzte Lesezeit":"1\u00a0Minute"},"schema":{"@context":"https:\/\/schema.org","@graph":[{"@type":"WebPage","@id":"https:\/\/irland-reise-tipps.de\/de\/unterkunft\/hotels-in-kerry\/cahernane-house-hotel\/","url":"https:\/\/irland-reise-tipps.de\/de\/unterkunft\/hotels-in-kerry\/cahernane-house-hotel\/","name":"Cahernane House Hotel - Irland Reise Tipps","isPartOf":{"@id":"https:\/\/irland-reise-tipps.de\/de\/#website"},"datePublished":"2013-03-11T12:13:14+00:00","dateModified":"2014-04-25T09:51:51+00:00","description":"Gemeinsam die gr\u00fcne Insel Irland entdecken. Wir haben ausgew\u00e4hlte Veranstaltungen, Unterk\u00fcnfte und Touren mit den Highlights Irlands zusammengestellt.","breadcrumb":{"@id":"https:\/\/irland-reise-tipps.de\/de\/unterkunft\/hotels-in-kerry\/cahernane-house-hotel\/#breadcrumb"},"inLanguage":"de","potentialAction":[{"@type":"ReadAction","target":["https:\/\/irland-reise-tipps.de\/de\/unterkunft\/hotels-in-kerry\/cahernane-house-hotel\/"]}]},{"@type":"BreadcrumbList","@id":"https:\/\/irland-reise-tipps.de\/de\/unterkunft\/hotels-in-kerry\/cahernane-house-hotel\/#breadcrumb","itemListElement":[{"@type":"ListItem","position":1,"name":"Home","item":"https:\/\/irland-reise-tipps.de\/de\/"},{"@type":"ListItem","position":2,"name":"Unterkunft","item":"https:\/\/irland-reise-tipps.de\/de\/unterkunft\/"},{"@type":"ListItem","position":3,"name":"Hotels in Kerry","item":"https:\/\/irland-reise-tipps.de\/de\/unterkunft\/hotels-in-kerry\/"},{"@type":"ListItem","position":4,"name":"Cahernane House Hotel"}]},{"@type":"WebSite","@id":"https:\/\/irland-reise-tipps.de\/de\/#website","url":"https:\/\/irland-reise-tipps.de\/de\/","name":"Irland Reise Tipps","description":"Gemeinsam die gr\u00fcne Insel entdecken","potentialAction":[{"@type":"SearchAction","target":{"@type":"EntryPoint","urlTemplate":"https:\/\/irland-reise-tipps.de\/de\/?s={search_term_string}"},"query-input":"required name=search_term_string"}],"inLanguage":"de"}]}},"_links":{"self":[{"href":"https:\/\/irland-reise-tipps.de\/de\/wp-json\/wp\/v2\/pages\/1619","targetHints":{"allow":["GET"]}}],"collection":[{"href":"https:\/\/irland-reise-tipps.de\/de\/wp-json\/wp\/v2\/pages"}],"about":[{"href":"https:\/\/irland-reise-tipps.de\/de\/wp-json\/wp\/v2\/types\/page"}],"author":[{"embeddable":true,"href":"https:\/\/irland-reise-tipps.de\/de\/wp-json\/wp\/v2\/users\/6"}],"replies":[{"embeddable":true,"href":"https:\/\/irland-reise-tipps.de\/de\/wp-json\/wp\/v2\/comments?post=1619"}],"version-history":[{"count":8,"href":"https:\/\/irland-reise-tipps.de\/de\/wp-json\/wp\/v2\/pages\/1619\/revisions"}],"predecessor-version":[{"id":3159,"href":"https:\/\/irland-reise-tipps.de\/de\/wp-json\/wp\/v2\/pages\/1619\/revisions\/3159"}],"up":[{"embeddable":true,"href":"https:\/\/irland-reise-tipps.de\/de\/wp-json\/wp\/v2\/pages\/3394"}],"wp:attachment":[{"href":"https:\/\/irland-reise-tipps.de\/de\/wp-json\/wp\/v2\/media?parent=1619"}],"curies":[{"name":"wp","href":"https:\/\/api.w.org\/{rel}","templated":true}]}}