{"id":1594,"date":"2013-03-11T11:59:22","date_gmt":"2013-03-11T10:59:22","guid":{"rendered":"http:\/\/irland-reise-tipps.de\/de\/?page_id=1594"},"modified":"2014-04-25T13:08:24","modified_gmt":"2014-04-25T11:08:24","slug":"ballyseede-castle","status":"publish","type":"page","link":"https:\/\/irland-reise-tipps.de\/de\/unterkunft\/hotels-in-kerry\/ballyseede-castle\/","title":{"rendered":"Ballyseede Castle"},"content":{"rendered":"<h4 style=\"text-align: right;\">\n<a href=\"https:\/\/irland-reise-tipps.de\/de\/wp-content\/gallery\/unterkunft_ballyseede-castle\/k1024_ballyseede-ext2.jpg\" title=\"\" rel=\"lightbox[singlepic739]\" >\n\t<img decoding=\"async\" class=\"ngg-singlepic ngg-right\" src=\"https:\/\/irland-reise-tipps.de\/de\/wp-content\/gallery\/cache\/739__150x150_k1024_ballyseede-ext2.jpg\" alt=\"k1024_ballyseede-ext2\" title=\"k1024_ballyseede-ext2\" \/>\n<\/a>\n<\/h4>\n<p>Ballyseede Castle<\/p>\n<p>N21 Tralee<\/p>\n<p>Co. Kerry<\/p>\n<p><strong>Telephone:<\/strong>+353 1 2958900<\/p>\n<p><strong>Email:\u00a0<\/strong><a href=\"mailto:ballyseede@manorhousehotels.com?subject=Ballyseede%20Castle%20enquiry\">ballyseede@manorhousehotels.com<\/a><\/p>\n<p><b><\/b><strong>Homepage: <\/strong><a href=\"http:\/\/manorhousehotels.com\/hotels\/ballyseede-castle\/\" target=\"_blank\" rel=\"nofollow\">http:\/\/manorhousehotels.com\/hotels\/ballyseede-castle\/<\/a><\/p>\n\n<div class=\"ngg-galleryoverview\" id=\"ngg-gallery-40-1594\">\n\n\n\t\n\t<!-- Thumbnails -->\n\t\t\n\t<div id=\"ngg-image-553\" class=\"ngg-gallery-thumbnail-box\"  >\n\t\t<div class=\"ngg-gallery-thumbnail\" >\n\t\t\t<a href=\"https:\/\/irland-reise-tipps.de\/de\/wp-content\/gallery\/unterkunft_ballyseede-castle\/ballyseede-int1.jpg\" title=\" \" rel=\"lightbox[set_40]\" >\n\t\t\t\t\t\t\t\t<img loading=\"lazy\" decoding=\"async\" title=\"ballyseede-int1\" alt=\"ballyseede-int1\" src=\"https:\/\/irland-reise-tipps.de\/de\/wp-content\/gallery\/unterkunft_ballyseede-castle\/thumbs\/thumbs_ballyseede-int1.jpg\" width=\"100\" height=\"75\" \/>\n\t\t\t\t\t\t\t<\/a>\n\t\t<\/div>\n\t<\/div>\n\t\n\t\t\n \t\t\n\t<div id=\"ngg-image-737\" class=\"ngg-gallery-thumbnail-box\"  >\n\t\t<div class=\"ngg-gallery-thumbnail\" >\n\t\t\t<a href=\"https:\/\/irland-reise-tipps.de\/de\/wp-content\/gallery\/unterkunft_ballyseede-castle\/k1024_ballyseede-bed1.jpg\" title=\" \" rel=\"lightbox[set_40]\" >\n\t\t\t\t\t\t\t\t<img loading=\"lazy\" decoding=\"async\" title=\"k1024_ballyseede-bed1\" alt=\"k1024_ballyseede-bed1\" src=\"https:\/\/irland-reise-tipps.de\/de\/wp-content\/gallery\/unterkunft_ballyseede-castle\/thumbs\/thumbs_k1024_ballyseede-bed1.jpg\" width=\"100\" height=\"75\" \/>\n\t\t\t\t\t\t\t<\/a>\n\t\t<\/div>\n\t<\/div>\n\t\n\t\t\n \t\t\n\t<div id=\"ngg-image-738\" class=\"ngg-gallery-thumbnail-box\"  >\n\t\t<div class=\"ngg-gallery-thumbnail\" >\n\t\t\t<a href=\"https:\/\/irland-reise-tipps.de\/de\/wp-content\/gallery\/unterkunft_ballyseede-castle\/k1024_ballyseede-ext1.jpg\" title=\" \" rel=\"lightbox[set_40]\" >\n\t\t\t\t\t\t\t\t<img loading=\"lazy\" decoding=\"async\" title=\"k1024_ballyseede-ext1\" alt=\"k1024_ballyseede-ext1\" src=\"https:\/\/irland-reise-tipps.de\/de\/wp-content\/gallery\/unterkunft_ballyseede-castle\/thumbs\/thumbs_k1024_ballyseede-ext1.jpg\" width=\"100\" height=\"75\" \/>\n\t\t\t\t\t\t\t<\/a>\n\t\t<\/div>\n\t<\/div>\n\t\n\t\t\n \t\t\n\t<div id=\"ngg-image-739\" class=\"ngg-gallery-thumbnail-box\"  >\n\t\t<div class=\"ngg-gallery-thumbnail\" >\n\t\t\t<a href=\"https:\/\/irland-reise-tipps.de\/de\/wp-content\/gallery\/unterkunft_ballyseede-castle\/k1024_ballyseede-ext2.jpg\" title=\" \" rel=\"lightbox[set_40]\" >\n\t\t\t\t\t\t\t\t<img loading=\"lazy\" decoding=\"async\" title=\"k1024_ballyseede-ext2\" alt=\"k1024_ballyseede-ext2\" src=\"https:\/\/irland-reise-tipps.de\/de\/wp-content\/gallery\/unterkunft_ballyseede-castle\/thumbs\/thumbs_k1024_ballyseede-ext2.jpg\" width=\"100\" height=\"75\" \/>\n\t\t\t\t\t\t\t<\/a>\n\t\t<\/div>\n\t<\/div>\n\t\n\t\t\n \t\t\n\t<div id=\"ngg-image-740\" class=\"ngg-gallery-thumbnail-box\"  >\n\t\t<div class=\"ngg-gallery-thumbnail\" >\n\t\t\t<a href=\"https:\/\/irland-reise-tipps.de\/de\/wp-content\/gallery\/unterkunft_ballyseede-castle\/k1024_ballyseede-ext3.jpg\" title=\" \" rel=\"lightbox[set_40]\" >\n\t\t\t\t\t\t\t\t<img loading=\"lazy\" decoding=\"async\" title=\"k1024_ballyseede-ext3\" alt=\"k1024_ballyseede-ext3\" src=\"https:\/\/irland-reise-tipps.de\/de\/wp-content\/gallery\/unterkunft_ballyseede-castle\/thumbs\/thumbs_k1024_ballyseede-ext3.jpg\" width=\"100\" height=\"75\" \/>\n\t\t\t\t\t\t\t<\/a>\n\t\t<\/div>\n\t<\/div>\n\t\n\t\t\n \t\t\n\t<div id=\"ngg-image-741\" class=\"ngg-gallery-thumbnail-box\"  >\n\t\t<div class=\"ngg-gallery-thumbnail\" >\n\t\t\t<a href=\"https:\/\/irland-reise-tipps.de\/de\/wp-content\/gallery\/unterkunft_ballyseede-castle\/k1024_ballyseede-ext4.jpg\" title=\" \" rel=\"lightbox[set_40]\" >\n\t\t\t\t\t\t\t\t<img loading=\"lazy\" decoding=\"async\" title=\"k1024_ballyseede-ext4\" alt=\"k1024_ballyseede-ext4\" src=\"https:\/\/irland-reise-tipps.de\/de\/wp-content\/gallery\/unterkunft_ballyseede-castle\/thumbs\/thumbs_k1024_ballyseede-ext4.jpg\" width=\"100\" height=\"75\" \/>\n\t\t\t\t\t\t\t<\/a>\n\t\t<\/div>\n\t<\/div>\n\t\n\t\t\n \t\t\n\t<div id=\"ngg-image-747\" class=\"ngg-gallery-thumbnail-box\"  >\n\t\t<div class=\"ngg-gallery-thumbnail\" >\n\t\t\t<a href=\"https:\/\/irland-reise-tipps.de\/de\/wp-content\/gallery\/unterkunft_ballyseede-castle\/k1600_ballyseede-int2.jpg\" title=\" \" rel=\"lightbox[set_40]\" >\n\t\t\t\t\t\t\t\t<img loading=\"lazy\" decoding=\"async\" title=\"k1600_ballyseede-int2\" alt=\"k1600_ballyseede-int2\" src=\"https:\/\/irland-reise-tipps.de\/de\/wp-content\/gallery\/unterkunft_ballyseede-castle\/thumbs\/thumbs_k1600_ballyseede-int2.jpg\" width=\"100\" height=\"75\" \/>\n\t\t\t\t\t\t\t<\/a>\n\t\t<\/div>\n\t<\/div>\n\t\n\t\t\n \t \t\n\t<!-- Pagination -->\n \t<div class=\"ngg-clear\"><\/div> \t\n<\/div>\n\n\n<h4>Beschreibung<\/h4>\n<p><span style=\"color: #000000;\"><strong>Herzlich Willkommen im Ballyseede Castle Hotel!<\/strong><\/span><\/p>\n<p><span style=\"color: #000000;\"><span style=\"color: #000000;\">Ballyseede Castle, eines der bekanntesten Schlosshotels in Irland, hat eine Geschichte, die zur\u00fcck in die 1590er Jahre geht. <\/span><\/span><\/p>\n<p><span style=\"color: #000000;\"><span style=\"color: #000000;\">Dieses Schlosshotel, eines der einzigartigsten und au\u00dfergew\u00f6hnlichsten Luxushotels in Tralee, bietet ein formelles und legeres Restaurant, dreiundzwanzig Zimmer mit eigenem Bad und drei sch\u00f6ne private Zimmer, die durch bezaubernde architektonische G\u00e4rten komplementiert wurden.<\/span><\/span><\/p>\n<p><span style=\"color: #000000;\">Die Schlafzimmer sind elegant und ger\u00e4umig und werden in vielen verschiedenen Varianten von Mini-Suiten bis hin zu gro\u00dfen Familienzimmern, Deluxe Zimmern mit Himmelbetten und Superior Zimmern angeboten.<\/span><\/p>\n<p align=\"JUSTIFY\"><span style=\"color: #000000;\"><span style=\"color: #000000;\">Genie\u00dfen Sie das h\u00f6chste Niveau an Komfort, Privatsph\u00e4re und Service. Jeder Besuch wird hochgesch\u00e4tzt werden, da alle Zimmer das Nonplusultra zur Entspannung bieten, jedes mit seinem eigenen einzigartigen Charakter.<\/span><\/span><\/p>\n<p align=\"JUSTIFY\"><span style=\"color: #000000;\"><span style=\"color: #000000;\">In unseren Restaurants und der Library Bar k\u00f6nnen Sie ganzt\u00e4gig typisch irische K\u00fcche mit Zutaten lokaler Herkunft genie\u00dfen. Lassen Sie sich verzaubern, und genie\u00dfen Sie Ihren Aufenthalt!<\/span><\/span><\/p>\n<p>Wir freuen uns auf Ihren Besuch!<\/p>\n<h4>Lage des Hotels und Sehensw\u00fcrdigkeiten in der N\u00e4he<\/h4>\n<p>[google-map-v3 width=&#8220;600&#8243; height=&#8220;400&#8243; zoom=&#8220;12&#8243; maptype=&#8220;roadmap&#8220; mapalign=&#8220;center&#8220; directionhint=&#8220;false&#8220; language=&#8220;de&#8220; poweredby=&#8220;false&#8220; maptypecontrol=&#8220;true&#8220; pancontrol=&#8220;true&#8220; zoomcontrol=&#8220;true&#8220; scalecontrol=&#8220;true&#8220; streetviewcontrol=&#8220;true&#8220; scrollwheelcontrol=&#8220;false&#8220; draggable=&#8220;true&#8220; tiltfourtyfive=&#8220;false&#8220; addmarkermashupbubble=&#8220;false&#8220; addmarkermashupbubble=&#8220;false&#8220; addmarkerlist=&#8220;N21,Tralee,Ireland{}lodging_0star.png&#8220; bubbleautopan=&#8220;true&#8220; showbike=&#8220;false&#8220; showtraffic=&#8220;false&#8220; showpanoramio=&#8220;false&#8220;]<\/p>\n","protected":false},"excerpt":{"rendered":"<p>Ballyseede Castle N21 Tralee Co. Kerry Telephone:+353 1 2958900 Email:\u00a0ballyseede@manorhousehotels.com Homepage: http:\/\/manorhousehotels.com\/hotels\/ballyseede-castle\/ Beschreibung Herzlich Willkommen im Ballyseede Castle Hotel! Ballyseede Castle, eines der bekanntesten Schlosshotels in Irland, hat eine Geschichte, die zur\u00fcck in die 1590er Jahre geht. Dieses Schlosshotel, eines<span class=\"ellipsis\">&hellip;<\/span><\/p>\n<div class=\"read-more\"><a href=\"https:\/\/irland-reise-tipps.de\/de\/unterkunft\/hotels-in-kerry\/ballyseede-castle\/\">Weiterlesen &#8250;<\/a><\/div>\n<p><!-- end of .read-more --><\/p>\n","protected":false},"author":6,"featured_media":0,"parent":3394,"menu_order":0,"comment_status":"closed","ping_status":"closed","template":"","meta":{"footnotes":""},"class_list":["post-1594","page","type-page","status-publish","hentry"],"yoast_head":"<!-- This site is optimized with the Yoast SEO plugin v21.2 - https:\/\/yoast.com\/wordpress\/plugins\/seo\/ -->\n<title>Ballyseede Castle - Irland Reise Tipps<\/title>\n<meta name=\"description\" content=\"Gemeinsam die gr\u00fcne Insel Irland entdecken. Wir haben ausgew\u00e4hlte Veranstaltungen, Unterk\u00fcnfte und Touren mit den Highlights Irlands zusammengestellt.\" \/>\n<meta name=\"robots\" content=\"index, follow, max-snippet:-1, max-image-preview:large, max-video-preview:-1\" \/>\n<link rel=\"canonical\" href=\"https:\/\/irland-reise-tipps.de\/de\/unterkunft\/hotels-in-kerry\/ballyseede-castle\/\" \/>\n<meta property=\"og:locale\" content=\"de_DE\" \/>\n<meta property=\"og:type\" content=\"article\" \/>\n<meta property=\"og:title\" content=\"Ballyseede Castle - Irland Reise Tipps\" \/>\n<meta property=\"og:description\" content=\"Gemeinsam die gr\u00fcne Insel Irland entdecken. Wir haben ausgew\u00e4hlte Veranstaltungen, Unterk\u00fcnfte und Touren mit den Highlights Irlands zusammengestellt.\" \/>\n<meta property=\"og:url\" content=\"https:\/\/irland-reise-tipps.de\/de\/unterkunft\/hotels-in-kerry\/ballyseede-castle\/\" \/>\n<meta property=\"og:site_name\" content=\"Irland Reise Tipps\" \/>\n<meta property=\"article:modified_time\" content=\"2014-04-25T11:08:24+00:00\" \/>\n<meta name=\"twitter:label1\" content=\"Gesch\u00e4tzte Lesezeit\" \/>\n\t<meta name=\"twitter:data1\" content=\"1\u00a0Minute\" \/>\n<script type=\"application\/ld+json\" class=\"yoast-schema-graph\">{\"@context\":\"https:\/\/schema.org\",\"@graph\":[{\"@type\":\"WebPage\",\"@id\":\"https:\/\/irland-reise-tipps.de\/de\/unterkunft\/hotels-in-kerry\/ballyseede-castle\/\",\"url\":\"https:\/\/irland-reise-tipps.de\/de\/unterkunft\/hotels-in-kerry\/ballyseede-castle\/\",\"name\":\"Ballyseede Castle - Irland Reise Tipps\",\"isPartOf\":{\"@id\":\"https:\/\/irland-reise-tipps.de\/de\/#website\"},\"datePublished\":\"2013-03-11T10:59:22+00:00\",\"dateModified\":\"2014-04-25T11:08:24+00:00\",\"description\":\"Gemeinsam die gr\u00fcne Insel Irland entdecken. Wir haben ausgew\u00e4hlte Veranstaltungen, Unterk\u00fcnfte und Touren mit den Highlights Irlands zusammengestellt.\",\"breadcrumb\":{\"@id\":\"https:\/\/irland-reise-tipps.de\/de\/unterkunft\/hotels-in-kerry\/ballyseede-castle\/#breadcrumb\"},\"inLanguage\":\"de\",\"potentialAction\":[{\"@type\":\"ReadAction\",\"target\":[\"https:\/\/irland-reise-tipps.de\/de\/unterkunft\/hotels-in-kerry\/ballyseede-castle\/\"]}]},{\"@type\":\"BreadcrumbList\",\"@id\":\"https:\/\/irland-reise-tipps.de\/de\/unterkunft\/hotels-in-kerry\/ballyseede-castle\/#breadcrumb\",\"itemListElement\":[{\"@type\":\"ListItem\",\"position\":1,\"name\":\"Home\",\"item\":\"https:\/\/irland-reise-tipps.de\/de\/\"},{\"@type\":\"ListItem\",\"position\":2,\"name\":\"Unterkunft\",\"item\":\"https:\/\/irland-reise-tipps.de\/de\/unterkunft\/\"},{\"@type\":\"ListItem\",\"position\":3,\"name\":\"Hotels in Kerry\",\"item\":\"https:\/\/irland-reise-tipps.de\/de\/unterkunft\/hotels-in-kerry\/\"},{\"@type\":\"ListItem\",\"position\":4,\"name\":\"Ballyseede Castle\"}]},{\"@type\":\"WebSite\",\"@id\":\"https:\/\/irland-reise-tipps.de\/de\/#website\",\"url\":\"https:\/\/irland-reise-tipps.de\/de\/\",\"name\":\"Irland Reise Tipps\",\"description\":\"Gemeinsam die gr\u00fcne Insel entdecken\",\"potentialAction\":[{\"@type\":\"SearchAction\",\"target\":{\"@type\":\"EntryPoint\",\"urlTemplate\":\"https:\/\/irland-reise-tipps.de\/de\/?s={search_term_string}\"},\"query-input\":\"required name=search_term_string\"}],\"inLanguage\":\"de\"}]}<\/script>\n<!-- \/ Yoast SEO plugin. -->","yoast_head_json":{"title":"Ballyseede Castle - Irland Reise Tipps","description":"Gemeinsam die gr\u00fcne Insel Irland entdecken. Wir haben ausgew\u00e4hlte Veranstaltungen, Unterk\u00fcnfte und Touren mit den Highlights Irlands zusammengestellt.","robots":{"index":"index","follow":"follow","max-snippet":"max-snippet:-1","max-image-preview":"max-image-preview:large","max-video-preview":"max-video-preview:-1"},"canonical":"https:\/\/irland-reise-tipps.de\/de\/unterkunft\/hotels-in-kerry\/ballyseede-castle\/","og_locale":"de_DE","og_type":"article","og_title":"Ballyseede Castle - Irland Reise Tipps","og_description":"Gemeinsam die gr\u00fcne Insel Irland entdecken. Wir haben ausgew\u00e4hlte Veranstaltungen, Unterk\u00fcnfte und Touren mit den Highlights Irlands zusammengestellt.","og_url":"https:\/\/irland-reise-tipps.de\/de\/unterkunft\/hotels-in-kerry\/ballyseede-castle\/","og_site_name":"Irland Reise Tipps","article_modified_time":"2014-04-25T11:08:24+00:00","twitter_misc":{"Gesch\u00e4tzte Lesezeit":"1\u00a0Minute"},"schema":{"@context":"https:\/\/schema.org","@graph":[{"@type":"WebPage","@id":"https:\/\/irland-reise-tipps.de\/de\/unterkunft\/hotels-in-kerry\/ballyseede-castle\/","url":"https:\/\/irland-reise-tipps.de\/de\/unterkunft\/hotels-in-kerry\/ballyseede-castle\/","name":"Ballyseede Castle - Irland Reise Tipps","isPartOf":{"@id":"https:\/\/irland-reise-tipps.de\/de\/#website"},"datePublished":"2013-03-11T10:59:22+00:00","dateModified":"2014-04-25T11:08:24+00:00","description":"Gemeinsam die gr\u00fcne Insel Irland entdecken. Wir haben ausgew\u00e4hlte Veranstaltungen, Unterk\u00fcnfte und Touren mit den Highlights Irlands zusammengestellt.","breadcrumb":{"@id":"https:\/\/irland-reise-tipps.de\/de\/unterkunft\/hotels-in-kerry\/ballyseede-castle\/#breadcrumb"},"inLanguage":"de","potentialAction":[{"@type":"ReadAction","target":["https:\/\/irland-reise-tipps.de\/de\/unterkunft\/hotels-in-kerry\/ballyseede-castle\/"]}]},{"@type":"BreadcrumbList","@id":"https:\/\/irland-reise-tipps.de\/de\/unterkunft\/hotels-in-kerry\/ballyseede-castle\/#breadcrumb","itemListElement":[{"@type":"ListItem","position":1,"name":"Home","item":"https:\/\/irland-reise-tipps.de\/de\/"},{"@type":"ListItem","position":2,"name":"Unterkunft","item":"https:\/\/irland-reise-tipps.de\/de\/unterkunft\/"},{"@type":"ListItem","position":3,"name":"Hotels in Kerry","item":"https:\/\/irland-reise-tipps.de\/de\/unterkunft\/hotels-in-kerry\/"},{"@type":"ListItem","position":4,"name":"Ballyseede Castle"}]},{"@type":"WebSite","@id":"https:\/\/irland-reise-tipps.de\/de\/#website","url":"https:\/\/irland-reise-tipps.de\/de\/","name":"Irland Reise Tipps","description":"Gemeinsam die gr\u00fcne Insel entdecken","potentialAction":[{"@type":"SearchAction","target":{"@type":"EntryPoint","urlTemplate":"https:\/\/irland-reise-tipps.de\/de\/?s={search_term_string}"},"query-input":"required name=search_term_string"}],"inLanguage":"de"}]}},"_links":{"self":[{"href":"https:\/\/irland-reise-tipps.de\/de\/wp-json\/wp\/v2\/pages\/1594","targetHints":{"allow":["GET"]}}],"collection":[{"href":"https:\/\/irland-reise-tipps.de\/de\/wp-json\/wp\/v2\/pages"}],"about":[{"href":"https:\/\/irland-reise-tipps.de\/de\/wp-json\/wp\/v2\/types\/page"}],"author":[{"embeddable":true,"href":"https:\/\/irland-reise-tipps.de\/de\/wp-json\/wp\/v2\/users\/6"}],"replies":[{"embeddable":true,"href":"https:\/\/irland-reise-tipps.de\/de\/wp-json\/wp\/v2\/comments?post=1594"}],"version-history":[{"count":15,"href":"https:\/\/irland-reise-tipps.de\/de\/wp-json\/wp\/v2\/pages\/1594\/revisions"}],"predecessor-version":[{"id":3439,"href":"https:\/\/irland-reise-tipps.de\/de\/wp-json\/wp\/v2\/pages\/1594\/revisions\/3439"}],"up":[{"embeddable":true,"href":"https:\/\/irland-reise-tipps.de\/de\/wp-json\/wp\/v2\/pages\/3394"}],"wp:attachment":[{"href":"https:\/\/irland-reise-tipps.de\/de\/wp-json\/wp\/v2\/media?parent=1594"}],"curies":[{"name":"wp","href":"https:\/\/api.w.org\/{rel}","templated":true}]}}