{"id":1328,"date":"2013-03-07T19:18:09","date_gmt":"2013-03-07T18:18:09","guid":{"rendered":"http:\/\/irland-reise-tipps.de\/de\/?page_id=1328"},"modified":"2013-04-16T14:31:58","modified_gmt":"2013-04-16T12:31:58","slug":"county-cavan","status":"publish","type":"page","link":"https:\/\/irland-reise-tipps.de\/de\/counties-und-regionen\/county-cavan\/","title":{"rendered":"County Cavan"},"content":{"rendered":"<h4>Beschreibung<\/h4>\n<p>Hauptstadt: Cavan<br \/>\nBev\u00f6lkerung: ca. 72.000<br \/>\nFl\u00e4che: 1.931 km\u00b2<\/p>\n\n<div class=\"ngg-galleryoverview\" id=\"ngg-gallery--1328\">\n\n\n\t\n\t<!-- Thumbnails -->\n\t\t\n\t<div id=\"ngg-image-75\" class=\"ngg-gallery-thumbnail-box\"  >\n\t\t<div class=\"ngg-gallery-thumbnail\" >\n\t\t\t<a href=\"https:\/\/irland-reise-tipps.de\/de\/wp-content\/gallery\/county_cavan\/medium_9h0a5204_15_october_2012_009.jpg\" title=\" \" rel=\"lightbox[county-cavan]\" >\n\t\t\t\t\t\t\t\t<img loading=\"lazy\" decoding=\"async\" title=\"medium_9h0a5204_15_october_2012_009\" alt=\"medium_9h0a5204_15_october_2012_009\" src=\"https:\/\/irland-reise-tipps.de\/de\/wp-content\/gallery\/county_cavan\/thumbs\/thumbs_medium_9h0a5204_15_october_2012_009.jpg\" width=\"100\" height=\"75\" \/>\n\t\t\t\t\t\t\t<\/a>\n\t\t<\/div>\n\t<\/div>\n\t\n\t\t\n \t\t\n\t<div id=\"ngg-image-80\" class=\"ngg-gallery-thumbnail-box\"  >\n\t\t<div class=\"ngg-gallery-thumbnail\" >\n\t\t\t<a href=\"https:\/\/irland-reise-tipps.de\/de\/wp-content\/gallery\/county_cavan\/medium_HL1005-297.jpg\" title=\" \" rel=\"lightbox[county-cavan]\" >\n\t\t\t\t\t\t\t\t<img loading=\"lazy\" decoding=\"async\" title=\"medium_HL1005-297\" alt=\"medium_HL1005-297\" src=\"https:\/\/irland-reise-tipps.de\/de\/wp-content\/gallery\/county_cavan\/thumbs\/thumbs_medium_HL1005-297.jpg\" width=\"100\" height=\"75\" \/>\n\t\t\t\t\t\t\t<\/a>\n\t\t<\/div>\n\t<\/div>\n\t\n\t\t\n \t\t\n\t<div id=\"ngg-image-77\" class=\"ngg-gallery-thumbnail-box\"  >\n\t\t<div class=\"ngg-gallery-thumbnail\" >\n\t\t\t<a href=\"https:\/\/irland-reise-tipps.de\/de\/wp-content\/gallery\/county_cavan\/medium_9h0a5634_15_october_2012_013.jpg\" title=\" \" rel=\"lightbox[county-cavan]\" >\n\t\t\t\t\t\t\t\t<img loading=\"lazy\" decoding=\"async\" title=\"medium_9h0a5634_15_october_2012_013\" alt=\"medium_9h0a5634_15_october_2012_013\" src=\"https:\/\/irland-reise-tipps.de\/de\/wp-content\/gallery\/county_cavan\/thumbs\/thumbs_medium_9h0a5634_15_october_2012_013.jpg\" width=\"100\" height=\"75\" \/>\n\t\t\t\t\t\t\t<\/a>\n\t\t<\/div>\n\t<\/div>\n\t\n\t\t\n \t\t\n\t<div id=\"ngg-image-78\" class=\"ngg-gallery-thumbnail-box\"  >\n\t\t<div class=\"ngg-gallery-thumbnail\" >\n\t\t\t<a href=\"https:\/\/irland-reise-tipps.de\/de\/wp-content\/gallery\/county_cavan\/medium_HL1005-290.jpg\" title=\" \" rel=\"lightbox[county-cavan]\" >\n\t\t\t\t\t\t\t\t<img loading=\"lazy\" decoding=\"async\" title=\"medium_HL1005-290\" alt=\"medium_HL1005-290\" src=\"https:\/\/irland-reise-tipps.de\/de\/wp-content\/gallery\/county_cavan\/thumbs\/thumbs_medium_HL1005-290.jpg\" width=\"100\" height=\"75\" \/>\n\t\t\t\t\t\t\t<\/a>\n\t\t<\/div>\n\t<\/div>\n\t\n\t\t\n \t\t\n\t<div id=\"ngg-image-79\" class=\"ngg-gallery-thumbnail-box\"  >\n\t\t<div class=\"ngg-gallery-thumbnail\" >\n\t\t\t<a href=\"https:\/\/irland-reise-tipps.de\/de\/wp-content\/gallery\/county_cavan\/medium_HL1005-295.jpg\" title=\" \" rel=\"lightbox[county-cavan]\" >\n\t\t\t\t\t\t\t\t<img loading=\"lazy\" decoding=\"async\" title=\"medium_HL1005-295\" alt=\"medium_HL1005-295\" src=\"https:\/\/irland-reise-tipps.de\/de\/wp-content\/gallery\/county_cavan\/thumbs\/thumbs_medium_HL1005-295.jpg\" width=\"100\" height=\"75\" \/>\n\t\t\t\t\t\t\t<\/a>\n\t\t<\/div>\n\t<\/div>\n\t\n\t\t\n \t\t\n\t<div id=\"ngg-image-74\" class=\"ngg-gallery-thumbnail-box\"  >\n\t\t<div class=\"ngg-gallery-thumbnail\" >\n\t\t\t<a href=\"https:\/\/irland-reise-tipps.de\/de\/wp-content\/gallery\/county_cavan\/medium_07092012_fleadh_003.jpg\" title=\" \" rel=\"lightbox[county-cavan]\" >\n\t\t\t\t\t\t\t\t<img loading=\"lazy\" decoding=\"async\" title=\"medium_07092012_fleadh_003\" alt=\"medium_07092012_fleadh_003\" src=\"https:\/\/irland-reise-tipps.de\/de\/wp-content\/gallery\/county_cavan\/thumbs\/thumbs_medium_07092012_fleadh_003.jpg\" width=\"100\" height=\"75\" \/>\n\t\t\t\t\t\t\t<\/a>\n\t\t<\/div>\n\t<\/div>\n\t\n\t\t\n \t\t\n\t<div id=\"ngg-image-76\" class=\"ngg-gallery-thumbnail-box\"  >\n\t\t<div class=\"ngg-gallery-thumbnail\" >\n\t\t\t<a href=\"https:\/\/irland-reise-tipps.de\/de\/wp-content\/gallery\/county_cavan\/medium_9h0a5608_15_october_2012_012.jpg\" title=\" \" rel=\"lightbox[county-cavan]\" >\n\t\t\t\t\t\t\t\t<img loading=\"lazy\" decoding=\"async\" title=\"medium_9h0a5608_15_october_2012_012\" alt=\"medium_9h0a5608_15_october_2012_012\" src=\"https:\/\/irland-reise-tipps.de\/de\/wp-content\/gallery\/county_cavan\/thumbs\/thumbs_medium_9h0a5608_15_october_2012_012.jpg\" width=\"100\" height=\"75\" \/>\n\t\t\t\t\t\t\t<\/a>\n\t\t<\/div>\n\t<\/div>\n\t\n\t\t\n \t \t\n\t<!-- Pagination -->\n \t<div class=\"ngg-clear\"><\/div> \t\n<\/div>\n\n\n<p><a title=\"County Cavan\" href=\"http:\/\/irland-reise-tipps.de\/de\/bildergalerie\/county-cavan\/\">Bildergalerie f\u00fcr das County Cavan anzeigen \u00bb<\/a><\/p>\n<h4>Touren<\/h4>\n<ul class=\"lcp_catlist\"><\/ul>\n<h4>Highlights<\/h4>\n<ul>\n<li>Cabra Castle in Kingscourt<\/li>\n<li>Magh Sl\u00e9cht<\/li>\n<li>Terry Coyle Park<\/li>\n<li>Museum oft he Master Saddler<\/li>\n<li>Cavan Crystal<\/li>\n<li>Mable Arch Caves<\/li>\n<li>St. Kilian\u00b4s Heritage<\/li>\n<\/ul>\n<ul class=\"lcp_catlist\"><li><a href=\"https:\/\/irland-reise-tipps.de\/de\/highlights\/highlights-in-cavan\/cavan-crystal\/\" title=\"Cavan Crystal\">Cavan Crystal<\/a> <\/li><\/ul>\n<h4>Unterkunft<\/h4>\n<p>Keine Unterk\u00fcnfte gelistet.<\/p>\n<h4>Veranstaltungen<\/h4>\nKeine  Veranstaltungen gelistet.\n<p>&nbsp;<\/p>\n","protected":false},"excerpt":{"rendered":"<p>Beschreibung Hauptstadt: Cavan Bev\u00f6lkerung: ca. 72.000 Fl\u00e4che: 1.931 km\u00b2 Bildergalerie f\u00fcr das County Cavan anzeigen \u00bb Touren Highlights Cabra Castle in Kingscourt Magh Sl\u00e9cht Terry Coyle Park Museum oft he Master Saddler Cavan Crystal Mable Arch Caves St. Kilian\u00b4s Heritage<span class=\"ellipsis\">&hellip;<\/span><\/p>\n<div class=\"read-more\"><a href=\"https:\/\/irland-reise-tipps.de\/de\/counties-und-regionen\/county-cavan\/\">Weiterlesen &#8250;<\/a><\/div>\n<p><!-- end of .read-more --><\/p>\n","protected":false},"author":3,"featured_media":0,"parent":13,"menu_order":0,"comment_status":"closed","ping_status":"closed","template":"","meta":{"footnotes":""},"class_list":["post-1328","page","type-page","status-publish","hentry"],"yoast_head":"<!-- This site is optimized with the Yoast SEO plugin v21.2 - https:\/\/yoast.com\/wordpress\/plugins\/seo\/ -->\n<title>County Cavan - Irland Reise Tipps<\/title>\n<meta name=\"description\" content=\"Gemeinsam die gr\u00fcne Insel Irland entdecken. Wir haben ausgew\u00e4hlte Veranstaltungen, Unterk\u00fcnfte und Touren mit den Highlights Irlands zusammengestellt.\" \/>\n<meta name=\"robots\" content=\"index, follow, max-snippet:-1, max-image-preview:large, max-video-preview:-1\" \/>\n<link rel=\"canonical\" href=\"https:\/\/irland-reise-tipps.de\/de\/counties-und-regionen\/county-cavan\/\" \/>\n<meta property=\"og:locale\" content=\"de_DE\" \/>\n<meta property=\"og:type\" content=\"article\" \/>\n<meta property=\"og:title\" content=\"County Cavan - Irland Reise Tipps\" \/>\n<meta property=\"og:description\" content=\"Gemeinsam die gr\u00fcne Insel Irland entdecken. Wir haben ausgew\u00e4hlte Veranstaltungen, Unterk\u00fcnfte und Touren mit den Highlights Irlands zusammengestellt.\" \/>\n<meta property=\"og:url\" content=\"https:\/\/irland-reise-tipps.de\/de\/counties-und-regionen\/county-cavan\/\" \/>\n<meta property=\"og:site_name\" content=\"Irland Reise Tipps\" \/>\n<meta property=\"article:modified_time\" content=\"2013-04-16T12:31:58+00:00\" \/>\n<script type=\"application\/ld+json\" class=\"yoast-schema-graph\">{\"@context\":\"https:\/\/schema.org\",\"@graph\":[{\"@type\":\"WebPage\",\"@id\":\"https:\/\/irland-reise-tipps.de\/de\/counties-und-regionen\/county-cavan\/\",\"url\":\"https:\/\/irland-reise-tipps.de\/de\/counties-und-regionen\/county-cavan\/\",\"name\":\"County Cavan - Irland Reise Tipps\",\"isPartOf\":{\"@id\":\"https:\/\/irland-reise-tipps.de\/de\/#website\"},\"datePublished\":\"2013-03-07T18:18:09+00:00\",\"dateModified\":\"2013-04-16T12:31:58+00:00\",\"description\":\"Gemeinsam die gr\u00fcne Insel Irland entdecken. Wir haben ausgew\u00e4hlte Veranstaltungen, Unterk\u00fcnfte und Touren mit den Highlights Irlands zusammengestellt.\",\"breadcrumb\":{\"@id\":\"https:\/\/irland-reise-tipps.de\/de\/counties-und-regionen\/county-cavan\/#breadcrumb\"},\"inLanguage\":\"de\",\"potentialAction\":[{\"@type\":\"ReadAction\",\"target\":[\"https:\/\/irland-reise-tipps.de\/de\/counties-und-regionen\/county-cavan\/\"]}]},{\"@type\":\"BreadcrumbList\",\"@id\":\"https:\/\/irland-reise-tipps.de\/de\/counties-und-regionen\/county-cavan\/#breadcrumb\",\"itemListElement\":[{\"@type\":\"ListItem\",\"position\":1,\"name\":\"Home\",\"item\":\"https:\/\/irland-reise-tipps.de\/de\/\"},{\"@type\":\"ListItem\",\"position\":2,\"name\":\"Counties und Regionen\",\"item\":\"https:\/\/irland-reise-tipps.de\/de\/counties-und-regionen\/\"},{\"@type\":\"ListItem\",\"position\":3,\"name\":\"County Cavan\"}]},{\"@type\":\"WebSite\",\"@id\":\"https:\/\/irland-reise-tipps.de\/de\/#website\",\"url\":\"https:\/\/irland-reise-tipps.de\/de\/\",\"name\":\"Irland Reise Tipps\",\"description\":\"Gemeinsam die gr\u00fcne Insel entdecken\",\"potentialAction\":[{\"@type\":\"SearchAction\",\"target\":{\"@type\":\"EntryPoint\",\"urlTemplate\":\"https:\/\/irland-reise-tipps.de\/de\/?s={search_term_string}\"},\"query-input\":\"required name=search_term_string\"}],\"inLanguage\":\"de\"}]}<\/script>\n<!-- \/ Yoast SEO plugin. -->","yoast_head_json":{"title":"County Cavan - Irland Reise Tipps","description":"Gemeinsam die gr\u00fcne Insel Irland entdecken. Wir haben ausgew\u00e4hlte Veranstaltungen, Unterk\u00fcnfte und Touren mit den Highlights Irlands zusammengestellt.","robots":{"index":"index","follow":"follow","max-snippet":"max-snippet:-1","max-image-preview":"max-image-preview:large","max-video-preview":"max-video-preview:-1"},"canonical":"https:\/\/irland-reise-tipps.de\/de\/counties-und-regionen\/county-cavan\/","og_locale":"de_DE","og_type":"article","og_title":"County Cavan - Irland Reise Tipps","og_description":"Gemeinsam die gr\u00fcne Insel Irland entdecken. Wir haben ausgew\u00e4hlte Veranstaltungen, Unterk\u00fcnfte und Touren mit den Highlights Irlands zusammengestellt.","og_url":"https:\/\/irland-reise-tipps.de\/de\/counties-und-regionen\/county-cavan\/","og_site_name":"Irland Reise Tipps","article_modified_time":"2013-04-16T12:31:58+00:00","schema":{"@context":"https:\/\/schema.org","@graph":[{"@type":"WebPage","@id":"https:\/\/irland-reise-tipps.de\/de\/counties-und-regionen\/county-cavan\/","url":"https:\/\/irland-reise-tipps.de\/de\/counties-und-regionen\/county-cavan\/","name":"County Cavan - Irland Reise Tipps","isPartOf":{"@id":"https:\/\/irland-reise-tipps.de\/de\/#website"},"datePublished":"2013-03-07T18:18:09+00:00","dateModified":"2013-04-16T12:31:58+00:00","description":"Gemeinsam die gr\u00fcne Insel Irland entdecken. Wir haben ausgew\u00e4hlte Veranstaltungen, Unterk\u00fcnfte und Touren mit den Highlights Irlands zusammengestellt.","breadcrumb":{"@id":"https:\/\/irland-reise-tipps.de\/de\/counties-und-regionen\/county-cavan\/#breadcrumb"},"inLanguage":"de","potentialAction":[{"@type":"ReadAction","target":["https:\/\/irland-reise-tipps.de\/de\/counties-und-regionen\/county-cavan\/"]}]},{"@type":"BreadcrumbList","@id":"https:\/\/irland-reise-tipps.de\/de\/counties-und-regionen\/county-cavan\/#breadcrumb","itemListElement":[{"@type":"ListItem","position":1,"name":"Home","item":"https:\/\/irland-reise-tipps.de\/de\/"},{"@type":"ListItem","position":2,"name":"Counties und Regionen","item":"https:\/\/irland-reise-tipps.de\/de\/counties-und-regionen\/"},{"@type":"ListItem","position":3,"name":"County Cavan"}]},{"@type":"WebSite","@id":"https:\/\/irland-reise-tipps.de\/de\/#website","url":"https:\/\/irland-reise-tipps.de\/de\/","name":"Irland Reise Tipps","description":"Gemeinsam die gr\u00fcne Insel entdecken","potentialAction":[{"@type":"SearchAction","target":{"@type":"EntryPoint","urlTemplate":"https:\/\/irland-reise-tipps.de\/de\/?s={search_term_string}"},"query-input":"required name=search_term_string"}],"inLanguage":"de"}]}},"_links":{"self":[{"href":"https:\/\/irland-reise-tipps.de\/de\/wp-json\/wp\/v2\/pages\/1328","targetHints":{"allow":["GET"]}}],"collection":[{"href":"https:\/\/irland-reise-tipps.de\/de\/wp-json\/wp\/v2\/pages"}],"about":[{"href":"https:\/\/irland-reise-tipps.de\/de\/wp-json\/wp\/v2\/types\/page"}],"author":[{"embeddable":true,"href":"https:\/\/irland-reise-tipps.de\/de\/wp-json\/wp\/v2\/users\/3"}],"replies":[{"embeddable":true,"href":"https:\/\/irland-reise-tipps.de\/de\/wp-json\/wp\/v2\/comments?post=1328"}],"version-history":[{"count":8,"href":"https:\/\/irland-reise-tipps.de\/de\/wp-json\/wp\/v2\/pages\/1328\/revisions"}],"predecessor-version":[{"id":2546,"href":"https:\/\/irland-reise-tipps.de\/de\/wp-json\/wp\/v2\/pages\/1328\/revisions\/2546"}],"up":[{"embeddable":true,"href":"https:\/\/irland-reise-tipps.de\/de\/wp-json\/wp\/v2\/pages\/13"}],"wp:attachment":[{"href":"https:\/\/irland-reise-tipps.de\/de\/wp-json\/wp\/v2\/media?parent=1328"}],"curies":[{"name":"wp","href":"https:\/\/api.w.org\/{rel}","templated":true}]}}