{"id":1233,"date":"2013-03-08T11:35:51","date_gmt":"2013-03-08T10:35:51","guid":{"rendered":"http:\/\/irland-reise-tipps.de\/de\/?page_id=1233"},"modified":"2014-04-25T11:51:42","modified_gmt":"2014-04-25T09:51:42","slug":"the-grand-hotel-tralee","status":"publish","type":"page","link":"https:\/\/irland-reise-tipps.de\/de\/unterkunft\/hotels-in-kerry\/the-grand-hotel-tralee\/","title":{"rendered":"The Grand Hotel Tralee"},"content":{"rendered":"<h4><strong>Kontakt Details<\/strong><\/h4>\n<p>The Grand Hotel\n<a href=\"https:\/\/irland-reise-tipps.de\/de\/wp-content\/gallery\/unterkunft_grand-hotel\/k1024_john-cleary-pictures-front-of-hotel-2009-001.jpg\" title=\"Grand 1\" rel=\"lightbox[singlepic791]\" >\n\t<img decoding=\"async\" class=\"ngg-singlepic ngg-right\" src=\"https:\/\/irland-reise-tipps.de\/de\/wp-content\/gallery\/cache\/791__150x150_k1024_john-cleary-pictures-front-of-hotel-2009-001.jpg\" alt=\"k1024_john-cleary-pictures-front-of-hotel-2009-001\" title=\"k1024_john-cleary-pictures-front-of-hotel-2009-001\" \/>\n<\/a>\n<br \/>\nDenny Street<br \/>\nTralee<br \/>\nCo, Kerry<\/p>\n<p><b>Telephone:<\/b> +353 (0)66 712 1499<br \/>\n<b>Fax:<\/b> +353 (0) 66 712 2877<br \/>\n<b>Email:<\/b> <a href=\"mailto:info@grandhoteltralee.com\">info@grandhoteltralee.com<\/a><br \/>\n<b>Homepage:<\/b> <a title=\"Grand Hotel Tralee\" href=\"http:\/\/www.grandhoteltralee.com\" target=\"_blank\">http:\/\/www.grandhoteltralee.com<\/a><\/p>\n\n<div class=\"ngg-galleryoverview\" id=\"ngg-gallery-42-1233\">\n\n\n\t\n\t<!-- Thumbnails -->\n\t\t\n\t<div id=\"ngg-image-782\" class=\"ngg-gallery-thumbnail-box\"  >\n\t\t<div class=\"ngg-gallery-thumbnail\" >\n\t\t\t<a href=\"https:\/\/irland-reise-tipps.de\/de\/wp-content\/gallery\/unterkunft_grand-hotel\/k1024_4-dining-room-1.jpg\" title=\" \" rel=\"lightbox[set_42]\" >\n\t\t\t\t\t\t\t\t<img loading=\"lazy\" decoding=\"async\" title=\"k1024_4-dining-room-1\" alt=\"k1024_4-dining-room-1\" src=\"https:\/\/irland-reise-tipps.de\/de\/wp-content\/gallery\/unterkunft_grand-hotel\/thumbs\/thumbs_k1024_4-dining-room-1.jpg\" width=\"100\" height=\"75\" \/>\n\t\t\t\t\t\t\t<\/a>\n\t\t<\/div>\n\t<\/div>\n\t\n\t\t\n \t\t\n\t<div id=\"ngg-image-786\" class=\"ngg-gallery-thumbnail-box\"  >\n\t\t<div class=\"ngg-gallery-thumbnail\" >\n\t\t\t<a href=\"https:\/\/irland-reise-tipps.de\/de\/wp-content\/gallery\/unterkunft_grand-hotel\/k1024_4-dining-room.jpg\" title=\" \" rel=\"lightbox[set_42]\" >\n\t\t\t\t\t\t\t\t<img loading=\"lazy\" decoding=\"async\" title=\"k1024_4-dining-room\" alt=\"k1024_4-dining-room\" src=\"https:\/\/irland-reise-tipps.de\/de\/wp-content\/gallery\/unterkunft_grand-hotel\/thumbs\/thumbs_k1024_4-dining-room.jpg\" width=\"100\" height=\"75\" \/>\n\t\t\t\t\t\t\t<\/a>\n\t\t<\/div>\n\t<\/div>\n\t\n\t\t\n \t\t\n\t<div id=\"ngg-image-789\" class=\"ngg-gallery-thumbnail-box\"  >\n\t\t<div class=\"ngg-gallery-thumbnail\" >\n\t\t\t<a href=\"https:\/\/irland-reise-tipps.de\/de\/wp-content\/gallery\/unterkunft_grand-hotel\/k1024_8a.jpg\" title=\" \" rel=\"lightbox[set_42]\" >\n\t\t\t\t\t\t\t\t<img loading=\"lazy\" decoding=\"async\" title=\"k1024_8a\" alt=\"k1024_8a\" src=\"https:\/\/irland-reise-tipps.de\/de\/wp-content\/gallery\/unterkunft_grand-hotel\/thumbs\/thumbs_k1024_8a.jpg\" width=\"100\" height=\"75\" \/>\n\t\t\t\t\t\t\t<\/a>\n\t\t<\/div>\n\t<\/div>\n\t\n\t\t\n \t\t\n\t<div id=\"ngg-image-790\" class=\"ngg-gallery-thumbnail-box\"  >\n\t\t<div class=\"ngg-gallery-thumbnail\" >\n\t\t\t<a href=\"https:\/\/irland-reise-tipps.de\/de\/wp-content\/gallery\/unterkunft_grand-hotel\/k1024_january-2010-snow-104.jpg\" title=\" \" rel=\"lightbox[set_42]\" >\n\t\t\t\t\t\t\t\t<img loading=\"lazy\" decoding=\"async\" title=\"k1024_january-2010-snow-104\" alt=\"k1024_january-2010-snow-104\" src=\"https:\/\/irland-reise-tipps.de\/de\/wp-content\/gallery\/unterkunft_grand-hotel\/thumbs\/thumbs_k1024_january-2010-snow-104.jpg\" width=\"100\" height=\"75\" \/>\n\t\t\t\t\t\t\t<\/a>\n\t\t<\/div>\n\t<\/div>\n\t\n\t\t\n \t\t\n\t<div id=\"ngg-image-791\" class=\"ngg-gallery-thumbnail-box\"  >\n\t\t<div class=\"ngg-gallery-thumbnail\" >\n\t\t\t<a href=\"https:\/\/irland-reise-tipps.de\/de\/wp-content\/gallery\/unterkunft_grand-hotel\/k1024_john-cleary-pictures-front-of-hotel-2009-001.jpg\" title=\"Grand 1\" rel=\"lightbox[set_42]\" >\n\t\t\t\t\t\t\t\t<img loading=\"lazy\" decoding=\"async\" title=\"k1024_john-cleary-pictures-front-of-hotel-2009-001\" alt=\"k1024_john-cleary-pictures-front-of-hotel-2009-001\" src=\"https:\/\/irland-reise-tipps.de\/de\/wp-content\/gallery\/unterkunft_grand-hotel\/thumbs\/thumbs_k1024_john-cleary-pictures-front-of-hotel-2009-001.jpg\" width=\"100\" height=\"75\" \/>\n\t\t\t\t\t\t\t<\/a>\n\t\t<\/div>\n\t<\/div>\n\t\n\t\t\n \t \t\n\t<!-- Pagination -->\n \t<div class=\"ngg-clear\"><\/div> \t\n<\/div>\n\n\n<h4 style=\"text-align: left;\">Beschreibung<\/h4>\n<p><b>Herzlich Willkommen im Grand Hotel Tralee!<\/b><\/p>\n<p>Mitten im Herzen von Tralee, nur 2 Gehminuten vom Siamsa Theater entfernt, liegt das traditionsreichste aller Hotels in Tralee und Kerry.<br \/>\nErleben Sie in unserem 3 Sterne Hotel durch geschmackvolle und traditionsreiche Restaurierung ein ganz echtes und typisch irisches Hotelerlebnis.<\/p>\n<p>Jedes unserer 44 Zimmer ist modern eingerichtet und mit allem ausgestattet, was Sie zur Erholung ben\u00f6tigen, inklusive kostenlosem WLAN Zugang.<br \/>\nIn unserer Bar genie\u00dfen Sie traditionelle Gastfreundlichkeit bei lebhafter Atmosph\u00e4re. Warme K\u00fcche ist ganzt\u00e4gig erh\u00e4ltlich. Freitag abends finden traditionelle irische Musikveranstaltungen statt. In unserem Restaurant kosten Sie das Beste aus einheimischen Produkten.<\/p>\n<p>Wir freuen uns auf Ihren Besuch in unserem Hause!<\/p>\n<h4>Lage des Hotels und Sehensw\u00fcrdigkeiten in der N\u00e4he<\/h4>\n<p>[google-map-v3 width=&#8220;600&#8243; height=&#8220;400&#8243; zoom=&#8220;12&#8243; maptype=&#8220;roadmap&#8220; mapalign=&#8220;center&#8220; directionhint=&#8220;false&#8220; language=&#8220;de&#8220; poweredby=&#8220;false&#8220; maptypecontrol=&#8220;true&#8220; pancontrol=&#8220;true&#8220; zoomcontrol=&#8220;true&#8220; scalecontrol=&#8220;true&#8220; streetviewcontrol=&#8220;true&#8220; scrollwheelcontrol=&#8220;false&#8220; draggable=&#8220;true&#8220; tiltfourtyfive=&#8220;false&#8220; addmarkermashupbubble=&#8220;false&#8220; addmarkermashupbubble=&#8220;false&#8220; addmarkerlist=&#8220;Denny Street,Tralee,Ireland{}lodging_0star.png&#8220; bubbleautopan=&#8220;true&#8220; showbike=&#8220;false&#8220; showtraffic=&#8220;false&#8220; showpanoramio=&#8220;false&#8220;]<\/p>\n","protected":false},"excerpt":{"rendered":"<p>Kontakt Details The Grand Hotel Denny Street Tralee Co, Kerry Telephone: +353 (0)66 712 1499 Fax: +353 (0) 66 712 2877 Email: info@grandhoteltralee.com Homepage: http:\/\/www.grandhoteltralee.com Beschreibung Herzlich Willkommen im Grand Hotel Tralee! Mitten im Herzen von Tralee, nur 2 Gehminuten<span class=\"ellipsis\">&hellip;<\/span><\/p>\n<div class=\"read-more\"><a href=\"https:\/\/irland-reise-tipps.de\/de\/unterkunft\/hotels-in-kerry\/the-grand-hotel-tralee\/\">Weiterlesen &#8250;<\/a><\/div>\n<p><!-- end of .read-more --><\/p>\n","protected":false},"author":6,"featured_media":0,"parent":3394,"menu_order":0,"comment_status":"closed","ping_status":"closed","template":"","meta":{"footnotes":""},"class_list":["post-1233","page","type-page","status-publish","hentry"],"yoast_head":"<!-- This site is optimized with the Yoast SEO plugin v21.2 - https:\/\/yoast.com\/wordpress\/plugins\/seo\/ -->\n<title>The Grand Hotel Tralee - Irland Reise Tipps<\/title>\n<meta name=\"description\" content=\"Gemeinsam die gr\u00fcne Insel Irland entdecken. Wir haben ausgew\u00e4hlte Veranstaltungen, Unterk\u00fcnfte und Touren mit den Highlights Irlands zusammengestellt.\" \/>\n<meta name=\"robots\" content=\"index, follow, max-snippet:-1, max-image-preview:large, max-video-preview:-1\" \/>\n<link rel=\"canonical\" href=\"https:\/\/irland-reise-tipps.de\/de\/unterkunft\/hotels-in-kerry\/the-grand-hotel-tralee\/\" \/>\n<meta property=\"og:locale\" content=\"de_DE\" \/>\n<meta property=\"og:type\" content=\"article\" \/>\n<meta property=\"og:title\" content=\"The Grand Hotel Tralee - Irland Reise Tipps\" \/>\n<meta property=\"og:description\" content=\"Gemeinsam die gr\u00fcne Insel Irland entdecken. Wir haben ausgew\u00e4hlte Veranstaltungen, Unterk\u00fcnfte und Touren mit den Highlights Irlands zusammengestellt.\" \/>\n<meta property=\"og:url\" content=\"https:\/\/irland-reise-tipps.de\/de\/unterkunft\/hotels-in-kerry\/the-grand-hotel-tralee\/\" \/>\n<meta property=\"og:site_name\" content=\"Irland Reise Tipps\" \/>\n<meta property=\"article:modified_time\" content=\"2014-04-25T09:51:42+00:00\" \/>\n<meta name=\"twitter:label1\" content=\"Gesch\u00e4tzte Lesezeit\" \/>\n\t<meta name=\"twitter:data1\" content=\"1\u00a0Minute\" \/>\n<script type=\"application\/ld+json\" class=\"yoast-schema-graph\">{\"@context\":\"https:\/\/schema.org\",\"@graph\":[{\"@type\":\"WebPage\",\"@id\":\"https:\/\/irland-reise-tipps.de\/de\/unterkunft\/hotels-in-kerry\/the-grand-hotel-tralee\/\",\"url\":\"https:\/\/irland-reise-tipps.de\/de\/unterkunft\/hotels-in-kerry\/the-grand-hotel-tralee\/\",\"name\":\"The Grand Hotel Tralee - Irland Reise Tipps\",\"isPartOf\":{\"@id\":\"https:\/\/irland-reise-tipps.de\/de\/#website\"},\"datePublished\":\"2013-03-08T10:35:51+00:00\",\"dateModified\":\"2014-04-25T09:51:42+00:00\",\"description\":\"Gemeinsam die gr\u00fcne Insel Irland entdecken. Wir haben ausgew\u00e4hlte Veranstaltungen, Unterk\u00fcnfte und Touren mit den Highlights Irlands zusammengestellt.\",\"breadcrumb\":{\"@id\":\"https:\/\/irland-reise-tipps.de\/de\/unterkunft\/hotels-in-kerry\/the-grand-hotel-tralee\/#breadcrumb\"},\"inLanguage\":\"de\",\"potentialAction\":[{\"@type\":\"ReadAction\",\"target\":[\"https:\/\/irland-reise-tipps.de\/de\/unterkunft\/hotels-in-kerry\/the-grand-hotel-tralee\/\"]}]},{\"@type\":\"BreadcrumbList\",\"@id\":\"https:\/\/irland-reise-tipps.de\/de\/unterkunft\/hotels-in-kerry\/the-grand-hotel-tralee\/#breadcrumb\",\"itemListElement\":[{\"@type\":\"ListItem\",\"position\":1,\"name\":\"Home\",\"item\":\"https:\/\/irland-reise-tipps.de\/de\/\"},{\"@type\":\"ListItem\",\"position\":2,\"name\":\"Unterkunft\",\"item\":\"https:\/\/irland-reise-tipps.de\/de\/unterkunft\/\"},{\"@type\":\"ListItem\",\"position\":3,\"name\":\"Hotels in Kerry\",\"item\":\"https:\/\/irland-reise-tipps.de\/de\/unterkunft\/hotels-in-kerry\/\"},{\"@type\":\"ListItem\",\"position\":4,\"name\":\"The Grand Hotel Tralee\"}]},{\"@type\":\"WebSite\",\"@id\":\"https:\/\/irland-reise-tipps.de\/de\/#website\",\"url\":\"https:\/\/irland-reise-tipps.de\/de\/\",\"name\":\"Irland Reise Tipps\",\"description\":\"Gemeinsam die gr\u00fcne Insel entdecken\",\"potentialAction\":[{\"@type\":\"SearchAction\",\"target\":{\"@type\":\"EntryPoint\",\"urlTemplate\":\"https:\/\/irland-reise-tipps.de\/de\/?s={search_term_string}\"},\"query-input\":\"required name=search_term_string\"}],\"inLanguage\":\"de\"}]}<\/script>\n<!-- \/ Yoast SEO plugin. -->","yoast_head_json":{"title":"The Grand Hotel Tralee - Irland Reise Tipps","description":"Gemeinsam die gr\u00fcne Insel Irland entdecken. Wir haben ausgew\u00e4hlte Veranstaltungen, Unterk\u00fcnfte und Touren mit den Highlights Irlands zusammengestellt.","robots":{"index":"index","follow":"follow","max-snippet":"max-snippet:-1","max-image-preview":"max-image-preview:large","max-video-preview":"max-video-preview:-1"},"canonical":"https:\/\/irland-reise-tipps.de\/de\/unterkunft\/hotels-in-kerry\/the-grand-hotel-tralee\/","og_locale":"de_DE","og_type":"article","og_title":"The Grand Hotel Tralee - Irland Reise Tipps","og_description":"Gemeinsam die gr\u00fcne Insel Irland entdecken. Wir haben ausgew\u00e4hlte Veranstaltungen, Unterk\u00fcnfte und Touren mit den Highlights Irlands zusammengestellt.","og_url":"https:\/\/irland-reise-tipps.de\/de\/unterkunft\/hotels-in-kerry\/the-grand-hotel-tralee\/","og_site_name":"Irland Reise Tipps","article_modified_time":"2014-04-25T09:51:42+00:00","twitter_misc":{"Gesch\u00e4tzte Lesezeit":"1\u00a0Minute"},"schema":{"@context":"https:\/\/schema.org","@graph":[{"@type":"WebPage","@id":"https:\/\/irland-reise-tipps.de\/de\/unterkunft\/hotels-in-kerry\/the-grand-hotel-tralee\/","url":"https:\/\/irland-reise-tipps.de\/de\/unterkunft\/hotels-in-kerry\/the-grand-hotel-tralee\/","name":"The Grand Hotel Tralee - Irland Reise Tipps","isPartOf":{"@id":"https:\/\/irland-reise-tipps.de\/de\/#website"},"datePublished":"2013-03-08T10:35:51+00:00","dateModified":"2014-04-25T09:51:42+00:00","description":"Gemeinsam die gr\u00fcne Insel Irland entdecken. Wir haben ausgew\u00e4hlte Veranstaltungen, Unterk\u00fcnfte und Touren mit den Highlights Irlands zusammengestellt.","breadcrumb":{"@id":"https:\/\/irland-reise-tipps.de\/de\/unterkunft\/hotels-in-kerry\/the-grand-hotel-tralee\/#breadcrumb"},"inLanguage":"de","potentialAction":[{"@type":"ReadAction","target":["https:\/\/irland-reise-tipps.de\/de\/unterkunft\/hotels-in-kerry\/the-grand-hotel-tralee\/"]}]},{"@type":"BreadcrumbList","@id":"https:\/\/irland-reise-tipps.de\/de\/unterkunft\/hotels-in-kerry\/the-grand-hotel-tralee\/#breadcrumb","itemListElement":[{"@type":"ListItem","position":1,"name":"Home","item":"https:\/\/irland-reise-tipps.de\/de\/"},{"@type":"ListItem","position":2,"name":"Unterkunft","item":"https:\/\/irland-reise-tipps.de\/de\/unterkunft\/"},{"@type":"ListItem","position":3,"name":"Hotels in Kerry","item":"https:\/\/irland-reise-tipps.de\/de\/unterkunft\/hotels-in-kerry\/"},{"@type":"ListItem","position":4,"name":"The Grand Hotel Tralee"}]},{"@type":"WebSite","@id":"https:\/\/irland-reise-tipps.de\/de\/#website","url":"https:\/\/irland-reise-tipps.de\/de\/","name":"Irland Reise Tipps","description":"Gemeinsam die gr\u00fcne Insel entdecken","potentialAction":[{"@type":"SearchAction","target":{"@type":"EntryPoint","urlTemplate":"https:\/\/irland-reise-tipps.de\/de\/?s={search_term_string}"},"query-input":"required name=search_term_string"}],"inLanguage":"de"}]}},"_links":{"self":[{"href":"https:\/\/irland-reise-tipps.de\/de\/wp-json\/wp\/v2\/pages\/1233","targetHints":{"allow":["GET"]}}],"collection":[{"href":"https:\/\/irland-reise-tipps.de\/de\/wp-json\/wp\/v2\/pages"}],"about":[{"href":"https:\/\/irland-reise-tipps.de\/de\/wp-json\/wp\/v2\/types\/page"}],"author":[{"embeddable":true,"href":"https:\/\/irland-reise-tipps.de\/de\/wp-json\/wp\/v2\/users\/6"}],"replies":[{"embeddable":true,"href":"https:\/\/irland-reise-tipps.de\/de\/wp-json\/wp\/v2\/comments?post=1233"}],"version-history":[{"count":20,"href":"https:\/\/irland-reise-tipps.de\/de\/wp-json\/wp\/v2\/pages\/1233\/revisions"}],"predecessor-version":[{"id":3396,"href":"https:\/\/irland-reise-tipps.de\/de\/wp-json\/wp\/v2\/pages\/1233\/revisions\/3396"}],"up":[{"embeddable":true,"href":"https:\/\/irland-reise-tipps.de\/de\/wp-json\/wp\/v2\/pages\/3394"}],"wp:attachment":[{"href":"https:\/\/irland-reise-tipps.de\/de\/wp-json\/wp\/v2\/media?parent=1233"}],"curies":[{"name":"wp","href":"https:\/\/api.w.org\/{rel}","templated":true}]}}