{"id":1170,"date":"2013-03-05T11:31:10","date_gmt":"2013-03-05T10:31:10","guid":{"rendered":"http:\/\/irland-reise-tipps.de\/de\/?page_id=1170"},"modified":"2013-03-19T20:05:59","modified_gmt":"2013-03-19T19:05:59","slug":"flannerys-hotel-galway","status":"publish","type":"page","link":"https:\/\/irland-reise-tipps.de\/de\/unterkunft\/hotels-in-galway\/flannerys-hotel-galway\/","title":{"rendered":"Flannery&#8217;s Hotel Galway"},"content":{"rendered":"<h4><strong>Kontakt Details<img loading=\"lazy\" decoding=\"async\" class=\"alignright size-thumbnail wp-image-1530\" alt=\"flannerys5-1024x737\" src=\"http:\/\/irland-reise-tipps.de\/de\/wp-content\/uploads\/2013\/03\/flannerys5-1024x7371-150x150.jpg\" width=\"150\" height=\"150\" \/><\/strong><\/h4>\n<p>Flannery&#8217;s Hotel<br \/>\nDublin Road<br \/>\nGalway City East<br \/>\nGalway<br \/>\nIrland<\/p>\n<p style=\"text-align: left;\"><strong>Telephone:<\/strong> (+353) 91 755111<br \/>\n<strong>Fax:<\/strong> (+353) 91 753078<br \/>\n<strong>Email:<\/strong> <a href=\"mailto:reservations@flanneryshotel.net\">reservations@flanneryshotel.net<\/a><br \/>\n<strong>Homepage:<\/strong> <a title=\"Flannery's Hotel Galway\" href=\"http:\/\/www.flanneryshotelgalway.com\/\" target=\"_blank\">http:\/\/www.flanneryshotelgalway.com\/<\/a><\/p>\n\n<div class=\"ngg-galleryoverview\" id=\"ngg-gallery-41-1170\">\n\n\n\t\n\t<!-- Thumbnails -->\n\t\t\n\t<div id=\"ngg-image-650\" class=\"ngg-gallery-thumbnail-box\"  >\n\t\t<div class=\"ngg-gallery-thumbnail\" >\n\t\t\t<a href=\"https:\/\/irland-reise-tipps.de\/de\/wp-content\/gallery\/unterkunft_flannerys-hotel\/flannerys.jpg\" title=\" \" rel=\"lightbox[set_41]\" >\n\t\t\t\t\t\t\t\t<img loading=\"lazy\" decoding=\"async\" title=\"flannerys\" alt=\"flannerys\" src=\"https:\/\/irland-reise-tipps.de\/de\/wp-content\/gallery\/unterkunft_flannerys-hotel\/thumbs\/thumbs_flannerys.jpg\" width=\"100\" height=\"75\" \/>\n\t\t\t\t\t\t\t<\/a>\n\t\t<\/div>\n\t<\/div>\n\t\n\t\t\n \t\t\n\t<div id=\"ngg-image-651\" class=\"ngg-gallery-thumbnail-box\"  >\n\t\t<div class=\"ngg-gallery-thumbnail\" >\n\t\t\t<a href=\"https:\/\/irland-reise-tipps.de\/de\/wp-content\/gallery\/unterkunft_flannerys-hotel\/flannerys1.jpg\" title=\" \" rel=\"lightbox[set_41]\" >\n\t\t\t\t\t\t\t\t<img loading=\"lazy\" decoding=\"async\" title=\"flannerys1\" alt=\"flannerys1\" src=\"https:\/\/irland-reise-tipps.de\/de\/wp-content\/gallery\/unterkunft_flannerys-hotel\/thumbs\/thumbs_flannerys1.jpg\" width=\"100\" height=\"75\" \/>\n\t\t\t\t\t\t\t<\/a>\n\t\t<\/div>\n\t<\/div>\n\t\n\t\t\n \t\t\n\t<div id=\"ngg-image-652\" class=\"ngg-gallery-thumbnail-box\"  >\n\t\t<div class=\"ngg-gallery-thumbnail\" >\n\t\t\t<a href=\"https:\/\/irland-reise-tipps.de\/de\/wp-content\/gallery\/unterkunft_flannerys-hotel\/flannerys2.jpg\" title=\" \" rel=\"lightbox[set_41]\" >\n\t\t\t\t\t\t\t\t<img loading=\"lazy\" decoding=\"async\" title=\"flannerys2\" alt=\"flannerys2\" src=\"https:\/\/irland-reise-tipps.de\/de\/wp-content\/gallery\/unterkunft_flannerys-hotel\/thumbs\/thumbs_flannerys2.jpg\" width=\"100\" height=\"75\" \/>\n\t\t\t\t\t\t\t<\/a>\n\t\t<\/div>\n\t<\/div>\n\t\n\t\t\n \t\t\n\t<div id=\"ngg-image-629\" class=\"ngg-gallery-thumbnail-box\"  >\n\t\t<div class=\"ngg-gallery-thumbnail\" >\n\t\t\t<a href=\"https:\/\/irland-reise-tipps.de\/de\/wp-content\/gallery\/unterkunft_flannerys-hotel\/flannerys3.jpg\" title=\" \" rel=\"lightbox[set_41]\" >\n\t\t\t\t\t\t\t\t<img loading=\"lazy\" decoding=\"async\" title=\"flannerys3\" alt=\"flannerys3\" src=\"https:\/\/irland-reise-tipps.de\/de\/wp-content\/gallery\/unterkunft_flannerys-hotel\/thumbs\/thumbs_flannerys3.jpg\" width=\"100\" height=\"75\" \/>\n\t\t\t\t\t\t\t<\/a>\n\t\t<\/div>\n\t<\/div>\n\t\n\t\t\n \t\t\n\t<div id=\"ngg-image-654\" class=\"ngg-gallery-thumbnail-box\"  >\n\t\t<div class=\"ngg-gallery-thumbnail\" >\n\t\t\t<a href=\"https:\/\/irland-reise-tipps.de\/de\/wp-content\/gallery\/unterkunft_flannerys-hotel\/flannerys4_0.jpg\" title=\" \" rel=\"lightbox[set_41]\" >\n\t\t\t\t\t\t\t\t<img loading=\"lazy\" decoding=\"async\" title=\"flannerys4_0\" alt=\"flannerys4_0\" src=\"https:\/\/irland-reise-tipps.de\/de\/wp-content\/gallery\/unterkunft_flannerys-hotel\/thumbs\/thumbs_flannerys4_0.jpg\" width=\"100\" height=\"75\" \/>\n\t\t\t\t\t\t\t<\/a>\n\t\t<\/div>\n\t<\/div>\n\t\n\t\t\n \t \t\n\t<!-- Pagination -->\n \t<div class=\"ngg-clear\"><\/div> \t\n<\/div>\n\n\n<h4 style=\"text-align: left;\">Beschreibung<\/h4>\n<p><b>Herzlich Willkommen im Flannery\u2019s Hotel Galway!<\/b><br \/>\nGut zu erreichen im \u00f6stlichen Teil von Galway liegt unser familienbetriebenes 3 Sterne Hotel.<br \/>\nWir bieten Ihnen 134 komfortabel und liebevoll ausgestattete Zimmer, die alles beinhalten was Ihren Besuch bei uns so angenehm wie m\u00f6glich macht, inklusive kostenlosem WLAN Zugang.<br \/>\nGenie\u00dfen Sie in unserem \u201eGalwegians Restaurant\u201c typisch Irische hausgemachte K\u00fcche sowie Meeresfr\u00fcchte, Vegetarisches und fantastische Desserts.<br \/>\nAuch in \u201eFrankies Bar &amp; Bistro\u201c haben sie die M\u00f6glichkeit Bar-Food zu genie\u00dfen und das ein oder andere Guinness zu trinken.<\/p>\n<p>Galway ist eine der belebtesten St\u00e4dte Irlands und die Innenstadt von uns aus nur einen angenehmen Spaziergang oder 5 Auto Minuten entfernt.<\/p>\n<p>Seit mehr als 40 Jahren arbeiten wir hier unter dem Motto <b>\u201cArive as a guest \u2013 Leave us as a friend\u201c<\/b><br \/>\nWir hoffen Sie bald in unserem Hotel begr\u00fc\u00dfen zu d\u00fcrfen und Ihnen einen angenehmen Aufenthalt in Galway zu garantieren.<\/p>\n<h4>Lage des Hotels und Sehensw\u00fcrdigkeiten in der N\u00e4he<\/h4>\n<p>[google-map-v3 width=&#8220;600&#8243; height=&#8220;400&#8243; zoom=&#8220;15&#8243; maptype=&#8220;roadmap&#8220; mapalign=&#8220;center&#8220; directionhint=&#8220;false&#8220; language=&#8220;default&#8220; poweredby=&#8220;false&#8220; maptypecontrol=&#8220;true&#8220; pancontrol=&#8220;true&#8220; zoomcontrol=&#8220;true&#8220; scalecontrol=&#8220;true&#8220; streetviewcontrol=&#8220;true&#8220; scrollwheelcontrol=&#8220;false&#8220; draggable=&#8220;true&#8220; tiltfourtyfive=&#8220;false&#8220; addmarkermashupbubble=&#8220;false&#8220; addmarkermashupbubble=&#8220;false&#8220; addmarkerlist=&#8220;Dublin Road,Galway,Ireland&#8220; bubbleautopan=&#8220;true&#8220; showbike=&#8220;false&#8220; showtraffic=&#8220;false&#8220; showpanoramio=&#8220;false&#8220;]<\/p>\n","protected":false},"excerpt":{"rendered":"<p>Kontakt Details Flannery&#8217;s Hotel Dublin Road Galway City East Galway Irland Telephone: (+353) 91 755111 Fax: (+353) 91 753078 Email: reservations@flanneryshotel.net Homepage: http:\/\/www.flanneryshotelgalway.com\/ Beschreibung Herzlich Willkommen im Flannery\u2019s Hotel Galway! Gut zu erreichen im \u00f6stlichen Teil von Galway liegt unser<span class=\"ellipsis\">&hellip;<\/span><\/p>\n<div class=\"read-more\"><a href=\"https:\/\/irland-reise-tipps.de\/de\/unterkunft\/hotels-in-galway\/flannerys-hotel-galway\/\">Weiterlesen &#8250;<\/a><\/div>\n<p><!-- end of .read-more --><\/p>\n","protected":false},"author":6,"featured_media":0,"parent":1218,"menu_order":0,"comment_status":"closed","ping_status":"closed","template":"","meta":{"footnotes":""},"class_list":["post-1170","page","type-page","status-publish","hentry"],"yoast_head":"<!-- This site is optimized with the Yoast SEO plugin v21.2 - https:\/\/yoast.com\/wordpress\/plugins\/seo\/ -->\n<title>Flannery&#039;s Hotel Galway - Irland Reise Tipps<\/title>\n<meta name=\"description\" content=\"Gemeinsam die gr\u00fcne Insel Irland entdecken. Wir haben ausgew\u00e4hlte Veranstaltungen, Unterk\u00fcnfte und Touren mit den Highlights Irlands zusammengestellt.\" \/>\n<meta name=\"robots\" content=\"index, follow, max-snippet:-1, max-image-preview:large, max-video-preview:-1\" \/>\n<link rel=\"canonical\" href=\"https:\/\/irland-reise-tipps.de\/de\/unterkunft\/hotels-in-galway\/flannerys-hotel-galway\/\" \/>\n<meta property=\"og:locale\" content=\"de_DE\" \/>\n<meta property=\"og:type\" content=\"article\" \/>\n<meta property=\"og:title\" content=\"Flannery&#039;s Hotel Galway - Irland Reise Tipps\" \/>\n<meta property=\"og:description\" content=\"Gemeinsam die gr\u00fcne Insel Irland entdecken. Wir haben ausgew\u00e4hlte Veranstaltungen, Unterk\u00fcnfte und Touren mit den Highlights Irlands zusammengestellt.\" \/>\n<meta property=\"og:url\" content=\"https:\/\/irland-reise-tipps.de\/de\/unterkunft\/hotels-in-galway\/flannerys-hotel-galway\/\" \/>\n<meta property=\"og:site_name\" content=\"Irland Reise Tipps\" \/>\n<meta property=\"article:modified_time\" content=\"2013-03-19T19:05:59+00:00\" \/>\n<meta property=\"og:image\" content=\"http:\/\/irland-reise-tipps.de\/de\/wp-content\/uploads\/2013\/03\/flannerys5-1024x7371-150x150.jpg\" \/>\n<meta name=\"twitter:label1\" content=\"Gesch\u00e4tzte Lesezeit\" \/>\n\t<meta name=\"twitter:data1\" content=\"1\u00a0Minute\" \/>\n<script type=\"application\/ld+json\" class=\"yoast-schema-graph\">{\"@context\":\"https:\/\/schema.org\",\"@graph\":[{\"@type\":\"WebPage\",\"@id\":\"https:\/\/irland-reise-tipps.de\/de\/unterkunft\/hotels-in-galway\/flannerys-hotel-galway\/\",\"url\":\"https:\/\/irland-reise-tipps.de\/de\/unterkunft\/hotels-in-galway\/flannerys-hotel-galway\/\",\"name\":\"Flannery's Hotel Galway - Irland Reise Tipps\",\"isPartOf\":{\"@id\":\"https:\/\/irland-reise-tipps.de\/de\/#website\"},\"datePublished\":\"2013-03-05T10:31:10+00:00\",\"dateModified\":\"2013-03-19T19:05:59+00:00\",\"description\":\"Gemeinsam die gr\u00fcne Insel Irland entdecken. Wir haben ausgew\u00e4hlte Veranstaltungen, Unterk\u00fcnfte und Touren mit den Highlights Irlands zusammengestellt.\",\"breadcrumb\":{\"@id\":\"https:\/\/irland-reise-tipps.de\/de\/unterkunft\/hotels-in-galway\/flannerys-hotel-galway\/#breadcrumb\"},\"inLanguage\":\"de\",\"potentialAction\":[{\"@type\":\"ReadAction\",\"target\":[\"https:\/\/irland-reise-tipps.de\/de\/unterkunft\/hotels-in-galway\/flannerys-hotel-galway\/\"]}]},{\"@type\":\"BreadcrumbList\",\"@id\":\"https:\/\/irland-reise-tipps.de\/de\/unterkunft\/hotels-in-galway\/flannerys-hotel-galway\/#breadcrumb\",\"itemListElement\":[{\"@type\":\"ListItem\",\"position\":1,\"name\":\"Home\",\"item\":\"https:\/\/irland-reise-tipps.de\/de\/\"},{\"@type\":\"ListItem\",\"position\":2,\"name\":\"Unterkunft\",\"item\":\"https:\/\/irland-reise-tipps.de\/de\/unterkunft\/\"},{\"@type\":\"ListItem\",\"position\":3,\"name\":\"Hotels in Galway\",\"item\":\"https:\/\/irland-reise-tipps.de\/de\/unterkunft\/hotels-in-galway\/\"},{\"@type\":\"ListItem\",\"position\":4,\"name\":\"Flannery&#8217;s Hotel Galway\"}]},{\"@type\":\"WebSite\",\"@id\":\"https:\/\/irland-reise-tipps.de\/de\/#website\",\"url\":\"https:\/\/irland-reise-tipps.de\/de\/\",\"name\":\"Irland Reise Tipps\",\"description\":\"Gemeinsam die gr\u00fcne Insel entdecken\",\"potentialAction\":[{\"@type\":\"SearchAction\",\"target\":{\"@type\":\"EntryPoint\",\"urlTemplate\":\"https:\/\/irland-reise-tipps.de\/de\/?s={search_term_string}\"},\"query-input\":\"required name=search_term_string\"}],\"inLanguage\":\"de\"}]}<\/script>\n<!-- \/ Yoast SEO plugin. -->","yoast_head_json":{"title":"Flannery's Hotel Galway - Irland Reise Tipps","description":"Gemeinsam die gr\u00fcne Insel Irland entdecken. Wir haben ausgew\u00e4hlte Veranstaltungen, Unterk\u00fcnfte und Touren mit den Highlights Irlands zusammengestellt.","robots":{"index":"index","follow":"follow","max-snippet":"max-snippet:-1","max-image-preview":"max-image-preview:large","max-video-preview":"max-video-preview:-1"},"canonical":"https:\/\/irland-reise-tipps.de\/de\/unterkunft\/hotels-in-galway\/flannerys-hotel-galway\/","og_locale":"de_DE","og_type":"article","og_title":"Flannery's Hotel Galway - Irland Reise Tipps","og_description":"Gemeinsam die gr\u00fcne Insel Irland entdecken. Wir haben ausgew\u00e4hlte Veranstaltungen, Unterk\u00fcnfte und Touren mit den Highlights Irlands zusammengestellt.","og_url":"https:\/\/irland-reise-tipps.de\/de\/unterkunft\/hotels-in-galway\/flannerys-hotel-galway\/","og_site_name":"Irland Reise Tipps","article_modified_time":"2013-03-19T19:05:59+00:00","og_image":[{"url":"http:\/\/irland-reise-tipps.de\/de\/wp-content\/uploads\/2013\/03\/flannerys5-1024x7371-150x150.jpg"}],"twitter_misc":{"Gesch\u00e4tzte Lesezeit":"1\u00a0Minute"},"schema":{"@context":"https:\/\/schema.org","@graph":[{"@type":"WebPage","@id":"https:\/\/irland-reise-tipps.de\/de\/unterkunft\/hotels-in-galway\/flannerys-hotel-galway\/","url":"https:\/\/irland-reise-tipps.de\/de\/unterkunft\/hotels-in-galway\/flannerys-hotel-galway\/","name":"Flannery's Hotel Galway - Irland Reise Tipps","isPartOf":{"@id":"https:\/\/irland-reise-tipps.de\/de\/#website"},"datePublished":"2013-03-05T10:31:10+00:00","dateModified":"2013-03-19T19:05:59+00:00","description":"Gemeinsam die gr\u00fcne Insel Irland entdecken. Wir haben ausgew\u00e4hlte Veranstaltungen, Unterk\u00fcnfte und Touren mit den Highlights Irlands zusammengestellt.","breadcrumb":{"@id":"https:\/\/irland-reise-tipps.de\/de\/unterkunft\/hotels-in-galway\/flannerys-hotel-galway\/#breadcrumb"},"inLanguage":"de","potentialAction":[{"@type":"ReadAction","target":["https:\/\/irland-reise-tipps.de\/de\/unterkunft\/hotels-in-galway\/flannerys-hotel-galway\/"]}]},{"@type":"BreadcrumbList","@id":"https:\/\/irland-reise-tipps.de\/de\/unterkunft\/hotels-in-galway\/flannerys-hotel-galway\/#breadcrumb","itemListElement":[{"@type":"ListItem","position":1,"name":"Home","item":"https:\/\/irland-reise-tipps.de\/de\/"},{"@type":"ListItem","position":2,"name":"Unterkunft","item":"https:\/\/irland-reise-tipps.de\/de\/unterkunft\/"},{"@type":"ListItem","position":3,"name":"Hotels in Galway","item":"https:\/\/irland-reise-tipps.de\/de\/unterkunft\/hotels-in-galway\/"},{"@type":"ListItem","position":4,"name":"Flannery&#8217;s Hotel Galway"}]},{"@type":"WebSite","@id":"https:\/\/irland-reise-tipps.de\/de\/#website","url":"https:\/\/irland-reise-tipps.de\/de\/","name":"Irland Reise Tipps","description":"Gemeinsam die gr\u00fcne Insel entdecken","potentialAction":[{"@type":"SearchAction","target":{"@type":"EntryPoint","urlTemplate":"https:\/\/irland-reise-tipps.de\/de\/?s={search_term_string}"},"query-input":"required name=search_term_string"}],"inLanguage":"de"}]}},"_links":{"self":[{"href":"https:\/\/irland-reise-tipps.de\/de\/wp-json\/wp\/v2\/pages\/1170","targetHints":{"allow":["GET"]}}],"collection":[{"href":"https:\/\/irland-reise-tipps.de\/de\/wp-json\/wp\/v2\/pages"}],"about":[{"href":"https:\/\/irland-reise-tipps.de\/de\/wp-json\/wp\/v2\/types\/page"}],"author":[{"embeddable":true,"href":"https:\/\/irland-reise-tipps.de\/de\/wp-json\/wp\/v2\/users\/6"}],"replies":[{"embeddable":true,"href":"https:\/\/irland-reise-tipps.de\/de\/wp-json\/wp\/v2\/comments?post=1170"}],"version-history":[{"count":20,"href":"https:\/\/irland-reise-tipps.de\/de\/wp-json\/wp\/v2\/pages\/1170\/revisions"}],"predecessor-version":[{"id":1239,"href":"https:\/\/irland-reise-tipps.de\/de\/wp-json\/wp\/v2\/pages\/1170\/revisions\/1239"}],"up":[{"embeddable":true,"href":"https:\/\/irland-reise-tipps.de\/de\/wp-json\/wp\/v2\/pages\/1218"}],"wp:attachment":[{"href":"https:\/\/irland-reise-tipps.de\/de\/wp-json\/wp\/v2\/media?parent=1170"}],"curies":[{"name":"wp","href":"https:\/\/api.w.org\/{rel}","templated":true}]}}