{"id":1116,"date":"2013-03-03T14:46:08","date_gmt":"2013-03-03T13:46:08","guid":{"rendered":"http:\/\/irland-reise-tipps.de\/de\/?page_id=1116"},"modified":"2013-04-16T10:38:54","modified_gmt":"2013-04-16T08:38:54","slug":"county-antrim","status":"publish","type":"page","link":"https:\/\/irland-reise-tipps.de\/de\/counties-und-regionen\/county-antrim\/","title":{"rendered":"County Antrim"},"content":{"rendered":"<h4>Beschreibung<\/h4>\n<p>Hauptstadt: Belfast<br \/>\nBev\u00f6lkerung: ca. 566.000<br \/>\nFl\u00e4che: 2.844 km \u00b2<\/p>\n\n<div class=\"ngg-galleryoverview\" id=\"ngg-gallery--1116\">\n\n\n\t\n\t<!-- Thumbnails -->\n\t\t\n\t<div id=\"ngg-image-45\" class=\"ngg-gallery-thumbnail-box\"  >\n\t\t<div class=\"ngg-gallery-thumbnail\" >\n\t\t\t<a href=\"https:\/\/irland-reise-tipps.de\/de\/wp-content\/gallery\/county_antrim\/medium_gs69.jpg\" title=\" \" rel=\"lightbox[county-antrim]\" >\n\t\t\t\t\t\t\t\t<img loading=\"lazy\" decoding=\"async\" title=\"medium_gs69\" alt=\"medium_gs69\" src=\"https:\/\/irland-reise-tipps.de\/de\/wp-content\/gallery\/county_antrim\/thumbs\/thumbs_medium_gs69.jpg\" width=\"100\" height=\"75\" \/>\n\t\t\t\t\t\t\t<\/a>\n\t\t<\/div>\n\t<\/div>\n\t\n\t\t\n \t\t\n\t<div id=\"ngg-image-25\" class=\"ngg-gallery-thumbnail-box\"  >\n\t\t<div class=\"ngg-gallery-thumbnail\" >\n\t\t\t<a href=\"https:\/\/irland-reise-tipps.de\/de\/wp-content\/gallery\/county_antrim\/medium_a0022-001.jpg\" title=\" \" rel=\"lightbox[county-antrim]\" >\n\t\t\t\t\t\t\t\t<img loading=\"lazy\" decoding=\"async\" title=\"medium_a0022-001\" alt=\"medium_a0022-001\" src=\"https:\/\/irland-reise-tipps.de\/de\/wp-content\/gallery\/county_antrim\/thumbs\/thumbs_medium_a0022-001.jpg\" width=\"100\" height=\"75\" \/>\n\t\t\t\t\t\t\t<\/a>\n\t\t<\/div>\n\t<\/div>\n\t\n\t\t\n \t\t\n\t<div id=\"ngg-image-49\" class=\"ngg-gallery-thumbnail-box\"  >\n\t\t<div class=\"ngg-gallery-thumbnail\" >\n\t\t\t<a href=\"https:\/\/irland-reise-tipps.de\/de\/wp-content\/gallery\/county_antrim\/medium_n165.jpg\" title=\" \" rel=\"lightbox[county-antrim]\" >\n\t\t\t\t\t\t\t\t<img loading=\"lazy\" decoding=\"async\" title=\"medium_n165\" alt=\"medium_n165\" src=\"https:\/\/irland-reise-tipps.de\/de\/wp-content\/gallery\/county_antrim\/thumbs\/thumbs_medium_n165.jpg\" width=\"100\" height=\"75\" \/>\n\t\t\t\t\t\t\t<\/a>\n\t\t<\/div>\n\t<\/div>\n\t\n\t\t\n \t\t\n\t<div id=\"ngg-image-55\" class=\"ngg-gallery-thumbnail-box\"  >\n\t\t<div class=\"ngg-gallery-thumbnail\" >\n\t\t\t<a href=\"https:\/\/irland-reise-tipps.de\/de\/wp-content\/gallery\/county_antrim\/medium_west_north_coast_11_10_2011_52.jpg\" title=\" \" rel=\"lightbox[county-antrim]\" >\n\t\t\t\t\t\t\t\t<img loading=\"lazy\" decoding=\"async\" title=\"medium_west_north_coast_11_10_2011_52\" alt=\"medium_west_north_coast_11_10_2011_52\" src=\"https:\/\/irland-reise-tipps.de\/de\/wp-content\/gallery\/county_antrim\/thumbs\/thumbs_medium_west_north_coast_11_10_2011_52.jpg\" width=\"100\" height=\"75\" \/>\n\t\t\t\t\t\t\t<\/a>\n\t\t<\/div>\n\t<\/div>\n\t\n\t\t\n \t\t\n\t<div id=\"ngg-image-43\" class=\"ngg-gallery-thumbnail-box\"  >\n\t\t<div class=\"ngg-gallery-thumbnail\" >\n\t\t\t<a href=\"https:\/\/irland-reise-tipps.de\/de\/wp-content\/gallery\/county_antrim\/medium_gs43.jpg\" title=\" \" rel=\"lightbox[county-antrim]\" >\n\t\t\t\t\t\t\t\t<img loading=\"lazy\" decoding=\"async\" title=\"medium_gs43\" alt=\"medium_gs43\" src=\"https:\/\/irland-reise-tipps.de\/de\/wp-content\/gallery\/county_antrim\/thumbs\/thumbs_medium_gs43.jpg\" width=\"100\" height=\"75\" \/>\n\t\t\t\t\t\t\t<\/a>\n\t\t<\/div>\n\t<\/div>\n\t\n\t\t\n \t\t\n\t<div id=\"ngg-image-29\" class=\"ngg-gallery-thumbnail-box\"  >\n\t\t<div class=\"ngg-gallery-thumbnail\" >\n\t\t\t<a href=\"https:\/\/irland-reise-tipps.de\/de\/wp-content\/gallery\/county_antrim\/medium_a0032.jpg\" title=\" \" rel=\"lightbox[county-antrim]\" >\n\t\t\t\t\t\t\t\t<img loading=\"lazy\" decoding=\"async\" title=\"medium_a0032\" alt=\"medium_a0032\" src=\"https:\/\/irland-reise-tipps.de\/de\/wp-content\/gallery\/county_antrim\/thumbs\/thumbs_medium_a0032.jpg\" width=\"100\" height=\"75\" \/>\n\t\t\t\t\t\t\t<\/a>\n\t\t<\/div>\n\t<\/div>\n\t\n\t\t\n \t\t\n\t<div id=\"ngg-image-32\" class=\"ngg-gallery-thumbnail-box\"  >\n\t\t<div class=\"ngg-gallery-thumbnail\" >\n\t\t\t<a href=\"https:\/\/irland-reise-tipps.de\/de\/wp-content\/gallery\/county_antrim\/medium_bm_north_coast_061510__015_1.jpg\" title=\" \" rel=\"lightbox[county-antrim]\" >\n\t\t\t\t\t\t\t\t<img loading=\"lazy\" decoding=\"async\" title=\"medium_bm_north_coast_061510__015_1\" alt=\"medium_bm_north_coast_061510__015_1\" src=\"https:\/\/irland-reise-tipps.de\/de\/wp-content\/gallery\/county_antrim\/thumbs\/thumbs_medium_bm_north_coast_061510__015_1.jpg\" width=\"100\" height=\"75\" \/>\n\t\t\t\t\t\t\t<\/a>\n\t\t<\/div>\n\t<\/div>\n\t\n\t\t\n \t\t\n\t<div id=\"ngg-image-46\" class=\"ngg-gallery-thumbnail-box\"  >\n\t\t<div class=\"ngg-gallery-thumbnail\" >\n\t\t\t<a href=\"https:\/\/irland-reise-tipps.de\/de\/wp-content\/gallery\/county_antrim\/medium_jm1005-001.jpg\" title=\" \" rel=\"lightbox[county-antrim]\" >\n\t\t\t\t\t\t\t\t<img loading=\"lazy\" decoding=\"async\" title=\"medium_jm1005-001\" alt=\"medium_jm1005-001\" src=\"https:\/\/irland-reise-tipps.de\/de\/wp-content\/gallery\/county_antrim\/thumbs\/thumbs_medium_jm1005-001.jpg\" width=\"100\" height=\"75\" \/>\n\t\t\t\t\t\t\t<\/a>\n\t\t<\/div>\n\t<\/div>\n\t\n\t\t\n \t\t\n\t<div id=\"ngg-image-33\" class=\"ngg-gallery-thumbnail-box\"  >\n\t\t<div class=\"ngg-gallery-thumbnail\" >\n\t\t\t<a href=\"https:\/\/irland-reise-tipps.de\/de\/wp-content\/gallery\/county_antrim\/medium_bm_north_coast_061510__021.jpg\" title=\" \" rel=\"lightbox[county-antrim]\" >\n\t\t\t\t\t\t\t\t<img loading=\"lazy\" decoding=\"async\" title=\"medium_bm_north_coast_061510__021\" alt=\"medium_bm_north_coast_061510__021\" src=\"https:\/\/irland-reise-tipps.de\/de\/wp-content\/gallery\/county_antrim\/thumbs\/thumbs_medium_bm_north_coast_061510__021.jpg\" width=\"100\" height=\"75\" \/>\n\t\t\t\t\t\t\t<\/a>\n\t\t<\/div>\n\t<\/div>\n\t\n\t\t\n \t\t\n\t<div id=\"ngg-image-47\" class=\"ngg-gallery-thumbnail-box\"  >\n\t\t<div class=\"ngg-gallery-thumbnail\" >\n\t\t\t<a href=\"https:\/\/irland-reise-tipps.de\/de\/wp-content\/gallery\/county_antrim\/medium_jm1005-002.jpg\" title=\" \" rel=\"lightbox[county-antrim]\" >\n\t\t\t\t\t\t\t\t<img loading=\"lazy\" decoding=\"async\" title=\"medium_jm1005-002\" alt=\"medium_jm1005-002\" src=\"https:\/\/irland-reise-tipps.de\/de\/wp-content\/gallery\/county_antrim\/thumbs\/thumbs_medium_jm1005-002.jpg\" width=\"100\" height=\"75\" \/>\n\t\t\t\t\t\t\t<\/a>\n\t\t<\/div>\n\t<\/div>\n\t\n\t\t\n \t\t\n\t<div id=\"ngg-image-40\" class=\"ngg-gallery-thumbnail-box\"  >\n\t\t<div class=\"ngg-gallery-thumbnail\" >\n\t\t\t<a href=\"https:\/\/irland-reise-tipps.de\/de\/wp-content\/gallery\/county_antrim\/medium_ff_120310-_005.jpg\" title=\" \" rel=\"lightbox[county-antrim]\" >\n\t\t\t\t\t\t\t\t<img loading=\"lazy\" decoding=\"async\" title=\"medium_ff_120310-_005\" alt=\"medium_ff_120310-_005\" src=\"https:\/\/irland-reise-tipps.de\/de\/wp-content\/gallery\/county_antrim\/thumbs\/thumbs_medium_ff_120310-_005.jpg\" width=\"100\" height=\"75\" \/>\n\t\t\t\t\t\t\t<\/a>\n\t\t<\/div>\n\t<\/div>\n\t\n\t\t\n \t\t\n\t<div id=\"ngg-image-42\" class=\"ngg-gallery-thumbnail-box\"  >\n\t\t<div class=\"ngg-gallery-thumbnail\" >\n\t\t\t<a href=\"https:\/\/irland-reise-tipps.de\/de\/wp-content\/gallery\/county_antrim\/medium_gs39.jpg\" title=\" \" rel=\"lightbox[county-antrim]\" >\n\t\t\t\t\t\t\t\t<img loading=\"lazy\" decoding=\"async\" title=\"medium_gs39\" alt=\"medium_gs39\" src=\"https:\/\/irland-reise-tipps.de\/de\/wp-content\/gallery\/county_antrim\/thumbs\/thumbs_medium_gs39.jpg\" width=\"100\" height=\"75\" \/>\n\t\t\t\t\t\t\t<\/a>\n\t\t<\/div>\n\t<\/div>\n\t\n\t\t\n \t\t\n\t<div id=\"ngg-image-28\" class=\"ngg-gallery-thumbnail-box\"  >\n\t\t<div class=\"ngg-gallery-thumbnail\" >\n\t\t\t<a href=\"https:\/\/irland-reise-tipps.de\/de\/wp-content\/gallery\/county_antrim\/medium_a0031.jpg\" title=\" \" rel=\"lightbox[county-antrim]\" >\n\t\t\t\t\t\t\t\t<img loading=\"lazy\" decoding=\"async\" title=\"medium_a0031\" alt=\"medium_a0031\" src=\"https:\/\/irland-reise-tipps.de\/de\/wp-content\/gallery\/county_antrim\/thumbs\/thumbs_medium_a0031.jpg\" width=\"100\" height=\"75\" \/>\n\t\t\t\t\t\t\t<\/a>\n\t\t<\/div>\n\t<\/div>\n\t\n\t\t\n \t\t\n\t<div id=\"ngg-image-36\" class=\"ngg-gallery-thumbnail-box\"  >\n\t\t<div class=\"ngg-gallery-thumbnail\" >\n\t\t\t<a href=\"https:\/\/irland-reise-tipps.de\/de\/wp-content\/gallery\/county_antrim\/medium_ch_120310_050.jpg\" title=\" \" rel=\"lightbox[county-antrim]\" >\n\t\t\t\t\t\t\t\t<img loading=\"lazy\" decoding=\"async\" title=\"medium_ch_120310_050\" alt=\"medium_ch_120310_050\" src=\"https:\/\/irland-reise-tipps.de\/de\/wp-content\/gallery\/county_antrim\/thumbs\/thumbs_medium_ch_120310_050.jpg\" width=\"100\" height=\"75\" \/>\n\t\t\t\t\t\t\t<\/a>\n\t\t<\/div>\n\t<\/div>\n\t\n\t\t\n \t\t\n\t<div id=\"ngg-image-51\" class=\"ngg-gallery-thumbnail-box\"  >\n\t\t<div class=\"ngg-gallery-thumbnail\" >\n\t\t\t<a href=\"https:\/\/irland-reise-tipps.de\/de\/wp-content\/gallery\/county_antrim\/medium_tp_091107_004.jpg\" title=\" \" rel=\"lightbox[county-antrim]\" >\n\t\t\t\t\t\t\t\t<img loading=\"lazy\" decoding=\"async\" title=\"medium_tp_091107_004\" alt=\"medium_tp_091107_004\" src=\"https:\/\/irland-reise-tipps.de\/de\/wp-content\/gallery\/county_antrim\/thumbs\/thumbs_medium_tp_091107_004.jpg\" width=\"100\" height=\"75\" \/>\n\t\t\t\t\t\t\t<\/a>\n\t\t<\/div>\n\t<\/div>\n\t\n\t\t\n \t \t\n\t<!-- Pagination -->\n \t<div class=\"ngg-clear\"><\/div> \t\n<\/div>\n\n\n<p><a title=\"County Antrim\" href=\"http:\/\/irland-reise-tipps.de\/de\/bildergalerie\/county-antrim\/\">Bildergalerie f\u00fcr das County Antrim anzeigen \u00bb<\/a><\/p>\n<h4>Touren<\/h4>\n<ul class=\"lcp_catlist\"><li><a href=\"https:\/\/irland-reise-tipps.de\/de\/touren\/rundreisen\/12-tage-rundreise-britische-inseln\/\" title=\"12 Tage - Rundreise Britische Inseln \">12 Tage &#8211; Rundreise Britische Inseln<\/a> <\/li><li><a href=\"https:\/\/irland-reise-tipps.de\/de\/touren\/rundreisen\/11-tage-auf-den-spuren-des-heiligen-patrick\/\" title=\"11 Tage - Auf den Spuren des Heiligen Patrick\">11 Tage &#8211; Auf den Spuren des Heiligen Patrick<\/a> <\/li><li><a href=\"https:\/\/irland-reise-tipps.de\/de\/touren\/rundreisen\/8-tage-unentdecktes-irland\/\" title=\"8 Tage - Unentdecktes Irland\">8 Tage &#8211; Unentdecktes Irland<\/a> <\/li><li><a href=\"https:\/\/irland-reise-tipps.de\/de\/touren\/rundreisen\/8-tage-nordirische-impressionen\/\" title=\"8 Tage - Nordirische Impressionen\">8 Tage &#8211; Nordirische Impressionen<\/a> <\/li><\/ul>\n<h4>Highlights<\/h4>\n<ul>\n<li>Altagore Cashel<\/li>\n<li>Ardclinis Old Church<\/li>\n<li>Carrick-a-Rede: H\u00e4ngebr\u00fccke<\/li>\n<li>Carn-na-truagh Steinh\u00fcgelgrab<\/li>\n<li>Dolmen von Craigs<\/li>\n<li>Dunluce Castle<\/li>\n<li>Giant\u2019s Causeway (UNESCO-Welterbe)<\/li>\n<li>Armoy Rundturm<\/li>\n<li>Broughanlea Hochkreuz<\/li>\n<li>Bunamargy Friary<\/li>\n<li>Castle Carra<\/li>\n<li>Cloghastucan, Felsnadel<\/li>\n<li>Derrykeighan Church und dekorierter Stein (keltisch)<\/li>\n<li>Doonan Fort Motte<\/li>\n<li>Drumnakill Church<\/li>\n<li>Dunseverick Castle<\/li>\n<li>Glenarm Friary<\/li>\n<li>Glynn Old Church<\/li>\n<li>Layd Church und Holy Well<\/li>\n<li>Linford Barrows und Cashel<\/li>\n<li>Lough na Crannagh Crann\u00f3g<\/li>\n<li>Mussenden Temple<\/li>\n<li>Olderfleet Castle<\/li>\n<li>Red Bay Castle: Promontory Fort<\/li>\n<li>Templastragh Church<\/li>\n<li>Bushmills Destillerie<\/li>\n<\/ul>\n<p style=\"padding-left: 30px;\"><ul class=\"lcp_catlist\"><li><a href=\"https:\/\/irland-reise-tipps.de\/de\/highlights\/highlights-in-antrim\/giants-causeway\/\" title=\"Giant's Causeway\">Giant&#8217;s Causeway<\/a> <\/li><li><a href=\"https:\/\/irland-reise-tipps.de\/de\/highlights\/highlights-in-antrim\/titanic-belfast\/\" title=\"Titanic Belfast\">Titanic Belfast<\/a> <\/li><\/ul><\/p>\n<h4>Unterkunft<\/h4>\n<p>Keine Unterk\u00fcnfte gelistet.<\/p>\n<h4>Veranstaltungen<\/h4>\nKeine  Veranstaltungen gelistet.\n<p>&nbsp;<\/p>\n","protected":false},"excerpt":{"rendered":"<p>Beschreibung Hauptstadt: Belfast Bev\u00f6lkerung: ca. 566.000 Fl\u00e4che: 2.844 km \u00b2 Bildergalerie f\u00fcr das County Antrim anzeigen \u00bb Touren Highlights Altagore Cashel Ardclinis Old Church Carrick-a-Rede: H\u00e4ngebr\u00fccke Carn-na-truagh Steinh\u00fcgelgrab Dolmen von Craigs Dunluce Castle Giant\u2019s Causeway (UNESCO-Welterbe) Armoy Rundturm Broughanlea Hochkreuz<span class=\"ellipsis\">&hellip;<\/span><\/p>\n<div class=\"read-more\"><a href=\"https:\/\/irland-reise-tipps.de\/de\/counties-und-regionen\/county-antrim\/\">Weiterlesen &#8250;<\/a><\/div>\n<p><!-- end of .read-more --><\/p>\n","protected":false},"author":3,"featured_media":0,"parent":13,"menu_order":0,"comment_status":"closed","ping_status":"closed","template":"","meta":{"footnotes":""},"class_list":["post-1116","page","type-page","status-publish","hentry"],"yoast_head":"<!-- This site is optimized with the Yoast SEO plugin v21.2 - https:\/\/yoast.com\/wordpress\/plugins\/seo\/ -->\n<title>County Antrim  - Irland Reise Tipps<\/title>\n<meta name=\"description\" content=\"Gemeinsam die gr\u00fcne Insel Irland entdecken. Wir haben ausgew\u00e4hlte Veranstaltungen, Unterk\u00fcnfte und Touren mit den Highlights Irlands zusammengestellt.\" \/>\n<meta name=\"robots\" content=\"index, follow, max-snippet:-1, max-image-preview:large, max-video-preview:-1\" \/>\n<link rel=\"canonical\" href=\"https:\/\/irland-reise-tipps.de\/de\/counties-und-regionen\/county-antrim\/\" \/>\n<meta property=\"og:locale\" content=\"de_DE\" \/>\n<meta property=\"og:type\" content=\"article\" \/>\n<meta property=\"og:title\" content=\"County Antrim  - Irland Reise Tipps\" \/>\n<meta property=\"og:description\" content=\"Gemeinsam die gr\u00fcne Insel Irland entdecken. Wir haben ausgew\u00e4hlte Veranstaltungen, Unterk\u00fcnfte und Touren mit den Highlights Irlands zusammengestellt.\" \/>\n<meta property=\"og:url\" content=\"https:\/\/irland-reise-tipps.de\/de\/counties-und-regionen\/county-antrim\/\" \/>\n<meta property=\"og:site_name\" content=\"Irland Reise Tipps\" \/>\n<meta property=\"article:modified_time\" content=\"2013-04-16T08:38:54+00:00\" \/>\n<meta name=\"twitter:label1\" content=\"Gesch\u00e4tzte Lesezeit\" \/>\n\t<meta name=\"twitter:data1\" content=\"1\u00a0Minute\" \/>\n<script type=\"application\/ld+json\" class=\"yoast-schema-graph\">{\"@context\":\"https:\/\/schema.org\",\"@graph\":[{\"@type\":\"WebPage\",\"@id\":\"https:\/\/irland-reise-tipps.de\/de\/counties-und-regionen\/county-antrim\/\",\"url\":\"https:\/\/irland-reise-tipps.de\/de\/counties-und-regionen\/county-antrim\/\",\"name\":\"County Antrim - Irland Reise Tipps\",\"isPartOf\":{\"@id\":\"https:\/\/irland-reise-tipps.de\/de\/#website\"},\"datePublished\":\"2013-03-03T13:46:08+00:00\",\"dateModified\":\"2013-04-16T08:38:54+00:00\",\"description\":\"Gemeinsam die gr\u00fcne Insel Irland entdecken. Wir haben ausgew\u00e4hlte Veranstaltungen, Unterk\u00fcnfte und Touren mit den Highlights Irlands zusammengestellt.\",\"breadcrumb\":{\"@id\":\"https:\/\/irland-reise-tipps.de\/de\/counties-und-regionen\/county-antrim\/#breadcrumb\"},\"inLanguage\":\"de\",\"potentialAction\":[{\"@type\":\"ReadAction\",\"target\":[\"https:\/\/irland-reise-tipps.de\/de\/counties-und-regionen\/county-antrim\/\"]}]},{\"@type\":\"BreadcrumbList\",\"@id\":\"https:\/\/irland-reise-tipps.de\/de\/counties-und-regionen\/county-antrim\/#breadcrumb\",\"itemListElement\":[{\"@type\":\"ListItem\",\"position\":1,\"name\":\"Home\",\"item\":\"https:\/\/irland-reise-tipps.de\/de\/\"},{\"@type\":\"ListItem\",\"position\":2,\"name\":\"Counties und Regionen\",\"item\":\"https:\/\/irland-reise-tipps.de\/de\/counties-und-regionen\/\"},{\"@type\":\"ListItem\",\"position\":3,\"name\":\"County Antrim\"}]},{\"@type\":\"WebSite\",\"@id\":\"https:\/\/irland-reise-tipps.de\/de\/#website\",\"url\":\"https:\/\/irland-reise-tipps.de\/de\/\",\"name\":\"Irland Reise Tipps\",\"description\":\"Gemeinsam die gr\u00fcne Insel entdecken\",\"potentialAction\":[{\"@type\":\"SearchAction\",\"target\":{\"@type\":\"EntryPoint\",\"urlTemplate\":\"https:\/\/irland-reise-tipps.de\/de\/?s={search_term_string}\"},\"query-input\":\"required name=search_term_string\"}],\"inLanguage\":\"de\"}]}<\/script>\n<!-- \/ Yoast SEO plugin. -->","yoast_head_json":{"title":"County Antrim  - Irland Reise Tipps","description":"Gemeinsam die gr\u00fcne Insel Irland entdecken. Wir haben ausgew\u00e4hlte Veranstaltungen, Unterk\u00fcnfte und Touren mit den Highlights Irlands zusammengestellt.","robots":{"index":"index","follow":"follow","max-snippet":"max-snippet:-1","max-image-preview":"max-image-preview:large","max-video-preview":"max-video-preview:-1"},"canonical":"https:\/\/irland-reise-tipps.de\/de\/counties-und-regionen\/county-antrim\/","og_locale":"de_DE","og_type":"article","og_title":"County Antrim  - Irland Reise Tipps","og_description":"Gemeinsam die gr\u00fcne Insel Irland entdecken. Wir haben ausgew\u00e4hlte Veranstaltungen, Unterk\u00fcnfte und Touren mit den Highlights Irlands zusammengestellt.","og_url":"https:\/\/irland-reise-tipps.de\/de\/counties-und-regionen\/county-antrim\/","og_site_name":"Irland Reise Tipps","article_modified_time":"2013-04-16T08:38:54+00:00","twitter_misc":{"Gesch\u00e4tzte Lesezeit":"1\u00a0Minute"},"schema":{"@context":"https:\/\/schema.org","@graph":[{"@type":"WebPage","@id":"https:\/\/irland-reise-tipps.de\/de\/counties-und-regionen\/county-antrim\/","url":"https:\/\/irland-reise-tipps.de\/de\/counties-und-regionen\/county-antrim\/","name":"County Antrim - Irland Reise Tipps","isPartOf":{"@id":"https:\/\/irland-reise-tipps.de\/de\/#website"},"datePublished":"2013-03-03T13:46:08+00:00","dateModified":"2013-04-16T08:38:54+00:00","description":"Gemeinsam die gr\u00fcne Insel Irland entdecken. Wir haben ausgew\u00e4hlte Veranstaltungen, Unterk\u00fcnfte und Touren mit den Highlights Irlands zusammengestellt.","breadcrumb":{"@id":"https:\/\/irland-reise-tipps.de\/de\/counties-und-regionen\/county-antrim\/#breadcrumb"},"inLanguage":"de","potentialAction":[{"@type":"ReadAction","target":["https:\/\/irland-reise-tipps.de\/de\/counties-und-regionen\/county-antrim\/"]}]},{"@type":"BreadcrumbList","@id":"https:\/\/irland-reise-tipps.de\/de\/counties-und-regionen\/county-antrim\/#breadcrumb","itemListElement":[{"@type":"ListItem","position":1,"name":"Home","item":"https:\/\/irland-reise-tipps.de\/de\/"},{"@type":"ListItem","position":2,"name":"Counties und Regionen","item":"https:\/\/irland-reise-tipps.de\/de\/counties-und-regionen\/"},{"@type":"ListItem","position":3,"name":"County Antrim"}]},{"@type":"WebSite","@id":"https:\/\/irland-reise-tipps.de\/de\/#website","url":"https:\/\/irland-reise-tipps.de\/de\/","name":"Irland Reise Tipps","description":"Gemeinsam die gr\u00fcne Insel entdecken","potentialAction":[{"@type":"SearchAction","target":{"@type":"EntryPoint","urlTemplate":"https:\/\/irland-reise-tipps.de\/de\/?s={search_term_string}"},"query-input":"required name=search_term_string"}],"inLanguage":"de"}]}},"_links":{"self":[{"href":"https:\/\/irland-reise-tipps.de\/de\/wp-json\/wp\/v2\/pages\/1116","targetHints":{"allow":["GET"]}}],"collection":[{"href":"https:\/\/irland-reise-tipps.de\/de\/wp-json\/wp\/v2\/pages"}],"about":[{"href":"https:\/\/irland-reise-tipps.de\/de\/wp-json\/wp\/v2\/types\/page"}],"author":[{"embeddable":true,"href":"https:\/\/irland-reise-tipps.de\/de\/wp-json\/wp\/v2\/users\/3"}],"replies":[{"embeddable":true,"href":"https:\/\/irland-reise-tipps.de\/de\/wp-json\/wp\/v2\/comments?post=1116"}],"version-history":[{"count":15,"href":"https:\/\/irland-reise-tipps.de\/de\/wp-json\/wp\/v2\/pages\/1116\/revisions"}],"predecessor-version":[{"id":2516,"href":"https:\/\/irland-reise-tipps.de\/de\/wp-json\/wp\/v2\/pages\/1116\/revisions\/2516"}],"up":[{"embeddable":true,"href":"https:\/\/irland-reise-tipps.de\/de\/wp-json\/wp\/v2\/pages\/13"}],"wp:attachment":[{"href":"https:\/\/irland-reise-tipps.de\/de\/wp-json\/wp\/v2\/media?parent=1116"}],"curies":[{"name":"wp","href":"https:\/\/api.w.org\/{rel}","templated":true}]}}