{"id":1112,"date":"2013-03-03T14:38:39","date_gmt":"2013-03-03T13:38:39","guid":{"rendered":"http:\/\/irland-reise-tipps.de\/de\/?page_id=1112"},"modified":"2013-04-28T21:10:13","modified_gmt":"2013-04-28T19:10:13","slug":"county-tipperary","status":"publish","type":"page","link":"https:\/\/irland-reise-tipps.de\/de\/counties-und-regionen\/county-tipperary\/","title":{"rendered":"County Tipperary"},"content":{"rendered":"<h4>Beschreibung<\/h4>\n<p>Hauptstadt: Clonmel<br \/>\nBev\u00f6lkerung: ca. 158.000<br \/>\nFl\u00e4che: 4.303 km \u00b2<\/p>\n\n<div class=\"ngg-galleryoverview\" id=\"ngg-gallery--1112\">\n\n\n\t\n\t<!-- Thumbnails -->\n\t\t\n\t<div id=\"ngg-image-522\" class=\"ngg-gallery-thumbnail-box\"  >\n\t\t<div class=\"ngg-gallery-thumbnail\" >\n\t\t\t<a href=\"https:\/\/irland-reise-tipps.de\/de\/wp-content\/gallery\/county_tipperary\/large_cashel_co_tipperary_ireland_7_03_october_2012_010.jpg\" title=\" \" rel=\"lightbox[county-tipperary]\" >\n\t\t\t\t\t\t\t\t<img loading=\"lazy\" decoding=\"async\" title=\"large_cashel_co_tipperary_ireland_7_03_october_2012_010\" alt=\"large_cashel_co_tipperary_ireland_7_03_october_2012_010\" src=\"https:\/\/irland-reise-tipps.de\/de\/wp-content\/gallery\/county_tipperary\/thumbs\/thumbs_large_cashel_co_tipperary_ireland_7_03_october_2012_010.jpg\" width=\"100\" height=\"75\" \/>\n\t\t\t\t\t\t\t<\/a>\n\t\t<\/div>\n\t<\/div>\n\t\n\t\t\n \t\t\n\t<div id=\"ngg-image-515\" class=\"ngg-gallery-thumbnail-box\"  >\n\t\t<div class=\"ngg-gallery-thumbnail\" >\n\t\t\t<a href=\"https:\/\/irland-reise-tipps.de\/de\/wp-content\/gallery\/county_tipperary\/large_cashel_co_tipperary_ireland_03_october_2012_032.jpg\" title=\" \" rel=\"lightbox[county-tipperary]\" >\n\t\t\t\t\t\t\t\t<img loading=\"lazy\" decoding=\"async\" title=\"large_cashel_co_tipperary_ireland_03_october_2012_032\" alt=\"large_cashel_co_tipperary_ireland_03_october_2012_032\" src=\"https:\/\/irland-reise-tipps.de\/de\/wp-content\/gallery\/county_tipperary\/thumbs\/thumbs_large_cashel_co_tipperary_ireland_03_october_2012_032.jpg\" width=\"100\" height=\"75\" \/>\n\t\t\t\t\t\t\t<\/a>\n\t\t<\/div>\n\t<\/div>\n\t\n\t\t\n \t\t\n\t<div id=\"ngg-image-513\" class=\"ngg-gallery-thumbnail-box\"  >\n\t\t<div class=\"ngg-gallery-thumbnail\" >\n\t\t\t<a href=\"https:\/\/irland-reise-tipps.de\/de\/wp-content\/gallery\/county_tipperary\/large_bm_tipperary_061510__032.jpg\" title=\" \" rel=\"lightbox[county-tipperary]\" >\n\t\t\t\t\t\t\t\t<img loading=\"lazy\" decoding=\"async\" title=\"large_bm_tipperary_061510__032\" alt=\"large_bm_tipperary_061510__032\" src=\"https:\/\/irland-reise-tipps.de\/de\/wp-content\/gallery\/county_tipperary\/thumbs\/thumbs_large_bm_tipperary_061510__032.jpg\" width=\"100\" height=\"75\" \/>\n\t\t\t\t\t\t\t<\/a>\n\t\t<\/div>\n\t<\/div>\n\t\n\t\t\n \t\t\n\t<div id=\"ngg-image-524\" class=\"ngg-gallery-thumbnail-box\"  >\n\t\t<div class=\"ngg-gallery-thumbnail\" >\n\t\t\t<a href=\"https:\/\/irland-reise-tipps.de\/de\/wp-content\/gallery\/county_tipperary\/large_ch_jan07_147.jpg\" title=\" \" rel=\"lightbox[county-tipperary]\" >\n\t\t\t\t\t\t\t\t<img loading=\"lazy\" decoding=\"async\" title=\"large_ch_jan07_147\" alt=\"large_ch_jan07_147\" src=\"https:\/\/irland-reise-tipps.de\/de\/wp-content\/gallery\/county_tipperary\/thumbs\/thumbs_large_ch_jan07_147.jpg\" width=\"100\" height=\"75\" \/>\n\t\t\t\t\t\t\t<\/a>\n\t\t<\/div>\n\t<\/div>\n\t\n\t\t\n \t\t\n\t<div id=\"ngg-image-519\" class=\"ngg-gallery-thumbnail-box\"  >\n\t\t<div class=\"ngg-gallery-thumbnail\" >\n\t\t\t<a href=\"https:\/\/irland-reise-tipps.de\/de\/wp-content\/gallery\/county_tipperary\/large_cashel_co_tipperary_ireland_35_03_october_2012_030.jpg\" title=\" \" rel=\"lightbox[county-tipperary]\" >\n\t\t\t\t\t\t\t\t<img loading=\"lazy\" decoding=\"async\" title=\"large_cashel_co_tipperary_ireland_35_03_october_2012_030\" alt=\"large_cashel_co_tipperary_ireland_35_03_october_2012_030\" src=\"https:\/\/irland-reise-tipps.de\/de\/wp-content\/gallery\/county_tipperary\/thumbs\/thumbs_large_cashel_co_tipperary_ireland_35_03_october_2012_030.jpg\" width=\"100\" height=\"75\" \/>\n\t\t\t\t\t\t\t<\/a>\n\t\t<\/div>\n\t<\/div>\n\t\n\t\t\n \t\t\n\t<div id=\"ngg-image-504\" class=\"ngg-gallery-thumbnail-box\"  >\n\t\t<div class=\"ngg-gallery-thumbnail\" >\n\t\t\t<a href=\"https:\/\/irland-reise-tipps.de\/de\/wp-content\/gallery\/county_tipperary\/large_ats_11032010-_013.jpg\" title=\" \" rel=\"lightbox[county-tipperary]\" >\n\t\t\t\t\t\t\t\t<img loading=\"lazy\" decoding=\"async\" title=\"large_ats_11032010-_013\" alt=\"large_ats_11032010-_013\" src=\"https:\/\/irland-reise-tipps.de\/de\/wp-content\/gallery\/county_tipperary\/thumbs\/thumbs_large_ats_11032010-_013.jpg\" width=\"100\" height=\"75\" \/>\n\t\t\t\t\t\t\t<\/a>\n\t\t<\/div>\n\t<\/div>\n\t\n\t\t\n \t\t\n\t<div id=\"ngg-image-529\" class=\"ngg-gallery-thumbnail-box\"  >\n\t\t<div class=\"ngg-gallery-thumbnail\" >\n\t\t\t<a href=\"https:\/\/irland-reise-tipps.de\/de\/wp-content\/gallery\/county_tipperary\/large_ncashel1.jpg\" title=\" \" rel=\"lightbox[county-tipperary]\" >\n\t\t\t\t\t\t\t\t<img loading=\"lazy\" decoding=\"async\" title=\"large_ncashel1\" alt=\"large_ncashel1\" src=\"https:\/\/irland-reise-tipps.de\/de\/wp-content\/gallery\/county_tipperary\/thumbs\/thumbs_large_ncashel1.jpg\" width=\"100\" height=\"75\" \/>\n\t\t\t\t\t\t\t<\/a>\n\t\t<\/div>\n\t<\/div>\n\t\n\t\t\n \t\t\n\t<div id=\"ngg-image-526\" class=\"ngg-gallery-thumbnail-box\"  >\n\t\t<div class=\"ngg-gallery-thumbnail\" >\n\t\t\t<a href=\"https:\/\/irland-reise-tipps.de\/de\/wp-content\/gallery\/county_tipperary\/large_n158.jpg\" title=\" \" rel=\"lightbox[county-tipperary]\" >\n\t\t\t\t\t\t\t\t<img loading=\"lazy\" decoding=\"async\" title=\"large_n158\" alt=\"large_n158\" src=\"https:\/\/irland-reise-tipps.de\/de\/wp-content\/gallery\/county_tipperary\/thumbs\/thumbs_large_n158.jpg\" width=\"100\" height=\"75\" \/>\n\t\t\t\t\t\t\t<\/a>\n\t\t<\/div>\n\t<\/div>\n\t\n\t\t\n \t\t\n\t<div id=\"ngg-image-509\" class=\"ngg-gallery-thumbnail-box\"  >\n\t\t<div class=\"ngg-gallery-thumbnail\" >\n\t\t\t<a href=\"https:\/\/irland-reise-tipps.de\/de\/wp-content\/gallery\/county_tipperary\/large_bm_tipperary_061510__023.jpg\" title=\" \" rel=\"lightbox[county-tipperary]\" >\n\t\t\t\t\t\t\t\t<img loading=\"lazy\" decoding=\"async\" title=\"large_bm_tipperary_061510__023\" alt=\"large_bm_tipperary_061510__023\" src=\"https:\/\/irland-reise-tipps.de\/de\/wp-content\/gallery\/county_tipperary\/thumbs\/thumbs_large_bm_tipperary_061510__023.jpg\" width=\"100\" height=\"75\" \/>\n\t\t\t\t\t\t\t<\/a>\n\t\t<\/div>\n\t<\/div>\n\t\n\t\t\n \t\t\n\t<div id=\"ngg-image-518\" class=\"ngg-gallery-thumbnail-box\"  >\n\t\t<div class=\"ngg-gallery-thumbnail\" >\n\t\t\t<a href=\"https:\/\/irland-reise-tipps.de\/de\/wp-content\/gallery\/county_tipperary\/large_cashel_co_tipperary_ireland_2_03_october_2012_027.jpg\" title=\" \" rel=\"lightbox[county-tipperary]\" >\n\t\t\t\t\t\t\t\t<img loading=\"lazy\" decoding=\"async\" title=\"large_cashel_co_tipperary_ireland_2_03_october_2012_027\" alt=\"large_cashel_co_tipperary_ireland_2_03_october_2012_027\" src=\"https:\/\/irland-reise-tipps.de\/de\/wp-content\/gallery\/county_tipperary\/thumbs\/thumbs_large_cashel_co_tipperary_ireland_2_03_october_2012_027.jpg\" width=\"100\" height=\"75\" \/>\n\t\t\t\t\t\t\t<\/a>\n\t\t<\/div>\n\t<\/div>\n\t\n\t\t\n \t\t\n\t<div id=\"ngg-image-510\" class=\"ngg-gallery-thumbnail-box\"  >\n\t\t<div class=\"ngg-gallery-thumbnail\" >\n\t\t\t<a href=\"https:\/\/irland-reise-tipps.de\/de\/wp-content\/gallery\/county_tipperary\/large_bm_tipperary_061510__025.jpg\" title=\" \" rel=\"lightbox[county-tipperary]\" >\n\t\t\t\t\t\t\t\t<img loading=\"lazy\" decoding=\"async\" title=\"large_bm_tipperary_061510__025\" alt=\"large_bm_tipperary_061510__025\" src=\"https:\/\/irland-reise-tipps.de\/de\/wp-content\/gallery\/county_tipperary\/thumbs\/thumbs_large_bm_tipperary_061510__025.jpg\" width=\"100\" height=\"75\" \/>\n\t\t\t\t\t\t\t<\/a>\n\t\t<\/div>\n\t<\/div>\n\t\n\t\t\n \t\t\n\t<div id=\"ngg-image-516\" class=\"ngg-gallery-thumbnail-box\"  >\n\t\t<div class=\"ngg-gallery-thumbnail\" >\n\t\t\t<a href=\"https:\/\/irland-reise-tipps.de\/de\/wp-content\/gallery\/county_tipperary\/large_cashel_co_tipperary_ireland_18_03_october_2012_024.jpg\" title=\" \" rel=\"lightbox[county-tipperary]\" >\n\t\t\t\t\t\t\t\t<img loading=\"lazy\" decoding=\"async\" title=\"large_cashel_co_tipperary_ireland_18_03_october_2012_024\" alt=\"large_cashel_co_tipperary_ireland_18_03_october_2012_024\" src=\"https:\/\/irland-reise-tipps.de\/de\/wp-content\/gallery\/county_tipperary\/thumbs\/thumbs_large_cashel_co_tipperary_ireland_18_03_october_2012_024.jpg\" width=\"100\" height=\"75\" \/>\n\t\t\t\t\t\t\t<\/a>\n\t\t<\/div>\n\t<\/div>\n\t\n\t\t\n \t\t\n\t<div id=\"ngg-image-508\" class=\"ngg-gallery-thumbnail-box\"  >\n\t\t<div class=\"ngg-gallery-thumbnail\" >\n\t\t\t<a href=\"https:\/\/irland-reise-tipps.de\/de\/wp-content\/gallery\/county_tipperary\/large_bm_tipperary_061510__022.jpg\" title=\" \" rel=\"lightbox[county-tipperary]\" >\n\t\t\t\t\t\t\t\t<img loading=\"lazy\" decoding=\"async\" title=\"large_bm_tipperary_061510__022\" alt=\"large_bm_tipperary_061510__022\" src=\"https:\/\/irland-reise-tipps.de\/de\/wp-content\/gallery\/county_tipperary\/thumbs\/thumbs_large_bm_tipperary_061510__022.jpg\" width=\"100\" height=\"75\" \/>\n\t\t\t\t\t\t\t<\/a>\n\t\t<\/div>\n\t<\/div>\n\t\n\t\t\n \t\t\n\t<div id=\"ngg-image-506\" class=\"ngg-gallery-thumbnail-box\"  >\n\t\t<div class=\"ngg-gallery-thumbnail\" >\n\t\t\t<a href=\"https:\/\/irland-reise-tipps.de\/de\/wp-content\/gallery\/county_tipperary\/large_bm_tipperary_061510__018.jpg\" title=\" \" rel=\"lightbox[county-tipperary]\" >\n\t\t\t\t\t\t\t\t<img loading=\"lazy\" decoding=\"async\" title=\"large_bm_tipperary_061510__018\" alt=\"large_bm_tipperary_061510__018\" src=\"https:\/\/irland-reise-tipps.de\/de\/wp-content\/gallery\/county_tipperary\/thumbs\/thumbs_large_bm_tipperary_061510__018.jpg\" width=\"100\" height=\"75\" \/>\n\t\t\t\t\t\t\t<\/a>\n\t\t<\/div>\n\t<\/div>\n\t\n\t\t\n \t\t\n\t<div id=\"ngg-image-527\" class=\"ngg-gallery-thumbnail-box\"  >\n\t\t<div class=\"ngg-gallery-thumbnail\" >\n\t\t\t<a href=\"https:\/\/irland-reise-tipps.de\/de\/wp-content\/gallery\/county_tipperary\/large_n162.jpg\" title=\" \" rel=\"lightbox[county-tipperary]\" >\n\t\t\t\t\t\t\t\t<img loading=\"lazy\" decoding=\"async\" title=\"large_n162\" alt=\"large_n162\" src=\"https:\/\/irland-reise-tipps.de\/de\/wp-content\/gallery\/county_tipperary\/thumbs\/thumbs_large_n162.jpg\" width=\"100\" height=\"75\" \/>\n\t\t\t\t\t\t\t<\/a>\n\t\t<\/div>\n\t<\/div>\n\t\n\t\t\n \t \t\n\t<!-- Pagination -->\n \t<div class=\"ngg-clear\"><\/div> \t\n<\/div>\n\n\n<p><a title=\"County Tipperary\" href=\"http:\/\/irland-reise-tipps.de\/de\/bildergalerie\/county-tipperary\/\">Bildergalerie f\u00fcr das County Tipperary anzeigen \u00bb<\/a><\/p>\n<h4>Touren<\/h4>\n<ul class=\"lcp_catlist\"><\/ul>\n<h4>Highlights<\/h4>\n<ul>\n<li>Ahenny Keltenkreuze<\/li>\n<li>Hore Abbey, eine Klosterruine<\/li>\n<li>Roscrea Abbey<\/li>\n<\/ul>\n<ul class=\"lcp_catlist\"><li><a href=\"https:\/\/irland-reise-tipps.de\/de\/highlights\/highlights-in-tipperary\/rock-of-cashel\/\" title=\"Rock of Cashel\">Rock of Cashel<\/a> <\/li><\/ul>\n<h4>Unterkunft<\/h4>\n<p>Keine Unterk\u00fcnfte gelistet.<\/p>\n<h4>Veranstaltungen<\/h4>\nKeine  Veranstaltungen gelistet.\n<p>&nbsp;<\/p>\n","protected":false},"excerpt":{"rendered":"<p>Beschreibung Hauptstadt: Clonmel Bev\u00f6lkerung: ca. 158.000 Fl\u00e4che: 4.303 km \u00b2 Bildergalerie f\u00fcr das County Tipperary anzeigen \u00bb Touren Highlights Ahenny Keltenkreuze Hore Abbey, eine Klosterruine Roscrea Abbey Unterkunft Keine Unterk\u00fcnfte gelistet. Veranstaltungen &nbsp;<\/p>\n","protected":false},"author":3,"featured_media":0,"parent":13,"menu_order":0,"comment_status":"closed","ping_status":"closed","template":"","meta":{"footnotes":""},"class_list":["post-1112","page","type-page","status-publish","hentry"],"yoast_head":"<!-- This site is optimized with the Yoast SEO plugin v21.2 - https:\/\/yoast.com\/wordpress\/plugins\/seo\/ -->\n<title>County Tipperary - Irland Reise Tipps<\/title>\n<meta name=\"description\" content=\"Gemeinsam die gr\u00fcne Insel Irland entdecken. Wir haben ausgew\u00e4hlte Veranstaltungen, Unterk\u00fcnfte und Touren mit den Highlights Irlands zusammengestellt.\" \/>\n<meta name=\"robots\" content=\"index, follow, max-snippet:-1, max-image-preview:large, max-video-preview:-1\" \/>\n<link rel=\"canonical\" href=\"https:\/\/irland-reise-tipps.de\/de\/counties-und-regionen\/county-tipperary\/\" \/>\n<meta property=\"og:locale\" content=\"de_DE\" \/>\n<meta property=\"og:type\" content=\"article\" \/>\n<meta property=\"og:title\" content=\"County Tipperary - Irland Reise Tipps\" \/>\n<meta property=\"og:description\" content=\"Gemeinsam die gr\u00fcne Insel Irland entdecken. Wir haben ausgew\u00e4hlte Veranstaltungen, Unterk\u00fcnfte und Touren mit den Highlights Irlands zusammengestellt.\" \/>\n<meta property=\"og:url\" content=\"https:\/\/irland-reise-tipps.de\/de\/counties-und-regionen\/county-tipperary\/\" \/>\n<meta property=\"og:site_name\" content=\"Irland Reise Tipps\" \/>\n<meta property=\"article:modified_time\" content=\"2013-04-28T19:10:13+00:00\" \/>\n<script type=\"application\/ld+json\" class=\"yoast-schema-graph\">{\"@context\":\"https:\/\/schema.org\",\"@graph\":[{\"@type\":\"WebPage\",\"@id\":\"https:\/\/irland-reise-tipps.de\/de\/counties-und-regionen\/county-tipperary\/\",\"url\":\"https:\/\/irland-reise-tipps.de\/de\/counties-und-regionen\/county-tipperary\/\",\"name\":\"County Tipperary - Irland Reise Tipps\",\"isPartOf\":{\"@id\":\"https:\/\/irland-reise-tipps.de\/de\/#website\"},\"datePublished\":\"2013-03-03T13:38:39+00:00\",\"dateModified\":\"2013-04-28T19:10:13+00:00\",\"description\":\"Gemeinsam die gr\u00fcne Insel Irland entdecken. Wir haben ausgew\u00e4hlte Veranstaltungen, Unterk\u00fcnfte und Touren mit den Highlights Irlands zusammengestellt.\",\"breadcrumb\":{\"@id\":\"https:\/\/irland-reise-tipps.de\/de\/counties-und-regionen\/county-tipperary\/#breadcrumb\"},\"inLanguage\":\"de\",\"potentialAction\":[{\"@type\":\"ReadAction\",\"target\":[\"https:\/\/irland-reise-tipps.de\/de\/counties-und-regionen\/county-tipperary\/\"]}]},{\"@type\":\"BreadcrumbList\",\"@id\":\"https:\/\/irland-reise-tipps.de\/de\/counties-und-regionen\/county-tipperary\/#breadcrumb\",\"itemListElement\":[{\"@type\":\"ListItem\",\"position\":1,\"name\":\"Home\",\"item\":\"https:\/\/irland-reise-tipps.de\/de\/\"},{\"@type\":\"ListItem\",\"position\":2,\"name\":\"Counties und Regionen\",\"item\":\"https:\/\/irland-reise-tipps.de\/de\/counties-und-regionen\/\"},{\"@type\":\"ListItem\",\"position\":3,\"name\":\"County Tipperary\"}]},{\"@type\":\"WebSite\",\"@id\":\"https:\/\/irland-reise-tipps.de\/de\/#website\",\"url\":\"https:\/\/irland-reise-tipps.de\/de\/\",\"name\":\"Irland Reise Tipps\",\"description\":\"Gemeinsam die gr\u00fcne Insel entdecken\",\"potentialAction\":[{\"@type\":\"SearchAction\",\"target\":{\"@type\":\"EntryPoint\",\"urlTemplate\":\"https:\/\/irland-reise-tipps.de\/de\/?s={search_term_string}\"},\"query-input\":\"required name=search_term_string\"}],\"inLanguage\":\"de\"}]}<\/script>\n<!-- \/ Yoast SEO plugin. -->","yoast_head_json":{"title":"County Tipperary - Irland Reise Tipps","description":"Gemeinsam die gr\u00fcne Insel Irland entdecken. Wir haben ausgew\u00e4hlte Veranstaltungen, Unterk\u00fcnfte und Touren mit den Highlights Irlands zusammengestellt.","robots":{"index":"index","follow":"follow","max-snippet":"max-snippet:-1","max-image-preview":"max-image-preview:large","max-video-preview":"max-video-preview:-1"},"canonical":"https:\/\/irland-reise-tipps.de\/de\/counties-und-regionen\/county-tipperary\/","og_locale":"de_DE","og_type":"article","og_title":"County Tipperary - Irland Reise Tipps","og_description":"Gemeinsam die gr\u00fcne Insel Irland entdecken. Wir haben ausgew\u00e4hlte Veranstaltungen, Unterk\u00fcnfte und Touren mit den Highlights Irlands zusammengestellt.","og_url":"https:\/\/irland-reise-tipps.de\/de\/counties-und-regionen\/county-tipperary\/","og_site_name":"Irland Reise Tipps","article_modified_time":"2013-04-28T19:10:13+00:00","schema":{"@context":"https:\/\/schema.org","@graph":[{"@type":"WebPage","@id":"https:\/\/irland-reise-tipps.de\/de\/counties-und-regionen\/county-tipperary\/","url":"https:\/\/irland-reise-tipps.de\/de\/counties-und-regionen\/county-tipperary\/","name":"County Tipperary - Irland Reise Tipps","isPartOf":{"@id":"https:\/\/irland-reise-tipps.de\/de\/#website"},"datePublished":"2013-03-03T13:38:39+00:00","dateModified":"2013-04-28T19:10:13+00:00","description":"Gemeinsam die gr\u00fcne Insel Irland entdecken. Wir haben ausgew\u00e4hlte Veranstaltungen, Unterk\u00fcnfte und Touren mit den Highlights Irlands zusammengestellt.","breadcrumb":{"@id":"https:\/\/irland-reise-tipps.de\/de\/counties-und-regionen\/county-tipperary\/#breadcrumb"},"inLanguage":"de","potentialAction":[{"@type":"ReadAction","target":["https:\/\/irland-reise-tipps.de\/de\/counties-und-regionen\/county-tipperary\/"]}]},{"@type":"BreadcrumbList","@id":"https:\/\/irland-reise-tipps.de\/de\/counties-und-regionen\/county-tipperary\/#breadcrumb","itemListElement":[{"@type":"ListItem","position":1,"name":"Home","item":"https:\/\/irland-reise-tipps.de\/de\/"},{"@type":"ListItem","position":2,"name":"Counties und Regionen","item":"https:\/\/irland-reise-tipps.de\/de\/counties-und-regionen\/"},{"@type":"ListItem","position":3,"name":"County Tipperary"}]},{"@type":"WebSite","@id":"https:\/\/irland-reise-tipps.de\/de\/#website","url":"https:\/\/irland-reise-tipps.de\/de\/","name":"Irland Reise Tipps","description":"Gemeinsam die gr\u00fcne Insel entdecken","potentialAction":[{"@type":"SearchAction","target":{"@type":"EntryPoint","urlTemplate":"https:\/\/irland-reise-tipps.de\/de\/?s={search_term_string}"},"query-input":"required name=search_term_string"}],"inLanguage":"de"}]}},"_links":{"self":[{"href":"https:\/\/irland-reise-tipps.de\/de\/wp-json\/wp\/v2\/pages\/1112","targetHints":{"allow":["GET"]}}],"collection":[{"href":"https:\/\/irland-reise-tipps.de\/de\/wp-json\/wp\/v2\/pages"}],"about":[{"href":"https:\/\/irland-reise-tipps.de\/de\/wp-json\/wp\/v2\/types\/page"}],"author":[{"embeddable":true,"href":"https:\/\/irland-reise-tipps.de\/de\/wp-json\/wp\/v2\/users\/3"}],"replies":[{"embeddable":true,"href":"https:\/\/irland-reise-tipps.de\/de\/wp-json\/wp\/v2\/comments?post=1112"}],"version-history":[{"count":8,"href":"https:\/\/irland-reise-tipps.de\/de\/wp-json\/wp\/v2\/pages\/1112\/revisions"}],"predecessor-version":[{"id":2652,"href":"https:\/\/irland-reise-tipps.de\/de\/wp-json\/wp\/v2\/pages\/1112\/revisions\/2652"}],"up":[{"embeddable":true,"href":"https:\/\/irland-reise-tipps.de\/de\/wp-json\/wp\/v2\/pages\/13"}],"wp:attachment":[{"href":"https:\/\/irland-reise-tipps.de\/de\/wp-json\/wp\/v2\/media?parent=1112"}],"curies":[{"name":"wp","href":"https:\/\/api.w.org\/{rel}","templated":true}]}}