{"id":1109,"date":"2013-03-03T14:33:41","date_gmt":"2013-03-03T13:33:41","guid":{"rendered":"http:\/\/irland-reise-tipps.de\/de\/?page_id=1109"},"modified":"2013-04-16T10:07:56","modified_gmt":"2013-04-16T08:07:56","slug":"county-limerick","status":"publish","type":"page","link":"https:\/\/irland-reise-tipps.de\/de\/counties-und-regionen\/county-limerick\/","title":{"rendered":"County Limerick"},"content":{"rendered":"<h4>Beschreibung<\/h4>\n<p>Hauptstadt: Limerick<br \/>\nBev\u00f6lkerung: ca. 191.000<br \/>\nFl\u00e4che: 2.686 km\u00b2<\/p>\n\n<div class=\"ngg-galleryoverview\" id=\"ngg-gallery--1109\">\n\n\n\t\n\t<!-- Thumbnails -->\n\t\t\n\t<div id=\"ngg-image-496\" class=\"ngg-gallery-thumbnail-box\"  >\n\t\t<div class=\"ngg-gallery-thumbnail\" >\n\t\t\t<a href=\"https:\/\/irland-reise-tipps.de\/de\/wp-content\/gallery\/county_limerick\/large_the_whitehous_bar_limerick_city_11_03_october_2012_121.jpg\" title=\" \" rel=\"lightbox[county-limerick]\" >\n\t\t\t\t\t\t\t\t<img loading=\"lazy\" decoding=\"async\" title=\"large_the_whitehous_bar_limerick_city_11_03_october_2012_121\" alt=\"large_the_whitehous_bar_limerick_city_11_03_october_2012_121\" src=\"https:\/\/irland-reise-tipps.de\/de\/wp-content\/gallery\/county_limerick\/thumbs\/thumbs_large_the_whitehous_bar_limerick_city_11_03_october_2012_121.jpg\" width=\"100\" height=\"75\" \/>\n\t\t\t\t\t\t\t<\/a>\n\t\t<\/div>\n\t<\/div>\n\t\n\t\t\n \t\t\n\t<div id=\"ngg-image-491\" class=\"ngg-gallery-thumbnail-box\"  >\n\t\t<div class=\"ngg-gallery-thumbnail\" >\n\t\t\t<a href=\"https:\/\/irland-reise-tipps.de\/de\/wp-content\/gallery\/county_limerick\/large_limerick_city_03_october_2012_093.jpg\" title=\" \" rel=\"lightbox[county-limerick]\" >\n\t\t\t\t\t\t\t\t<img loading=\"lazy\" decoding=\"async\" title=\"large_limerick_city_03_october_2012_093\" alt=\"large_limerick_city_03_october_2012_093\" src=\"https:\/\/irland-reise-tipps.de\/de\/wp-content\/gallery\/county_limerick\/thumbs\/thumbs_large_limerick_city_03_october_2012_093.jpg\" width=\"100\" height=\"75\" \/>\n\t\t\t\t\t\t\t<\/a>\n\t\t<\/div>\n\t<\/div>\n\t\n\t\t\n \t\t\n\t<div id=\"ngg-image-494\" class=\"ngg-gallery-thumbnail-box\"  >\n\t\t<div class=\"ngg-gallery-thumbnail\" >\n\t\t\t<a href=\"https:\/\/irland-reise-tipps.de\/de\/wp-content\/gallery\/county_limerick\/large_lk0193.jpg\" title=\" \" rel=\"lightbox[county-limerick]\" >\n\t\t\t\t\t\t\t\t<img loading=\"lazy\" decoding=\"async\" title=\"large_lk0193\" alt=\"large_lk0193\" src=\"https:\/\/irland-reise-tipps.de\/de\/wp-content\/gallery\/county_limerick\/thumbs\/thumbs_large_lk0193.jpg\" width=\"100\" height=\"75\" \/>\n\t\t\t\t\t\t\t<\/a>\n\t\t<\/div>\n\t<\/div>\n\t\n\t\t\n \t\t\n\t<div id=\"ngg-image-485\" class=\"ngg-gallery-thumbnail-box\"  >\n\t\t<div class=\"ngg-gallery-thumbnail\" >\n\t\t\t<a href=\"https:\/\/irland-reise-tipps.de\/de\/wp-content\/gallery\/county_limerick\/large_ats_11032010-_014.jpg\" title=\" \" rel=\"lightbox[county-limerick]\" >\n\t\t\t\t\t\t\t\t<img loading=\"lazy\" decoding=\"async\" title=\"large_ats_11032010-_014\" alt=\"large_ats_11032010-_014\" src=\"https:\/\/irland-reise-tipps.de\/de\/wp-content\/gallery\/county_limerick\/thumbs\/thumbs_large_ats_11032010-_014.jpg\" width=\"100\" height=\"75\" \/>\n\t\t\t\t\t\t\t<\/a>\n\t\t<\/div>\n\t<\/div>\n\t\n\t\t\n \t\t\n\t<div id=\"ngg-image-493\" class=\"ngg-gallery-thumbnail-box\"  >\n\t\t<div class=\"ngg-gallery-thumbnail\" >\n\t\t\t<a href=\"https:\/\/irland-reise-tipps.de\/de\/wp-content\/gallery\/county_limerick\/large_lk0190.jpg\" title=\" \" rel=\"lightbox[county-limerick]\" >\n\t\t\t\t\t\t\t\t<img loading=\"lazy\" decoding=\"async\" title=\"large_lk0190\" alt=\"large_lk0190\" src=\"https:\/\/irland-reise-tipps.de\/de\/wp-content\/gallery\/county_limerick\/thumbs\/thumbs_large_lk0190.jpg\" width=\"100\" height=\"75\" \/>\n\t\t\t\t\t\t\t<\/a>\n\t\t<\/div>\n\t<\/div>\n\t\n\t\t\n \t\t\n\t<div id=\"ngg-image-492\" class=\"ngg-gallery-thumbnail-box\"  >\n\t\t<div class=\"ngg-gallery-thumbnail\" >\n\t\t\t<a href=\"https:\/\/irland-reise-tipps.de\/de\/wp-content\/gallery\/county_limerick\/large_lk0187.jpg\" title=\" \" rel=\"lightbox[county-limerick]\" >\n\t\t\t\t\t\t\t\t<img loading=\"lazy\" decoding=\"async\" title=\"large_lk0187\" alt=\"large_lk0187\" src=\"https:\/\/irland-reise-tipps.de\/de\/wp-content\/gallery\/county_limerick\/thumbs\/thumbs_large_lk0187.jpg\" width=\"100\" height=\"75\" \/>\n\t\t\t\t\t\t\t<\/a>\n\t\t<\/div>\n\t<\/div>\n\t\n\t\t\n \t\t\n\t<div id=\"ngg-image-498\" class=\"ngg-gallery-thumbnail-box\"  >\n\t\t<div class=\"ngg-gallery-thumbnail\" >\n\t\t\t<a href=\"https:\/\/irland-reise-tipps.de\/de\/wp-content\/gallery\/county_limerick\/large_the_whitehouse_bar_limerick_city_13_03_october_2012_122_1.jpg\" title=\" \" rel=\"lightbox[county-limerick]\" >\n\t\t\t\t\t\t\t\t<img loading=\"lazy\" decoding=\"async\" title=\"large_the_whitehouse_bar_limerick_city_13_03_october_2012_122_1\" alt=\"large_the_whitehouse_bar_limerick_city_13_03_october_2012_122_1\" src=\"https:\/\/irland-reise-tipps.de\/de\/wp-content\/gallery\/county_limerick\/thumbs\/thumbs_large_the_whitehouse_bar_limerick_city_13_03_october_2012_122_1.jpg\" width=\"100\" height=\"75\" \/>\n\t\t\t\t\t\t\t<\/a>\n\t\t<\/div>\n\t<\/div>\n\t\n\t\t\n \t\t\n\t<div id=\"ngg-image-502\" class=\"ngg-gallery-thumbnail-box\"  >\n\t\t<div class=\"ngg-gallery-thumbnail\" >\n\t\t\t<a href=\"https:\/\/irland-reise-tipps.de\/de\/wp-content\/gallery\/county_limerick\/large_the_whitehouse_bar_limerick_city_9_03_oct_128.jpg\" title=\" \" rel=\"lightbox[county-limerick]\" >\n\t\t\t\t\t\t\t\t<img loading=\"lazy\" decoding=\"async\" title=\"large_the_whitehouse_bar_limerick_city_9_03_oct_128\" alt=\"large_the_whitehouse_bar_limerick_city_9_03_oct_128\" src=\"https:\/\/irland-reise-tipps.de\/de\/wp-content\/gallery\/county_limerick\/thumbs\/thumbs_large_the_whitehouse_bar_limerick_city_9_03_oct_128.jpg\" width=\"100\" height=\"75\" \/>\n\t\t\t\t\t\t\t<\/a>\n\t\t<\/div>\n\t<\/div>\n\t\n\t\t\n \t\t\n\t<div id=\"ngg-image-497\" class=\"ngg-gallery-thumbnail-box\"  >\n\t\t<div class=\"ngg-gallery-thumbnail\" >\n\t\t\t<a href=\"https:\/\/irland-reise-tipps.de\/de\/wp-content\/gallery\/county_limerick\/large_the_whitehouse_bar_limerick_city_10_03_october_2012_120.jpg\" title=\" \" rel=\"lightbox[county-limerick]\" >\n\t\t\t\t\t\t\t\t<img loading=\"lazy\" decoding=\"async\" title=\"large_the_whitehouse_bar_limerick_city_10_03_october_2012_120\" alt=\"large_the_whitehouse_bar_limerick_city_10_03_october_2012_120\" src=\"https:\/\/irland-reise-tipps.de\/de\/wp-content\/gallery\/county_limerick\/thumbs\/thumbs_large_the_whitehouse_bar_limerick_city_10_03_october_2012_120.jpg\" width=\"100\" height=\"75\" \/>\n\t\t\t\t\t\t\t<\/a>\n\t\t<\/div>\n\t<\/div>\n\t\n\t\t\n \t\t\n\t<div id=\"ngg-image-495\" class=\"ngg-gallery-thumbnail-box\"  >\n\t\t<div class=\"ngg-gallery-thumbnail\" >\n\t\t\t<a href=\"https:\/\/irland-reise-tipps.de\/de\/wp-content\/gallery\/county_limerick\/large_loop_head_co_clare_2_03_october_2012_096.jpg\" title=\" \" rel=\"lightbox[county-limerick]\" >\n\t\t\t\t\t\t\t\t<img loading=\"lazy\" decoding=\"async\" title=\"large_loop_head_co_clare_2_03_october_2012_096\" alt=\"large_loop_head_co_clare_2_03_october_2012_096\" src=\"https:\/\/irland-reise-tipps.de\/de\/wp-content\/gallery\/county_limerick\/thumbs\/thumbs_large_loop_head_co_clare_2_03_october_2012_096.jpg\" width=\"100\" height=\"75\" \/>\n\t\t\t\t\t\t\t<\/a>\n\t\t<\/div>\n\t<\/div>\n\t\n\t\t\n \t\t\n\t<div id=\"ngg-image-487\" class=\"ngg-gallery-thumbnail-box\"  >\n\t\t<div class=\"ngg-gallery-thumbnail\" >\n\t\t\t<a href=\"https:\/\/irland-reise-tipps.de\/de\/wp-content\/gallery\/county_limerick\/large_frank_mccourt_museum_limerick_819_edit_03_october_2012_058.jpg\" title=\" \" rel=\"lightbox[county-limerick]\" >\n\t\t\t\t\t\t\t\t<img loading=\"lazy\" decoding=\"async\" title=\"large_frank_mccourt_museum_limerick_819_edit_03_october_2012_058\" alt=\"large_frank_mccourt_museum_limerick_819_edit_03_october_2012_058\" src=\"https:\/\/irland-reise-tipps.de\/de\/wp-content\/gallery\/county_limerick\/thumbs\/thumbs_large_frank_mccourt_museum_limerick_819_edit_03_october_2012_058.jpg\" width=\"100\" height=\"75\" \/>\n\t\t\t\t\t\t\t<\/a>\n\t\t<\/div>\n\t<\/div>\n\t\n\t\t\n \t\t\n\t<div id=\"ngg-image-490\" class=\"ngg-gallery-thumbnail-box\"  >\n\t\t<div class=\"ngg-gallery-thumbnail\" >\n\t\t\t<a href=\"https:\/\/irland-reise-tipps.de\/de\/wp-content\/gallery\/county_limerick\/large_hl11.jpg\" title=\" \" rel=\"lightbox[county-limerick]\" >\n\t\t\t\t\t\t\t\t<img loading=\"lazy\" decoding=\"async\" title=\"large_hl11\" alt=\"large_hl11\" src=\"https:\/\/irland-reise-tipps.de\/de\/wp-content\/gallery\/county_limerick\/thumbs\/thumbs_large_hl11.jpg\" width=\"100\" height=\"75\" \/>\n\t\t\t\t\t\t\t<\/a>\n\t\t<\/div>\n\t<\/div>\n\t\n\t\t\n \t\t\n\t<div id=\"ngg-image-489\" class=\"ngg-gallery-thumbnail-box\"  >\n\t\t<div class=\"ngg-gallery-thumbnail\" >\n\t\t\t<a href=\"https:\/\/irland-reise-tipps.de\/de\/wp-content\/gallery\/county_limerick\/large_gm_adare_manor_08_061510__002.jpg\" title=\" \" rel=\"lightbox[county-limerick]\" >\n\t\t\t\t\t\t\t\t<img loading=\"lazy\" decoding=\"async\" title=\"large_gm_adare_manor_08_061510__002\" alt=\"large_gm_adare_manor_08_061510__002\" src=\"https:\/\/irland-reise-tipps.de\/de\/wp-content\/gallery\/county_limerick\/thumbs\/thumbs_large_gm_adare_manor_08_061510__002.jpg\" width=\"100\" height=\"75\" \/>\n\t\t\t\t\t\t\t<\/a>\n\t\t<\/div>\n\t<\/div>\n\t\n\t\t\n \t\t\n\t<div id=\"ngg-image-500\" class=\"ngg-gallery-thumbnail-box\"  >\n\t\t<div class=\"ngg-gallery-thumbnail\" >\n\t\t\t<a href=\"https:\/\/irland-reise-tipps.de\/de\/wp-content\/gallery\/county_limerick\/large_the_whitehouse_bar_limerick_city_16_03_october_2012_125.jpg\" title=\" \" rel=\"lightbox[county-limerick]\" >\n\t\t\t\t\t\t\t\t<img loading=\"lazy\" decoding=\"async\" title=\"large_the_whitehouse_bar_limerick_city_16_03_october_2012_125\" alt=\"large_the_whitehouse_bar_limerick_city_16_03_october_2012_125\" src=\"https:\/\/irland-reise-tipps.de\/de\/wp-content\/gallery\/county_limerick\/thumbs\/thumbs_large_the_whitehouse_bar_limerick_city_16_03_october_2012_125.jpg\" width=\"100\" height=\"75\" \/>\n\t\t\t\t\t\t\t<\/a>\n\t\t<\/div>\n\t<\/div>\n\t\n\t\t\n \t\t\n\t<div id=\"ngg-image-486\" class=\"ngg-gallery-thumbnail-box\"  >\n\t\t<div class=\"ngg-gallery-thumbnail\" >\n\t\t\t<a href=\"https:\/\/irland-reise-tipps.de\/de\/wp-content\/gallery\/county_limerick\/large_ch_jan07_014.jpg\" title=\" \" rel=\"lightbox[county-limerick]\" >\n\t\t\t\t\t\t\t\t<img loading=\"lazy\" decoding=\"async\" title=\"large_ch_jan07_014\" alt=\"large_ch_jan07_014\" src=\"https:\/\/irland-reise-tipps.de\/de\/wp-content\/gallery\/county_limerick\/thumbs\/thumbs_large_ch_jan07_014.jpg\" width=\"100\" height=\"75\" \/>\n\t\t\t\t\t\t\t<\/a>\n\t\t<\/div>\n\t<\/div>\n\t\n\t\t\n \t \t\n\t<!-- Pagination -->\n \t<div class=\"ngg-clear\"><\/div> \t\n<\/div>\n\n\n<p><a title=\"County Limerick\" href=\"http:\/\/irland-reise-tipps.de\/de\/bildergalerie\/county-limerick\/\">Bildergalerie f\u00fcr das County Likerick anzeigen \u00bb<\/a><\/p>\n<h4>Touren<\/h4>\n<ul class=\"lcp_catlist\"><li><a href=\"https:\/\/irland-reise-tipps.de\/de\/touren\/gartenreisen\/10-tage-gartenreise-sudwestirland\/\" title=\"10 Tage - Gartenreise S\u00fcdwestirland\">10 Tage &#8211; Gartenreise S\u00fcdwestirland<\/a> <\/li><li><a href=\"https:\/\/irland-reise-tipps.de\/de\/touren\/rundreisen\/12-tage-rundreise-britische-inseln\/\" title=\"12 Tage - Rundreise Britische Inseln \">12 Tage &#8211; Rundreise Britische Inseln<\/a> <\/li><li><a href=\"https:\/\/irland-reise-tipps.de\/de\/touren\/rundreisen\/10-tage-rund-um-irland\/\" title=\"10 Tage - Rund um Irland\">10 Tage &#8211; Rund um Irland<\/a> <\/li><li><a href=\"https:\/\/irland-reise-tipps.de\/de\/touren\/rundreisen\/10-tage-faszinierendes-irland\/\" title=\"10 Tage - Faszinierendes Irland\">10 Tage &#8211; Faszinierendes Irland<\/a> <\/li><li><a href=\"https:\/\/irland-reise-tipps.de\/de\/touren\/rundreisen\/9-tage-irisches-tagebuch\/\" title=\"9 Tage - Irisches Tagebuch\">9 Tage &#8211; Irisches Tagebuch<\/a> <\/li><li><a href=\"https:\/\/irland-reise-tipps.de\/de\/touren\/rundreisen\/9-tage-die-gruen-insel-hat-viele-gesichter\/\" title=\"9 Tage - Die Gr\u00fcne Insel hat viele Gesichter\">9 Tage &#8211; Die Gr\u00fcne Insel hat viele Gesichter<\/a> <\/li><li><a href=\"https:\/\/irland-reise-tipps.de\/de\/touren\/rundreisen\/8-tage-irlands-suedwesten\/\" title=\"8 Tage - Irlands S\u00fcdwesten\">8 Tage &#8211; Irlands S\u00fcdwesten<\/a> <\/li><li><a href=\"https:\/\/irland-reise-tipps.de\/de\/touren\/rundreisen\/7-tage-flugreise-klassisches-irland\/\" title=\"7 Tage - Flugreise, klassisches Irland\">7 Tage &#8211; Flugreise, klassisches Irland<\/a> <\/li><li><a href=\"https:\/\/irland-reise-tipps.de\/de\/touren\/rundreisen\/7-tage-die-gruene-insel-hat-viele-gesichter\/\" title=\"7 Tage - Die Gruene Insel hat viele Gesichter\">7 Tage &#8211; Die Gruene Insel hat viele Gesichter<\/a> <\/li><\/ul>\n<h4>Highlights<\/h4>\n<ul>\n<li>Adare Castle und Kirchen<\/li>\n<li>Argagh Ringfort<\/li>\n<li>Ardpatrick Kirche und Rundturm<\/li>\n<li>Askeaton Friary und Castle<\/li>\n<li>Ballygrennan Castle<\/li>\n<li>Carrigogunnell Castle<\/li>\n<li>Clonkeen Kirche<\/li>\n<li>Disert Oenghusa Kirche und Rundturm<\/li>\n<li>Glenquin Castle<\/li>\n<li>Hospital Kirche<\/li>\n<li>Killaliathan Kirche<\/li>\n<li>Killeen Cowpark Kirche<\/li>\n<li>Killulta Kirche<\/li>\n<li>Kilmallock Castle und Kirche<\/li>\n<li>Lough Gur<\/li>\n<li>Monasteranenagh Abbey<\/li>\n<li>Mungret Kirchen<\/li>\n<li>Shannongolden Abbey<\/li>\n<li>Shanid Castle<\/li>\n<li>King John\u00b4s Castle<\/li>\n<\/ul>\n<ul class=\"lcp_catlist\"><li><a href=\"https:\/\/irland-reise-tipps.de\/de\/highlights\/highlights-in-limerick\/adare\/\" title=\"Adare\">Adare<\/a> <\/li><li><a href=\"https:\/\/irland-reise-tipps.de\/de\/highlights\/highlights-in-limerick\/flying-boat-museum\/\" title=\"Foynes Flying Boat Museum\">Foynes Flying Boat Museum<\/a> <\/li><\/ul>\n<h4>Unterkunft<\/h4>\n<p>Keine Unterk\u00fcnfte gelistet.<\/p>\n<h4>Veranstaltungen<\/h4>\nKeine  Veranstaltungen gelistet.\n","protected":false},"excerpt":{"rendered":"<p>Beschreibung Hauptstadt: Limerick Bev\u00f6lkerung: ca. 191.000 Fl\u00e4che: 2.686 km\u00b2 Bildergalerie f\u00fcr das County Likerick anzeigen \u00bb Touren Highlights Adare Castle und Kirchen Argagh Ringfort Ardpatrick Kirche und Rundturm Askeaton Friary und Castle Ballygrennan Castle Carrigogunnell Castle Clonkeen Kirche Disert Oenghusa<span class=\"ellipsis\">&hellip;<\/span><\/p>\n<div class=\"read-more\"><a href=\"https:\/\/irland-reise-tipps.de\/de\/counties-und-regionen\/county-limerick\/\">Weiterlesen &#8250;<\/a><\/div>\n<p><!-- end of .read-more --><\/p>\n","protected":false},"author":3,"featured_media":0,"parent":13,"menu_order":0,"comment_status":"closed","ping_status":"closed","template":"","meta":{"footnotes":""},"class_list":["post-1109","page","type-page","status-publish","hentry"],"yoast_head":"<!-- This site is optimized with the Yoast SEO plugin v21.2 - https:\/\/yoast.com\/wordpress\/plugins\/seo\/ -->\n<title>County Limerick - Irland Reise Tipps<\/title>\n<meta name=\"description\" content=\"Gemeinsam die gr\u00fcne Insel Irland entdecken. Wir haben ausgew\u00e4hlte Veranstaltungen, Unterk\u00fcnfte und Touren mit den Highlights Irlands zusammengestellt.\" \/>\n<meta name=\"robots\" content=\"index, follow, max-snippet:-1, max-image-preview:large, max-video-preview:-1\" \/>\n<link rel=\"canonical\" href=\"https:\/\/irland-reise-tipps.de\/de\/counties-und-regionen\/county-limerick\/\" \/>\n<meta property=\"og:locale\" content=\"de_DE\" \/>\n<meta property=\"og:type\" content=\"article\" \/>\n<meta property=\"og:title\" content=\"County Limerick - Irland Reise Tipps\" \/>\n<meta property=\"og:description\" content=\"Gemeinsam die gr\u00fcne Insel Irland entdecken. Wir haben ausgew\u00e4hlte Veranstaltungen, Unterk\u00fcnfte und Touren mit den Highlights Irlands zusammengestellt.\" \/>\n<meta property=\"og:url\" content=\"https:\/\/irland-reise-tipps.de\/de\/counties-und-regionen\/county-limerick\/\" \/>\n<meta property=\"og:site_name\" content=\"Irland Reise Tipps\" \/>\n<meta property=\"article:modified_time\" content=\"2013-04-16T08:07:56+00:00\" \/>\n<script type=\"application\/ld+json\" class=\"yoast-schema-graph\">{\"@context\":\"https:\/\/schema.org\",\"@graph\":[{\"@type\":\"WebPage\",\"@id\":\"https:\/\/irland-reise-tipps.de\/de\/counties-und-regionen\/county-limerick\/\",\"url\":\"https:\/\/irland-reise-tipps.de\/de\/counties-und-regionen\/county-limerick\/\",\"name\":\"County Limerick - Irland Reise Tipps\",\"isPartOf\":{\"@id\":\"https:\/\/irland-reise-tipps.de\/de\/#website\"},\"datePublished\":\"2013-03-03T13:33:41+00:00\",\"dateModified\":\"2013-04-16T08:07:56+00:00\",\"description\":\"Gemeinsam die gr\u00fcne Insel Irland entdecken. Wir haben ausgew\u00e4hlte Veranstaltungen, Unterk\u00fcnfte und Touren mit den Highlights Irlands zusammengestellt.\",\"breadcrumb\":{\"@id\":\"https:\/\/irland-reise-tipps.de\/de\/counties-und-regionen\/county-limerick\/#breadcrumb\"},\"inLanguage\":\"de\",\"potentialAction\":[{\"@type\":\"ReadAction\",\"target\":[\"https:\/\/irland-reise-tipps.de\/de\/counties-und-regionen\/county-limerick\/\"]}]},{\"@type\":\"BreadcrumbList\",\"@id\":\"https:\/\/irland-reise-tipps.de\/de\/counties-und-regionen\/county-limerick\/#breadcrumb\",\"itemListElement\":[{\"@type\":\"ListItem\",\"position\":1,\"name\":\"Home\",\"item\":\"https:\/\/irland-reise-tipps.de\/de\/\"},{\"@type\":\"ListItem\",\"position\":2,\"name\":\"Counties und Regionen\",\"item\":\"https:\/\/irland-reise-tipps.de\/de\/counties-und-regionen\/\"},{\"@type\":\"ListItem\",\"position\":3,\"name\":\"County Limerick\"}]},{\"@type\":\"WebSite\",\"@id\":\"https:\/\/irland-reise-tipps.de\/de\/#website\",\"url\":\"https:\/\/irland-reise-tipps.de\/de\/\",\"name\":\"Irland Reise Tipps\",\"description\":\"Gemeinsam die gr\u00fcne Insel entdecken\",\"potentialAction\":[{\"@type\":\"SearchAction\",\"target\":{\"@type\":\"EntryPoint\",\"urlTemplate\":\"https:\/\/irland-reise-tipps.de\/de\/?s={search_term_string}\"},\"query-input\":\"required name=search_term_string\"}],\"inLanguage\":\"de\"}]}<\/script>\n<!-- \/ Yoast SEO plugin. -->","yoast_head_json":{"title":"County Limerick - Irland Reise Tipps","description":"Gemeinsam die gr\u00fcne Insel Irland entdecken. Wir haben ausgew\u00e4hlte Veranstaltungen, Unterk\u00fcnfte und Touren mit den Highlights Irlands zusammengestellt.","robots":{"index":"index","follow":"follow","max-snippet":"max-snippet:-1","max-image-preview":"max-image-preview:large","max-video-preview":"max-video-preview:-1"},"canonical":"https:\/\/irland-reise-tipps.de\/de\/counties-und-regionen\/county-limerick\/","og_locale":"de_DE","og_type":"article","og_title":"County Limerick - Irland Reise Tipps","og_description":"Gemeinsam die gr\u00fcne Insel Irland entdecken. Wir haben ausgew\u00e4hlte Veranstaltungen, Unterk\u00fcnfte und Touren mit den Highlights Irlands zusammengestellt.","og_url":"https:\/\/irland-reise-tipps.de\/de\/counties-und-regionen\/county-limerick\/","og_site_name":"Irland Reise Tipps","article_modified_time":"2013-04-16T08:07:56+00:00","schema":{"@context":"https:\/\/schema.org","@graph":[{"@type":"WebPage","@id":"https:\/\/irland-reise-tipps.de\/de\/counties-und-regionen\/county-limerick\/","url":"https:\/\/irland-reise-tipps.de\/de\/counties-und-regionen\/county-limerick\/","name":"County Limerick - Irland Reise Tipps","isPartOf":{"@id":"https:\/\/irland-reise-tipps.de\/de\/#website"},"datePublished":"2013-03-03T13:33:41+00:00","dateModified":"2013-04-16T08:07:56+00:00","description":"Gemeinsam die gr\u00fcne Insel Irland entdecken. Wir haben ausgew\u00e4hlte Veranstaltungen, Unterk\u00fcnfte und Touren mit den Highlights Irlands zusammengestellt.","breadcrumb":{"@id":"https:\/\/irland-reise-tipps.de\/de\/counties-und-regionen\/county-limerick\/#breadcrumb"},"inLanguage":"de","potentialAction":[{"@type":"ReadAction","target":["https:\/\/irland-reise-tipps.de\/de\/counties-und-regionen\/county-limerick\/"]}]},{"@type":"BreadcrumbList","@id":"https:\/\/irland-reise-tipps.de\/de\/counties-und-regionen\/county-limerick\/#breadcrumb","itemListElement":[{"@type":"ListItem","position":1,"name":"Home","item":"https:\/\/irland-reise-tipps.de\/de\/"},{"@type":"ListItem","position":2,"name":"Counties und Regionen","item":"https:\/\/irland-reise-tipps.de\/de\/counties-und-regionen\/"},{"@type":"ListItem","position":3,"name":"County Limerick"}]},{"@type":"WebSite","@id":"https:\/\/irland-reise-tipps.de\/de\/#website","url":"https:\/\/irland-reise-tipps.de\/de\/","name":"Irland Reise Tipps","description":"Gemeinsam die gr\u00fcne Insel entdecken","potentialAction":[{"@type":"SearchAction","target":{"@type":"EntryPoint","urlTemplate":"https:\/\/irland-reise-tipps.de\/de\/?s={search_term_string}"},"query-input":"required name=search_term_string"}],"inLanguage":"de"}]}},"_links":{"self":[{"href":"https:\/\/irland-reise-tipps.de\/de\/wp-json\/wp\/v2\/pages\/1109","targetHints":{"allow":["GET"]}}],"collection":[{"href":"https:\/\/irland-reise-tipps.de\/de\/wp-json\/wp\/v2\/pages"}],"about":[{"href":"https:\/\/irland-reise-tipps.de\/de\/wp-json\/wp\/v2\/types\/page"}],"author":[{"embeddable":true,"href":"https:\/\/irland-reise-tipps.de\/de\/wp-json\/wp\/v2\/users\/3"}],"replies":[{"embeddable":true,"href":"https:\/\/irland-reise-tipps.de\/de\/wp-json\/wp\/v2\/comments?post=1109"}],"version-history":[{"count":7,"href":"https:\/\/irland-reise-tipps.de\/de\/wp-json\/wp\/v2\/pages\/1109\/revisions"}],"predecessor-version":[{"id":2487,"href":"https:\/\/irland-reise-tipps.de\/de\/wp-json\/wp\/v2\/pages\/1109\/revisions\/2487"}],"up":[{"embeddable":true,"href":"https:\/\/irland-reise-tipps.de\/de\/wp-json\/wp\/v2\/pages\/13"}],"wp:attachment":[{"href":"https:\/\/irland-reise-tipps.de\/de\/wp-json\/wp\/v2\/media?parent=1109"}],"curies":[{"name":"wp","href":"https:\/\/api.w.org\/{rel}","templated":true}]}}