{"id":1107,"date":"2013-03-03T14:30:11","date_gmt":"2013-03-03T13:30:11","guid":{"rendered":"http:\/\/irland-reise-tipps.de\/de\/?page_id=1107"},"modified":"2013-04-16T10:03:02","modified_gmt":"2013-04-16T08:03:02","slug":"county-cork","status":"publish","type":"page","link":"https:\/\/irland-reise-tipps.de\/de\/counties-und-regionen\/county-cork\/","title":{"rendered":"County Cork"},"content":{"rendered":"<h4>Beschreibung<\/h4>\n<p>Hauptstadt: Cork<br \/>\nBev\u00f6lkerung: ca. 518.000<br \/>\nFl\u00e4che: 7.457 km\u00b2<\/p>\n\n<div class=\"ngg-galleryoverview\" id=\"ngg-gallery--1107\">\n\n\n\t\n\t<!-- Thumbnails -->\n\t\t\n\t<div id=\"ngg-image-433\" class=\"ngg-gallery-thumbnail-box\"  >\n\t\t<div class=\"ngg-gallery-thumbnail\" >\n\t\t\t<a href=\"https:\/\/irland-reise-tipps.de\/de\/wp-content\/gallery\/county_cork\/large_february_2012_17_02_2012_12.jpg\" title=\" \" rel=\"lightbox[county-cork]\" >\n\t\t\t\t\t\t\t\t<img loading=\"lazy\" decoding=\"async\" title=\"large_february_2012_17_02_2012_12\" alt=\"large_february_2012_17_02_2012_12\" src=\"https:\/\/irland-reise-tipps.de\/de\/wp-content\/gallery\/county_cork\/thumbs\/thumbs_large_february_2012_17_02_2012_12.jpg\" width=\"100\" height=\"75\" \/>\n\t\t\t\t\t\t\t<\/a>\n\t\t<\/div>\n\t<\/div>\n\t\n\t\t\n \t\t\n\t<div id=\"ngg-image-424\" class=\"ngg-gallery-thumbnail-box\"  >\n\t\t<div class=\"ngg-gallery-thumbnail\" >\n\t\t\t<a href=\"https:\/\/irland-reise-tipps.de\/de\/wp-content\/gallery\/county_cork\/large_cork_city_17_01_12_02.jpg\" title=\" \" rel=\"lightbox[county-cork]\" >\n\t\t\t\t\t\t\t\t<img loading=\"lazy\" decoding=\"async\" title=\"large_cork_city_17_01_12_02\" alt=\"large_cork_city_17_01_12_02\" src=\"https:\/\/irland-reise-tipps.de\/de\/wp-content\/gallery\/county_cork\/thumbs\/thumbs_large_cork_city_17_01_12_02.jpg\" width=\"100\" height=\"75\" \/>\n\t\t\t\t\t\t\t<\/a>\n\t\t<\/div>\n\t<\/div>\n\t\n\t\t\n \t\t\n\t<div id=\"ngg-image-411\" class=\"ngg-gallery-thumbnail-box\"  >\n\t\t<div class=\"ngg-gallery-thumbnail\" >\n\t\t\t<a href=\"https:\/\/irland-reise-tipps.de\/de\/wp-content\/gallery\/county_cork\/large_ab_120310-_008.jpg\" title=\" \" rel=\"lightbox[county-cork]\" >\n\t\t\t\t\t\t\t\t<img loading=\"lazy\" decoding=\"async\" title=\"large_ab_120310-_008\" alt=\"large_ab_120310-_008\" src=\"https:\/\/irland-reise-tipps.de\/de\/wp-content\/gallery\/county_cork\/thumbs\/thumbs_large_ab_120310-_008.jpg\" width=\"100\" height=\"75\" \/>\n\t\t\t\t\t\t\t<\/a>\n\t\t<\/div>\n\t<\/div>\n\t\n\t\t\n \t\t\n\t<div id=\"ngg-image-429\" class=\"ngg-gallery-thumbnail-box\"  >\n\t\t<div class=\"ngg-gallery-thumbnail\" >\n\t\t\t<a href=\"https:\/\/irland-reise-tipps.de\/de\/wp-content\/gallery\/county_cork\/large_cork_city_17_01_12_16.jpg\" title=\" \" rel=\"lightbox[county-cork]\" >\n\t\t\t\t\t\t\t\t<img loading=\"lazy\" decoding=\"async\" title=\"large_cork_city_17_01_12_16\" alt=\"large_cork_city_17_01_12_16\" src=\"https:\/\/irland-reise-tipps.de\/de\/wp-content\/gallery\/county_cork\/thumbs\/thumbs_large_cork_city_17_01_12_16.jpg\" width=\"100\" height=\"75\" \/>\n\t\t\t\t\t\t\t<\/a>\n\t\t<\/div>\n\t<\/div>\n\t\n\t\t\n \t\t\n\t<div id=\"ngg-image-423\" class=\"ngg-gallery-thumbnail-box\"  >\n\t\t<div class=\"ngg-gallery-thumbnail\" >\n\t\t\t<a href=\"https:\/\/irland-reise-tipps.de\/de\/wp-content\/gallery\/county_cork\/large_cobh_05072011_03_1.jpg\" title=\" \" rel=\"lightbox[county-cork]\" >\n\t\t\t\t\t\t\t\t<img loading=\"lazy\" decoding=\"async\" title=\"large_cobh_05072011_03_1\" alt=\"large_cobh_05072011_03_1\" src=\"https:\/\/irland-reise-tipps.de\/de\/wp-content\/gallery\/county_cork\/thumbs\/thumbs_large_cobh_05072011_03_1.jpg\" width=\"100\" height=\"75\" \/>\n\t\t\t\t\t\t\t<\/a>\n\t\t<\/div>\n\t<\/div>\n\t\n\t\t\n \t\t\n\t<div id=\"ngg-image-427\" class=\"ngg-gallery-thumbnail-box\"  >\n\t\t<div class=\"ngg-gallery-thumbnail\" >\n\t\t\t<a href=\"https:\/\/irland-reise-tipps.de\/de\/wp-content\/gallery\/county_cork\/large_cork_city_17_01_12_11.jpg\" title=\" \" rel=\"lightbox[county-cork]\" >\n\t\t\t\t\t\t\t\t<img loading=\"lazy\" decoding=\"async\" title=\"large_cork_city_17_01_12_11\" alt=\"large_cork_city_17_01_12_11\" src=\"https:\/\/irland-reise-tipps.de\/de\/wp-content\/gallery\/county_cork\/thumbs\/thumbs_large_cork_city_17_01_12_11.jpg\" width=\"100\" height=\"75\" \/>\n\t\t\t\t\t\t\t<\/a>\n\t\t<\/div>\n\t<\/div>\n\t\n\t\t\n \t\t\n\t<div id=\"ngg-image-413\" class=\"ngg-gallery-thumbnail-box\"  >\n\t\t<div class=\"ngg-gallery-thumbnail\" >\n\t\t\t<a href=\"https:\/\/irland-reise-tipps.de\/de\/wp-content\/gallery\/county_cork\/large_ab_120310-_010.jpg\" title=\" \" rel=\"lightbox[county-cork]\" >\n\t\t\t\t\t\t\t\t<img loading=\"lazy\" decoding=\"async\" title=\"large_ab_120310-_010\" alt=\"large_ab_120310-_010\" src=\"https:\/\/irland-reise-tipps.de\/de\/wp-content\/gallery\/county_cork\/thumbs\/thumbs_large_ab_120310-_010.jpg\" width=\"100\" height=\"75\" \/>\n\t\t\t\t\t\t\t<\/a>\n\t\t<\/div>\n\t<\/div>\n\t\n\t\t\n \t\t\n\t<div id=\"ngg-image-416\" class=\"ngg-gallery-thumbnail-box\"  >\n\t\t<div class=\"ngg-gallery-thumbnail\" >\n\t\t\t<a href=\"https:\/\/irland-reise-tipps.de\/de\/wp-content\/gallery\/county_cork\/large_bc_blarneycastle_21012011_1.jpg\" title=\" \" rel=\"lightbox[county-cork]\" >\n\t\t\t\t\t\t\t\t<img loading=\"lazy\" decoding=\"async\" title=\"large_bc_blarneycastle_21012011_1\" alt=\"large_bc_blarneycastle_21012011_1\" src=\"https:\/\/irland-reise-tipps.de\/de\/wp-content\/gallery\/county_cork\/thumbs\/thumbs_large_bc_blarneycastle_21012011_1.jpg\" width=\"100\" height=\"75\" \/>\n\t\t\t\t\t\t\t<\/a>\n\t\t<\/div>\n\t<\/div>\n\t\n\t\t\n \t\t\n\t<div id=\"ngg-image-432\" class=\"ngg-gallery-thumbnail-box\"  >\n\t\t<div class=\"ngg-gallery-thumbnail\" >\n\t\t\t<a href=\"https:\/\/irland-reise-tipps.de\/de\/wp-content\/gallery\/county_cork\/large_feb_2012_28_02_2012_15.jpg\" title=\" \" rel=\"lightbox[county-cork]\" >\n\t\t\t\t\t\t\t\t<img loading=\"lazy\" decoding=\"async\" title=\"large_feb_2012_28_02_2012_15\" alt=\"large_feb_2012_28_02_2012_15\" src=\"https:\/\/irland-reise-tipps.de\/de\/wp-content\/gallery\/county_cork\/thumbs\/thumbs_large_feb_2012_28_02_2012_15.jpg\" width=\"100\" height=\"75\" \/>\n\t\t\t\t\t\t\t<\/a>\n\t\t<\/div>\n\t<\/div>\n\t\n\t\t\n \t\t\n\t<div id=\"ngg-image-412\" class=\"ngg-gallery-thumbnail-box\"  >\n\t\t<div class=\"ngg-gallery-thumbnail\" >\n\t\t\t<a href=\"https:\/\/irland-reise-tipps.de\/de\/wp-content\/gallery\/county_cork\/large_ab_120310-_009.jpg\" title=\" \" rel=\"lightbox[county-cork]\" >\n\t\t\t\t\t\t\t\t<img loading=\"lazy\" decoding=\"async\" title=\"large_ab_120310-_009\" alt=\"large_ab_120310-_009\" src=\"https:\/\/irland-reise-tipps.de\/de\/wp-content\/gallery\/county_cork\/thumbs\/thumbs_large_ab_120310-_009.jpg\" width=\"100\" height=\"75\" \/>\n\t\t\t\t\t\t\t<\/a>\n\t\t<\/div>\n\t<\/div>\n\t\n\t\t\n \t\t\n\t<div id=\"ngg-image-425\" class=\"ngg-gallery-thumbnail-box\"  >\n\t\t<div class=\"ngg-gallery-thumbnail\" >\n\t\t\t<a href=\"https:\/\/irland-reise-tipps.de\/de\/wp-content\/gallery\/county_cork\/large_cork_city_17_01_12_05.jpg\" title=\" \" rel=\"lightbox[county-cork]\" >\n\t\t\t\t\t\t\t\t<img loading=\"lazy\" decoding=\"async\" title=\"large_cork_city_17_01_12_05\" alt=\"large_cork_city_17_01_12_05\" src=\"https:\/\/irland-reise-tipps.de\/de\/wp-content\/gallery\/county_cork\/thumbs\/thumbs_large_cork_city_17_01_12_05.jpg\" width=\"100\" height=\"75\" \/>\n\t\t\t\t\t\t\t<\/a>\n\t\t<\/div>\n\t<\/div>\n\t\n\t\t\n \t\t\n\t<div id=\"ngg-image-426\" class=\"ngg-gallery-thumbnail-box\"  >\n\t\t<div class=\"ngg-gallery-thumbnail\" >\n\t\t\t<a href=\"https:\/\/irland-reise-tipps.de\/de\/wp-content\/gallery\/county_cork\/large_cork_city_17_01_12_07.jpg\" title=\" \" rel=\"lightbox[county-cork]\" >\n\t\t\t\t\t\t\t\t<img loading=\"lazy\" decoding=\"async\" title=\"large_cork_city_17_01_12_07\" alt=\"large_cork_city_17_01_12_07\" src=\"https:\/\/irland-reise-tipps.de\/de\/wp-content\/gallery\/county_cork\/thumbs\/thumbs_large_cork_city_17_01_12_07.jpg\" width=\"100\" height=\"75\" \/>\n\t\t\t\t\t\t\t<\/a>\n\t\t<\/div>\n\t<\/div>\n\t\n\t\t\n \t\t\n\t<div id=\"ngg-image-428\" class=\"ngg-gallery-thumbnail-box\"  >\n\t\t<div class=\"ngg-gallery-thumbnail\" >\n\t\t\t<a href=\"https:\/\/irland-reise-tipps.de\/de\/wp-content\/gallery\/county_cork\/large_cork_city_17_01_12_15.jpg\" title=\" \" rel=\"lightbox[county-cork]\" >\n\t\t\t\t\t\t\t\t<img loading=\"lazy\" decoding=\"async\" title=\"large_cork_city_17_01_12_15\" alt=\"large_cork_city_17_01_12_15\" src=\"https:\/\/irland-reise-tipps.de\/de\/wp-content\/gallery\/county_cork\/thumbs\/thumbs_large_cork_city_17_01_12_15.jpg\" width=\"100\" height=\"75\" \/>\n\t\t\t\t\t\t\t<\/a>\n\t\t<\/div>\n\t<\/div>\n\t\n\t\t\n \t\t\n\t<div id=\"ngg-image-420\" class=\"ngg-gallery-thumbnail-box\"  >\n\t\t<div class=\"ngg-gallery-thumbnail\" >\n\t\t\t<a href=\"https:\/\/irland-reise-tipps.de\/de\/wp-content\/gallery\/county_cork\/large_c0241.jpg\" title=\" \" rel=\"lightbox[county-cork]\" >\n\t\t\t\t\t\t\t\t<img loading=\"lazy\" decoding=\"async\" title=\"large_c0241\" alt=\"large_c0241\" src=\"https:\/\/irland-reise-tipps.de\/de\/wp-content\/gallery\/county_cork\/thumbs\/thumbs_large_c0241.jpg\" width=\"100\" height=\"75\" \/>\n\t\t\t\t\t\t\t<\/a>\n\t\t<\/div>\n\t<\/div>\n\t\n\t\t\n \t\t\n\t<div id=\"ngg-image-434\" class=\"ngg-gallery-thumbnail-box\"  >\n\t\t<div class=\"ngg-gallery-thumbnail\" >\n\t\t\t<a href=\"https:\/\/irland-reise-tipps.de\/de\/wp-content\/gallery\/county_cork\/large_gm_fota_09_061510__007.jpg\" title=\" \" rel=\"lightbox[county-cork]\" >\n\t\t\t\t\t\t\t\t<img loading=\"lazy\" decoding=\"async\" title=\"large_gm_fota_09_061510__007\" alt=\"large_gm_fota_09_061510__007\" src=\"https:\/\/irland-reise-tipps.de\/de\/wp-content\/gallery\/county_cork\/thumbs\/thumbs_large_gm_fota_09_061510__007.jpg\" width=\"100\" height=\"75\" \/>\n\t\t\t\t\t\t\t<\/a>\n\t\t<\/div>\n\t<\/div>\n\t\n\t\t\n \t \t\n\t<!-- Pagination -->\n \t<div class=\"ngg-clear\"><\/div> \t\n<\/div>\n\n\n<p><a title=\"County Cork\" href=\"http:\/\/irland-reise-tipps.de\/de\/bildergalerie\/county-cork\/\">Bildergalerie f\u00fcr das County Cork anzeigen \u00bb<\/a><\/p>\n<h4>Touren<\/h4>\n<ul class=\"lcp_catlist\"><li><a href=\"https:\/\/irland-reise-tipps.de\/de\/touren\/reisetagebuch\/tag-3-von-cork-bis-killarney\/\" title=\"Tag 3 \/ Von Cork bis Killarney\">Tag 3 \/ Von Cork bis Killarney<\/a> <\/li><li><a href=\"https:\/\/irland-reise-tipps.de\/de\/touren\/reisetagebuch\/tag-2-von-celbridge-bis-cork\/\" title=\"Tag 2 \/ Von Celbridge bis Cork\">Tag 2 \/ Von Celbridge bis Cork<\/a> <\/li><li><a href=\"https:\/\/irland-reise-tipps.de\/de\/touren\/wanderreisen\/9-tage-wandern-in-kerry\/\" title=\"9 Tage - Wandern in Kerry\">9 Tage &#8211; Wandern in Kerry<\/a> <\/li><li><a href=\"https:\/\/irland-reise-tipps.de\/de\/touren\/schnupperreisen\/5-tage-schnupperreise\/\" title=\"5 Tage - Schnupperreise\">5 Tage &#8211; Schnupperreise<\/a> <\/li><li><a href=\"https:\/\/irland-reise-tipps.de\/de\/touren\/gartenreisen\/10-tage-gartenreise-sudwestirland\/\" title=\"10 Tage - Gartenreise S\u00fcdwestirland\">10 Tage &#8211; Gartenreise S\u00fcdwestirland<\/a> <\/li><li><a href=\"https:\/\/irland-reise-tipps.de\/de\/touren\/rundreisen\/12-tage-rundreise-britische-inseln\/\" title=\"12 Tage - Rundreise Britische Inseln \">12 Tage &#8211; Rundreise Britische Inseln<\/a> <\/li><li><a href=\"https:\/\/irland-reise-tipps.de\/de\/touren\/rundreisen\/10-tage-rund-um-irland\/\" title=\"10 Tage - Rund um Irland\">10 Tage &#8211; Rund um Irland<\/a> <\/li><li><a href=\"https:\/\/irland-reise-tipps.de\/de\/touren\/rundreisen\/10-tage-faszinierendes-irland\/\" title=\"10 Tage - Faszinierendes Irland\">10 Tage &#8211; Faszinierendes Irland<\/a> <\/li><li><a href=\"https:\/\/irland-reise-tipps.de\/de\/touren\/rundreisen\/9-tage-irisches-tagebuch\/\" title=\"9 Tage - Irisches Tagebuch\">9 Tage &#8211; Irisches Tagebuch<\/a> <\/li><li><a href=\"https:\/\/irland-reise-tipps.de\/de\/touren\/rundreisen\/9-tage-die-gruen-insel-hat-viele-gesichter\/\" title=\"9 Tage - Die Gr\u00fcne Insel hat viele Gesichter\">9 Tage &#8211; Die Gr\u00fcne Insel hat viele Gesichter<\/a> <\/li><li><a href=\"https:\/\/irland-reise-tipps.de\/de\/touren\/rundreisen\/8-tage-irlands-suedwesten\/\" title=\"8 Tage - Irlands S\u00fcdwesten\">8 Tage &#8211; Irlands S\u00fcdwesten<\/a> <\/li><\/ul>\n<h4>Highlights<\/h4>\n<ul>\n<li>Ardgroom Steinkreise, ein kleines Dorf auf der Beara Habinsel gelegen, auch Steinkreis von Canfea genannt.<\/li>\n<li>Bantry House, Herrenhaus der Earls of Bantry.<\/li>\n<li>Blarney Castle<\/li>\n<li>Buttevant, mittelalterliches Dorf<\/li>\n<li>Cape Clear Island<\/li>\n<li>Drombeg Stone Circle bei Glandore<\/li>\n<li>Kinsale<\/li>\n<li>Millstreet County Park<\/li>\n<li>Fota Island House &amp; Garden<\/li>\n<\/ul>\n<ul class=\"lcp_catlist\"><li><a href=\"https:\/\/irland-reise-tipps.de\/de\/highlights\/highlights-in-cork\/mizen-head\/\" title=\"Mizen Head\">Mizen Head<\/a> <\/li><li><a href=\"https:\/\/irland-reise-tipps.de\/de\/highlights\/highlights-in-cork\/garnish-island\/\" title=\"Garnish Island\">Garnish Island<\/a> <\/li><li><a href=\"https:\/\/irland-reise-tipps.de\/de\/highlights\/highlights-in-dublin\/jameson\/\" title=\"Jameson Whisky Distillery\">Jameson Whisky Distillery<\/a> <\/li><\/ul>\n<h4>Unterkunft<\/h4>\n<p>\n<a href=\"https:\/\/irland-reise-tipps.de\/de\/wp-content\/gallery\/unterkunft_seaview-house-hotel\/k1024_02dsc05534.jpg\" title=\"\" rel=\"lightbox[singlepic748]\" >\n\t<img decoding=\"async\" class=\"ngg-singlepic ngg-left\" src=\"https:\/\/irland-reise-tipps.de\/de\/wp-content\/gallery\/cache\/748__150x150_k1024_02dsc05534.jpg\" alt=\"k1024_02dsc05534\" title=\"k1024_02dsc05534\" \/>\n<\/a>\n Seaview House Hotel<\/p>\n<p><strong>Herzlich Willkommen im Seaview House Hotel!<\/strong><\/p>\n<p>Unser 4 Sterne Hotel liegt nur 4 km von Bantry entfernt und direkt an der Bantry Bay in West Cork.<br \/>\nDie einzigartige Sch\u00f6nheit dieses teils von Irland wird Ihren Aufenthalt bei uns zu einem unvergesslichen Urlaub machen.<\/p>\n<p><a title=\"Seaview House Hotel\" href=\"http:\/\/irland-reise-tipps.de\/de\/unterkunft\/hotels-in-cork\/seaview-house-hotel\/\">Weitere Informationen \u203a<\/a><\/p>\n<p>&nbsp;<\/p>\n<p>&nbsp;<\/p>\n<h4>Veranstaltungen<\/h4>\nKeine  Veranstaltungen gelistet.\n","protected":false},"excerpt":{"rendered":"<p>Beschreibung Hauptstadt: Cork Bev\u00f6lkerung: ca. 518.000 Fl\u00e4che: 7.457 km\u00b2 Bildergalerie f\u00fcr das County Cork anzeigen \u00bb Touren Highlights Ardgroom Steinkreise, ein kleines Dorf auf der Beara Habinsel gelegen, auch Steinkreis von Canfea genannt. Bantry House, Herrenhaus der Earls of Bantry.<span class=\"ellipsis\">&hellip;<\/span><\/p>\n<div class=\"read-more\"><a href=\"https:\/\/irland-reise-tipps.de\/de\/counties-und-regionen\/county-cork\/\">Weiterlesen &#8250;<\/a><\/div>\n<p><!-- end of .read-more --><\/p>\n","protected":false},"author":3,"featured_media":0,"parent":13,"menu_order":0,"comment_status":"closed","ping_status":"closed","template":"","meta":{"footnotes":""},"class_list":["post-1107","page","type-page","status-publish","hentry"],"yoast_head":"<!-- This site is optimized with the Yoast SEO plugin v21.2 - https:\/\/yoast.com\/wordpress\/plugins\/seo\/ -->\n<title>County Cork - Irland Reise Tipps<\/title>\n<meta name=\"description\" content=\"Gemeinsam die gr\u00fcne Insel Irland entdecken. Wir haben ausgew\u00e4hlte Veranstaltungen, Unterk\u00fcnfte und Touren mit den Highlights Irlands zusammengestellt.\" \/>\n<meta name=\"robots\" content=\"index, follow, max-snippet:-1, max-image-preview:large, max-video-preview:-1\" \/>\n<link rel=\"canonical\" href=\"https:\/\/irland-reise-tipps.de\/de\/counties-und-regionen\/county-cork\/\" \/>\n<meta property=\"og:locale\" content=\"de_DE\" \/>\n<meta property=\"og:type\" content=\"article\" \/>\n<meta property=\"og:title\" content=\"County Cork - Irland Reise Tipps\" \/>\n<meta property=\"og:description\" content=\"Gemeinsam die gr\u00fcne Insel Irland entdecken. Wir haben ausgew\u00e4hlte Veranstaltungen, Unterk\u00fcnfte und Touren mit den Highlights Irlands zusammengestellt.\" \/>\n<meta property=\"og:url\" content=\"https:\/\/irland-reise-tipps.de\/de\/counties-und-regionen\/county-cork\/\" \/>\n<meta property=\"og:site_name\" content=\"Irland Reise Tipps\" \/>\n<meta property=\"article:modified_time\" content=\"2013-04-16T08:03:02+00:00\" \/>\n<meta name=\"twitter:label1\" content=\"Gesch\u00e4tzte Lesezeit\" \/>\n\t<meta name=\"twitter:data1\" content=\"1\u00a0Minute\" \/>\n<script type=\"application\/ld+json\" class=\"yoast-schema-graph\">{\"@context\":\"https:\/\/schema.org\",\"@graph\":[{\"@type\":\"WebPage\",\"@id\":\"https:\/\/irland-reise-tipps.de\/de\/counties-und-regionen\/county-cork\/\",\"url\":\"https:\/\/irland-reise-tipps.de\/de\/counties-und-regionen\/county-cork\/\",\"name\":\"County Cork - Irland Reise Tipps\",\"isPartOf\":{\"@id\":\"https:\/\/irland-reise-tipps.de\/de\/#website\"},\"datePublished\":\"2013-03-03T13:30:11+00:00\",\"dateModified\":\"2013-04-16T08:03:02+00:00\",\"description\":\"Gemeinsam die gr\u00fcne Insel Irland entdecken. Wir haben ausgew\u00e4hlte Veranstaltungen, Unterk\u00fcnfte und Touren mit den Highlights Irlands zusammengestellt.\",\"breadcrumb\":{\"@id\":\"https:\/\/irland-reise-tipps.de\/de\/counties-und-regionen\/county-cork\/#breadcrumb\"},\"inLanguage\":\"de\",\"potentialAction\":[{\"@type\":\"ReadAction\",\"target\":[\"https:\/\/irland-reise-tipps.de\/de\/counties-und-regionen\/county-cork\/\"]}]},{\"@type\":\"BreadcrumbList\",\"@id\":\"https:\/\/irland-reise-tipps.de\/de\/counties-und-regionen\/county-cork\/#breadcrumb\",\"itemListElement\":[{\"@type\":\"ListItem\",\"position\":1,\"name\":\"Home\",\"item\":\"https:\/\/irland-reise-tipps.de\/de\/\"},{\"@type\":\"ListItem\",\"position\":2,\"name\":\"Counties und Regionen\",\"item\":\"https:\/\/irland-reise-tipps.de\/de\/counties-und-regionen\/\"},{\"@type\":\"ListItem\",\"position\":3,\"name\":\"County Cork\"}]},{\"@type\":\"WebSite\",\"@id\":\"https:\/\/irland-reise-tipps.de\/de\/#website\",\"url\":\"https:\/\/irland-reise-tipps.de\/de\/\",\"name\":\"Irland Reise Tipps\",\"description\":\"Gemeinsam die gr\u00fcne Insel entdecken\",\"potentialAction\":[{\"@type\":\"SearchAction\",\"target\":{\"@type\":\"EntryPoint\",\"urlTemplate\":\"https:\/\/irland-reise-tipps.de\/de\/?s={search_term_string}\"},\"query-input\":\"required name=search_term_string\"}],\"inLanguage\":\"de\"}]}<\/script>\n<!-- \/ Yoast SEO plugin. -->","yoast_head_json":{"title":"County Cork - Irland Reise Tipps","description":"Gemeinsam die gr\u00fcne Insel Irland entdecken. Wir haben ausgew\u00e4hlte Veranstaltungen, Unterk\u00fcnfte und Touren mit den Highlights Irlands zusammengestellt.","robots":{"index":"index","follow":"follow","max-snippet":"max-snippet:-1","max-image-preview":"max-image-preview:large","max-video-preview":"max-video-preview:-1"},"canonical":"https:\/\/irland-reise-tipps.de\/de\/counties-und-regionen\/county-cork\/","og_locale":"de_DE","og_type":"article","og_title":"County Cork - Irland Reise Tipps","og_description":"Gemeinsam die gr\u00fcne Insel Irland entdecken. Wir haben ausgew\u00e4hlte Veranstaltungen, Unterk\u00fcnfte und Touren mit den Highlights Irlands zusammengestellt.","og_url":"https:\/\/irland-reise-tipps.de\/de\/counties-und-regionen\/county-cork\/","og_site_name":"Irland Reise Tipps","article_modified_time":"2013-04-16T08:03:02+00:00","twitter_misc":{"Gesch\u00e4tzte Lesezeit":"1\u00a0Minute"},"schema":{"@context":"https:\/\/schema.org","@graph":[{"@type":"WebPage","@id":"https:\/\/irland-reise-tipps.de\/de\/counties-und-regionen\/county-cork\/","url":"https:\/\/irland-reise-tipps.de\/de\/counties-und-regionen\/county-cork\/","name":"County Cork - Irland Reise Tipps","isPartOf":{"@id":"https:\/\/irland-reise-tipps.de\/de\/#website"},"datePublished":"2013-03-03T13:30:11+00:00","dateModified":"2013-04-16T08:03:02+00:00","description":"Gemeinsam die gr\u00fcne Insel Irland entdecken. Wir haben ausgew\u00e4hlte Veranstaltungen, Unterk\u00fcnfte und Touren mit den Highlights Irlands zusammengestellt.","breadcrumb":{"@id":"https:\/\/irland-reise-tipps.de\/de\/counties-und-regionen\/county-cork\/#breadcrumb"},"inLanguage":"de","potentialAction":[{"@type":"ReadAction","target":["https:\/\/irland-reise-tipps.de\/de\/counties-und-regionen\/county-cork\/"]}]},{"@type":"BreadcrumbList","@id":"https:\/\/irland-reise-tipps.de\/de\/counties-und-regionen\/county-cork\/#breadcrumb","itemListElement":[{"@type":"ListItem","position":1,"name":"Home","item":"https:\/\/irland-reise-tipps.de\/de\/"},{"@type":"ListItem","position":2,"name":"Counties und Regionen","item":"https:\/\/irland-reise-tipps.de\/de\/counties-und-regionen\/"},{"@type":"ListItem","position":3,"name":"County Cork"}]},{"@type":"WebSite","@id":"https:\/\/irland-reise-tipps.de\/de\/#website","url":"https:\/\/irland-reise-tipps.de\/de\/","name":"Irland Reise Tipps","description":"Gemeinsam die gr\u00fcne Insel entdecken","potentialAction":[{"@type":"SearchAction","target":{"@type":"EntryPoint","urlTemplate":"https:\/\/irland-reise-tipps.de\/de\/?s={search_term_string}"},"query-input":"required name=search_term_string"}],"inLanguage":"de"}]}},"_links":{"self":[{"href":"https:\/\/irland-reise-tipps.de\/de\/wp-json\/wp\/v2\/pages\/1107","targetHints":{"allow":["GET"]}}],"collection":[{"href":"https:\/\/irland-reise-tipps.de\/de\/wp-json\/wp\/v2\/pages"}],"about":[{"href":"https:\/\/irland-reise-tipps.de\/de\/wp-json\/wp\/v2\/types\/page"}],"author":[{"embeddable":true,"href":"https:\/\/irland-reise-tipps.de\/de\/wp-json\/wp\/v2\/users\/3"}],"replies":[{"embeddable":true,"href":"https:\/\/irland-reise-tipps.de\/de\/wp-json\/wp\/v2\/comments?post=1107"}],"version-history":[{"count":8,"href":"https:\/\/irland-reise-tipps.de\/de\/wp-json\/wp\/v2\/pages\/1107\/revisions"}],"predecessor-version":[{"id":2480,"href":"https:\/\/irland-reise-tipps.de\/de\/wp-json\/wp\/v2\/pages\/1107\/revisions\/2480"}],"up":[{"embeddable":true,"href":"https:\/\/irland-reise-tipps.de\/de\/wp-json\/wp\/v2\/pages\/13"}],"wp:attachment":[{"href":"https:\/\/irland-reise-tipps.de\/de\/wp-json\/wp\/v2\/media?parent=1107"}],"curies":[{"name":"wp","href":"https:\/\/api.w.org\/{rel}","templated":true}]}}