{"id":1089,"date":"2013-03-03T13:56:14","date_gmt":"2013-03-03T12:56:14","guid":{"rendered":"http:\/\/irland-reise-tipps.de\/de\/?page_id=1089"},"modified":"2013-04-16T09:53:09","modified_gmt":"2013-04-16T07:53:09","slug":"county-offaly","status":"publish","type":"page","link":"https:\/\/irland-reise-tipps.de\/de\/counties-und-regionen\/county-offaly\/","title":{"rendered":"County Offaly"},"content":{"rendered":"<h4>Beschreibung<\/h4>\n<p>Hauptstadt: Tullamore<br \/>\nBev\u00f6lkerung: ca. 76.000<br \/>\nFl\u00e4che: 1.999 km \u00b2<\/p>\n\n<div class=\"ngg-galleryoverview\" id=\"ngg-gallery--1089\">\n\n\n\t\n\t<!-- Thumbnails -->\n\t\t\n\t<div id=\"ngg-image-295\" class=\"ngg-gallery-thumbnail-box\"  >\n\t\t<div class=\"ngg-gallery-thumbnail\" >\n\t\t\t<a href=\"https:\/\/irland-reise-tipps.de\/de\/wp-content\/gallery\/county_offaly\/large_ch_061510__006.jpg\" title=\" \" rel=\"lightbox[county-offaly]\" >\n\t\t\t\t\t\t\t\t<img loading=\"lazy\" decoding=\"async\" title=\"large_ch_061510__006\" alt=\"large_ch_061510__006\" src=\"https:\/\/irland-reise-tipps.de\/de\/wp-content\/gallery\/county_offaly\/thumbs\/thumbs_large_ch_061510__006.jpg\" width=\"100\" height=\"75\" \/>\n\t\t\t\t\t\t\t<\/a>\n\t\t<\/div>\n\t<\/div>\n\t\n\t\t\n \t\t\n\t<div id=\"ngg-image-296\" class=\"ngg-gallery-thumbnail-box\"  >\n\t\t<div class=\"ngg-gallery-thumbnail\" >\n\t\t\t<a href=\"https:\/\/irland-reise-tipps.de\/de\/wp-content\/gallery\/county_offaly\/large_ch_jan07_078.jpg\" title=\" \" rel=\"lightbox[county-offaly]\" >\n\t\t\t\t\t\t\t\t<img loading=\"lazy\" decoding=\"async\" title=\"large_ch_jan07_078\" alt=\"large_ch_jan07_078\" src=\"https:\/\/irland-reise-tipps.de\/de\/wp-content\/gallery\/county_offaly\/thumbs\/thumbs_large_ch_jan07_078.jpg\" width=\"100\" height=\"75\" \/>\n\t\t\t\t\t\t\t<\/a>\n\t\t<\/div>\n\t<\/div>\n\t\n\t\t\n \t\t\n\t<div id=\"ngg-image-305\" class=\"ngg-gallery-thumbnail-box\"  >\n\t\t<div class=\"ngg-gallery-thumbnail\" >\n\t\t\t<a href=\"https:\/\/irland-reise-tipps.de\/de\/wp-content\/gallery\/county_offaly\/large_hl1005-755.jpg\" title=\" \" rel=\"lightbox[county-offaly]\" >\n\t\t\t\t\t\t\t\t<img loading=\"lazy\" decoding=\"async\" title=\"large_hl1005-755\" alt=\"large_hl1005-755\" src=\"https:\/\/irland-reise-tipps.de\/de\/wp-content\/gallery\/county_offaly\/thumbs\/thumbs_large_hl1005-755.jpg\" width=\"100\" height=\"75\" \/>\n\t\t\t\t\t\t\t<\/a>\n\t\t<\/div>\n\t<\/div>\n\t\n\t\t\n \t\t\n\t<div id=\"ngg-image-297\" class=\"ngg-gallery-thumbnail-box\"  >\n\t\t<div class=\"ngg-gallery-thumbnail\" >\n\t\t\t<a href=\"https:\/\/irland-reise-tipps.de\/de\/wp-content\/gallery\/county_offaly\/large_ch_jan07_114.jpg\" title=\" \" rel=\"lightbox[county-offaly]\" >\n\t\t\t\t\t\t\t\t<img loading=\"lazy\" decoding=\"async\" title=\"large_ch_jan07_114\" alt=\"large_ch_jan07_114\" src=\"https:\/\/irland-reise-tipps.de\/de\/wp-content\/gallery\/county_offaly\/thumbs\/thumbs_large_ch_jan07_114.jpg\" width=\"100\" height=\"75\" \/>\n\t\t\t\t\t\t\t<\/a>\n\t\t<\/div>\n\t<\/div>\n\t\n\t\t\n \t\t\n\t<div id=\"ngg-image-303\" class=\"ngg-gallery-thumbnail-box\"  >\n\t\t<div class=\"ngg-gallery-thumbnail\" >\n\t\t\t<a href=\"https:\/\/irland-reise-tipps.de\/de\/wp-content\/gallery\/county_offaly\/large_hl1005-741.jpg\" title=\" \" rel=\"lightbox[county-offaly]\" >\n\t\t\t\t\t\t\t\t<img loading=\"lazy\" decoding=\"async\" title=\"large_hl1005-741\" alt=\"large_hl1005-741\" src=\"https:\/\/irland-reise-tipps.de\/de\/wp-content\/gallery\/county_offaly\/thumbs\/thumbs_large_hl1005-741.jpg\" width=\"100\" height=\"75\" \/>\n\t\t\t\t\t\t\t<\/a>\n\t\t<\/div>\n\t<\/div>\n\t\n\t\t\n \t\t\n\t<div id=\"ngg-image-294\" class=\"ngg-gallery-thumbnail-box\"  >\n\t\t<div class=\"ngg-gallery-thumbnail\" >\n\t\t\t<a href=\"https:\/\/irland-reise-tipps.de\/de\/wp-content\/gallery\/county_offaly\/large_ch_061510__005.jpg\" title=\" \" rel=\"lightbox[county-offaly]\" >\n\t\t\t\t\t\t\t\t<img loading=\"lazy\" decoding=\"async\" title=\"large_ch_061510__005\" alt=\"large_ch_061510__005\" src=\"https:\/\/irland-reise-tipps.de\/de\/wp-content\/gallery\/county_offaly\/thumbs\/thumbs_large_ch_061510__005.jpg\" width=\"100\" height=\"75\" \/>\n\t\t\t\t\t\t\t<\/a>\n\t\t<\/div>\n\t<\/div>\n\t\n\t\t\n \t\t\n\t<div id=\"ngg-image-304\" class=\"ngg-gallery-thumbnail-box\"  >\n\t\t<div class=\"ngg-gallery-thumbnail\" >\n\t\t\t<a href=\"https:\/\/irland-reise-tipps.de\/de\/wp-content\/gallery\/county_offaly\/large_hl1005-749.jpg\" title=\" \" rel=\"lightbox[county-offaly]\" >\n\t\t\t\t\t\t\t\t<img loading=\"lazy\" decoding=\"async\" title=\"large_hl1005-749\" alt=\"large_hl1005-749\" src=\"https:\/\/irland-reise-tipps.de\/de\/wp-content\/gallery\/county_offaly\/thumbs\/thumbs_large_hl1005-749.jpg\" width=\"100\" height=\"75\" \/>\n\t\t\t\t\t\t\t<\/a>\n\t\t<\/div>\n\t<\/div>\n\t\n\t\t\n \t\t\n\t<div id=\"ngg-image-298\" class=\"ngg-gallery-thumbnail-box\"  >\n\t\t<div class=\"ngg-gallery-thumbnail\" >\n\t\t\t<a href=\"https:\/\/irland-reise-tipps.de\/de\/wp-content\/gallery\/county_offaly\/large_gs12.jpg\" title=\" \" rel=\"lightbox[county-offaly]\" >\n\t\t\t\t\t\t\t\t<img loading=\"lazy\" decoding=\"async\" title=\"large_gs12\" alt=\"large_gs12\" src=\"https:\/\/irland-reise-tipps.de\/de\/wp-content\/gallery\/county_offaly\/thumbs\/thumbs_large_gs12.jpg\" width=\"100\" height=\"75\" \/>\n\t\t\t\t\t\t\t<\/a>\n\t\t<\/div>\n\t<\/div>\n\t\n\t\t\n \t\t\n\t<div id=\"ngg-image-301\" class=\"ngg-gallery-thumbnail-box\"  >\n\t\t<div class=\"ngg-gallery-thumbnail\" >\n\t\t\t<a href=\"https:\/\/irland-reise-tipps.de\/de\/wp-content\/gallery\/county_offaly\/large_hl1005-736.jpg\" title=\" \" rel=\"lightbox[county-offaly]\" >\n\t\t\t\t\t\t\t\t<img loading=\"lazy\" decoding=\"async\" title=\"large_hl1005-736\" alt=\"large_hl1005-736\" src=\"https:\/\/irland-reise-tipps.de\/de\/wp-content\/gallery\/county_offaly\/thumbs\/thumbs_large_hl1005-736.jpg\" width=\"100\" height=\"75\" \/>\n\t\t\t\t\t\t\t<\/a>\n\t\t<\/div>\n\t<\/div>\n\t\n\t\t\n \t\t\n\t<div id=\"ngg-image-293\" class=\"ngg-gallery-thumbnail-box\"  >\n\t\t<div class=\"ngg-gallery-thumbnail\" >\n\t\t\t<a href=\"https:\/\/irland-reise-tipps.de\/de\/wp-content\/gallery\/county_offaly\/large_ch_061510__004.jpg\" title=\" \" rel=\"lightbox[county-offaly]\" >\n\t\t\t\t\t\t\t\t<img loading=\"lazy\" decoding=\"async\" title=\"large_ch_061510__004\" alt=\"large_ch_061510__004\" src=\"https:\/\/irland-reise-tipps.de\/de\/wp-content\/gallery\/county_offaly\/thumbs\/thumbs_large_ch_061510__004.jpg\" width=\"100\" height=\"75\" \/>\n\t\t\t\t\t\t\t<\/a>\n\t\t<\/div>\n\t<\/div>\n\t\n\t\t\n \t\t\n\t<div id=\"ngg-image-299\" class=\"ngg-gallery-thumbnail-box\"  >\n\t\t<div class=\"ngg-gallery-thumbnail\" >\n\t\t\t<a href=\"https:\/\/irland-reise-tipps.de\/de\/wp-content\/gallery\/county_offaly\/large_gs50.jpg\" title=\" \" rel=\"lightbox[county-offaly]\" >\n\t\t\t\t\t\t\t\t<img loading=\"lazy\" decoding=\"async\" title=\"large_gs50\" alt=\"large_gs50\" src=\"https:\/\/irland-reise-tipps.de\/de\/wp-content\/gallery\/county_offaly\/thumbs\/thumbs_large_gs50.jpg\" width=\"100\" height=\"75\" \/>\n\t\t\t\t\t\t\t<\/a>\n\t\t<\/div>\n\t<\/div>\n\t\n\t\t\n \t\t\n\t<div id=\"ngg-image-300\" class=\"ngg-gallery-thumbnail-box\"  >\n\t\t<div class=\"ngg-gallery-thumbnail\" >\n\t\t\t<a href=\"https:\/\/irland-reise-tipps.de\/de\/wp-content\/gallery\/county_offaly\/large_hl1005-730.jpg\" title=\" \" rel=\"lightbox[county-offaly]\" >\n\t\t\t\t\t\t\t\t<img loading=\"lazy\" decoding=\"async\" title=\"large_hl1005-730\" alt=\"large_hl1005-730\" src=\"https:\/\/irland-reise-tipps.de\/de\/wp-content\/gallery\/county_offaly\/thumbs\/thumbs_large_hl1005-730.jpg\" width=\"100\" height=\"75\" \/>\n\t\t\t\t\t\t\t<\/a>\n\t\t<\/div>\n\t<\/div>\n\t\n\t\t\n \t\t\n\t<div id=\"ngg-image-302\" class=\"ngg-gallery-thumbnail-box\"  >\n\t\t<div class=\"ngg-gallery-thumbnail\" >\n\t\t\t<a href=\"https:\/\/irland-reise-tipps.de\/de\/wp-content\/gallery\/county_offaly\/large_hl1005-739.jpg\" title=\" \" rel=\"lightbox[county-offaly]\" >\n\t\t\t\t\t\t\t\t<img loading=\"lazy\" decoding=\"async\" title=\"large_hl1005-739\" alt=\"large_hl1005-739\" src=\"https:\/\/irland-reise-tipps.de\/de\/wp-content\/gallery\/county_offaly\/thumbs\/thumbs_large_hl1005-739.jpg\" width=\"100\" height=\"75\" \/>\n\t\t\t\t\t\t\t<\/a>\n\t\t<\/div>\n\t<\/div>\n\t\n\t\t\n \t\t\n\t<div id=\"ngg-image-306\" class=\"ngg-gallery-thumbnail-box\"  >\n\t\t<div class=\"ngg-gallery-thumbnail\" >\n\t\t\t<a href=\"https:\/\/irland-reise-tipps.de\/de\/wp-content\/gallery\/county_offaly\/large_hl1005-770.jpg\" title=\" \" rel=\"lightbox[county-offaly]\" >\n\t\t\t\t\t\t\t\t<img loading=\"lazy\" decoding=\"async\" title=\"large_hl1005-770\" alt=\"large_hl1005-770\" src=\"https:\/\/irland-reise-tipps.de\/de\/wp-content\/gallery\/county_offaly\/thumbs\/thumbs_large_hl1005-770.jpg\" width=\"100\" height=\"75\" \/>\n\t\t\t\t\t\t\t<\/a>\n\t\t<\/div>\n\t<\/div>\n\t\n\t\t\n \t \t\n\t<!-- Pagination -->\n \t<div class=\"ngg-clear\"><\/div> \t\n<\/div>\n\n\n<p><a title=\"County Offaly\" href=\"http:\/\/irland-reise-tipps.de\/de\/bildergalerie\/county-offaly\/\">Bildergalerie f\u00fcr das County Offaly anzeigen \u00bb<\/a><\/p>\n<h4>Touren<\/h4>\n<ul class=\"lcp_catlist\"><\/ul>\n<h4>Highlights<\/h4>\n<ul>\n<li>Clonfinlough-Stein<\/li>\n<li>Durrow High Cross &amp; Well<\/li>\n<li>Leap Castle<\/li>\n<li>Leviathan (Teleskop)<\/li>\n<li>Tullamore Dew Heritage Centre<\/li>\n<\/ul>\n<ul class=\"lcp_catlist\"><li><a href=\"https:\/\/irland-reise-tipps.de\/de\/highlights\/highlights-in-offaly\/birr-castle-demesne\/\" title=\"Birr Castle Demesne\">Birr Castle Demesne<\/a> <\/li><li><a href=\"https:\/\/irland-reise-tipps.de\/de\/highlights\/highlights-in-offaly\/clonmacnoise\/\" title=\"Clonmacnoise\">Clonmacnoise<\/a> <\/li><\/ul>\n<h4>Unterkunft<\/h4>\n<p>Keine Unterk\u00fcnfte gelistet.<\/p>\n<h4>Veranstaltungen<\/h4>\nKeine  Veranstaltungen gelistet.\n<p>&nbsp;<\/p>\n","protected":false},"excerpt":{"rendered":"<p>Beschreibung Hauptstadt: Tullamore Bev\u00f6lkerung: ca. 76.000 Fl\u00e4che: 1.999 km \u00b2 Bildergalerie f\u00fcr das County Offaly anzeigen \u00bb Touren Highlights Clonfinlough-Stein Durrow High Cross &amp; Well Leap Castle Leviathan (Teleskop) Tullamore Dew Heritage Centre Unterkunft Keine Unterk\u00fcnfte gelistet. Veranstaltungen &nbsp;<\/p>\n","protected":false},"author":3,"featured_media":0,"parent":13,"menu_order":0,"comment_status":"closed","ping_status":"closed","template":"","meta":{"footnotes":""},"class_list":["post-1089","page","type-page","status-publish","hentry"],"yoast_head":"<!-- This site is optimized with the Yoast SEO plugin v21.2 - https:\/\/yoast.com\/wordpress\/plugins\/seo\/ -->\n<title>County Offaly - Irland Reise Tipps<\/title>\n<meta name=\"description\" content=\"Gemeinsam die gr\u00fcne Insel Irland entdecken. Wir haben ausgew\u00e4hlte Veranstaltungen, Unterk\u00fcnfte und Touren mit den Highlights Irlands zusammengestellt.\" \/>\n<meta name=\"robots\" content=\"index, follow, max-snippet:-1, max-image-preview:large, max-video-preview:-1\" \/>\n<link rel=\"canonical\" href=\"https:\/\/irland-reise-tipps.de\/de\/counties-und-regionen\/county-offaly\/\" \/>\n<meta property=\"og:locale\" content=\"de_DE\" \/>\n<meta property=\"og:type\" content=\"article\" \/>\n<meta property=\"og:title\" content=\"County Offaly - Irland Reise Tipps\" \/>\n<meta property=\"og:description\" content=\"Gemeinsam die gr\u00fcne Insel Irland entdecken. Wir haben ausgew\u00e4hlte Veranstaltungen, Unterk\u00fcnfte und Touren mit den Highlights Irlands zusammengestellt.\" \/>\n<meta property=\"og:url\" content=\"https:\/\/irland-reise-tipps.de\/de\/counties-und-regionen\/county-offaly\/\" \/>\n<meta property=\"og:site_name\" content=\"Irland Reise Tipps\" \/>\n<meta property=\"article:modified_time\" content=\"2013-04-16T07:53:09+00:00\" \/>\n<script type=\"application\/ld+json\" class=\"yoast-schema-graph\">{\"@context\":\"https:\/\/schema.org\",\"@graph\":[{\"@type\":\"WebPage\",\"@id\":\"https:\/\/irland-reise-tipps.de\/de\/counties-und-regionen\/county-offaly\/\",\"url\":\"https:\/\/irland-reise-tipps.de\/de\/counties-und-regionen\/county-offaly\/\",\"name\":\"County Offaly - Irland Reise Tipps\",\"isPartOf\":{\"@id\":\"https:\/\/irland-reise-tipps.de\/de\/#website\"},\"datePublished\":\"2013-03-03T12:56:14+00:00\",\"dateModified\":\"2013-04-16T07:53:09+00:00\",\"description\":\"Gemeinsam die gr\u00fcne Insel Irland entdecken. Wir haben ausgew\u00e4hlte Veranstaltungen, Unterk\u00fcnfte und Touren mit den Highlights Irlands zusammengestellt.\",\"breadcrumb\":{\"@id\":\"https:\/\/irland-reise-tipps.de\/de\/counties-und-regionen\/county-offaly\/#breadcrumb\"},\"inLanguage\":\"de\",\"potentialAction\":[{\"@type\":\"ReadAction\",\"target\":[\"https:\/\/irland-reise-tipps.de\/de\/counties-und-regionen\/county-offaly\/\"]}]},{\"@type\":\"BreadcrumbList\",\"@id\":\"https:\/\/irland-reise-tipps.de\/de\/counties-und-regionen\/county-offaly\/#breadcrumb\",\"itemListElement\":[{\"@type\":\"ListItem\",\"position\":1,\"name\":\"Home\",\"item\":\"https:\/\/irland-reise-tipps.de\/de\/\"},{\"@type\":\"ListItem\",\"position\":2,\"name\":\"Counties und Regionen\",\"item\":\"https:\/\/irland-reise-tipps.de\/de\/counties-und-regionen\/\"},{\"@type\":\"ListItem\",\"position\":3,\"name\":\"County Offaly\"}]},{\"@type\":\"WebSite\",\"@id\":\"https:\/\/irland-reise-tipps.de\/de\/#website\",\"url\":\"https:\/\/irland-reise-tipps.de\/de\/\",\"name\":\"Irland Reise Tipps\",\"description\":\"Gemeinsam die gr\u00fcne Insel entdecken\",\"potentialAction\":[{\"@type\":\"SearchAction\",\"target\":{\"@type\":\"EntryPoint\",\"urlTemplate\":\"https:\/\/irland-reise-tipps.de\/de\/?s={search_term_string}\"},\"query-input\":\"required name=search_term_string\"}],\"inLanguage\":\"de\"}]}<\/script>\n<!-- \/ Yoast SEO plugin. -->","yoast_head_json":{"title":"County Offaly - Irland Reise Tipps","description":"Gemeinsam die gr\u00fcne Insel Irland entdecken. Wir haben ausgew\u00e4hlte Veranstaltungen, Unterk\u00fcnfte und Touren mit den Highlights Irlands zusammengestellt.","robots":{"index":"index","follow":"follow","max-snippet":"max-snippet:-1","max-image-preview":"max-image-preview:large","max-video-preview":"max-video-preview:-1"},"canonical":"https:\/\/irland-reise-tipps.de\/de\/counties-und-regionen\/county-offaly\/","og_locale":"de_DE","og_type":"article","og_title":"County Offaly - Irland Reise Tipps","og_description":"Gemeinsam die gr\u00fcne Insel Irland entdecken. Wir haben ausgew\u00e4hlte Veranstaltungen, Unterk\u00fcnfte und Touren mit den Highlights Irlands zusammengestellt.","og_url":"https:\/\/irland-reise-tipps.de\/de\/counties-und-regionen\/county-offaly\/","og_site_name":"Irland Reise Tipps","article_modified_time":"2013-04-16T07:53:09+00:00","schema":{"@context":"https:\/\/schema.org","@graph":[{"@type":"WebPage","@id":"https:\/\/irland-reise-tipps.de\/de\/counties-und-regionen\/county-offaly\/","url":"https:\/\/irland-reise-tipps.de\/de\/counties-und-regionen\/county-offaly\/","name":"County Offaly - Irland Reise Tipps","isPartOf":{"@id":"https:\/\/irland-reise-tipps.de\/de\/#website"},"datePublished":"2013-03-03T12:56:14+00:00","dateModified":"2013-04-16T07:53:09+00:00","description":"Gemeinsam die gr\u00fcne Insel Irland entdecken. Wir haben ausgew\u00e4hlte Veranstaltungen, Unterk\u00fcnfte und Touren mit den Highlights Irlands zusammengestellt.","breadcrumb":{"@id":"https:\/\/irland-reise-tipps.de\/de\/counties-und-regionen\/county-offaly\/#breadcrumb"},"inLanguage":"de","potentialAction":[{"@type":"ReadAction","target":["https:\/\/irland-reise-tipps.de\/de\/counties-und-regionen\/county-offaly\/"]}]},{"@type":"BreadcrumbList","@id":"https:\/\/irland-reise-tipps.de\/de\/counties-und-regionen\/county-offaly\/#breadcrumb","itemListElement":[{"@type":"ListItem","position":1,"name":"Home","item":"https:\/\/irland-reise-tipps.de\/de\/"},{"@type":"ListItem","position":2,"name":"Counties und Regionen","item":"https:\/\/irland-reise-tipps.de\/de\/counties-und-regionen\/"},{"@type":"ListItem","position":3,"name":"County Offaly"}]},{"@type":"WebSite","@id":"https:\/\/irland-reise-tipps.de\/de\/#website","url":"https:\/\/irland-reise-tipps.de\/de\/","name":"Irland Reise Tipps","description":"Gemeinsam die gr\u00fcne Insel entdecken","potentialAction":[{"@type":"SearchAction","target":{"@type":"EntryPoint","urlTemplate":"https:\/\/irland-reise-tipps.de\/de\/?s={search_term_string}"},"query-input":"required name=search_term_string"}],"inLanguage":"de"}]}},"_links":{"self":[{"href":"https:\/\/irland-reise-tipps.de\/de\/wp-json\/wp\/v2\/pages\/1089","targetHints":{"allow":["GET"]}}],"collection":[{"href":"https:\/\/irland-reise-tipps.de\/de\/wp-json\/wp\/v2\/pages"}],"about":[{"href":"https:\/\/irland-reise-tipps.de\/de\/wp-json\/wp\/v2\/types\/page"}],"author":[{"embeddable":true,"href":"https:\/\/irland-reise-tipps.de\/de\/wp-json\/wp\/v2\/users\/3"}],"replies":[{"embeddable":true,"href":"https:\/\/irland-reise-tipps.de\/de\/wp-json\/wp\/v2\/comments?post=1089"}],"version-history":[{"count":10,"href":"https:\/\/irland-reise-tipps.de\/de\/wp-json\/wp\/v2\/pages\/1089\/revisions"}],"predecessor-version":[{"id":1091,"href":"https:\/\/irland-reise-tipps.de\/de\/wp-json\/wp\/v2\/pages\/1089\/revisions\/1091"}],"up":[{"embeddable":true,"href":"https:\/\/irland-reise-tipps.de\/de\/wp-json\/wp\/v2\/pages\/13"}],"wp:attachment":[{"href":"https:\/\/irland-reise-tipps.de\/de\/wp-json\/wp\/v2\/media?parent=1089"}],"curies":[{"name":"wp","href":"https:\/\/api.w.org\/{rel}","templated":true}]}}