{"id":1080,"date":"2013-03-03T13:36:12","date_gmt":"2013-03-03T12:36:12","guid":{"rendered":"http:\/\/irland-reise-tipps.de\/de\/?page_id=1080"},"modified":"2013-04-16T09:08:15","modified_gmt":"2013-04-16T07:08:15","slug":"county-louth","status":"publish","type":"page","link":"https:\/\/irland-reise-tipps.de\/de\/counties-und-regionen\/county-louth\/","title":{"rendered":"County Louth"},"content":{"rendered":"<h4>Beschreibung<\/h4>\n<p>Hauptstadt: Dundalk<br \/>\nBev\u00f6lkerung: ca. 120.000<br \/>\nFl\u00e4che: 820 km\u00b2<\/p>\n\n<div class=\"ngg-galleryoverview\" id=\"ngg-gallery--1080\">\n\n\n\t\n\t<!-- Thumbnails -->\n\t\t\n\t<div id=\"ngg-image-242\" class=\"ngg-gallery-thumbnail-box\"  >\n\t\t<div class=\"ngg-gallery-thumbnail\" >\n\t\t\t<a href=\"https:\/\/irland-reise-tipps.de\/de\/wp-content\/gallery\/county_louth\/large_ch_020507_033.jpg\" title=\" \" rel=\"lightbox[county-louth]\" >\n\t\t\t\t\t\t\t\t<img loading=\"lazy\" decoding=\"async\" title=\"large_ch_020507_033\" alt=\"large_ch_020507_033\" src=\"https:\/\/irland-reise-tipps.de\/de\/wp-content\/gallery\/county_louth\/thumbs\/thumbs_large_ch_020507_033.jpg\" width=\"100\" height=\"75\" \/>\n\t\t\t\t\t\t\t<\/a>\n\t\t<\/div>\n\t<\/div>\n\t\n\t\t\n \t\t\n\t<div id=\"ngg-image-236\" class=\"ngg-gallery-thumbnail-box\"  >\n\t\t<div class=\"ngg-gallery-thumbnail\" >\n\t\t\t<a href=\"https:\/\/irland-reise-tipps.de\/de\/wp-content\/gallery\/county_louth\/large_aoc032.jpg\" title=\" \" rel=\"lightbox[county-louth]\" >\n\t\t\t\t\t\t\t\t<img loading=\"lazy\" decoding=\"async\" title=\"large_aoc032\" alt=\"large_aoc032\" src=\"https:\/\/irland-reise-tipps.de\/de\/wp-content\/gallery\/county_louth\/thumbs\/thumbs_large_aoc032.jpg\" width=\"100\" height=\"75\" \/>\n\t\t\t\t\t\t\t<\/a>\n\t\t<\/div>\n\t<\/div>\n\t\n\t\t\n \t\t\n\t<div id=\"ngg-image-239\" class=\"ngg-gallery-thumbnail-box\"  >\n\t\t<div class=\"ngg-gallery-thumbnail\" >\n\t\t\t<a href=\"https:\/\/irland-reise-tipps.de\/de\/wp-content\/gallery\/county_louth\/large_ch_020507_024.jpg\" title=\" \" rel=\"lightbox[county-louth]\" >\n\t\t\t\t\t\t\t\t<img loading=\"lazy\" decoding=\"async\" title=\"large_ch_020507_024\" alt=\"large_ch_020507_024\" src=\"https:\/\/irland-reise-tipps.de\/de\/wp-content\/gallery\/county_louth\/thumbs\/thumbs_large_ch_020507_024.jpg\" width=\"100\" height=\"75\" \/>\n\t\t\t\t\t\t\t<\/a>\n\t\t<\/div>\n\t<\/div>\n\t\n\t\t\n \t\t\n\t<div id=\"ngg-image-243\" class=\"ngg-gallery-thumbnail-box\"  >\n\t\t<div class=\"ngg-gallery-thumbnail\" >\n\t\t\t<a href=\"https:\/\/irland-reise-tipps.de\/de\/wp-content\/gallery\/county_louth\/large_ch_020507_035.jpg\" title=\" \" rel=\"lightbox[county-louth]\" >\n\t\t\t\t\t\t\t\t<img loading=\"lazy\" decoding=\"async\" title=\"large_ch_020507_035\" alt=\"large_ch_020507_035\" src=\"https:\/\/irland-reise-tipps.de\/de\/wp-content\/gallery\/county_louth\/thumbs\/thumbs_large_ch_020507_035.jpg\" width=\"100\" height=\"75\" \/>\n\t\t\t\t\t\t\t<\/a>\n\t\t<\/div>\n\t<\/div>\n\t\n\t\t\n \t\t\n\t<div id=\"ngg-image-246\" class=\"ngg-gallery-thumbnail-box\"  >\n\t\t<div class=\"ngg-gallery-thumbnail\" >\n\t\t\t<a href=\"https:\/\/irland-reise-tipps.de\/de\/wp-content\/gallery\/county_louth\/large_ch_oct06_210.jpg\" title=\" \" rel=\"lightbox[county-louth]\" >\n\t\t\t\t\t\t\t\t<img loading=\"lazy\" decoding=\"async\" title=\"large_ch_oct06_210\" alt=\"large_ch_oct06_210\" src=\"https:\/\/irland-reise-tipps.de\/de\/wp-content\/gallery\/county_louth\/thumbs\/thumbs_large_ch_oct06_210.jpg\" width=\"100\" height=\"75\" \/>\n\t\t\t\t\t\t\t<\/a>\n\t\t<\/div>\n\t<\/div>\n\t\n\t\t\n \t\t\n\t<div id=\"ngg-image-240\" class=\"ngg-gallery-thumbnail-box\"  >\n\t\t<div class=\"ngg-gallery-thumbnail\" >\n\t\t\t<a href=\"https:\/\/irland-reise-tipps.de\/de\/wp-content\/gallery\/county_louth\/large_ch_020507_025.jpg\" title=\" \" rel=\"lightbox[county-louth]\" >\n\t\t\t\t\t\t\t\t<img loading=\"lazy\" decoding=\"async\" title=\"large_ch_020507_025\" alt=\"large_ch_020507_025\" src=\"https:\/\/irland-reise-tipps.de\/de\/wp-content\/gallery\/county_louth\/thumbs\/thumbs_large_ch_020507_025.jpg\" width=\"100\" height=\"75\" \/>\n\t\t\t\t\t\t\t<\/a>\n\t\t<\/div>\n\t<\/div>\n\t\n\t\t\n \t\t\n\t<div id=\"ngg-image-247\" class=\"ngg-gallery-thumbnail-box\"  >\n\t\t<div class=\"ngg-gallery-thumbnail\" >\n\t\t\t<a href=\"https:\/\/irland-reise-tipps.de\/de\/wp-content\/gallery\/county_louth\/large_ch_oct06_214.jpg\" title=\" \" rel=\"lightbox[county-louth]\" >\n\t\t\t\t\t\t\t\t<img loading=\"lazy\" decoding=\"async\" title=\"large_ch_oct06_214\" alt=\"large_ch_oct06_214\" src=\"https:\/\/irland-reise-tipps.de\/de\/wp-content\/gallery\/county_louth\/thumbs\/thumbs_large_ch_oct06_214.jpg\" width=\"100\" height=\"75\" \/>\n\t\t\t\t\t\t\t<\/a>\n\t\t<\/div>\n\t<\/div>\n\t\n\t\t\n \t\t\n\t<div id=\"ngg-image-248\" class=\"ngg-gallery-thumbnail-box\"  >\n\t\t<div class=\"ngg-gallery-thumbnail\" >\n\t\t\t<a href=\"https:\/\/irland-reise-tipps.de\/de\/wp-content\/gallery\/county_louth\/large_golf0706_ballymascanlon_golf_club2.jpg\" title=\" \" rel=\"lightbox[county-louth]\" >\n\t\t\t\t\t\t\t\t<img loading=\"lazy\" decoding=\"async\" title=\"large_golf0706_ballymascanlon_golf_club2\" alt=\"large_golf0706_ballymascanlon_golf_club2\" src=\"https:\/\/irland-reise-tipps.de\/de\/wp-content\/gallery\/county_louth\/thumbs\/thumbs_large_golf0706_ballymascanlon_golf_club2.jpg\" width=\"100\" height=\"75\" \/>\n\t\t\t\t\t\t\t<\/a>\n\t\t<\/div>\n\t<\/div>\n\t\n\t\t\n \t\t\n\t<div id=\"ngg-image-237\" class=\"ngg-gallery-thumbnail-box\"  >\n\t\t<div class=\"ngg-gallery-thumbnail\" >\n\t\t\t<a href=\"https:\/\/irland-reise-tipps.de\/de\/wp-content\/gallery\/county_louth\/large_ch_020507_018.jpg\" title=\" \" rel=\"lightbox[county-louth]\" >\n\t\t\t\t\t\t\t\t<img loading=\"lazy\" decoding=\"async\" title=\"large_ch_020507_018\" alt=\"large_ch_020507_018\" src=\"https:\/\/irland-reise-tipps.de\/de\/wp-content\/gallery\/county_louth\/thumbs\/thumbs_large_ch_020507_018.jpg\" width=\"100\" height=\"75\" \/>\n\t\t\t\t\t\t\t<\/a>\n\t\t<\/div>\n\t<\/div>\n\t\n\t\t\n \t\t\n\t<div id=\"ngg-image-241\" class=\"ngg-gallery-thumbnail-box\"  >\n\t\t<div class=\"ngg-gallery-thumbnail\" >\n\t\t\t<a href=\"https:\/\/irland-reise-tipps.de\/de\/wp-content\/gallery\/county_louth\/large_ch_020507_026.jpg\" title=\" \" rel=\"lightbox[county-louth]\" >\n\t\t\t\t\t\t\t\t<img loading=\"lazy\" decoding=\"async\" title=\"large_ch_020507_026\" alt=\"large_ch_020507_026\" src=\"https:\/\/irland-reise-tipps.de\/de\/wp-content\/gallery\/county_louth\/thumbs\/thumbs_large_ch_020507_026.jpg\" width=\"100\" height=\"75\" \/>\n\t\t\t\t\t\t\t<\/a>\n\t\t<\/div>\n\t<\/div>\n\t\n\t\t\n \t\t\n\t<div id=\"ngg-image-238\" class=\"ngg-gallery-thumbnail-box\"  >\n\t\t<div class=\"ngg-gallery-thumbnail\" >\n\t\t\t<a href=\"https:\/\/irland-reise-tipps.de\/de\/wp-content\/gallery\/county_louth\/large_ch_020507_021.jpg\" title=\" \" rel=\"lightbox[county-louth]\" >\n\t\t\t\t\t\t\t\t<img loading=\"lazy\" decoding=\"async\" title=\"large_ch_020507_021\" alt=\"large_ch_020507_021\" src=\"https:\/\/irland-reise-tipps.de\/de\/wp-content\/gallery\/county_louth\/thumbs\/thumbs_large_ch_020507_021.jpg\" width=\"100\" height=\"75\" \/>\n\t\t\t\t\t\t\t<\/a>\n\t\t<\/div>\n\t<\/div>\n\t\n\t\t\n \t\t\n\t<div id=\"ngg-image-245\" class=\"ngg-gallery-thumbnail-box\"  >\n\t\t<div class=\"ngg-gallery-thumbnail\" >\n\t\t\t<a href=\"https:\/\/irland-reise-tipps.de\/de\/wp-content\/gallery\/county_louth\/large_ch_020507_051.jpg\" title=\" \" rel=\"lightbox[county-louth]\" >\n\t\t\t\t\t\t\t\t<img loading=\"lazy\" decoding=\"async\" title=\"large_ch_020507_051\" alt=\"large_ch_020507_051\" src=\"https:\/\/irland-reise-tipps.de\/de\/wp-content\/gallery\/county_louth\/thumbs\/thumbs_large_ch_020507_051.jpg\" width=\"100\" height=\"75\" \/>\n\t\t\t\t\t\t\t<\/a>\n\t\t<\/div>\n\t<\/div>\n\t\n\t\t\n \t\t\n\t<div id=\"ngg-image-244\" class=\"ngg-gallery-thumbnail-box\"  >\n\t\t<div class=\"ngg-gallery-thumbnail\" >\n\t\t\t<a href=\"https:\/\/irland-reise-tipps.de\/de\/wp-content\/gallery\/county_louth\/large_ch_020507_036.jpg\" title=\" \" rel=\"lightbox[county-louth]\" >\n\t\t\t\t\t\t\t\t<img loading=\"lazy\" decoding=\"async\" title=\"large_ch_020507_036\" alt=\"large_ch_020507_036\" src=\"https:\/\/irland-reise-tipps.de\/de\/wp-content\/gallery\/county_louth\/thumbs\/thumbs_large_ch_020507_036.jpg\" width=\"100\" height=\"75\" \/>\n\t\t\t\t\t\t\t<\/a>\n\t\t<\/div>\n\t<\/div>\n\t\n\t\t\n \t\t\n\t<div id=\"ngg-image-235\" class=\"ngg-gallery-thumbnail-box\"  >\n\t\t<div class=\"ngg-gallery-thumbnail\" >\n\t\t\t<a href=\"https:\/\/irland-reise-tipps.de\/de\/wp-content\/gallery\/county_louth\/large_aoc021.jpg\" title=\" \" rel=\"lightbox[county-louth]\" >\n\t\t\t\t\t\t\t\t<img loading=\"lazy\" decoding=\"async\" title=\"large_aoc021\" alt=\"large_aoc021\" src=\"https:\/\/irland-reise-tipps.de\/de\/wp-content\/gallery\/county_louth\/thumbs\/thumbs_large_aoc021.jpg\" width=\"100\" height=\"75\" \/>\n\t\t\t\t\t\t\t<\/a>\n\t\t<\/div>\n\t<\/div>\n\t\n\t\t\n \t \t\n\t<!-- Pagination -->\n \t<div class=\"ngg-clear\"><\/div> \t\n<\/div>\n\n\n<p><a title=\"County Louth\" href=\"http:\/\/irland-reise-tipps.de\/de\/bildergalerie\/county-louth\/\">Bildergalerie f\u00fcr das County Louth anzeigen \u00bb<\/a><\/p>\n<h4>Touren<\/h4>\n<ul class=\"lcp_catlist\"><\/ul>\n<h4>Highlights<\/h4>\n<ul>\n<li>Ardee Castle<\/li>\n<li>Carlingford Castle<\/li>\n<li>Castleroche Castle<\/li>\n<li>Dromiskin Roundtower und Keltenkreuz<\/li>\n<li>Dun Dealgan (Burganlage vom Typ einer Motte) in Dundalk<\/li>\n<li>Mellifont Abbey<\/li>\n<li>Monasterboice \u2013 bekannt f\u00fcr Hochkreuze<\/li>\n<li>Rathiddy, mit dem Cloch an Fhir Mhoir (\u201eStein des gro\u00dfen Mannes\u201c), siehe Aided Chon Culainn (\u201eDer Tod C\u00fa Chulainns\u201c)<\/li>\n<li>Roodstown Castle<\/li>\n<li>St. Mochta\u00b4s House (Oratory)<\/li>\n<li>Termonfeckin Castle und Keltenkreuz<\/li>\n<li>Tinure (Felsritzung)<\/li>\n<\/ul>\n<h4>Unterkunft<\/h4>\n<p>Keine Unterk\u00fcnfte gelistet.<\/p>\n<h4>Veranstaltungen<\/h4>\nKeine  Veranstaltungen gelistet.\n<p>&nbsp;<\/p>\n","protected":false},"excerpt":{"rendered":"<p>Beschreibung Hauptstadt: Dundalk Bev\u00f6lkerung: ca. 120.000 Fl\u00e4che: 820 km\u00b2 Bildergalerie f\u00fcr das County Louth anzeigen \u00bb Touren Highlights Ardee Castle Carlingford Castle Castleroche Castle Dromiskin Roundtower und Keltenkreuz Dun Dealgan (Burganlage vom Typ einer Motte) in Dundalk Mellifont Abbey Monasterboice<span class=\"ellipsis\">&hellip;<\/span><\/p>\n<div class=\"read-more\"><a href=\"https:\/\/irland-reise-tipps.de\/de\/counties-und-regionen\/county-louth\/\">Weiterlesen &#8250;<\/a><\/div>\n<p><!-- end of .read-more --><\/p>\n","protected":false},"author":3,"featured_media":0,"parent":13,"menu_order":0,"comment_status":"closed","ping_status":"closed","template":"","meta":{"footnotes":""},"class_list":["post-1080","page","type-page","status-publish","hentry"],"yoast_head":"<!-- This site is optimized with the Yoast SEO plugin v21.2 - https:\/\/yoast.com\/wordpress\/plugins\/seo\/ -->\n<title>County Louth - Irland Reise Tipps<\/title>\n<meta name=\"description\" content=\"Gemeinsam die gr\u00fcne Insel Irland entdecken. Wir haben ausgew\u00e4hlte Veranstaltungen, Unterk\u00fcnfte und Touren mit den Highlights Irlands zusammengestellt.\" \/>\n<meta name=\"robots\" content=\"index, follow, max-snippet:-1, max-image-preview:large, max-video-preview:-1\" \/>\n<link rel=\"canonical\" href=\"https:\/\/irland-reise-tipps.de\/de\/counties-und-regionen\/county-louth\/\" \/>\n<meta property=\"og:locale\" content=\"de_DE\" \/>\n<meta property=\"og:type\" content=\"article\" \/>\n<meta property=\"og:title\" content=\"County Louth - Irland Reise Tipps\" \/>\n<meta property=\"og:description\" content=\"Gemeinsam die gr\u00fcne Insel Irland entdecken. Wir haben ausgew\u00e4hlte Veranstaltungen, Unterk\u00fcnfte und Touren mit den Highlights Irlands zusammengestellt.\" \/>\n<meta property=\"og:url\" content=\"https:\/\/irland-reise-tipps.de\/de\/counties-und-regionen\/county-louth\/\" \/>\n<meta property=\"og:site_name\" content=\"Irland Reise Tipps\" \/>\n<meta property=\"article:modified_time\" content=\"2013-04-16T07:08:15+00:00\" \/>\n<script type=\"application\/ld+json\" class=\"yoast-schema-graph\">{\"@context\":\"https:\/\/schema.org\",\"@graph\":[{\"@type\":\"WebPage\",\"@id\":\"https:\/\/irland-reise-tipps.de\/de\/counties-und-regionen\/county-louth\/\",\"url\":\"https:\/\/irland-reise-tipps.de\/de\/counties-und-regionen\/county-louth\/\",\"name\":\"County Louth - Irland Reise Tipps\",\"isPartOf\":{\"@id\":\"https:\/\/irland-reise-tipps.de\/de\/#website\"},\"datePublished\":\"2013-03-03T12:36:12+00:00\",\"dateModified\":\"2013-04-16T07:08:15+00:00\",\"description\":\"Gemeinsam die gr\u00fcne Insel Irland entdecken. Wir haben ausgew\u00e4hlte Veranstaltungen, Unterk\u00fcnfte und Touren mit den Highlights Irlands zusammengestellt.\",\"breadcrumb\":{\"@id\":\"https:\/\/irland-reise-tipps.de\/de\/counties-und-regionen\/county-louth\/#breadcrumb\"},\"inLanguage\":\"de\",\"potentialAction\":[{\"@type\":\"ReadAction\",\"target\":[\"https:\/\/irland-reise-tipps.de\/de\/counties-und-regionen\/county-louth\/\"]}]},{\"@type\":\"BreadcrumbList\",\"@id\":\"https:\/\/irland-reise-tipps.de\/de\/counties-und-regionen\/county-louth\/#breadcrumb\",\"itemListElement\":[{\"@type\":\"ListItem\",\"position\":1,\"name\":\"Home\",\"item\":\"https:\/\/irland-reise-tipps.de\/de\/\"},{\"@type\":\"ListItem\",\"position\":2,\"name\":\"Counties und Regionen\",\"item\":\"https:\/\/irland-reise-tipps.de\/de\/counties-und-regionen\/\"},{\"@type\":\"ListItem\",\"position\":3,\"name\":\"County Louth\"}]},{\"@type\":\"WebSite\",\"@id\":\"https:\/\/irland-reise-tipps.de\/de\/#website\",\"url\":\"https:\/\/irland-reise-tipps.de\/de\/\",\"name\":\"Irland Reise Tipps\",\"description\":\"Gemeinsam die gr\u00fcne Insel entdecken\",\"potentialAction\":[{\"@type\":\"SearchAction\",\"target\":{\"@type\":\"EntryPoint\",\"urlTemplate\":\"https:\/\/irland-reise-tipps.de\/de\/?s={search_term_string}\"},\"query-input\":\"required name=search_term_string\"}],\"inLanguage\":\"de\"}]}<\/script>\n<!-- \/ Yoast SEO plugin. -->","yoast_head_json":{"title":"County Louth - Irland Reise Tipps","description":"Gemeinsam die gr\u00fcne Insel Irland entdecken. Wir haben ausgew\u00e4hlte Veranstaltungen, Unterk\u00fcnfte und Touren mit den Highlights Irlands zusammengestellt.","robots":{"index":"index","follow":"follow","max-snippet":"max-snippet:-1","max-image-preview":"max-image-preview:large","max-video-preview":"max-video-preview:-1"},"canonical":"https:\/\/irland-reise-tipps.de\/de\/counties-und-regionen\/county-louth\/","og_locale":"de_DE","og_type":"article","og_title":"County Louth - Irland Reise Tipps","og_description":"Gemeinsam die gr\u00fcne Insel Irland entdecken. Wir haben ausgew\u00e4hlte Veranstaltungen, Unterk\u00fcnfte und Touren mit den Highlights Irlands zusammengestellt.","og_url":"https:\/\/irland-reise-tipps.de\/de\/counties-und-regionen\/county-louth\/","og_site_name":"Irland Reise Tipps","article_modified_time":"2013-04-16T07:08:15+00:00","schema":{"@context":"https:\/\/schema.org","@graph":[{"@type":"WebPage","@id":"https:\/\/irland-reise-tipps.de\/de\/counties-und-regionen\/county-louth\/","url":"https:\/\/irland-reise-tipps.de\/de\/counties-und-regionen\/county-louth\/","name":"County Louth - Irland Reise Tipps","isPartOf":{"@id":"https:\/\/irland-reise-tipps.de\/de\/#website"},"datePublished":"2013-03-03T12:36:12+00:00","dateModified":"2013-04-16T07:08:15+00:00","description":"Gemeinsam die gr\u00fcne Insel Irland entdecken. Wir haben ausgew\u00e4hlte Veranstaltungen, Unterk\u00fcnfte und Touren mit den Highlights Irlands zusammengestellt.","breadcrumb":{"@id":"https:\/\/irland-reise-tipps.de\/de\/counties-und-regionen\/county-louth\/#breadcrumb"},"inLanguage":"de","potentialAction":[{"@type":"ReadAction","target":["https:\/\/irland-reise-tipps.de\/de\/counties-und-regionen\/county-louth\/"]}]},{"@type":"BreadcrumbList","@id":"https:\/\/irland-reise-tipps.de\/de\/counties-und-regionen\/county-louth\/#breadcrumb","itemListElement":[{"@type":"ListItem","position":1,"name":"Home","item":"https:\/\/irland-reise-tipps.de\/de\/"},{"@type":"ListItem","position":2,"name":"Counties und Regionen","item":"https:\/\/irland-reise-tipps.de\/de\/counties-und-regionen\/"},{"@type":"ListItem","position":3,"name":"County Louth"}]},{"@type":"WebSite","@id":"https:\/\/irland-reise-tipps.de\/de\/#website","url":"https:\/\/irland-reise-tipps.de\/de\/","name":"Irland Reise Tipps","description":"Gemeinsam die gr\u00fcne Insel entdecken","potentialAction":[{"@type":"SearchAction","target":{"@type":"EntryPoint","urlTemplate":"https:\/\/irland-reise-tipps.de\/de\/?s={search_term_string}"},"query-input":"required name=search_term_string"}],"inLanguage":"de"}]}},"_links":{"self":[{"href":"https:\/\/irland-reise-tipps.de\/de\/wp-json\/wp\/v2\/pages\/1080","targetHints":{"allow":["GET"]}}],"collection":[{"href":"https:\/\/irland-reise-tipps.de\/de\/wp-json\/wp\/v2\/pages"}],"about":[{"href":"https:\/\/irland-reise-tipps.de\/de\/wp-json\/wp\/v2\/types\/page"}],"author":[{"embeddable":true,"href":"https:\/\/irland-reise-tipps.de\/de\/wp-json\/wp\/v2\/users\/3"}],"replies":[{"embeddable":true,"href":"https:\/\/irland-reise-tipps.de\/de\/wp-json\/wp\/v2\/comments?post=1080"}],"version-history":[{"count":6,"href":"https:\/\/irland-reise-tipps.de\/de\/wp-json\/wp\/v2\/pages\/1080\/revisions"}],"predecessor-version":[{"id":2455,"href":"https:\/\/irland-reise-tipps.de\/de\/wp-json\/wp\/v2\/pages\/1080\/revisions\/2455"}],"up":[{"embeddable":true,"href":"https:\/\/irland-reise-tipps.de\/de\/wp-json\/wp\/v2\/pages\/13"}],"wp:attachment":[{"href":"https:\/\/irland-reise-tipps.de\/de\/wp-json\/wp\/v2\/media?parent=1080"}],"curies":[{"name":"wp","href":"https:\/\/api.w.org\/{rel}","templated":true}]}}