{"id":1064,"date":"2013-03-03T13:10:30","date_gmt":"2013-03-03T12:10:30","guid":{"rendered":"http:\/\/irland-reise-tipps.de\/de\/?page_id=1064"},"modified":"2013-04-16T10:26:09","modified_gmt":"2013-04-16T08:26:09","slug":"county-sligo","status":"publish","type":"page","link":"https:\/\/irland-reise-tipps.de\/de\/counties-und-regionen\/county-sligo\/","title":{"rendered":"County Sligo"},"content":{"rendered":"<h4>Beschreibung<\/h4>\n<p>Hauptstadt: Sligo<br \/>\nBev\u00f6lkerung: ca. 65.000<br \/>\nFl\u00e4che: 1.836 km\u00b2<\/p>\n\n<div class=\"ngg-galleryoverview\" id=\"ngg-gallery--1064\">\n\n\n\t\n\t<!-- Thumbnails -->\n\t\t\n\t<div id=\"ngg-image-214\" class=\"ngg-gallery-thumbnail-box\"  >\n\t\t<div class=\"ngg-gallery-thumbnail\" >\n\t\t\t<a href=\"https:\/\/irland-reise-tipps.de\/de\/wp-content\/gallery\/county_sligo\/large_HL1005-517.jpg\" title=\" \" rel=\"lightbox[county-sligo]\" >\n\t\t\t\t\t\t\t\t<img loading=\"lazy\" decoding=\"async\" title=\"large_HL1005-517\" alt=\"large_HL1005-517\" src=\"https:\/\/irland-reise-tipps.de\/de\/wp-content\/gallery\/county_sligo\/thumbs\/thumbs_large_HL1005-517.jpg\" width=\"100\" height=\"75\" \/>\n\t\t\t\t\t\t\t<\/a>\n\t\t<\/div>\n\t<\/div>\n\t\n\t\t\n \t\t\n\t<div id=\"ngg-image-212\" class=\"ngg-gallery-thumbnail-box\"  >\n\t\t<div class=\"ngg-gallery-thumbnail\" >\n\t\t\t<a href=\"https:\/\/irland-reise-tipps.de\/de\/wp-content\/gallery\/county_sligo\/large_HL1005-511.jpg\" title=\" \" rel=\"lightbox[county-sligo]\" >\n\t\t\t\t\t\t\t\t<img loading=\"lazy\" decoding=\"async\" title=\"large_HL1005-511\" alt=\"large_HL1005-511\" src=\"https:\/\/irland-reise-tipps.de\/de\/wp-content\/gallery\/county_sligo\/thumbs\/thumbs_large_HL1005-511.jpg\" width=\"100\" height=\"75\" \/>\n\t\t\t\t\t\t\t<\/a>\n\t\t<\/div>\n\t<\/div>\n\t\n\t\t\n \t\t\n\t<div id=\"ngg-image-218\" class=\"ngg-gallery-thumbnail-box\"  >\n\t\t<div class=\"ngg-gallery-thumbnail\" >\n\t\t\t<a href=\"https:\/\/irland-reise-tipps.de\/de\/wp-content\/gallery\/county_sligo\/large_bm_sligo_061510__022.jpg\" title=\" \" rel=\"lightbox[county-sligo]\" >\n\t\t\t\t\t\t\t\t<img loading=\"lazy\" decoding=\"async\" title=\"large_bm_sligo_061510__022\" alt=\"large_bm_sligo_061510__022\" src=\"https:\/\/irland-reise-tipps.de\/de\/wp-content\/gallery\/county_sligo\/thumbs\/thumbs_large_bm_sligo_061510__022.jpg\" width=\"100\" height=\"75\" \/>\n\t\t\t\t\t\t\t<\/a>\n\t\t<\/div>\n\t<\/div>\n\t\n\t\t\n \t\t\n\t<div id=\"ngg-image-220\" class=\"ngg-gallery-thumbnail-box\"  >\n\t\t<div class=\"ngg-gallery-thumbnail\" >\n\t\t\t<a href=\"https:\/\/irland-reise-tipps.de\/de\/wp-content\/gallery\/county_sligo\/large_ch_020507_120.jpg\" title=\" \" rel=\"lightbox[county-sligo]\" >\n\t\t\t\t\t\t\t\t<img loading=\"lazy\" decoding=\"async\" title=\"large_ch_020507_120\" alt=\"large_ch_020507_120\" src=\"https:\/\/irland-reise-tipps.de\/de\/wp-content\/gallery\/county_sligo\/thumbs\/thumbs_large_ch_020507_120.jpg\" width=\"100\" height=\"75\" \/>\n\t\t\t\t\t\t\t<\/a>\n\t\t<\/div>\n\t<\/div>\n\t\n\t\t\n \t\t\n\t<div id=\"ngg-image-216\" class=\"ngg-gallery-thumbnail-box\"  >\n\t\t<div class=\"ngg-gallery-thumbnail\" >\n\t\t\t<a href=\"https:\/\/irland-reise-tipps.de\/de\/wp-content\/gallery\/county_sligo\/large_bm_sligo_061510__013.jpg\" title=\" \" rel=\"lightbox[county-sligo]\" >\n\t\t\t\t\t\t\t\t<img loading=\"lazy\" decoding=\"async\" title=\"large_bm_sligo_061510__013\" alt=\"large_bm_sligo_061510__013\" src=\"https:\/\/irland-reise-tipps.de\/de\/wp-content\/gallery\/county_sligo\/thumbs\/thumbs_large_bm_sligo_061510__013.jpg\" width=\"100\" height=\"75\" \/>\n\t\t\t\t\t\t\t<\/a>\n\t\t<\/div>\n\t<\/div>\n\t\n\t\t\n \t\t\n\t<div id=\"ngg-image-219\" class=\"ngg-gallery-thumbnail-box\"  >\n\t\t<div class=\"ngg-gallery-thumbnail\" >\n\t\t\t<a href=\"https:\/\/irland-reise-tipps.de\/de\/wp-content\/gallery\/county_sligo\/large_bm_sligo_061510__023.jpg\" title=\" \" rel=\"lightbox[county-sligo]\" >\n\t\t\t\t\t\t\t\t<img loading=\"lazy\" decoding=\"async\" title=\"large_bm_sligo_061510__023\" alt=\"large_bm_sligo_061510__023\" src=\"https:\/\/irland-reise-tipps.de\/de\/wp-content\/gallery\/county_sligo\/thumbs\/thumbs_large_bm_sligo_061510__023.jpg\" width=\"100\" height=\"75\" \/>\n\t\t\t\t\t\t\t<\/a>\n\t\t<\/div>\n\t<\/div>\n\t\n\t\t\n \t\t\n\t<div id=\"ngg-image-213\" class=\"ngg-gallery-thumbnail-box\"  >\n\t\t<div class=\"ngg-gallery-thumbnail\" >\n\t\t\t<a href=\"https:\/\/irland-reise-tipps.de\/de\/wp-content\/gallery\/county_sligo\/large_HL1005-515.jpg\" title=\" \" rel=\"lightbox[county-sligo]\" >\n\t\t\t\t\t\t\t\t<img loading=\"lazy\" decoding=\"async\" title=\"large_HL1005-515\" alt=\"large_HL1005-515\" src=\"https:\/\/irland-reise-tipps.de\/de\/wp-content\/gallery\/county_sligo\/thumbs\/thumbs_large_HL1005-515.jpg\" width=\"100\" height=\"75\" \/>\n\t\t\t\t\t\t\t<\/a>\n\t\t<\/div>\n\t<\/div>\n\t\n\t\t\n \t\t\n\t<div id=\"ngg-image-211\" class=\"ngg-gallery-thumbnail-box\"  >\n\t\t<div class=\"ngg-gallery-thumbnail\" >\n\t\t\t<a href=\"https:\/\/irland-reise-tipps.de\/de\/wp-content\/gallery\/county_sligo\/large_HL1005-509.jpg\" title=\" \" rel=\"lightbox[county-sligo]\" >\n\t\t\t\t\t\t\t\t<img loading=\"lazy\" decoding=\"async\" title=\"large_HL1005-509\" alt=\"large_HL1005-509\" src=\"https:\/\/irland-reise-tipps.de\/de\/wp-content\/gallery\/county_sligo\/thumbs\/thumbs_large_HL1005-509.jpg\" width=\"100\" height=\"75\" \/>\n\t\t\t\t\t\t\t<\/a>\n\t\t<\/div>\n\t<\/div>\n\t\n\t\t\n \t\t\n\t<div id=\"ngg-image-217\" class=\"ngg-gallery-thumbnail-box\"  >\n\t\t<div class=\"ngg-gallery-thumbnail\" >\n\t\t\t<a href=\"https:\/\/irland-reise-tipps.de\/de\/wp-content\/gallery\/county_sligo\/large_bm_sligo_061510__017.jpg\" title=\" \" rel=\"lightbox[county-sligo]\" >\n\t\t\t\t\t\t\t\t<img loading=\"lazy\" decoding=\"async\" title=\"large_bm_sligo_061510__017\" alt=\"large_bm_sligo_061510__017\" src=\"https:\/\/irland-reise-tipps.de\/de\/wp-content\/gallery\/county_sligo\/thumbs\/thumbs_large_bm_sligo_061510__017.jpg\" width=\"100\" height=\"75\" \/>\n\t\t\t\t\t\t\t<\/a>\n\t\t<\/div>\n\t<\/div>\n\t\n\t\t\n \t\t\n\t<div id=\"ngg-image-215\" class=\"ngg-gallery-thumbnail-box\"  >\n\t\t<div class=\"ngg-gallery-thumbnail\" >\n\t\t\t<a href=\"https:\/\/irland-reise-tipps.de\/de\/wp-content\/gallery\/county_sligo\/large_S0147.jpg\" title=\" \" rel=\"lightbox[county-sligo]\" >\n\t\t\t\t\t\t\t\t<img loading=\"lazy\" decoding=\"async\" title=\"large_S0147\" alt=\"large_S0147\" src=\"https:\/\/irland-reise-tipps.de\/de\/wp-content\/gallery\/county_sligo\/thumbs\/thumbs_large_S0147.jpg\" width=\"100\" height=\"75\" \/>\n\t\t\t\t\t\t\t<\/a>\n\t\t<\/div>\n\t<\/div>\n\t\n\t\t\n \t \t\n\t<!-- Pagination -->\n \t<div class=\"ngg-clear\"><\/div> \t\n<\/div>\n\n\n<p><a title=\"County Sligo\" href=\"http:\/\/irland-reise-tipps.de\/de\/bildergalerie\/county-sligo\/\">Bildergalerie f\u00fcr das County Sligo anzeigen \u00bb<\/a><\/p>\n<h4>Touren<\/h4>\n<ul class=\"lcp_catlist\"><li><a href=\"https:\/\/irland-reise-tipps.de\/de\/touren\/reisetagebuch\/tag-6-von-galway-bis-collooney\/\" title=\"Tag 6 \/ Von Galway bis Collooney\">Tag 6 \/ Von Galway bis Collooney<\/a> <\/li><li><a href=\"https:\/\/irland-reise-tipps.de\/de\/touren\/rundreisen\/12-tage-rundreise-britische-inseln\/\" title=\"12 Tage - Rundreise Britische Inseln \">12 Tage &#8211; Rundreise Britische Inseln<\/a> <\/li><li><a href=\"https:\/\/irland-reise-tipps.de\/de\/touren\/rundreisen\/11-tage-auf-den-spuren-des-heiligen-patrick\/\" title=\"11 Tage - Auf den Spuren des Heiligen Patrick\">11 Tage &#8211; Auf den Spuren des Heiligen Patrick<\/a> <\/li><li><a href=\"https:\/\/irland-reise-tipps.de\/de\/touren\/rundreisen\/10-tage-irlands-norden\/\" title=\"10 Tage - Irlands Norden\">10 Tage &#8211; Irlands Norden<\/a> <\/li><li><a href=\"https:\/\/irland-reise-tipps.de\/de\/touren\/rundreisen\/8-tage-unentdecktes-irland\/\" title=\"8 Tage - Unentdecktes Irland\">8 Tage &#8211; Unentdecktes Irland<\/a> <\/li><li><a href=\"https:\/\/irland-reise-tipps.de\/de\/touren\/rundreisen\/8-tage-nordirische-impressionen\/\" title=\"8 Tage - Nordirische Impressionen\">8 Tage &#8211; Nordirische Impressionen<\/a> <\/li><\/ul>\n<h4>Highlights<\/h4>\n<ul>\n<li>Ballymote Castle<\/li>\n<li>Ben Bulben Tafelberg<\/li>\n<li>Boyle Abbey<\/li>\n<li>Church Island im Lough Gill<\/li>\n<li>Carrowmore, megalithische Anlagen darunter Listoghil<\/li>\n<li>Causewayed enclosure von Magheraboy, Einfriedung<\/li>\n<li>Heapstown, Cairn<\/li>\n<li>Innishmurray Inselkloster mit Beehive-huts (private \u00dcberfahrten)<\/li>\n<li>Keshcorran Caves H\u00f6hlen<\/li>\n<li>Knocknarea Berg mit Cairn der Queen Maeve<\/li>\n<li>Knoxspark, Promontory Fort<\/li>\n<li>Sligo Abbey<\/li>\n<li>&#8222;Yeats County&#8220; am Ben Bulben mit dem Grab des Dichters, dem Rundturmrest und dem Keltenkreuz; in und um Drumcliff<\/li>\n<\/ul>\n<h4>\u00a0Unterkunft<\/h4>\n<p>Keine Unterk\u00fcnfte gelistet.<\/p>\n<h4>Veranstaltungen<\/h4>\nKeine  Veranstaltungen gelistet.\n<p>&nbsp;<\/p>\n","protected":false},"excerpt":{"rendered":"<p>Beschreibung Hauptstadt: Sligo Bev\u00f6lkerung: ca. 65.000 Fl\u00e4che: 1.836 km\u00b2 Bildergalerie f\u00fcr das County Sligo anzeigen \u00bb Touren Highlights Ballymote Castle Ben Bulben Tafelberg Boyle Abbey Church Island im Lough Gill Carrowmore, megalithische Anlagen darunter Listoghil Causewayed enclosure von Magheraboy, Einfriedung<span class=\"ellipsis\">&hellip;<\/span><\/p>\n<div class=\"read-more\"><a href=\"https:\/\/irland-reise-tipps.de\/de\/counties-und-regionen\/county-sligo\/\">Weiterlesen &#8250;<\/a><\/div>\n<p><!-- end of .read-more --><\/p>\n","protected":false},"author":3,"featured_media":0,"parent":13,"menu_order":0,"comment_status":"closed","ping_status":"closed","template":"","meta":{"footnotes":""},"class_list":["post-1064","page","type-page","status-publish","hentry"],"yoast_head":"<!-- This site is optimized with the Yoast SEO plugin v21.2 - https:\/\/yoast.com\/wordpress\/plugins\/seo\/ -->\n<title>County Sligo  - Irland Reise Tipps<\/title>\n<meta name=\"description\" content=\"Gemeinsam die gr\u00fcne Insel Irland entdecken. Wir haben ausgew\u00e4hlte Veranstaltungen, Unterk\u00fcnfte und Touren mit den Highlights Irlands zusammengestellt.\" \/>\n<meta name=\"robots\" content=\"index, follow, max-snippet:-1, max-image-preview:large, max-video-preview:-1\" \/>\n<link rel=\"canonical\" href=\"https:\/\/irland-reise-tipps.de\/de\/counties-und-regionen\/county-sligo\/\" \/>\n<meta property=\"og:locale\" content=\"de_DE\" \/>\n<meta property=\"og:type\" content=\"article\" \/>\n<meta property=\"og:title\" content=\"County Sligo  - Irland Reise Tipps\" \/>\n<meta property=\"og:description\" content=\"Gemeinsam die gr\u00fcne Insel Irland entdecken. Wir haben ausgew\u00e4hlte Veranstaltungen, Unterk\u00fcnfte und Touren mit den Highlights Irlands zusammengestellt.\" \/>\n<meta property=\"og:url\" content=\"https:\/\/irland-reise-tipps.de\/de\/counties-und-regionen\/county-sligo\/\" \/>\n<meta property=\"og:site_name\" content=\"Irland Reise Tipps\" \/>\n<meta property=\"article:modified_time\" content=\"2013-04-16T08:26:09+00:00\" \/>\n<meta name=\"twitter:label1\" content=\"Gesch\u00e4tzte Lesezeit\" \/>\n\t<meta name=\"twitter:data1\" content=\"1\u00a0Minute\" \/>\n<script type=\"application\/ld+json\" class=\"yoast-schema-graph\">{\"@context\":\"https:\/\/schema.org\",\"@graph\":[{\"@type\":\"WebPage\",\"@id\":\"https:\/\/irland-reise-tipps.de\/de\/counties-und-regionen\/county-sligo\/\",\"url\":\"https:\/\/irland-reise-tipps.de\/de\/counties-und-regionen\/county-sligo\/\",\"name\":\"County Sligo - Irland Reise Tipps\",\"isPartOf\":{\"@id\":\"https:\/\/irland-reise-tipps.de\/de\/#website\"},\"datePublished\":\"2013-03-03T12:10:30+00:00\",\"dateModified\":\"2013-04-16T08:26:09+00:00\",\"description\":\"Gemeinsam die gr\u00fcne Insel Irland entdecken. Wir haben ausgew\u00e4hlte Veranstaltungen, Unterk\u00fcnfte und Touren mit den Highlights Irlands zusammengestellt.\",\"breadcrumb\":{\"@id\":\"https:\/\/irland-reise-tipps.de\/de\/counties-und-regionen\/county-sligo\/#breadcrumb\"},\"inLanguage\":\"de\",\"potentialAction\":[{\"@type\":\"ReadAction\",\"target\":[\"https:\/\/irland-reise-tipps.de\/de\/counties-und-regionen\/county-sligo\/\"]}]},{\"@type\":\"BreadcrumbList\",\"@id\":\"https:\/\/irland-reise-tipps.de\/de\/counties-und-regionen\/county-sligo\/#breadcrumb\",\"itemListElement\":[{\"@type\":\"ListItem\",\"position\":1,\"name\":\"Home\",\"item\":\"https:\/\/irland-reise-tipps.de\/de\/\"},{\"@type\":\"ListItem\",\"position\":2,\"name\":\"Counties und Regionen\",\"item\":\"https:\/\/irland-reise-tipps.de\/de\/counties-und-regionen\/\"},{\"@type\":\"ListItem\",\"position\":3,\"name\":\"County Sligo\"}]},{\"@type\":\"WebSite\",\"@id\":\"https:\/\/irland-reise-tipps.de\/de\/#website\",\"url\":\"https:\/\/irland-reise-tipps.de\/de\/\",\"name\":\"Irland Reise Tipps\",\"description\":\"Gemeinsam die gr\u00fcne Insel entdecken\",\"potentialAction\":[{\"@type\":\"SearchAction\",\"target\":{\"@type\":\"EntryPoint\",\"urlTemplate\":\"https:\/\/irland-reise-tipps.de\/de\/?s={search_term_string}\"},\"query-input\":\"required name=search_term_string\"}],\"inLanguage\":\"de\"}]}<\/script>\n<!-- \/ Yoast SEO plugin. -->","yoast_head_json":{"title":"County Sligo  - Irland Reise Tipps","description":"Gemeinsam die gr\u00fcne Insel Irland entdecken. Wir haben ausgew\u00e4hlte Veranstaltungen, Unterk\u00fcnfte und Touren mit den Highlights Irlands zusammengestellt.","robots":{"index":"index","follow":"follow","max-snippet":"max-snippet:-1","max-image-preview":"max-image-preview:large","max-video-preview":"max-video-preview:-1"},"canonical":"https:\/\/irland-reise-tipps.de\/de\/counties-und-regionen\/county-sligo\/","og_locale":"de_DE","og_type":"article","og_title":"County Sligo  - Irland Reise Tipps","og_description":"Gemeinsam die gr\u00fcne Insel Irland entdecken. Wir haben ausgew\u00e4hlte Veranstaltungen, Unterk\u00fcnfte und Touren mit den Highlights Irlands zusammengestellt.","og_url":"https:\/\/irland-reise-tipps.de\/de\/counties-und-regionen\/county-sligo\/","og_site_name":"Irland Reise Tipps","article_modified_time":"2013-04-16T08:26:09+00:00","twitter_misc":{"Gesch\u00e4tzte Lesezeit":"1\u00a0Minute"},"schema":{"@context":"https:\/\/schema.org","@graph":[{"@type":"WebPage","@id":"https:\/\/irland-reise-tipps.de\/de\/counties-und-regionen\/county-sligo\/","url":"https:\/\/irland-reise-tipps.de\/de\/counties-und-regionen\/county-sligo\/","name":"County Sligo - Irland Reise Tipps","isPartOf":{"@id":"https:\/\/irland-reise-tipps.de\/de\/#website"},"datePublished":"2013-03-03T12:10:30+00:00","dateModified":"2013-04-16T08:26:09+00:00","description":"Gemeinsam die gr\u00fcne Insel Irland entdecken. Wir haben ausgew\u00e4hlte Veranstaltungen, Unterk\u00fcnfte und Touren mit den Highlights Irlands zusammengestellt.","breadcrumb":{"@id":"https:\/\/irland-reise-tipps.de\/de\/counties-und-regionen\/county-sligo\/#breadcrumb"},"inLanguage":"de","potentialAction":[{"@type":"ReadAction","target":["https:\/\/irland-reise-tipps.de\/de\/counties-und-regionen\/county-sligo\/"]}]},{"@type":"BreadcrumbList","@id":"https:\/\/irland-reise-tipps.de\/de\/counties-und-regionen\/county-sligo\/#breadcrumb","itemListElement":[{"@type":"ListItem","position":1,"name":"Home","item":"https:\/\/irland-reise-tipps.de\/de\/"},{"@type":"ListItem","position":2,"name":"Counties und Regionen","item":"https:\/\/irland-reise-tipps.de\/de\/counties-und-regionen\/"},{"@type":"ListItem","position":3,"name":"County Sligo"}]},{"@type":"WebSite","@id":"https:\/\/irland-reise-tipps.de\/de\/#website","url":"https:\/\/irland-reise-tipps.de\/de\/","name":"Irland Reise Tipps","description":"Gemeinsam die gr\u00fcne Insel entdecken","potentialAction":[{"@type":"SearchAction","target":{"@type":"EntryPoint","urlTemplate":"https:\/\/irland-reise-tipps.de\/de\/?s={search_term_string}"},"query-input":"required name=search_term_string"}],"inLanguage":"de"}]}},"_links":{"self":[{"href":"https:\/\/irland-reise-tipps.de\/de\/wp-json\/wp\/v2\/pages\/1064","targetHints":{"allow":["GET"]}}],"collection":[{"href":"https:\/\/irland-reise-tipps.de\/de\/wp-json\/wp\/v2\/pages"}],"about":[{"href":"https:\/\/irland-reise-tipps.de\/de\/wp-json\/wp\/v2\/types\/page"}],"author":[{"embeddable":true,"href":"https:\/\/irland-reise-tipps.de\/de\/wp-json\/wp\/v2\/users\/3"}],"replies":[{"embeddable":true,"href":"https:\/\/irland-reise-tipps.de\/de\/wp-json\/wp\/v2\/comments?post=1064"}],"version-history":[{"count":6,"href":"https:\/\/irland-reise-tipps.de\/de\/wp-json\/wp\/v2\/pages\/1064\/revisions"}],"predecessor-version":[{"id":2502,"href":"https:\/\/irland-reise-tipps.de\/de\/wp-json\/wp\/v2\/pages\/1064\/revisions\/2502"}],"up":[{"embeddable":true,"href":"https:\/\/irland-reise-tipps.de\/de\/wp-json\/wp\/v2\/pages\/13"}],"wp:attachment":[{"href":"https:\/\/irland-reise-tipps.de\/de\/wp-json\/wp\/v2\/media?parent=1064"}],"curies":[{"name":"wp","href":"https:\/\/api.w.org\/{rel}","templated":true}]}}