{"id":1019,"date":"2013-02-28T18:44:04","date_gmt":"2013-02-28T17:44:04","guid":{"rendered":"http:\/\/irland-reise-tipps.de\/de\/?page_id=1019"},"modified":"2013-04-16T08:57:32","modified_gmt":"2013-04-16T06:57:32","slug":"county-dublin","status":"publish","type":"page","link":"https:\/\/irland-reise-tipps.de\/de\/counties-und-regionen\/county-dublin\/","title":{"rendered":"County Dublin"},"content":{"rendered":"<h4>Beschreibung<\/h4>\n<p>Hauptstadt: Dublin<br \/>\nBev\u00f6lkerung: ca. 1.270.000<br \/>\nFl\u00e4che: 9.021 km \u00b2<\/p>\n\n<div class=\"ngg-galleryoverview\" id=\"ngg-gallery--1019\">\n\n\n\t\n\t<!-- Thumbnails -->\n\t\t\n\t<div id=\"ngg-image-287\" class=\"ngg-gallery-thumbnail-box\"  >\n\t\t<div class=\"ngg-gallery-thumbnail\" >\n\t\t\t<a href=\"https:\/\/irland-reise-tipps.de\/de\/wp-content\/gallery\/county_dublin\/large_patrick040.jpg\" title=\" \" rel=\"lightbox[county-dublin]\" >\n\t\t\t\t\t\t\t\t<img loading=\"lazy\" decoding=\"async\" title=\"large_patrick040\" alt=\"large_patrick040\" src=\"https:\/\/irland-reise-tipps.de\/de\/wp-content\/gallery\/county_dublin\/thumbs\/thumbs_large_patrick040.jpg\" width=\"100\" height=\"75\" \/>\n\t\t\t\t\t\t\t<\/a>\n\t\t<\/div>\n\t<\/div>\n\t\n\t\t\n \t\t\n\t<div id=\"ngg-image-276\" class=\"ngg-gallery-thumbnail-box\"  >\n\t\t<div class=\"ngg-gallery-thumbnail\" >\n\t\t\t<a href=\"https:\/\/irland-reise-tipps.de\/de\/wp-content\/gallery\/county_dublin\/large_hl1005-103.jpg\" title=\" \" rel=\"lightbox[county-dublin]\" >\n\t\t\t\t\t\t\t\t<img loading=\"lazy\" decoding=\"async\" title=\"large_hl1005-103\" alt=\"large_hl1005-103\" src=\"https:\/\/irland-reise-tipps.de\/de\/wp-content\/gallery\/county_dublin\/thumbs\/thumbs_large_hl1005-103.jpg\" width=\"100\" height=\"75\" \/>\n\t\t\t\t\t\t\t<\/a>\n\t\t<\/div>\n\t<\/div>\n\t\n\t\t\n \t\t\n\t<div id=\"ngg-image-267\" class=\"ngg-gallery-thumbnail-box\"  >\n\t\t<div class=\"ngg-gallery-thumbnail\" >\n\t\t\t<a href=\"https:\/\/irland-reise-tipps.de\/de\/wp-content\/gallery\/county_dublin\/large_01-dt-cd-2005.jpg\" title=\" \" rel=\"lightbox[county-dublin]\" >\n\t\t\t\t\t\t\t\t<img loading=\"lazy\" decoding=\"async\" title=\"large_01-dt-cd-2005\" alt=\"large_01-dt-cd-2005\" src=\"https:\/\/irland-reise-tipps.de\/de\/wp-content\/gallery\/county_dublin\/thumbs\/thumbs_large_01-dt-cd-2005.jpg\" width=\"100\" height=\"75\" \/>\n\t\t\t\t\t\t\t<\/a>\n\t\t<\/div>\n\t<\/div>\n\t\n\t\t\n \t\t\n\t<div id=\"ngg-image-271\" class=\"ngg-gallery-thumbnail-box\"  >\n\t\t<div class=\"ngg-gallery-thumbnail\" >\n\t\t\t<a href=\"https:\/\/irland-reise-tipps.de\/de\/wp-content\/gallery\/county_dublin\/large_21-dt-cd-2005.jpg\" title=\" \" rel=\"lightbox[county-dublin]\" >\n\t\t\t\t\t\t\t\t<img loading=\"lazy\" decoding=\"async\" title=\"large_21-dt-cd-2005\" alt=\"large_21-dt-cd-2005\" src=\"https:\/\/irland-reise-tipps.de\/de\/wp-content\/gallery\/county_dublin\/thumbs\/thumbs_large_21-dt-cd-2005.jpg\" width=\"100\" height=\"75\" \/>\n\t\t\t\t\t\t\t<\/a>\n\t\t<\/div>\n\t<\/div>\n\t\n\t\t\n \t\t\n\t<div id=\"ngg-image-280\" class=\"ngg-gallery-thumbnail-box\"  >\n\t\t<div class=\"ngg-gallery-thumbnail\" >\n\t\t\t<a href=\"https:\/\/irland-reise-tipps.de\/de\/wp-content\/gallery\/county_dublin\/large_img_5532_31_october_2012_010.jpg\" title=\" \" rel=\"lightbox[county-dublin]\" >\n\t\t\t\t\t\t\t\t<img loading=\"lazy\" decoding=\"async\" title=\"large_img_5532_31_october_2012_010\" alt=\"large_img_5532_31_october_2012_010\" src=\"https:\/\/irland-reise-tipps.de\/de\/wp-content\/gallery\/county_dublin\/thumbs\/thumbs_large_img_5532_31_october_2012_010.jpg\" width=\"100\" height=\"75\" \/>\n\t\t\t\t\t\t\t<\/a>\n\t\t<\/div>\n\t<\/div>\n\t\n\t\t\n \t\t\n\t<div id=\"ngg-image-286\" class=\"ngg-gallery-thumbnail-box\"  >\n\t\t<div class=\"ngg-gallery-thumbnail\" >\n\t\t\t<a href=\"https:\/\/irland-reise-tipps.de\/de\/wp-content\/gallery\/county_dublin\/large_patrick018.jpg\" title=\" \" rel=\"lightbox[county-dublin]\" >\n\t\t\t\t\t\t\t\t<img loading=\"lazy\" decoding=\"async\" title=\"large_patrick018\" alt=\"large_patrick018\" src=\"https:\/\/irland-reise-tipps.de\/de\/wp-content\/gallery\/county_dublin\/thumbs\/thumbs_large_patrick018.jpg\" width=\"100\" height=\"75\" \/>\n\t\t\t\t\t\t\t<\/a>\n\t\t<\/div>\n\t<\/div>\n\t\n\t\t\n \t\t\n\t<div id=\"ngg-image-288\" class=\"ngg-gallery-thumbnail-box\"  >\n\t\t<div class=\"ngg-gallery-thumbnail\" >\n\t\t\t<a href=\"https:\/\/irland-reise-tipps.de\/de\/wp-content\/gallery\/county_dublin\/large_ps_dublin_01062011_647.jpg\" title=\" \" rel=\"lightbox[county-dublin]\" >\n\t\t\t\t\t\t\t\t<img loading=\"lazy\" decoding=\"async\" title=\"large_ps_dublin_01062011_647\" alt=\"large_ps_dublin_01062011_647\" src=\"https:\/\/irland-reise-tipps.de\/de\/wp-content\/gallery\/county_dublin\/thumbs\/thumbs_large_ps_dublin_01062011_647.jpg\" width=\"100\" height=\"75\" \/>\n\t\t\t\t\t\t\t<\/a>\n\t\t<\/div>\n\t<\/div>\n\t\n\t\t\n \t\t\n\t<div id=\"ngg-image-272\" class=\"ngg-gallery-thumbnail-box\"  >\n\t\t<div class=\"ngg-gallery-thumbnail\" >\n\t\t\t<a href=\"https:\/\/irland-reise-tipps.de\/de\/wp-content\/gallery\/county_dublin\/large_34_hanging_barrel_41_3rd_april_2012.jpg\" title=\" \" rel=\"lightbox[county-dublin]\" >\n\t\t\t\t\t\t\t\t<img loading=\"lazy\" decoding=\"async\" title=\"large_34_hanging_barrel_41_3rd_april_2012\" alt=\"large_34_hanging_barrel_41_3rd_april_2012\" src=\"https:\/\/irland-reise-tipps.de\/de\/wp-content\/gallery\/county_dublin\/thumbs\/thumbs_large_34_hanging_barrel_41_3rd_april_2012.jpg\" width=\"100\" height=\"75\" \/>\n\t\t\t\t\t\t\t<\/a>\n\t\t<\/div>\n\t<\/div>\n\t\n\t\t\n \t\t\n\t<div id=\"ngg-image-291\" class=\"ngg-gallery-thumbnail-box\"  >\n\t\t<div class=\"ngg-gallery-thumbnail\" >\n\t\t\t<a href=\"https:\/\/irland-reise-tipps.de\/de\/wp-content\/gallery\/county_dublin\/large_tp_091107_224.jpg\" title=\" \" rel=\"lightbox[county-dublin]\" >\n\t\t\t\t\t\t\t\t<img loading=\"lazy\" decoding=\"async\" title=\"large_tp_091107_224\" alt=\"large_tp_091107_224\" src=\"https:\/\/irland-reise-tipps.de\/de\/wp-content\/gallery\/county_dublin\/thumbs\/thumbs_large_tp_091107_224.jpg\" width=\"100\" height=\"75\" \/>\n\t\t\t\t\t\t\t<\/a>\n\t\t<\/div>\n\t<\/div>\n\t\n\t\t\n \t\t\n\t<div id=\"ngg-image-278\" class=\"ngg-gallery-thumbnail-box\"  >\n\t\t<div class=\"ngg-gallery-thumbnail\" >\n\t\t\t<a href=\"https:\/\/irland-reise-tipps.de\/de\/wp-content\/gallery\/county_dublin\/large_hl1005-120.jpg\" title=\" \" rel=\"lightbox[county-dublin]\" >\n\t\t\t\t\t\t\t\t<img loading=\"lazy\" decoding=\"async\" title=\"large_hl1005-120\" alt=\"large_hl1005-120\" src=\"https:\/\/irland-reise-tipps.de\/de\/wp-content\/gallery\/county_dublin\/thumbs\/thumbs_large_hl1005-120.jpg\" width=\"100\" height=\"75\" \/>\n\t\t\t\t\t\t\t<\/a>\n\t\t<\/div>\n\t<\/div>\n\t\n\t\t\n \t\t\n\t<div id=\"ngg-image-284\" class=\"ngg-gallery-thumbnail-box\"  >\n\t\t<div class=\"ngg-gallery-thumbnail\" >\n\t\t\t<a href=\"https:\/\/irland-reise-tipps.de\/de\/wp-content\/gallery\/county_dublin\/large_jvb51.jpg\" title=\" \" rel=\"lightbox[county-dublin]\" >\n\t\t\t\t\t\t\t\t<img loading=\"lazy\" decoding=\"async\" title=\"large_jvb51\" alt=\"large_jvb51\" src=\"https:\/\/irland-reise-tipps.de\/de\/wp-content\/gallery\/county_dublin\/thumbs\/thumbs_large_jvb51.jpg\" width=\"100\" height=\"75\" \/>\n\t\t\t\t\t\t\t<\/a>\n\t\t<\/div>\n\t<\/div>\n\t\n\t\t\n \t\t\n\t<div id=\"ngg-image-283\" class=\"ngg-gallery-thumbnail-box\"  >\n\t\t<div class=\"ngg-gallery-thumbnail\" >\n\t\t\t<a href=\"https:\/\/irland-reise-tipps.de\/de\/wp-content\/gallery\/county_dublin\/large_jvb07.jpg\" title=\" \" rel=\"lightbox[county-dublin]\" >\n\t\t\t\t\t\t\t\t<img loading=\"lazy\" decoding=\"async\" title=\"large_jvb07\" alt=\"large_jvb07\" src=\"https:\/\/irland-reise-tipps.de\/de\/wp-content\/gallery\/county_dublin\/thumbs\/thumbs_large_jvb07.jpg\" width=\"100\" height=\"75\" \/>\n\t\t\t\t\t\t\t<\/a>\n\t\t<\/div>\n\t<\/div>\n\t\n\t\t\n \t\t\n\t<div id=\"ngg-image-285\" class=\"ngg-gallery-thumbnail-box\"  >\n\t\t<div class=\"ngg-gallery-thumbnail\" >\n\t\t\t<a href=\"https:\/\/irland-reise-tipps.de\/de\/wp-content\/gallery\/county_dublin\/large_patrick003.jpg\" title=\" \" rel=\"lightbox[county-dublin]\" >\n\t\t\t\t\t\t\t\t<img loading=\"lazy\" decoding=\"async\" title=\"large_patrick003\" alt=\"large_patrick003\" src=\"https:\/\/irland-reise-tipps.de\/de\/wp-content\/gallery\/county_dublin\/thumbs\/thumbs_large_patrick003.jpg\" width=\"100\" height=\"75\" \/>\n\t\t\t\t\t\t\t<\/a>\n\t\t<\/div>\n\t<\/div>\n\t\n\t\t\n \t\t\n\t<div id=\"ngg-image-289\" class=\"ngg-gallery-thumbnail-box\"  >\n\t\t<div class=\"ngg-gallery-thumbnail\" >\n\t\t\t<a href=\"https:\/\/irland-reise-tipps.de\/de\/wp-content\/gallery\/county_dublin\/large_tp_091107_101.jpg\" title=\" \" rel=\"lightbox[county-dublin]\" >\n\t\t\t\t\t\t\t\t<img loading=\"lazy\" decoding=\"async\" title=\"large_tp_091107_101\" alt=\"large_tp_091107_101\" src=\"https:\/\/irland-reise-tipps.de\/de\/wp-content\/gallery\/county_dublin\/thumbs\/thumbs_large_tp_091107_101.jpg\" width=\"100\" height=\"75\" \/>\n\t\t\t\t\t\t\t<\/a>\n\t\t<\/div>\n\t<\/div>\n\t\n\t\t\n \t\t\n\t<div id=\"ngg-image-290\" class=\"ngg-gallery-thumbnail-box\"  >\n\t\t<div class=\"ngg-gallery-thumbnail\" >\n\t\t\t<a href=\"https:\/\/irland-reise-tipps.de\/de\/wp-content\/gallery\/county_dublin\/large_tp_091107_210.jpg\" title=\" \" rel=\"lightbox[county-dublin]\" >\n\t\t\t\t\t\t\t\t<img loading=\"lazy\" decoding=\"async\" title=\"large_tp_091107_210\" alt=\"large_tp_091107_210\" src=\"https:\/\/irland-reise-tipps.de\/de\/wp-content\/gallery\/county_dublin\/thumbs\/thumbs_large_tp_091107_210.jpg\" width=\"100\" height=\"75\" \/>\n\t\t\t\t\t\t\t<\/a>\n\t\t<\/div>\n\t<\/div>\n\t\n\t\t\n \t \t\n\t<!-- Pagination -->\n \t<div class=\"ngg-clear\"><\/div> \t\n<\/div>\n\n\n<p><a title=\"County Dublin\" href=\"http:\/\/irland-reise-tipps.de\/de\/bildergalerie\/county-dublin\/\">Bildergalerie f\u00fcr das County Dublin anzeigen \u00bb<\/a><\/p>\n<h4>Touren<\/h4>\n<ul class=\"lcp_catlist\"><li><a href=\"https:\/\/irland-reise-tipps.de\/de\/touren\/reisetagebuch\/tag-1-heute-gehts-los\/\" title=\"Tag 1 \/ Heute geht's los!\">Tag 1 \/ Heute geht&#8217;s los!<\/a> <\/li><li><a href=\"https:\/\/irland-reise-tipps.de\/de\/touren\/reisetagebuch\/1-tag-anreise\/\" title=\"Tag 0,5 \/ Der Tag vor dem Urlaub\">Tag 0,5 \/ Der Tag vor dem Urlaub<\/a> <\/li><li><a href=\"https:\/\/irland-reise-tipps.de\/de\/touren\/wanderreisen\/9-tage-wandern-in-kerry\/\" title=\"9 Tage - Wandern in Kerry\">9 Tage &#8211; Wandern in Kerry<\/a> <\/li><li><a href=\"https:\/\/irland-reise-tipps.de\/de\/touren\/gartenreisen\/10-tage-gartenreise-sudwestirland\/\" title=\"10 Tage - Gartenreise S\u00fcdwestirland\">10 Tage &#8211; Gartenreise S\u00fcdwestirland<\/a> <\/li><li><a href=\"https:\/\/irland-reise-tipps.de\/de\/touren\/rundreisen\/12-tage-rundreise-britische-inseln\/\" title=\"12 Tage - Rundreise Britische Inseln \">12 Tage &#8211; Rundreise Britische Inseln<\/a> <\/li><li><a href=\"https:\/\/irland-reise-tipps.de\/de\/touren\/rundreisen\/11-tage-auf-den-spuren-des-heiligen-patrick\/\" title=\"11 Tage - Auf den Spuren des Heiligen Patrick\">11 Tage &#8211; Auf den Spuren des Heiligen Patrick<\/a> <\/li><li><a href=\"https:\/\/irland-reise-tipps.de\/de\/touren\/rundreisen\/10-tage-rund-um-irland\/\" title=\"10 Tage - Rund um Irland\">10 Tage &#8211; Rund um Irland<\/a> <\/li><li><a href=\"https:\/\/irland-reise-tipps.de\/de\/touren\/rundreisen\/10-tage-irlands-norden\/\" title=\"10 Tage - Irlands Norden\">10 Tage &#8211; Irlands Norden<\/a> <\/li><li><a href=\"https:\/\/irland-reise-tipps.de\/de\/touren\/rundreisen\/10-tage-faszinierendes-irland\/\" title=\"10 Tage - Faszinierendes Irland\">10 Tage &#8211; Faszinierendes Irland<\/a> <\/li><li><a href=\"https:\/\/irland-reise-tipps.de\/de\/touren\/rundreisen\/9-tage-irisches-tagebuch\/\" title=\"9 Tage - Irisches Tagebuch\">9 Tage &#8211; Irisches Tagebuch<\/a> <\/li><li><a href=\"https:\/\/irland-reise-tipps.de\/de\/touren\/rundreisen\/9-tage-die-gruen-insel-hat-viele-gesichter\/\" title=\"9 Tage - Die Gr\u00fcne Insel hat viele Gesichter\">9 Tage &#8211; Die Gr\u00fcne Insel hat viele Gesichter<\/a> <\/li><li><a href=\"https:\/\/irland-reise-tipps.de\/de\/touren\/rundreisen\/8-tage-unentdecktes-irland\/\" title=\"8 Tage - Unentdecktes Irland\">8 Tage &#8211; Unentdecktes Irland<\/a> <\/li><li><a href=\"https:\/\/irland-reise-tipps.de\/de\/touren\/rundreisen\/8-tage-nordirische-impressionen\/\" title=\"8 Tage - Nordirische Impressionen\">8 Tage &#8211; Nordirische Impressionen<\/a> <\/li><li><a href=\"https:\/\/irland-reise-tipps.de\/de\/touren\/rundreisen\/8-tage-irlands-suedwesten\/\" title=\"8 Tage - Irlands S\u00fcdwesten\">8 Tage &#8211; Irlands S\u00fcdwesten<\/a> <\/li><li><a href=\"https:\/\/irland-reise-tipps.de\/de\/touren\/rundreisen\/7-tage-flugreise-klassisches-irland\/\" title=\"7 Tage - Flugreise, klassisches Irland\">7 Tage &#8211; Flugreise, klassisches Irland<\/a> <\/li><li><a href=\"https:\/\/irland-reise-tipps.de\/de\/touren\/rundreisen\/7-tage-die-gruene-insel-hat-viele-gesichter\/\" title=\"7 Tage - Die Gruene Insel hat viele Gesichter\">7 Tage &#8211; Die Gruene Insel hat viele Gesichter<\/a> <\/li><li><a href=\"https:\/\/irland-reise-tipps.de\/de\/touren\/rundreisen\/6-tage-irland-gestern-und-heute\/\" title=\"6 Tage - Irland gestern und heute\">6 Tage &#8211; Irland gestern und heute<\/a> <\/li><\/ul>\n<h4>Highlights<\/h4>\n<ul class=\"lcp_catlist\"><li><a href=\"https:\/\/irland-reise-tipps.de\/de\/highlights\/highlights-in-dublin\/dublin-walking-tours\/\" title=\"Pat Liddy's Walking Tours of Dublin\">Pat Liddy&#8217;s Walking Tours of Dublin<\/a> <\/li><li><a href=\"https:\/\/irland-reise-tipps.de\/de\/highlights\/highlights-in-dublin\/st-patricks-cathedral\/\" title=\"St Patrick's Cathedral\">St Patrick&#8217;s Cathedral<\/a> <\/li><li><a href=\"https:\/\/irland-reise-tipps.de\/de\/highlights\/highlights-in-dublin\/dublin-castle\/\" title=\"Dublin Castle\">Dublin Castle<\/a> <\/li><li><a href=\"https:\/\/irland-reise-tipps.de\/de\/highlights\/highlights-in-dublin\/christchurch\/\" title=\"Christchurch\">Christchurch<\/a> <\/li><li><a href=\"https:\/\/irland-reise-tipps.de\/de\/highlights\/highlights-in-dublin\/kilmainham-goal\/\" title=\"Kilmainham Goal\">Kilmainham Goal<\/a> <\/li><li><a href=\"https:\/\/irland-reise-tipps.de\/de\/highlights\/highlights-in-dublin\/book-of-kells\/\" title=\"Book of Kells\">Book of Kells<\/a> <\/li><li><a href=\"https:\/\/irland-reise-tipps.de\/de\/highlights\/highlights-in-dublin\/jameson\/\" title=\"Jameson Whisky Distillery\">Jameson Whisky Distillery<\/a> <\/li><li><a href=\"https:\/\/irland-reise-tipps.de\/de\/highlights\/highlights-in-dublin\/guinness-storehouse\/\" title=\"Guinness Storehouse\">Guinness Storehouse<\/a> <\/li><\/ul>\n<ul>\n<li>Dolmen von Brenanstown<\/li>\n<li>Kirche St Macuilin mit Rundturm aus dem 9. Jahrhundert in Lusk<\/li>\n<\/ul>\n<h6>Sehensw\u00fcrdigkeiten Dublin City:<\/h6>\n<ul>\n<li>Christchurch<\/li>\n<li>St Patricks Cathedral<\/li>\n<li>Dublin Castle<\/li>\n<\/ul>\n<h4>Unterkunft<\/h4>\n<p>Ashling Hotel Dublin<a title=\"Ashling Hotel Dublin\" href=\"http:\/\/irland-reise-tipps.de\/de\/unterkunft\/hotels-in-dublin\/ashling-hotel-dublin\/\"><img loading=\"lazy\" decoding=\"async\" class=\"alignleft\" alt=\"Ashling Hotel\" src=\"http:\/\/irland-reise-tipps.de\/de\/wp-content\/uploads\/2013\/02\/exterior-31-150x150.jpg\" width=\"130\" height=\"128\" \/><\/a><\/p>\n<p><b>Herzlich Willkommen im Ashling Hotel Dublin!<br \/>\n<\/b>An der Liffey gelegen, gegen\u00fcber der Guinness Brauerei empf\u00e4ngt Sie ein gem\u00fctliches und liebevoll ausgestattetes 4-Sterne Stadthotel.<\/p>\n<p><a title=\"Ashling Hotel Dublin\" href=\"http:\/\/irland-reise-tipps.de\/de\/unterkunft\/hotels-in-dublin\/ashling-hotel-dublin\/\">Weitere Informationen \u203a<\/a><\/p>\n<p>&nbsp;<\/p>\n<p>\n<a href=\"https:\/\/irland-reise-tipps.de\/de\/wp-content\/gallery\/unterkunft-buswells-hotel\/k1024_exterior-1.jpg\" title=\"\" rel=\"lightbox[singlepic797]\" >\n\t<img decoding=\"async\" class=\"ngg-singlepic ngg-left\" src=\"https:\/\/irland-reise-tipps.de\/de\/wp-content\/gallery\/cache\/797__150x150_k1024_exterior-1.jpg\" alt=\"k1024_exterior-1\" title=\"k1024_exterior-1\" \/>\n<\/a>\n Buswells Hotel Dublin<\/p>\n<p><strong>Willkommen im Buswells Hotel Dublin<\/strong><\/p>\n<p>Das Buswells ist ein elegantes 3-Sterne-Hotel mit ganz eigenem Charakter im Herzen von Dublin 2. Unser charmantes Haus im georgianischen Stil mit 67 Zimmern liegt ideal im Zentrum von Dublin, nur einen kurzen Spaziergang von\u00a0St. Stephen\u2019s Green, dem\u00a0Trinity College, der\u00a0Grafton Street\u00a0und zahlreichen weiteren Besucherattraktionen entfernt.<\/p>\n<p><a title=\"Buswells Hotel\" href=\"http:\/\/irland-reise-tipps.de\/de\/unterkunft\/hotels-in-dublin\/buswells-hotel\/\">Weitere Informationen \u203a<\/a><\/p>\n<h4><strong>Veranstaltungen<\/strong><\/h4>\nKeine  Veranstaltungen gelistet.\n<p>&nbsp;<\/p>\n","protected":false},"excerpt":{"rendered":"<p>Beschreibung Hauptstadt: Dublin Bev\u00f6lkerung: ca. 1.270.000 Fl\u00e4che: 9.021 km \u00b2 Bildergalerie f\u00fcr das County Dublin anzeigen \u00bb Touren Highlights Dolmen von Brenanstown Kirche St Macuilin mit Rundturm aus dem 9. Jahrhundert in Lusk Sehensw\u00fcrdigkeiten Dublin City: Christchurch St Patricks Cathedral<span class=\"ellipsis\">&hellip;<\/span><\/p>\n<div class=\"read-more\"><a href=\"https:\/\/irland-reise-tipps.de\/de\/counties-und-regionen\/county-dublin\/\">Weiterlesen &#8250;<\/a><\/div>\n<p><!-- end of .read-more --><\/p>\n","protected":false},"author":1,"featured_media":0,"parent":13,"menu_order":0,"comment_status":"closed","ping_status":"closed","template":"","meta":{"footnotes":""},"class_list":["post-1019","page","type-page","status-publish","hentry"],"yoast_head":"<!-- This site is optimized with the Yoast SEO plugin v21.2 - https:\/\/yoast.com\/wordpress\/plugins\/seo\/ -->\n<title>County Dublin - Irland Reise Tipps<\/title>\n<meta name=\"description\" content=\"Gemeinsam die gr\u00fcne Insel Irland entdecken. Wir haben ausgew\u00e4hlte Veranstaltungen, Unterk\u00fcnfte und Touren mit den Highlights Irlands zusammengestellt.\" \/>\n<meta name=\"robots\" content=\"index, follow, max-snippet:-1, max-image-preview:large, max-video-preview:-1\" \/>\n<link rel=\"canonical\" href=\"https:\/\/irland-reise-tipps.de\/de\/counties-und-regionen\/county-dublin\/\" \/>\n<meta property=\"og:locale\" content=\"de_DE\" \/>\n<meta property=\"og:type\" content=\"article\" \/>\n<meta property=\"og:title\" content=\"County Dublin - Irland Reise Tipps\" \/>\n<meta property=\"og:description\" content=\"Gemeinsam die gr\u00fcne Insel Irland entdecken. Wir haben ausgew\u00e4hlte Veranstaltungen, Unterk\u00fcnfte und Touren mit den Highlights Irlands zusammengestellt.\" \/>\n<meta property=\"og:url\" content=\"https:\/\/irland-reise-tipps.de\/de\/counties-und-regionen\/county-dublin\/\" \/>\n<meta property=\"og:site_name\" content=\"Irland Reise Tipps\" \/>\n<meta property=\"article:modified_time\" content=\"2013-04-16T06:57:32+00:00\" \/>\n<meta property=\"og:image\" content=\"http:\/\/irland-reise-tipps.de\/de\/wp-content\/uploads\/2013\/02\/exterior-31-150x150.jpg\" \/>\n<meta name=\"twitter:label1\" content=\"Gesch\u00e4tzte Lesezeit\" \/>\n\t<meta name=\"twitter:data1\" content=\"1\u00a0Minute\" \/>\n<script type=\"application\/ld+json\" class=\"yoast-schema-graph\">{\"@context\":\"https:\/\/schema.org\",\"@graph\":[{\"@type\":\"WebPage\",\"@id\":\"https:\/\/irland-reise-tipps.de\/de\/counties-und-regionen\/county-dublin\/\",\"url\":\"https:\/\/irland-reise-tipps.de\/de\/counties-und-regionen\/county-dublin\/\",\"name\":\"County Dublin - Irland Reise Tipps\",\"isPartOf\":{\"@id\":\"https:\/\/irland-reise-tipps.de\/de\/#website\"},\"datePublished\":\"2013-02-28T17:44:04+00:00\",\"dateModified\":\"2013-04-16T06:57:32+00:00\",\"description\":\"Gemeinsam die gr\u00fcne Insel Irland entdecken. Wir haben ausgew\u00e4hlte Veranstaltungen, Unterk\u00fcnfte und Touren mit den Highlights Irlands zusammengestellt.\",\"breadcrumb\":{\"@id\":\"https:\/\/irland-reise-tipps.de\/de\/counties-und-regionen\/county-dublin\/#breadcrumb\"},\"inLanguage\":\"de\",\"potentialAction\":[{\"@type\":\"ReadAction\",\"target\":[\"https:\/\/irland-reise-tipps.de\/de\/counties-und-regionen\/county-dublin\/\"]}]},{\"@type\":\"BreadcrumbList\",\"@id\":\"https:\/\/irland-reise-tipps.de\/de\/counties-und-regionen\/county-dublin\/#breadcrumb\",\"itemListElement\":[{\"@type\":\"ListItem\",\"position\":1,\"name\":\"Home\",\"item\":\"https:\/\/irland-reise-tipps.de\/de\/\"},{\"@type\":\"ListItem\",\"position\":2,\"name\":\"Counties und Regionen\",\"item\":\"https:\/\/irland-reise-tipps.de\/de\/counties-und-regionen\/\"},{\"@type\":\"ListItem\",\"position\":3,\"name\":\"County Dublin\"}]},{\"@type\":\"WebSite\",\"@id\":\"https:\/\/irland-reise-tipps.de\/de\/#website\",\"url\":\"https:\/\/irland-reise-tipps.de\/de\/\",\"name\":\"Irland Reise Tipps\",\"description\":\"Gemeinsam die gr\u00fcne Insel entdecken\",\"potentialAction\":[{\"@type\":\"SearchAction\",\"target\":{\"@type\":\"EntryPoint\",\"urlTemplate\":\"https:\/\/irland-reise-tipps.de\/de\/?s={search_term_string}\"},\"query-input\":\"required name=search_term_string\"}],\"inLanguage\":\"de\"}]}<\/script>\n<!-- \/ Yoast SEO plugin. -->","yoast_head_json":{"title":"County Dublin - Irland Reise Tipps","description":"Gemeinsam die gr\u00fcne Insel Irland entdecken. Wir haben ausgew\u00e4hlte Veranstaltungen, Unterk\u00fcnfte und Touren mit den Highlights Irlands zusammengestellt.","robots":{"index":"index","follow":"follow","max-snippet":"max-snippet:-1","max-image-preview":"max-image-preview:large","max-video-preview":"max-video-preview:-1"},"canonical":"https:\/\/irland-reise-tipps.de\/de\/counties-und-regionen\/county-dublin\/","og_locale":"de_DE","og_type":"article","og_title":"County Dublin - Irland Reise Tipps","og_description":"Gemeinsam die gr\u00fcne Insel Irland entdecken. Wir haben ausgew\u00e4hlte Veranstaltungen, Unterk\u00fcnfte und Touren mit den Highlights Irlands zusammengestellt.","og_url":"https:\/\/irland-reise-tipps.de\/de\/counties-und-regionen\/county-dublin\/","og_site_name":"Irland Reise Tipps","article_modified_time":"2013-04-16T06:57:32+00:00","og_image":[{"url":"http:\/\/irland-reise-tipps.de\/de\/wp-content\/uploads\/2013\/02\/exterior-31-150x150.jpg"}],"twitter_misc":{"Gesch\u00e4tzte Lesezeit":"1\u00a0Minute"},"schema":{"@context":"https:\/\/schema.org","@graph":[{"@type":"WebPage","@id":"https:\/\/irland-reise-tipps.de\/de\/counties-und-regionen\/county-dublin\/","url":"https:\/\/irland-reise-tipps.de\/de\/counties-und-regionen\/county-dublin\/","name":"County Dublin - Irland Reise Tipps","isPartOf":{"@id":"https:\/\/irland-reise-tipps.de\/de\/#website"},"datePublished":"2013-02-28T17:44:04+00:00","dateModified":"2013-04-16T06:57:32+00:00","description":"Gemeinsam die gr\u00fcne Insel Irland entdecken. Wir haben ausgew\u00e4hlte Veranstaltungen, Unterk\u00fcnfte und Touren mit den Highlights Irlands zusammengestellt.","breadcrumb":{"@id":"https:\/\/irland-reise-tipps.de\/de\/counties-und-regionen\/county-dublin\/#breadcrumb"},"inLanguage":"de","potentialAction":[{"@type":"ReadAction","target":["https:\/\/irland-reise-tipps.de\/de\/counties-und-regionen\/county-dublin\/"]}]},{"@type":"BreadcrumbList","@id":"https:\/\/irland-reise-tipps.de\/de\/counties-und-regionen\/county-dublin\/#breadcrumb","itemListElement":[{"@type":"ListItem","position":1,"name":"Home","item":"https:\/\/irland-reise-tipps.de\/de\/"},{"@type":"ListItem","position":2,"name":"Counties und Regionen","item":"https:\/\/irland-reise-tipps.de\/de\/counties-und-regionen\/"},{"@type":"ListItem","position":3,"name":"County Dublin"}]},{"@type":"WebSite","@id":"https:\/\/irland-reise-tipps.de\/de\/#website","url":"https:\/\/irland-reise-tipps.de\/de\/","name":"Irland Reise Tipps","description":"Gemeinsam die gr\u00fcne Insel entdecken","potentialAction":[{"@type":"SearchAction","target":{"@type":"EntryPoint","urlTemplate":"https:\/\/irland-reise-tipps.de\/de\/?s={search_term_string}"},"query-input":"required name=search_term_string"}],"inLanguage":"de"}]}},"_links":{"self":[{"href":"https:\/\/irland-reise-tipps.de\/de\/wp-json\/wp\/v2\/pages\/1019","targetHints":{"allow":["GET"]}}],"collection":[{"href":"https:\/\/irland-reise-tipps.de\/de\/wp-json\/wp\/v2\/pages"}],"about":[{"href":"https:\/\/irland-reise-tipps.de\/de\/wp-json\/wp\/v2\/types\/page"}],"author":[{"embeddable":true,"href":"https:\/\/irland-reise-tipps.de\/de\/wp-json\/wp\/v2\/users\/1"}],"replies":[{"embeddable":true,"href":"https:\/\/irland-reise-tipps.de\/de\/wp-json\/wp\/v2\/comments?post=1019"}],"version-history":[{"count":20,"href":"https:\/\/irland-reise-tipps.de\/de\/wp-json\/wp\/v2\/pages\/1019\/revisions"}],"predecessor-version":[{"id":2442,"href":"https:\/\/irland-reise-tipps.de\/de\/wp-json\/wp\/v2\/pages\/1019\/revisions\/2442"}],"up":[{"embeddable":true,"href":"https:\/\/irland-reise-tipps.de\/de\/wp-json\/wp\/v2\/pages\/13"}],"wp:attachment":[{"href":"https:\/\/irland-reise-tipps.de\/de\/wp-json\/wp\/v2\/media?parent=1019"}],"curies":[{"name":"wp","href":"https:\/\/api.w.org\/{rel}","templated":true}]}}